{"id":797,"date":"2017-07-27T14:31:40","date_gmt":"2017-07-27T12:31:40","guid":{"rendered":"https:\/\/www.naturadk.eu\/?page_id=797\/"},"modified":"2022-04-05T07:51:24","modified_gmt":"2022-04-05T05:51:24","slug":"kontakt","status":"publish","type":"page","link":"https:\/\/www.naturadk.eu\/de\/kontakt\/","title":{"rendered":"Kontakt"},"content":{"rendered":"<div class=\"row\">\n<div class=\"col-xs-12 col-md-6\">\n<table class=\"table\">\n<tbody>\n<tr class=\"bg-oranzova-tab\">\n<th colspan=\"2\">Sitz der Gesellschaft<\/th>\n<\/tr>\n<tr>\n<td rowspan=\"3\">Anschrift:<\/td>\n<td><strong>NATURA DK, a.s.<\/strong><\/td>\n<\/tr>\n<tr>\n<td>Turkova 1338<\/td>\n<\/tr>\n<tr>\n<td>504&nbsp;01 Nov\u00fd Byd\u017eov<\/td>\n<\/tr>\n<tr>\n<td>ID:<\/td>\n<td>252&nbsp;91&nbsp;661<\/td>\n<\/tr>\n<tr>\n<td><\/td>\n<td><a title=\"Obchodn\u00ed rejst\u0159\u00edk\" href=\"https:\/\/or.justice.cz\/ias\/ui\/rejstrik-$firma?ico=25291661\" target=\"_blank\" rel=\"noopener noreferrer\">Handelsregister: Abschnitt B, Einlageblatt 1829, Datum der Eintragung 23.07.1998 <i class=\"fa fa-external-link\"><\/i><\/a><\/td>\n<\/tr>\n<\/tbody>\n<\/table>\n<\/div>\n<div class=\"col-xs-12 col-md-6\">\n<table class=\"table\">\n<tbody>\n<tr>\n<th colspan=\"2\">Allgemeine Kontaktangaben<\/th>\n<\/tr>\n<tr>\n<td>Telefon:<\/td>\n<td>+420&nbsp;495&nbsp;490&nbsp;373<\/td>\n<\/tr>\n<tr>\n<td>Mobiltelefon:<\/td>\n<td>+420&nbsp;778&nbsp;712&nbsp;285<\/td>\n<\/tr>\n<tr>\n<td>E-mail:<\/td>\n<td><a href=\"mailto:info@naturadk.cz\">info@naturadk.cz<\/a><\/td>\n<\/tr>\n<tr>\n<td>GPS:<\/td>\n<td>GPS N 50\u00b0 14.84117&#8242;, E 15\u00b0 29.76143&#8242;<\/td>\n<\/tr>\n<\/tbody>\n<\/table>\n<\/div>\n<\/div>\n<h2>Management der Gesellschaft<\/h2>\n<div class=\"row\">\n<div class=\"col-xs-12 col-md-4\">\n<table class=\"table\">\n<tbody>\n<tr class=\"bg-oranzova-tab\">\n<th colspan=\"2\">Vorstandsvorsitzender der AG<\/th>\n<\/tr>\n<tr class=\"warning\">\n<td><\/td>\n<td><strong>Mag. Milo\u0161 Hlad\u00edk<\/strong><\/td>\n<\/tr>\n<tr>\n<td>E-mail:<\/td>\n<td><a href=\"mailto:hladik@naturadk.cz\">hladik@naturadk.cz<\/a><\/td>\n<\/tr>\n<tr>\n<td>Telefon:<\/td>\n<td>+420&nbsp;495&nbsp;491&nbsp;244<\/td>\n<\/tr>\n<tr>\n<td>Kompetenzen:<\/td>\n<td>\n<ul>\n<li>Strategischer Einkauf<\/li>\n<li>Langfristige Gesch\u00e4ftsvertr\u00e4ge<\/li>\n<li>Marketing<\/li>\n<\/ul>\n<\/td>\n<\/tr>\n<\/tbody>\n<\/table>\n<\/div>\n<div class=\"col-xs-12 col-md-4\">\n<table class=\"table\">\n<tbody>\n<tr>\n<th colspan=\"2\">Vorstandsmitglied der AG<\/th>\n<\/tr>\n<tr class=\"warning\">\n<td><\/td>\n<td><strong>Dipl.-Ing. Milo\u0161 Hlad\u00edk<\/strong><\/td>\n<\/tr>\n<tr>\n<td>E-mail:<\/td>\n<td><a href=\"mailto:m.hladik@naturadk.cz\">m.hladik@naturadk.cz<\/a><\/td>\n<\/tr>\n<tr>\n<td>Telefon:<\/td>\n<td>+420&nbsp;777&nbsp;100&nbsp;321<\/td>\n<\/tr>\n<tr>\n<td>Kompetenzen:<\/td>\n<td>\n<ul>\n<li>Au\u00dfenhandel<\/li>\n<li>Kommunikation in englischer Sprache<\/li>\n<\/ul>\n<\/td>\n<\/tr>\n<\/tbody>\n<\/table>\n<\/div>\n<div class=\"col-xs-12 col-md-4\">\n<table class=\"table\">\n<tbody>\n<tr>\n<th colspan=\"2\">Betriebswirtschaftlicher Leiter<\/th>\n<\/tr>\n<tr class=\"warning\">\n<td><\/td>\n<td><strong>Lenka Fr\u00fddov\u00e1<\/strong><\/td>\n<\/tr>\n<tr>\n<td>E-mail:<\/td>\n<td><a href=\"mailto:ekonom@naturadk.cz\">ekonom@naturadk.cz<\/a><\/td>\n<\/tr>\n<tr>\n<td>Telefon:<\/td>\n<td>+420&nbsp;777&nbsp;709&nbsp;416<\/td>\n<\/tr>\n<tr>\n<td>Kompetenzen:<\/td>\n<td>\n<ul>\n<li>Finanzen<\/li>\n<li>Vertr\u00e4ge<\/li>\n<li>Kommunikation mit den Beh\u00f6rden<\/li>\n<\/ul>\n<\/td>\n<\/tr>\n<\/tbody>\n<\/table>\n<\/div>\n<\/div>\n<h2>Maschinenbau<\/h2>\n<div class=\"row\">\n<div class=\"col-xs-12 col-md-6\">\n<table class=\"table\">\n<tbody>\n<tr class=\"bg-oranzova-tab\">\n<th colspan=\"2\">Produktions Direktor des Zentrums Maschinenbau<\/th>\n<\/tr>\n<tr class=\"warning\">\n<td><\/td>\n<td><strong><strong>Dipl.-Ing. Martin Duch\u00e1\u010dek<\/strong><\/strong><\/td>\n<\/tr>\n<tr>\n<td>E-mail:<\/td>\n<td><a href=\"mailto:duchacek@naturadk.cz\">duchacek@naturadk.cz<\/a><\/td>\n<\/tr>\n<tr>\n<td>Telefon:<\/td>\n<td>+420&nbsp;777&nbsp;709&nbsp;410<\/td>\n<\/tr>\n<tr>\n<td>Kompetenzen:<\/td>\n<td>\n<ul>\n<li>Auftragsannahme<\/li>\n<li>Angebote und Bestellungen<\/li>\n<li>Produktion und Kooperation<\/li>\n<\/ul>\n<\/td>\n<\/tr>\n<\/tbody>\n<\/table>\n<\/div>\n<div class=\"col-xs-12 col-md-6\">\n<table class=\"table\">\n<tbody>\n<tr>\n<th colspan=\"2\">Assistentin des Produktionsdirektors<\/th>\n<\/tr>\n<tr class=\"warning\">\n<td><\/td>\n<td><strong>Mark\u00e9ta Br\u00e1dlov\u00e1<\/strong><\/td>\n<\/tr>\n<tr>\n<td>E-mail:<\/td>\n<td><a href=\"mailto:bradlova@naturadk.cz\">bradlova@naturadk.cz<\/a><\/td>\n<\/tr>\n<tr>\n<td>Telefon:<\/td>\n<td>+420&nbsp;602&nbsp;350&nbsp;454<\/td>\n<\/tr>\n<tr>\n<td>Kompetenzen:<\/td>\n<td>\n<ul>\n<li>Versand<\/li>\n<li>Kommunikation in deutscher Sprache<\/li>\n<\/ul>\n<\/td>\n<\/tr>\n<\/tbody>\n<\/table>\n<\/div>\n<\/div>\n<div class=\"row\">\n<div class=\"col-xs-12 col-md-4\">\n<table class=\"table\">\n<tbody>\n<tr class=\"bg-oranzova-tab\">\n<th colspan=\"2\">Leiter der Produktion<\/th>\n<\/tr>\n<tr class=\"warning\">\n<td><\/td>\n<td><strong>Martin Hloucal<\/strong><\/td>\n<\/tr>\n<tr>\n<td>E-mail:<\/td>\n<td><a href=\"mailto:svoboda@naturadk.cz\">svoboda@naturadk.cz<\/a><\/td>\n<\/tr>\n<tr>\n<td>Telefon:<\/td>\n<td>+420&nbsp;775&nbsp;857&nbsp;205<\/td>\n<\/tr>\n<tr>\n<td>Kompetenzen:<\/td>\n<td>\n<ul>\n<li>Produktionsmanagement<\/li>\n<li>Kooperation<\/li>\n<\/ul>\n<\/td>\n<\/tr>\n<\/tbody>\n<\/table>\n<\/div>\n<div class=\"col-xs-12 col-md-4\">\n<table class=\"table\">\n<tbody>\n<tr class=\"bg-oranzova-tab\">\n<th colspan=\"2\">Einkauf und Lagerhaltung<\/th>\n<\/tr>\n<tr class=\"warning\">\n<td><\/td>\n<td><strong>Jana Knytlov\u00e1<\/strong><\/td>\n<\/tr>\n<tr>\n<td>E-mail:<\/td>\n<td><a href=\"mailto:sklad@naturadk.cz\">sklad@naturadk.cz<\/a><\/td>\n<\/tr>\n<tr>\n<td>Telefon:<\/td>\n<td>+420&nbsp;777&nbsp;709&nbsp;412<\/td>\n<\/tr>\n<tr>\n<td>Kompetenzen:<\/td>\n<td>\n<ul>\n<li>Materialeinkauf<\/li>\n<li>Lagerwirtschaft<\/li>\n<\/ul>\n<\/td>\n<\/tr>\n<\/tbody>\n<\/table>\n<\/div>\n<div class=\"col-xs-12 col-md-4\">\n<table class=\"table\">\n<tbody>\n<tr class=\"bg-oranzova-tab\">\n<th colspan=\"2\">Lohnbuchhalterin, Personalwesen<\/th>\n<\/tr>\n<tr class=\"warning\">\n<td><\/td>\n<td><strong>Lenka Vorlov\u00e1<\/strong><\/td>\n<\/tr>\n<tr>\n<td>E-mail:<\/td>\n<td><a href=\"mailto:mzdova.uctarna@naturadk.cz\">mzdova.uctarna@naturadk.cz<\/a><\/td>\n<\/tr>\n<tr>\n<td>Telefon:<\/td>\n<td>+420&nbsp;490&nbsp;495&nbsp;373<\/td>\n<\/tr>\n<tr>\n<td>Kompetenzen:<\/td>\n<td>\n<ul>\n<li>Personalwesen<\/li>\n<li>L\u00f6hne<\/li>\n<li>Arbeitsschutz<\/li>\n<li>Weiterbildung der Mitarbeiter<\/li>\n<\/ul>\n<\/td>\n<\/tr>\n<\/tbody>\n<\/table>\n<\/div>\n<\/div>\n<h2>Dienstleistungen<\/h2>\n<div class=\"row\">\n<div class=\"col-xs-12 col-md-6\">\n<table class=\"table\">\n<tbody>\n<tr>\n<th colspan=\"2\">Leiter des Dienstleistungssektors, Vorstandsmitglied der AG<\/th>\n<\/tr>\n<tr class=\"warning\">\n<td><\/td>\n<td><strong>Josef Vr\u0161\u0165ala<\/strong><\/td>\n<\/tr>\n<tr>\n<td>E-mail:<\/td>\n<td><a href=\"mailto:vrstala@naturadk.cz\">vrstala@naturadk.cz<\/a><\/td>\n<\/tr>\n<tr>\n<td>Telefon:<\/td>\n<td>+420&nbsp;777&nbsp;709&nbsp;418<\/td>\n<\/tr>\n<tr>\n<td>Kompetenzen:<\/td>\n<td>\n<ul>\n<li>Dienstleistungen<\/li>\n<li>Verm\u00f6gensverwaltung<\/li>\n<li>Einkauf und Verkauf von Ersatzteilen<\/li>\n<li>Fl\u00fcssiggas-Tankstellen<\/li>\n<\/ul>\n<\/td>\n<\/tr>\n<\/tbody>\n<\/table>\n<\/div>\n<div class=\"col-xs-12 col-md-6\">\n<table class=\"table\">\n<tbody>\n<tr>\n<th colspan=\"2\">Externer Berater<\/th>\n<\/tr>\n<tr class=\"warning\">\n<td><\/td>\n<td><strong>Dipl.-Ing. Du\u0161an M\u00fcller<\/strong><\/td>\n<\/tr>\n<tr>\n<td>E-mail:<\/td>\n<td><a href=\"mailto:dusanmuller@naturadk.cz\">dusanmuller@naturadk.cz<\/a><\/td>\n<\/tr>\n<tr>\n<td>Telefon:<\/td>\n<td>+420&nbsp;725&nbsp;568&nbsp;762<\/td>\n<\/tr>\n<tr>\n<td>Kompetenzen:<\/td>\n<td>\n<ul>\n<li>Kommunikation in russischer Sprache<\/li>\n<\/ul>\n<\/td>\n<\/tr>\n<\/tbody>\n<\/table>\n<\/div>\n<\/div>\n<div class=\"clearfix\"><\/div>\n<div class=\"row\">\n<div class=\"col-xs-12 col-md-6\">\n<div id=\"black-studio-tinymce-33\" class=\"widget widget_black_studio_tinymce amr_widget\"><div class=\"textwidget\"><div class=\"col-xs-12\">\r\n<div class=\"row formular-bg\">\r\n<div class=\"col-xs-12\">\r\n<h2 class=\"col-xs-12\">Setzen Sie sich mit uns in Verbindung<\/h2>\r\n<div class=\"col-xs-12\">\n<div class=\"wpcf7 no-js\" id=\"wpcf7-f1356-o1\" lang=\"cs-CZ\" dir=\"ltr\" data-wpcf7-id=\"1356\">\n<div class=\"screen-reader-response\"><p role=\"status\" aria-live=\"polite\" aria-atomic=\"true\"><\/p> <ul><\/ul><\/div>\n<form action=\"\/de\/wp-json\/wp\/v2\/pages\/797#wpcf7-f1356-o1\" method=\"post\" class=\"wpcf7-form init form-horizontal\" aria-label=\"Kontaktformular\" novalidate=\"novalidate\" data-status=\"init\">\n<fieldset class=\"hidden-fields-container\"><input type=\"hidden\" name=\"_wpcf7\" value=\"1356\" \/><input type=\"hidden\" name=\"_wpcf7_version\" value=\"6.1.5\" \/><input type=\"hidden\" name=\"_wpcf7_locale\" value=\"cs_CZ\" \/><input type=\"hidden\" name=\"_wpcf7_unit_tag\" value=\"wpcf7-f1356-o1\" \/><input type=\"hidden\" name=\"_wpcf7_container_post\" value=\"0\" \/><input type=\"hidden\" name=\"_wpcf7_posted_data_hash\" value=\"\" \/>\n<\/fieldset>\n<div class=\"form-group your-name\"><label class=\" control-label col-sm-3\">Name<\/label><div class=\"col-sm-9\"><input class=\"wpcf7-form-control wpcf7-text form-control\" name=\"your-name\" type=\"text\" value=\"\" aria-invalid=\"false\"><\/div><\/div>\n<div class=\"form-group your-email\"><label class=\" control-label col-sm-3\">E-mail <span class=\"required\">*<\/span><\/label><div class=\"col-sm-9\"><input class=\"wpcf7-form-control wpcf7-email wpcf7-validates-as-required wpcf7-text wpcf7-validates-as-email form-control\" name=\"your-email\" type=\"email\" value=\"\" aria-invalid=\"false\" aria-required=\"true\" required><\/div><\/div>\n<div class=\"form-group your-subjec\"><label class=\" control-label col-sm-3\">Betreff<\/label><div class=\"col-sm-9\"><input class=\"wpcf7-form-control wpcf7-text form-control\" name=\"your-subjec\" type=\"text\" value=\"\" aria-invalid=\"false\"><\/div><\/div>\n<div class=\"form-group your-message\"><label class=\" control-label col-sm-3\">Frage <span class=\"required\">*<\/span><\/label><div class=\"col-sm-9\"><textarea class=\"wpcf7-form-control wpcf7-textarea wpcf7-validates-as-required form-control\" name=\"your-message\" rows=\"4\" aria-invalid=\"false\" aria-required=\"true\" required><\/textarea><\/div><\/div>\n<span id=\"wpcf7-69f17decddf3a-wrapper\" class=\"wpcf7-form-control-wrap City-wrap\" ><input type=\"hidden\" name=\"City-time-start\" value=\"1777434092\"><input type=\"hidden\" name=\"City-time-check\" value=\"6\"><label for=\"wpcf7-69f17decddf3a-field\" class=\"hp-message\">Bitte lasse dieses Feld leer.<\/label><input id=\"wpcf7-69f17decddf3a-field\"  class=\"wpcf7-form-control wpcf7-text\" type=\"text\" name=\"City\" value=\"\" size=\"40\" tabindex=\"-1\" autocomplete=\"new-password\" \/><\/span>\n<div class=\"form-group\"><div class=\"col-sm-9 col-sm-offset-3\"><input class=\"wpcf7-form-control wpcf7-submit btn btn-success btn-lg\" type=\"submit\" value=\"Sende eine Nachricht\"><\/div><\/div><div class=\"wpcf7-response-output alert alert-warning\"><\/div>\n<\/form>\n<\/div>\n<\/div>\r\n<\/div>\r\n<\/div>\r\n<\/div>\r\n<div class=\"clearfix\"><\/div><\/div><\/div>\n<\/div>\n<div class=\"clearfix visible-xs visible-sm\"><\/div>\n<div class=\"col-xs-12 col-md-6\">\n<div class=\"col-xs-12 google-map\">\n<h2 class=\"m-t-0\">Wo Sie uns finden<\/h2>\n<p><iframe loading=\"lazy\" style=\"border: 0;\" src=\"https:\/\/www.google.com\/maps\/embed?pb=!1m18!1m12!1m3!1d10205.669617543997!2d15.48760587937362!3d50.24678804899869!2m3!1f0!2f0!3f0!3m2!1i1024!2i768!4f13.1!3m3!1m2!1s0x470c213527bc12a5%3A0xbe68ad541e06ecca!2sNATURA+DK%2C+a.s.!5e0!3m2!1scs!2scz!4v1448364472411\" width=\"100%\" height=\"433\" frameborder=\"0\" allowfullscreen=\"allowfullscreen\"><\/iframe><\/p>\n<\/div>\n<\/div>\n<\/div>\n","protected":false},"excerpt":{"rendered":"<p>Sitz der Gesellschaft Anschrift: NATURA DK, a.s. Turkova 1338&nbsp;504&nbsp;01 Nov\u00fd Byd\u017eov ID: 252&nbsp;91&nbsp;661 Handelsregister: Abschnitt B, Einlageblatt 1829, Datum der Eintragung 23.07.1998 Allgemeine Kontaktangaben Telefon: +420&nbsp;495&nbsp;490&nbsp;373 Mobiltelefon: +420&nbsp;778&nbsp;712&nbsp;285 E-mail: info@naturadk.cz GPS: GPS N 50\u00b0 14.84117&#8242;, E 15\u00b0 29.76143&#8242; Management der Gesellschaft Vorstandsvorsitzender der AG Mag. Milo\u0161 Hlad\u00edk E-mail: hladik@naturadk.cz Telefon: +420&nbsp;495&nbsp;491&nbsp;244 Kompetenzen: Strategischer Einkauf &hellip;<\/p>\n","protected":false},"author":1,"featured_media":0,"parent":0,"menu_order":0,"comment_status":"closed","ping_status":"closed","template":"page-templates\/template-full-width.php","meta":{"footnotes":""},"class_list":["post-797","page","type-page","status-publish","hentry"],"yoast_head":"<!-- This site is optimized with the Yoast SEO plugin v26.9 - https:\/\/yoast.com\/product\/yoast-seo-wordpress\/ -->\n<title>Kontakt - NATURA DK, a.s.<\/title>\n<meta name=\"description\" content=\"Sitz der Gesellschaft Anschrift: NATURA DK, a.s. Turkova 1338 504 01 Nov\u00fd Byd\u017eov ID: 252 91 661 Handelsregister: Abschnitt B, Einlageblatt 1829, Datum der\" \/>\n<meta name=\"robots\" content=\"index, follow, max-snippet:-1, max-image-preview:large, max-video-preview:-1\" \/>\n<link rel=\"canonical\" href=\"https:\/\/www.naturadk.eu\/de\/kontakt\/\" \/>\n<meta property=\"og:locale\" content=\"de_DE\" \/>\n<meta property=\"og:type\" content=\"article\" \/>\n<meta property=\"og:title\" content=\"Kontakt - NATURA DK, a.s.\" \/>\n<meta property=\"og:description\" content=\"Sitz der Gesellschaft Anschrift: NATURA DK, a.s. Turkova 1338 504 01 Nov\u00fd Byd\u017eov ID: 252 91 661 Handelsregister: Abschnitt B, Einlageblatt 1829, Datum der\" \/>\n<meta property=\"og:url\" content=\"https:\/\/www.naturadk.eu\/de\/kontakt\/\" \/>\n<meta property=\"og:site_name\" content=\"NATURA DK, a.s.\" \/>\n<meta property=\"article:modified_time\" content=\"2022-04-05T05:51:24+00:00\" \/>\n<meta name=\"twitter:card\" content=\"summary_large_image\" \/>\n<meta name=\"twitter:label1\" content=\"Gesch\u00e4tzte Lesezeit\" \/>\n\t<meta name=\"twitter:data1\" content=\"2 minutes\" \/>\n<script type=\"application\/ld+json\" class=\"yoast-schema-graph\">{\"@context\":\"https:\/\/schema.org\",\"@graph\":[{\"@type\":\"WebPage\",\"@id\":\"https:\/\/www.naturadk.eu\/de\/kontakt\/\",\"url\":\"https:\/\/www.naturadk.eu\/de\/kontakt\/\",\"name\":\"Kontakt - NATURA DK, a.s.\",\"isPartOf\":{\"@id\":\"https:\/\/www.naturadk.eu\/#website\"},\"datePublished\":\"2017-07-27T12:31:40+00:00\",\"dateModified\":\"2022-04-05T05:51:24+00:00\",\"description\":\"Sitz der Gesellschaft Anschrift: NATURA DK, a.s. Turkova 1338 504 01 Nov\u00fd Byd\u017eov ID: 252 91 661 Handelsregister: Abschnitt B, Einlageblatt 1829, Datum der\",\"breadcrumb\":{\"@id\":\"https:\/\/www.naturadk.eu\/de\/kontakt\/#breadcrumb\"},\"inLanguage\":\"de-DE\",\"potentialAction\":[{\"@type\":\"ReadAction\",\"target\":[\"https:\/\/www.naturadk.eu\/de\/kontakt\/\"]}]},{\"@type\":\"BreadcrumbList\",\"@id\":\"https:\/\/www.naturadk.eu\/de\/kontakt\/#breadcrumb\",\"itemListElement\":[{\"@type\":\"ListItem\",\"position\":1,\"name\":\"\",\"item\":\"https:\/\/www.naturadk.eu\/de\/\"},{\"@type\":\"ListItem\",\"position\":2,\"name\":\"Kontakt\"}]},{\"@type\":\"WebSite\",\"@id\":\"https:\/\/www.naturadk.eu\/#website\",\"url\":\"https:\/\/www.naturadk.eu\/\",\"name\":\"NATURA DK, a.s.\",\"description\":\"Stroj\u00edrensk\u00e1 v\u00fdroba, slu\u017eby pro zem\u011bd\u011blstv\u00ed a obchod\",\"potentialAction\":[{\"@type\":\"SearchAction\",\"target\":{\"@type\":\"EntryPoint\",\"urlTemplate\":\"https:\/\/www.naturadk.eu\/?s={search_term_string}\"},\"query-input\":{\"@type\":\"PropertyValueSpecification\",\"valueRequired\":true,\"valueName\":\"search_term_string\"}}],\"inLanguage\":\"de-DE\"}]}<\/script>\n<!-- \/ Yoast SEO plugin. -->","yoast_head_json":{"title":"Kontakt - NATURA DK, a.s.","description":"Sitz der Gesellschaft Anschrift: NATURA DK, a.s. Turkova 1338 504 01 Nov\u00fd Byd\u017eov ID: 252 91 661 Handelsregister: Abschnitt B, Einlageblatt 1829, Datum der","robots":{"index":"index","follow":"follow","max-snippet":"max-snippet:-1","max-image-preview":"max-image-preview:large","max-video-preview":"max-video-preview:-1"},"canonical":"https:\/\/www.naturadk.eu\/de\/kontakt\/","og_locale":"de_DE","og_type":"article","og_title":"Kontakt - NATURA DK, a.s.","og_description":"Sitz der Gesellschaft Anschrift: NATURA DK, a.s. Turkova 1338 504 01 Nov\u00fd Byd\u017eov ID: 252 91 661 Handelsregister: Abschnitt B, Einlageblatt 1829, Datum der","og_url":"https:\/\/www.naturadk.eu\/de\/kontakt\/","og_site_name":"NATURA DK, a.s.","article_modified_time":"2022-04-05T05:51:24+00:00","twitter_card":"summary_large_image","twitter_misc":{"Gesch\u00e4tzte Lesezeit":"2 minutes"},"schema":{"@context":"https:\/\/schema.org","@graph":[{"@type":"WebPage","@id":"https:\/\/www.naturadk.eu\/de\/kontakt\/","url":"https:\/\/www.naturadk.eu\/de\/kontakt\/","name":"Kontakt - NATURA DK, a.s.","isPartOf":{"@id":"https:\/\/www.naturadk.eu\/#website"},"datePublished":"2017-07-27T12:31:40+00:00","dateModified":"2022-04-05T05:51:24+00:00","description":"Sitz der Gesellschaft Anschrift: NATURA DK, a.s. Turkova 1338 504 01 Nov\u00fd Byd\u017eov ID: 252 91 661 Handelsregister: Abschnitt B, Einlageblatt 1829, Datum der","breadcrumb":{"@id":"https:\/\/www.naturadk.eu\/de\/kontakt\/#breadcrumb"},"inLanguage":"de-DE","potentialAction":[{"@type":"ReadAction","target":["https:\/\/www.naturadk.eu\/de\/kontakt\/"]}]},{"@type":"BreadcrumbList","@id":"https:\/\/www.naturadk.eu\/de\/kontakt\/#breadcrumb","itemListElement":[{"@type":"ListItem","position":1,"name":"","item":"https:\/\/www.naturadk.eu\/de\/"},{"@type":"ListItem","position":2,"name":"Kontakt"}]},{"@type":"WebSite","@id":"https:\/\/www.naturadk.eu\/#website","url":"https:\/\/www.naturadk.eu\/","name":"NATURA DK, a.s.","description":"Stroj\u00edrensk\u00e1 v\u00fdroba, slu\u017eby pro zem\u011bd\u011blstv\u00ed a obchod","potentialAction":[{"@type":"SearchAction","target":{"@type":"EntryPoint","urlTemplate":"https:\/\/www.naturadk.eu\/?s={search_term_string}"},"query-input":{"@type":"PropertyValueSpecification","valueRequired":true,"valueName":"search_term_string"}}],"inLanguage":"de-DE"}]}},"_links":{"self":[{"href":"https:\/\/www.naturadk.eu\/de\/wp-json\/wp\/v2\/pages\/797","targetHints":{"allow":["GET"]}}],"collection":[{"href":"https:\/\/www.naturadk.eu\/de\/wp-json\/wp\/v2\/pages"}],"about":[{"href":"https:\/\/www.naturadk.eu\/de\/wp-json\/wp\/v2\/types\/page"}],"author":[{"embeddable":true,"href":"https:\/\/www.naturadk.eu\/de\/wp-json\/wp\/v2\/users\/1"}],"replies":[{"embeddable":true,"href":"https:\/\/www.naturadk.eu\/de\/wp-json\/wp\/v2\/comments?post=797"}],"version-history":[{"count":5,"href":"https:\/\/www.naturadk.eu\/de\/wp-json\/wp\/v2\/pages\/797\/revisions"}],"predecessor-version":[{"id":2904,"href":"https:\/\/www.naturadk.eu\/de\/wp-json\/wp\/v2\/pages\/797\/revisions\/2904"}],"wp:attachment":[{"href":"https:\/\/www.naturadk.eu\/de\/wp-json\/wp\/v2\/media?parent=797"}],"curies":[{"name":"wp","href":"https:\/\/api.w.org\/{rel}","templated":true}]}}