{"id":807,"date":"2017-07-27T14:36:09","date_gmt":"2017-07-27T12:36:09","guid":{"rendered":"https:\/\/www.naturadk.eu\/?page_id=807\/"},"modified":"2019-09-30T15:55:40","modified_gmt":"2019-09-30T13:55:40","slug":"handel","status":"publish","type":"page","link":"https:\/\/www.naturadk.eu\/de\/handel\/","title":{"rendered":"Handel"},"content":{"rendered":"<div class=\"row rozcestnik\">\n<div class=\"col-sm-6\">\n\t <a href=\"https:\/\/www.naturadk.eu\/de\/saatgut-maribo-seed\/\" title=\"Saatgut MARIBO Seed\"><\/p>\n<div class=\"panel panel-rozcestnik text-center\">\n<div class=\"panel-body\">\n<h2>Saatgut MARIBO Seed<\/h2>\n<p>\t\t<img loading=\"lazy\" decoding=\"async\" src=\"https:\/\/www.naturadk.eu\/wp-content\/uploads\/2017\/07\/osivo-maribo-seed-300x199.jpg\"  alt=\"Saatgut MARIBO Seed\" width=\"300\" height=\"200\" class=\"hvr-wobble-vertical img-thumbnail img-responsive center-block size-full wp-image-514\" \/>\n\t<\/div>\n<\/div>\n<p><\/a>\n  <\/div>\n<p><!-- \n\n<div class=\"col-sm-6\">\n\t <a href=\"https:\/\/www.naturadk.eu\/de\/geschaeftsvertretung-gomselmash\/\" title=\"Gesch\u00e4ftsvertretung Gomselmash\">\n\t\n\n<div class=\"panel panel-rozcestnik text-center\">\n\t\t\n\n<div class=\"panel-body\">\n\t\t\n\n<h2>Gesch\u00e4ftsvertretung Gomselmash<\/h2>\n\n\n\t\t\t<img loading=\"lazy\" decoding=\"async\" src=\"https:\/\/www.naturadk.eu\/wp-content\/uploads\/2017\/07\/gomselmas-uvodni.jpg\" alt=\"Gesch\u00e4ftsvertretung Gomselmash\" width=\"300\" height=\"200\" class=\"hvr-wobble-vertical img-thumbnail img-responsive center-block size-full wp-image-515\" \/>\n\n\t<\/div>\n\n<\/div>\n\n<\/a>\n  <\/div>\n\n -->\n<\/div>\n","protected":false},"excerpt":{"rendered":"<p>Saatgut MARIBO Seed<\/p>\n","protected":false},"author":1,"featured_media":0,"parent":0,"menu_order":0,"comment_status":"closed","ping_status":"closed","template":"page-templates\/template-full-width.php","meta":{"footnotes":""},"class_list":["post-807","page","type-page","status-publish","hentry"],"yoast_head":"<!-- This site is optimized with the Yoast SEO plugin v26.9 - https:\/\/yoast.com\/product\/yoast-seo-wordpress\/ -->\n<title>Handel - NATURA DK, a.s.<\/title>\n<meta name=\"description\" content=\"Saatgut MARIBO Seed\" \/>\n<meta name=\"robots\" content=\"index, follow, max-snippet:-1, max-image-preview:large, max-video-preview:-1\" \/>\n<link rel=\"canonical\" href=\"https:\/\/www.naturadk.eu\/de\/handel\/\" \/>\n<meta property=\"og:locale\" content=\"de_DE\" \/>\n<meta property=\"og:type\" content=\"article\" \/>\n<meta property=\"og:title\" content=\"Handel - NATURA DK, a.s.\" \/>\n<meta property=\"og:description\" content=\"Saatgut MARIBO Seed\" \/>\n<meta property=\"og:url\" content=\"https:\/\/www.naturadk.eu\/de\/handel\/\" \/>\n<meta property=\"og:site_name\" content=\"NATURA DK, a.s.\" \/>\n<meta property=\"article:modified_time\" content=\"2019-09-30T13:55:40+00:00\" \/>\n<meta property=\"og:image\" content=\"https:\/\/www.naturadk.eu\/wp-content\/uploads\/2017\/07\/osivo-maribo-seed-300x199.jpg\" \/>\n<meta name=\"twitter:card\" content=\"summary_large_image\" \/>\n<script type=\"application\/ld+json\" class=\"yoast-schema-graph\">{\"@context\":\"https:\/\/schema.org\",\"@graph\":[{\"@type\":\"WebPage\",\"@id\":\"https:\/\/www.naturadk.eu\/de\/handel\/\",\"url\":\"https:\/\/www.naturadk.eu\/de\/handel\/\",\"name\":\"Handel - NATURA DK, a.s.\",\"isPartOf\":{\"@id\":\"https:\/\/www.naturadk.eu\/#website\"},\"primaryImageOfPage\":{\"@id\":\"https:\/\/www.naturadk.eu\/de\/handel\/#primaryimage\"},\"image\":{\"@id\":\"https:\/\/www.naturadk.eu\/de\/handel\/#primaryimage\"},\"thumbnailUrl\":\"https:\/\/www.naturadk.eu\/wp-content\/uploads\/2017\/07\/osivo-maribo-seed-300x199.jpg\",\"datePublished\":\"2017-07-27T12:36:09+00:00\",\"dateModified\":\"2019-09-30T13:55:40+00:00\",\"description\":\"Saatgut MARIBO Seed\",\"breadcrumb\":{\"@id\":\"https:\/\/www.naturadk.eu\/de\/handel\/#breadcrumb\"},\"inLanguage\":\"de-DE\",\"potentialAction\":[{\"@type\":\"ReadAction\",\"target\":[\"https:\/\/www.naturadk.eu\/de\/handel\/\"]}]},{\"@type\":\"ImageObject\",\"inLanguage\":\"de-DE\",\"@id\":\"https:\/\/www.naturadk.eu\/de\/handel\/#primaryimage\",\"url\":\"https:\/\/www.naturadk.eu\/wp-content\/uploads\/2017\/07\/osivo-maribo-seed-300x199.jpg\",\"contentUrl\":\"https:\/\/www.naturadk.eu\/wp-content\/uploads\/2017\/07\/osivo-maribo-seed-300x199.jpg\"},{\"@type\":\"BreadcrumbList\",\"@id\":\"https:\/\/www.naturadk.eu\/de\/handel\/#breadcrumb\",\"itemListElement\":[{\"@type\":\"ListItem\",\"position\":1,\"name\":\"\",\"item\":\"https:\/\/www.naturadk.eu\/de\/\"},{\"@type\":\"ListItem\",\"position\":2,\"name\":\"Handel\"}]},{\"@type\":\"WebSite\",\"@id\":\"https:\/\/www.naturadk.eu\/#website\",\"url\":\"https:\/\/www.naturadk.eu\/\",\"name\":\"NATURA DK, a.s.\",\"description\":\"Stroj\u00edrensk\u00e1 v\u00fdroba, slu\u017eby pro zem\u011bd\u011blstv\u00ed a obchod\",\"potentialAction\":[{\"@type\":\"SearchAction\",\"target\":{\"@type\":\"EntryPoint\",\"urlTemplate\":\"https:\/\/www.naturadk.eu\/?s={search_term_string}\"},\"query-input\":{\"@type\":\"PropertyValueSpecification\",\"valueRequired\":true,\"valueName\":\"search_term_string\"}}],\"inLanguage\":\"de-DE\"}]}<\/script>\n<!-- \/ Yoast SEO plugin. -->","yoast_head_json":{"title":"Handel - NATURA DK, a.s.","description":"Saatgut MARIBO Seed","robots":{"index":"index","follow":"follow","max-snippet":"max-snippet:-1","max-image-preview":"max-image-preview:large","max-video-preview":"max-video-preview:-1"},"canonical":"https:\/\/www.naturadk.eu\/de\/handel\/","og_locale":"de_DE","og_type":"article","og_title":"Handel - NATURA DK, a.s.","og_description":"Saatgut MARIBO Seed","og_url":"https:\/\/www.naturadk.eu\/de\/handel\/","og_site_name":"NATURA DK, a.s.","article_modified_time":"2019-09-30T13:55:40+00:00","og_image":[{"url":"https:\/\/www.naturadk.eu\/wp-content\/uploads\/2017\/07\/osivo-maribo-seed-300x199.jpg","type":"","width":"","height":""}],"twitter_card":"summary_large_image","schema":{"@context":"https:\/\/schema.org","@graph":[{"@type":"WebPage","@id":"https:\/\/www.naturadk.eu\/de\/handel\/","url":"https:\/\/www.naturadk.eu\/de\/handel\/","name":"Handel - NATURA DK, a.s.","isPartOf":{"@id":"https:\/\/www.naturadk.eu\/#website"},"primaryImageOfPage":{"@id":"https:\/\/www.naturadk.eu\/de\/handel\/#primaryimage"},"image":{"@id":"https:\/\/www.naturadk.eu\/de\/handel\/#primaryimage"},"thumbnailUrl":"https:\/\/www.naturadk.eu\/wp-content\/uploads\/2017\/07\/osivo-maribo-seed-300x199.jpg","datePublished":"2017-07-27T12:36:09+00:00","dateModified":"2019-09-30T13:55:40+00:00","description":"Saatgut MARIBO Seed","breadcrumb":{"@id":"https:\/\/www.naturadk.eu\/de\/handel\/#breadcrumb"},"inLanguage":"de-DE","potentialAction":[{"@type":"ReadAction","target":["https:\/\/www.naturadk.eu\/de\/handel\/"]}]},{"@type":"ImageObject","inLanguage":"de-DE","@id":"https:\/\/www.naturadk.eu\/de\/handel\/#primaryimage","url":"https:\/\/www.naturadk.eu\/wp-content\/uploads\/2017\/07\/osivo-maribo-seed-300x199.jpg","contentUrl":"https:\/\/www.naturadk.eu\/wp-content\/uploads\/2017\/07\/osivo-maribo-seed-300x199.jpg"},{"@type":"BreadcrumbList","@id":"https:\/\/www.naturadk.eu\/de\/handel\/#breadcrumb","itemListElement":[{"@type":"ListItem","position":1,"name":"","item":"https:\/\/www.naturadk.eu\/de\/"},{"@type":"ListItem","position":2,"name":"Handel"}]},{"@type":"WebSite","@id":"https:\/\/www.naturadk.eu\/#website","url":"https:\/\/www.naturadk.eu\/","name":"NATURA DK, a.s.","description":"Stroj\u00edrensk\u00e1 v\u00fdroba, slu\u017eby pro zem\u011bd\u011blstv\u00ed a obchod","potentialAction":[{"@type":"SearchAction","target":{"@type":"EntryPoint","urlTemplate":"https:\/\/www.naturadk.eu\/?s={search_term_string}"},"query-input":{"@type":"PropertyValueSpecification","valueRequired":true,"valueName":"search_term_string"}}],"inLanguage":"de-DE"}]}},"_links":{"self":[{"href":"https:\/\/www.naturadk.eu\/de\/wp-json\/wp\/v2\/pages\/807","targetHints":{"allow":["GET"]}}],"collection":[{"href":"https:\/\/www.naturadk.eu\/de\/wp-json\/wp\/v2\/pages"}],"about":[{"href":"https:\/\/www.naturadk.eu\/de\/wp-json\/wp\/v2\/types\/page"}],"author":[{"embeddable":true,"href":"https:\/\/www.naturadk.eu\/de\/wp-json\/wp\/v2\/users\/1"}],"replies":[{"embeddable":true,"href":"https:\/\/www.naturadk.eu\/de\/wp-json\/wp\/v2\/comments?post=807"}],"version-history":[{"count":4,"href":"https:\/\/www.naturadk.eu\/de\/wp-json\/wp\/v2\/pages\/807\/revisions"}],"predecessor-version":[{"id":2274,"href":"https:\/\/www.naturadk.eu\/de\/wp-json\/wp\/v2\/pages\/807\/revisions\/2274"}],"wp:attachment":[{"href":"https:\/\/www.naturadk.eu\/de\/wp-json\/wp\/v2\/media?parent=807"}],"curies":[{"name":"wp","href":"https:\/\/api.w.org\/{rel}","templated":true}]}}