{"id":815,"date":"2017-07-27T14:40:13","date_gmt":"2017-07-27T12:40:13","guid":{"rendered":"https:\/\/www.naturadk.eu\/?page_id=815\/"},"modified":"2017-08-11T10:47:57","modified_gmt":"2017-08-11T08:47:57","slug":"saatgut-maribo-seed","status":"publish","type":"page","link":"https:\/\/www.naturadk.eu\/de\/saatgut-maribo-seed\/","title":{"rendered":"Saatgut MARIBO Seed"},"content":{"rendered":"<div class=\"row\">\n<div class=\"col-sm-4\">\n\t<a href=\"https:\/\/www.naturadk.eu\/wp-content\/uploads\/2017\/07\/osivo-maribo-seed.jpg\" title=\"Saatgut MARIBO Seed\"><img loading=\"lazy\" decoding=\"async\" src=\"https:\/\/www.naturadk.eu\/wp-content\/uploads\/2017\/07\/osivo-maribo-seed-300x199.jpg\" alt=\"Saatgut MARIBO Seed\" width=\"300\" height=\"199\" class=\"alignnone center-block img-thumbnail cesize-medium wp-image-515\" srcset=\"https:\/\/www.naturadk.eu\/wp-content\/uploads\/2017\/07\/osivo-maribo-seed-300x199.jpg 300w, https:\/\/www.naturadk.eu\/wp-content\/uploads\/2017\/07\/osivo-maribo-seed-768x510.jpg 768w, https:\/\/www.naturadk.eu\/wp-content\/uploads\/2017\/07\/osivo-maribo-seed.jpg 850w\" sizes=\"auto, (max-width: 300px) 100vw, 300px\" \/><\/a><\/p>\n<div class=\"clearfix visible-xs\">&nbsp;<\/div>\n<\/div>\n<div class=\"col-sm-8\">\n<p>Wir importieren, lagern und vertreiben R\u00fcbensaatgut f\u00fcr Zuckerr\u00fcbenanbauer und Zuckerraffinerien in der Tschechischen Republik von der d\u00e4nischen Firma<strong> MARIBO Seed<\/strong>.<\/p>\n<p>Die Beratung gew\u00e4hrleistet die Niederlassung der Gesellschaft <a href=\"http:\/\/www.maribo.com\/cz\">MARIBO<\/a>.<\/p>\n<\/div>\n<\/div>\n<div class=\"clearfix\">&nbsp;<\/div>\n<h2>Zuckerr\u00fcbensaatgut 2016<\/h2>\n<div class=\"row\">\n<div class=\"col-md-6\">\n<div class=\"panel panel-default panel-osivo\">\n<h3>GALLANT <small>NC TYP<\/small><span class=\"badge pull-right\">STABILIT\u00c4T UND UNIVERSALIT\u00c4T<\/span><\/h3>\n<ul>\n<li>tolerant gegen\u00fcber der Vir\u00f6sen Wurzelb\u00e4rtigkeit (Rizomania) und der Cercospora-Blattkrankheit (Cercospora beticola) der R\u00fcbe<\/li>\n<li>meistangebaute Sorte in der Tschechischen Republik im Jahre 2015 (10,2&nbsp;% der Fl\u00e4chen in Tschechien)<\/li>\n<\/ul>\n<\/div>\n<\/div>\n<div class=\"col-md-6\">\n<div class=\"panel panel-default panel-osivo\">\n<h3>VARIOS <small>NC TYP<\/small><span class=\"badge pull-right\">NEUHEIT 2015<\/span><\/h3>\n<ul>\n<li>tolerant gegen\u00fcber der Vir\u00f6sen Wurzelb\u00e4rtigkeit (Rizomania) und der Cercospora-Blattkrankheit (Cercospora beticola) der R\u00fcbe<\/li>\n<li>1. Platz in der Registrierung des Zentralen landwirtschaftlichen Kontroll- und Pr\u00fcfinstituts (ZLKPI) bzgl. der behandelten Variante 2012-2014<\/li>\n<li>meistverkaufte Neuheit in Tschechien im Jahre 2015 (3,3&nbsp;% der Fl\u00e4chen in Tschechien)<\/li>\n<\/ul>\n<\/div>\n<\/div>\n<div class=\"col-md-6\">\n<div class=\"panel panel-default panel-osivo\">\n<h3>SY APEL <small>N TYP<\/small><span class=\"badge pull-right\">STABILIT\u00c4T<\/span><\/h3>\n<ul>\n<li>tolerant gegen\u00fcber der Vir\u00f6sen Wurzelb\u00e4rtigkeit (Rizomania), m\u00e4\u00dfig tolerant gegen\u00fcber der Cercospora-Blattkrankheit (Cercospora beticola) der R\u00fcbe<\/li>\n<li>5.&nbsp;meistverkaufte Sorte des Jahres 2015 (7,4&nbsp;% der Fl\u00e4chen in Tschechien)<\/li>\n<\/ul>\n<\/div>\n<\/div>\n<div class=\"col-md-6\">\n<div class=\"panel panel-default panel-osivo\">\n<h3>POSEIDON <small>NC TYP<\/small><\/h3>\n<ul>\n<li>tolerant gegen\u00fcber der Vir\u00f6sen Wurzelb\u00e4rtigkeit (Rizomania), der Cercospora-Blattkrankheit (Cercospora beticola) und der Sp\u00e4ten R\u00fcbenf\u00e4ule (Rhizoctonia solani)<\/li>\n<li>Index in der Registrierung des Zentralen landwirtschaftlichen Kontroll- und Pr\u00fcfinstituts (ZLKPI) 2008 und 2009 \u2026 105&nbsp;%<\/li>\n<li>Meistverkaufte Rhizoctonia-tolerante Sorte in der Tschechischen Republik in den Jahren 2011-2015<\/li>\n<\/ul>\n<\/div>\n<\/div>\n<div class=\"col-md-6\">\n<div class=\"panel panel-default panel-osivo\">\n<h3>GREGORIUS <small>NC TYP<\/small><\/h3>\n<ul>\n<li>tolerant gegen\u00fcber der Vir\u00f6sen Wurzelb\u00e4rtigkeit (Rizomania) und dem R\u00fcbenzystennematoden (R\u00fcben\u00e4lchen &#8211; Heterodera schachtii)<\/li>\n<li>Index in der Registrierung des Zentralen landwirtschaftlichen Kontroll- und Pr\u00fcfinstituts (ZLKPI) 2011 und 2012 (behandelte Variante) \u2026 103,1&nbsp;%<\/li>\n<\/ul>\n<\/div>\n<\/div>\n<div class=\"col-md-6\">\n<div class=\"panel panel-default panel-osivo\">\n<h3>XANADU <small>N TYP<\/small><\/h3>\n<ul>\n<li>tolerant gegen\u00fcber der Vir\u00f6sen Wurzelb\u00e4rtigkeit (Rizomania), der Cercospora-Blattkrankheit (Cercospora beticola) und dem R\u00fcbenzystennematoden (R\u00fcben\u00e4lchen &#8211; Heterodera schachtii)<\/li>\n<\/ul>\n<\/div>\n<\/div>\n<\/div>\n<h2>NEUHEITEN 2016 <small>im Falle der Registrierung durch das Zentrale landwirtschaftliche Kontroll- und Pr\u00fcfinstitut<\/small><\/h2>\n<div class=\"row\">\n<div class=\"col-md-6\">\n<div class=\"panel panel-danger panel-osivo\">\n<h3>TORERO <small>NC TYP<\/small><span class=\"badge pull-right\">NEUHEIT 2016<\/span><\/h3>\n<ul>\n<li>sehr vielversprechende zuckerhaltige Neuheit mit Toleranz gegen\u00fcber der Vir\u00f6sen Wurzelb\u00e4rtigkeit (Rizomania) und der Cercospora-Blattkrankheit (Cercospora beticola)<\/li>\n<li>nach dem 1. Jahr der Pr\u00fcfung durch das Zentrale landwirtschaftliche Kontroll- und Pr\u00fcfinstitut (ZLKPI) in der behandelten Variante 1. Platz (107,8&nbsp;% Zuckerertrag, Index 104,1&nbsp;%)<\/li>\n<li>universell f\u00fcr alle Erntetypen<\/li>\n<\/ul>\n<\/div>\n<\/div>\n<div class=\"col-md-6\">\n<div class=\"panel panel-danger panel-osivo\">\n<h3>AVISO <small>NC TYP<\/small><span class=\"badge pull-right\">NEUHEIT 2016<\/span><\/h3>\n<ul>\n<li>sehr zuckerhaltige Neuheit mit Toleranz gegen\u00fcber der Vir\u00f6sen Wurzelb\u00e4rtigkeit (Rizomania)<\/li>\n<li>nach dem 1. Jahr der Pr\u00fcfung durch das Zentrale landwirtschaftliche Kontroll- und Pr\u00fcfinstitut (ZLKPI) in der behandelten Variante 5. Platz (103,6&nbsp;% Zucker, Index 102,7&nbsp;%)<\/li>\n<li>geeignet f\u00fcr die Fr\u00fchernte<\/li>\n<\/ul>\n<\/div>\n<\/div>\n<\/div>\n<div class=\"clearfix\">&nbsp;<\/div>\n<p class=\"odstavecPotvrzeni radaM\">Vollst\u00e4ndiger Flyer der Zuckerr\u00fcbensorten f\u00fcr das Jahr 2016: &nbsp;<i class=\"fa fa-file-pdf-o\"><\/i>&nbsp;<a target=\"_blank\" href=\"https:\/\/www.naturadk.eu\/wp-content\/uploads\/2017\/07\/Maribo-osivo-2016.pdf\">Maribo-osivo-2016.pdf<\/a> (3.05 MB)<\/p>\n<h2>Kontakte<\/h2>\n<div class=\"row\">\n<div class=\"col-md-4\">\n<table class=\"table table-condensed\">\n<tbody>\n<tr>\n<th>MARIBO SEED INTERNATIONAL ApS<br \/><small>Niederlassung in der Tschechischen Republik<\/small><\/th>\n<\/tr>\n<tr>\n<td>www.mariboseed.com<\/td>\n<\/tr>\n<tr>\n<td>Dipl.-Ing. V\u00edt Bittner<\/td>\n<\/tr>\n<tr>\n<td>Hertick\u00e1 435<\/td>\n<\/tr>\n<tr>\n<td>CZ-747&nbsp;57 SLAVKOV<\/td>\n<\/tr>\n<tr>\n<td>tel. +420&nbsp;553&nbsp;797&nbsp;912<\/td>\n<\/tr>\n<tr>\n<td>fax +420&nbsp;553&nbsp;797&nbsp;315<\/td>\n<\/tr>\n<tr>\n<td>mobil: +420&nbsp;602&nbsp;411&nbsp;702<\/td>\n<\/tr>\n<tr>\n<td>e-mail: <a href=\"mailto:vit.bittner@mariboseed.com\">vit.bittner@mariboseed.com<\/a><\/td>\n<\/tr>\n<\/tbody>\n<\/table>\n<\/div>\n<div class=\"col-md-4\">\n<table class=\"table table-condensed\">\n<tbody>\n<tr>\n<th>Vertretung in der Tschechischen Republik<\/th>\n<\/tr>\n<tr>\n<td>Dipl.-Ing. Bohumil Her\u010d\u00edk<\/td>\n<\/tr>\n<tr>\n<td>Leo\u0161e Jan\u00e1\u010dka 494<\/td>\n<\/tr>\n<tr>\n<td>CZ-280&nbsp;02 KOL\u00cdN<\/td>\n<\/tr>\n<tr>\n<td>tel.\/fax +420&nbsp;321&nbsp;720&nbsp;978<\/td>\n<\/tr>\n<tr>\n<td>mobil: +420&nbsp;602&nbsp;446&nbsp;901<\/td>\n<\/tr>\n<tr>\n<td>e-mail: <a href=\"mailto:bohumil.hercik@mariboseed.com\">bohumil.hercik@mariboseed.com<\/a><br \/><a href=\"mailto:hercik.maribo@seznam.cz\">hercik.maribo@seznam.cz<\/a><\/td>\n<\/tr>\n<\/tbody>\n<\/table>\n<\/div>\n<div class=\"col-md-4\">\n<table class=\"table table-condensed\">\n<tbody>\n<tr>\n<th>Vertretung in der Tschechischen Republik<\/th>\n<\/tr>\n<tr>\n<td>Dipl.-Ing. Josef Migdau<\/td>\n<\/tr>\n<tr>\n<td>\u017di\u017ekova 496<\/td>\n<\/tr>\n<tr>\n<td>CZ-285&nbsp;61 \u017dleby<\/td>\n<\/tr>\n<tr>\n<td>mobil: +420601581871<\/td>\n<\/tr>\n<tr>\n<td>e-mail: <a href=\"mailto:josef.migdau@mariboseed.com\">josef.migdau@mariboseed.com<\/a><br \/><a href=\"mailto:jmigdau@seznam.cz\">jmigdau@seznam.cz<\/a><\/td>\n<\/tr>\n<\/tbody>\n<\/table>\n<\/div>\n<div class=\"col-md-12\">\n<table class=\"table table-condensed\">\n<tbody>\n<tr>\n<th colspan=\"2\">LIEFERANT DES SAATGUTES IN DER TSCHECHISCHEN REPUBLIK<\/th>\n<\/tr>\n<tr>\n<td>NATURA DK, a.s.<\/td>\n<td>tel. +420&nbsp;495&nbsp;490&nbsp;364<\/td>\n<\/tr>\n<tr>\n<td>Turkova 1338<\/td>\n<td>fax +420&nbsp;495&nbsp;493&nbsp;312<\/td>\n<\/tr>\n<tr>\n<td>CZ-504&nbsp;01 Nov\u00fd Byd\u017eov<\/td>\n<td>e-mail: <a href=\"mailto:info@naturadk.cz\">info@naturadk.cz<\/a><\/td>\n<\/tr>\n<tr><\/tr>\n<\/tbody>\n<\/table>\n<\/div>\n<\/div>\n<div class=\"row odstavecRada\">\n<h4 class=\"col-xs-12\">Referenzen<\/h4>\n<div class=\"col-sm-6\">\n<ul>\n<li><strong>Tereos TTD cukrovar Dobrovice<\/strong><br \/>herr Verfl \u2013 602&nbsp;318&nbsp;859<\/li>\n<li><strong>Tereos TTD cukrovar \u010cesk\u00e9 Mezi\u0159\u00ed\u010d\u00ed<\/strong><br \/>herr Rieger \u2013 602&nbsp;405&nbsp;712<\/li>\n<\/ul>\n<\/div>\n<div class=\"col-sm-6\">\n<ul>\n<li><strong>Maribo Seed<\/strong><br \/>herr Bittner \u2013 602&nbsp;411&nbsp;702<br \/>herr Migdau \u2013 601&nbsp;581&nbsp;871<\/li>\n<\/ul>\n<\/div>\n<\/div>\n<div id=\"black-studio-tinymce-30\" class=\"widget widget_black_studio_tinymce amr_widget\"><div class=\"textwidget\"><hr>\r\n<div class=\"col-xs-12\">\r\n<div class=\"row formular-bg\">\r\n<div class=\"col-xs-12\">\r\n<h2 class=\"col-xs-12\">Haben Sie Fragen? Schreiben Sie uns.<\/h2>\r\n<div class=\"col-xs-12\">\n<div class=\"wpcf7 no-js\" id=\"wpcf7-f1328-o1\" lang=\"cs-CZ\" dir=\"ltr\" data-wpcf7-id=\"1328\">\n<div class=\"screen-reader-response\"><p role=\"status\" aria-live=\"polite\" aria-atomic=\"true\"><\/p> <ul><\/ul><\/div>\n<form action=\"\/de\/wp-json\/wp\/v2\/pages\/815#wpcf7-f1328-o1\" method=\"post\" class=\"wpcf7-form init form-horizontal\" aria-label=\"Kontaktformular\" novalidate=\"novalidate\" data-status=\"init\">\n<fieldset class=\"hidden-fields-container\"><input type=\"hidden\" name=\"_wpcf7\" value=\"1328\" \/><input type=\"hidden\" name=\"_wpcf7_version\" value=\"6.1.5\" \/><input type=\"hidden\" name=\"_wpcf7_locale\" value=\"cs_CZ\" \/><input type=\"hidden\" name=\"_wpcf7_unit_tag\" value=\"wpcf7-f1328-o1\" \/><input type=\"hidden\" name=\"_wpcf7_container_post\" value=\"0\" \/><input type=\"hidden\" name=\"_wpcf7_posted_data_hash\" value=\"\" \/>\n<\/fieldset>\n<div class=\"form-group your-subject\"><label class=\" control-label col-sm-3\" for=\"zamknute\">Betreff<\/label><div class=\"col-sm-9\"><input class=\"wpcf7-form-control wpcf7-text form-control\" id=\"zamknute\" name=\"your-subject\" type=\"text\" value=\"\" aria-invalid=\"false\"><\/div><\/div>\n<div class=\"form-group your-name\"><label class=\" control-label col-sm-3\">Name<\/label><div class=\"col-sm-9\"><input class=\"wpcf7-form-control wpcf7-text form-control\" name=\"your-name\" type=\"text\" value=\"\" aria-invalid=\"false\"><\/div><\/div>\n<div class=\"form-group your-email\"><label class=\" control-label col-sm-3\">E-mail <span class=\"required\">*<\/span><\/label><div class=\"col-sm-9\"><input class=\"wpcf7-form-control wpcf7-email wpcf7-validates-as-required wpcf7-text wpcf7-validates-as-email form-control\" name=\"your-email\" type=\"email\" value=\"\" aria-invalid=\"false\" aria-required=\"true\" required><\/div><\/div>\n<div class=\"form-group your-phone\"><label class=\" control-label col-sm-3\">Telefon<\/label><div class=\"col-sm-9\"><input class=\"wpcf7-form-control wpcf7-text form-control\" name=\"your-phone\" type=\"text\" value=\"\" aria-invalid=\"false\"><\/div><\/div>\n<div class=\"form-group your-message\"><label class=\" control-label col-sm-3\">Frage <span class=\"required\">*<\/span><\/label><div class=\"col-sm-9\"><textarea class=\"wpcf7-form-control wpcf7-textarea wpcf7-validates-as-required form-control\" name=\"your-message\" rows=\"4\" aria-invalid=\"false\" aria-required=\"true\" required><\/textarea><\/div><\/div>\n<span id=\"wpcf7-69e0f552be0af-wrapper\" class=\"wpcf7-form-control-wrap City-wrap\" ><input type=\"hidden\" name=\"City-time-start\" value=\"1776350546\"><input type=\"hidden\" name=\"City-time-check\" value=\"6\"><label for=\"wpcf7-69e0f552be0af-field\" class=\"hp-message\">Bitte lasse dieses Feld leer.<\/label><input id=\"wpcf7-69e0f552be0af-field\"  class=\"wpcf7-form-control wpcf7-text\" type=\"text\" name=\"City\" value=\"\" size=\"40\" tabindex=\"-1\" autocomplete=\"new-password\" \/><\/span>\n<div class=\"form-group\"><div class=\"col-sm-9 col-sm-offset-3\"><input class=\"wpcf7-form-control wpcf7-submit btn btn-success btn-lg\" type=\"submit\" value=\"Sende eine Nachricht\"><\/div><\/div><div class=\"wpcf7-response-output alert alert-warning\"><\/div>\n<\/form>\n<\/div>\n<\/div>\r\n<\/div>\r\n<\/div>\r\n<\/div>\r\n<div class=\"clearfix\">&nbsp;<\/div><\/div><\/div>\n","protected":false},"excerpt":{"rendered":"<p>&nbsp; Wir importieren, lagern und vertreiben R\u00fcbensaatgut f\u00fcr Zuckerr\u00fcbenanbauer und Zuckerraffinerien in der Tschechischen Republik von der d\u00e4nischen Firma MARIBO Seed. Die Beratung gew\u00e4hrleistet die Niederlassung der Gesellschaft MARIBO. &nbsp; Zuckerr\u00fcbensaatgut 2016 GALLANT NC TYPSTABILIT\u00c4T UND UNIVERSALIT\u00c4T tolerant gegen\u00fcber der Vir\u00f6sen Wurzelb\u00e4rtigkeit (Rizomania) und der Cercospora-Blattkrankheit (Cercospora beticola) der R\u00fcbe meistangebaute Sorte in der Tschechischen &hellip;<\/p>\n","protected":false},"author":1,"featured_media":0,"parent":807,"menu_order":0,"comment_status":"closed","ping_status":"closed","template":"","meta":{"footnotes":""},"class_list":["post-815","page","type-page","status-publish","hentry"],"yoast_head":"<!-- This site is optimized with the Yoast SEO plugin v26.9 - https:\/\/yoast.com\/product\/yoast-seo-wordpress\/ -->\n<title>Saatgut MARIBO Seed - NATURA DK, a.s.<\/title>\n<meta name=\"description\" content=\"&nbsp; Wir importieren, lagern und vertreiben R\u00fcbensaatgut f\u00fcr Zuckerr\u00fcbenanbauer und Zuckerraffinerien in der Tschechischen Republik von der d\u00e4nischen\" \/>\n<meta name=\"robots\" content=\"index, follow, max-snippet:-1, max-image-preview:large, max-video-preview:-1\" \/>\n<link rel=\"canonical\" href=\"https:\/\/www.naturadk.eu\/de\/saatgut-maribo-seed\/\" \/>\n<meta property=\"og:locale\" content=\"de_DE\" \/>\n<meta property=\"og:type\" content=\"article\" \/>\n<meta property=\"og:title\" content=\"Saatgut MARIBO Seed - NATURA DK, a.s.\" \/>\n<meta property=\"og:description\" content=\"&nbsp; Wir importieren, lagern und vertreiben R\u00fcbensaatgut f\u00fcr Zuckerr\u00fcbenanbauer und Zuckerraffinerien in der Tschechischen Republik von der d\u00e4nischen\" \/>\n<meta property=\"og:url\" content=\"https:\/\/www.naturadk.eu\/de\/saatgut-maribo-seed\/\" \/>\n<meta property=\"og:site_name\" content=\"NATURA DK, a.s.\" \/>\n<meta property=\"article:modified_time\" content=\"2017-08-11T08:47:57+00:00\" \/>\n<meta property=\"og:image\" content=\"https:\/\/www.naturadk.eu\/wp-content\/uploads\/2017\/07\/osivo-maribo-seed-300x199.jpg\" \/>\n<meta name=\"twitter:card\" content=\"summary_large_image\" \/>\n<meta name=\"twitter:label1\" content=\"Gesch\u00e4tzte Lesezeit\" \/>\n\t<meta name=\"twitter:data1\" content=\"3 minutes\" \/>\n<script type=\"application\/ld+json\" class=\"yoast-schema-graph\">{\"@context\":\"https:\/\/schema.org\",\"@graph\":[{\"@type\":\"WebPage\",\"@id\":\"https:\/\/www.naturadk.eu\/de\/saatgut-maribo-seed\/\",\"url\":\"https:\/\/www.naturadk.eu\/de\/saatgut-maribo-seed\/\",\"name\":\"Saatgut MARIBO Seed - NATURA DK, a.s.\",\"isPartOf\":{\"@id\":\"https:\/\/www.naturadk.eu\/#website\"},\"primaryImageOfPage\":{\"@id\":\"https:\/\/www.naturadk.eu\/de\/saatgut-maribo-seed\/#primaryimage\"},\"image\":{\"@id\":\"https:\/\/www.naturadk.eu\/de\/saatgut-maribo-seed\/#primaryimage\"},\"thumbnailUrl\":\"https:\/\/www.naturadk.eu\/wp-content\/uploads\/2017\/07\/osivo-maribo-seed-300x199.jpg\",\"datePublished\":\"2017-07-27T12:40:13+00:00\",\"dateModified\":\"2017-08-11T08:47:57+00:00\",\"description\":\"&nbsp; Wir importieren, lagern und vertreiben R\u00fcbensaatgut f\u00fcr Zuckerr\u00fcbenanbauer und Zuckerraffinerien in der Tschechischen Republik von der d\u00e4nischen\",\"breadcrumb\":{\"@id\":\"https:\/\/www.naturadk.eu\/de\/saatgut-maribo-seed\/#breadcrumb\"},\"inLanguage\":\"de-DE\",\"potentialAction\":[{\"@type\":\"ReadAction\",\"target\":[\"https:\/\/www.naturadk.eu\/de\/saatgut-maribo-seed\/\"]}]},{\"@type\":\"ImageObject\",\"inLanguage\":\"de-DE\",\"@id\":\"https:\/\/www.naturadk.eu\/de\/saatgut-maribo-seed\/#primaryimage\",\"url\":\"https:\/\/www.naturadk.eu\/wp-content\/uploads\/2017\/07\/osivo-maribo-seed-300x199.jpg\",\"contentUrl\":\"https:\/\/www.naturadk.eu\/wp-content\/uploads\/2017\/07\/osivo-maribo-seed-300x199.jpg\"},{\"@type\":\"BreadcrumbList\",\"@id\":\"https:\/\/www.naturadk.eu\/de\/saatgut-maribo-seed\/#breadcrumb\",\"itemListElement\":[{\"@type\":\"ListItem\",\"position\":1,\"name\":\"\",\"item\":\"https:\/\/www.naturadk.eu\/de\/\"},{\"@type\":\"ListItem\",\"position\":2,\"name\":\"Handel\",\"item\":\"https:\/\/www.naturadk.eu\/de\/handel\/\"},{\"@type\":\"ListItem\",\"position\":3,\"name\":\"Saatgut MARIBO Seed\"}]},{\"@type\":\"WebSite\",\"@id\":\"https:\/\/www.naturadk.eu\/#website\",\"url\":\"https:\/\/www.naturadk.eu\/\",\"name\":\"NATURA DK, a.s.\",\"description\":\"Stroj\u00edrensk\u00e1 v\u00fdroba, slu\u017eby pro zem\u011bd\u011blstv\u00ed a obchod\",\"potentialAction\":[{\"@type\":\"SearchAction\",\"target\":{\"@type\":\"EntryPoint\",\"urlTemplate\":\"https:\/\/www.naturadk.eu\/?s={search_term_string}\"},\"query-input\":{\"@type\":\"PropertyValueSpecification\",\"valueRequired\":true,\"valueName\":\"search_term_string\"}}],\"inLanguage\":\"de-DE\"}]}<\/script>\n<!-- \/ Yoast SEO plugin. -->","yoast_head_json":{"title":"Saatgut MARIBO Seed - NATURA DK, a.s.","description":"&nbsp; Wir importieren, lagern und vertreiben R\u00fcbensaatgut f\u00fcr Zuckerr\u00fcbenanbauer und Zuckerraffinerien in der Tschechischen Republik von der d\u00e4nischen","robots":{"index":"index","follow":"follow","max-snippet":"max-snippet:-1","max-image-preview":"max-image-preview:large","max-video-preview":"max-video-preview:-1"},"canonical":"https:\/\/www.naturadk.eu\/de\/saatgut-maribo-seed\/","og_locale":"de_DE","og_type":"article","og_title":"Saatgut MARIBO Seed - NATURA DK, a.s.","og_description":"&nbsp; Wir importieren, lagern und vertreiben R\u00fcbensaatgut f\u00fcr Zuckerr\u00fcbenanbauer und Zuckerraffinerien in der Tschechischen Republik von der d\u00e4nischen","og_url":"https:\/\/www.naturadk.eu\/de\/saatgut-maribo-seed\/","og_site_name":"NATURA DK, a.s.","article_modified_time":"2017-08-11T08:47:57+00:00","og_image":[{"url":"https:\/\/www.naturadk.eu\/wp-content\/uploads\/2017\/07\/osivo-maribo-seed-300x199.jpg","type":"","width":"","height":""}],"twitter_card":"summary_large_image","twitter_misc":{"Gesch\u00e4tzte Lesezeit":"3 minutes"},"schema":{"@context":"https:\/\/schema.org","@graph":[{"@type":"WebPage","@id":"https:\/\/www.naturadk.eu\/de\/saatgut-maribo-seed\/","url":"https:\/\/www.naturadk.eu\/de\/saatgut-maribo-seed\/","name":"Saatgut MARIBO Seed - NATURA DK, a.s.","isPartOf":{"@id":"https:\/\/www.naturadk.eu\/#website"},"primaryImageOfPage":{"@id":"https:\/\/www.naturadk.eu\/de\/saatgut-maribo-seed\/#primaryimage"},"image":{"@id":"https:\/\/www.naturadk.eu\/de\/saatgut-maribo-seed\/#primaryimage"},"thumbnailUrl":"https:\/\/www.naturadk.eu\/wp-content\/uploads\/2017\/07\/osivo-maribo-seed-300x199.jpg","datePublished":"2017-07-27T12:40:13+00:00","dateModified":"2017-08-11T08:47:57+00:00","description":"&nbsp; Wir importieren, lagern und vertreiben R\u00fcbensaatgut f\u00fcr Zuckerr\u00fcbenanbauer und Zuckerraffinerien in der Tschechischen Republik von der d\u00e4nischen","breadcrumb":{"@id":"https:\/\/www.naturadk.eu\/de\/saatgut-maribo-seed\/#breadcrumb"},"inLanguage":"de-DE","potentialAction":[{"@type":"ReadAction","target":["https:\/\/www.naturadk.eu\/de\/saatgut-maribo-seed\/"]}]},{"@type":"ImageObject","inLanguage":"de-DE","@id":"https:\/\/www.naturadk.eu\/de\/saatgut-maribo-seed\/#primaryimage","url":"https:\/\/www.naturadk.eu\/wp-content\/uploads\/2017\/07\/osivo-maribo-seed-300x199.jpg","contentUrl":"https:\/\/www.naturadk.eu\/wp-content\/uploads\/2017\/07\/osivo-maribo-seed-300x199.jpg"},{"@type":"BreadcrumbList","@id":"https:\/\/www.naturadk.eu\/de\/saatgut-maribo-seed\/#breadcrumb","itemListElement":[{"@type":"ListItem","position":1,"name":"","item":"https:\/\/www.naturadk.eu\/de\/"},{"@type":"ListItem","position":2,"name":"Handel","item":"https:\/\/www.naturadk.eu\/de\/handel\/"},{"@type":"ListItem","position":3,"name":"Saatgut MARIBO Seed"}]},{"@type":"WebSite","@id":"https:\/\/www.naturadk.eu\/#website","url":"https:\/\/www.naturadk.eu\/","name":"NATURA DK, a.s.","description":"Stroj\u00edrensk\u00e1 v\u00fdroba, slu\u017eby pro zem\u011bd\u011blstv\u00ed a obchod","potentialAction":[{"@type":"SearchAction","target":{"@type":"EntryPoint","urlTemplate":"https:\/\/www.naturadk.eu\/?s={search_term_string}"},"query-input":{"@type":"PropertyValueSpecification","valueRequired":true,"valueName":"search_term_string"}}],"inLanguage":"de-DE"}]}},"_links":{"self":[{"href":"https:\/\/www.naturadk.eu\/de\/wp-json\/wp\/v2\/pages\/815","targetHints":{"allow":["GET"]}}],"collection":[{"href":"https:\/\/www.naturadk.eu\/de\/wp-json\/wp\/v2\/pages"}],"about":[{"href":"https:\/\/www.naturadk.eu\/de\/wp-json\/wp\/v2\/types\/page"}],"author":[{"embeddable":true,"href":"https:\/\/www.naturadk.eu\/de\/wp-json\/wp\/v2\/users\/1"}],"replies":[{"embeddable":true,"href":"https:\/\/www.naturadk.eu\/de\/wp-json\/wp\/v2\/comments?post=815"}],"version-history":[{"count":5,"href":"https:\/\/www.naturadk.eu\/de\/wp-json\/wp\/v2\/pages\/815\/revisions"}],"predecessor-version":[{"id":1329,"href":"https:\/\/www.naturadk.eu\/de\/wp-json\/wp\/v2\/pages\/815\/revisions\/1329"}],"up":[{"embeddable":true,"href":"https:\/\/www.naturadk.eu\/de\/wp-json\/wp\/v2\/pages\/807"}],"wp:attachment":[{"href":"https:\/\/www.naturadk.eu\/de\/wp-json\/wp\/v2\/media?parent=815"}],"curies":[{"name":"wp","href":"https:\/\/api.w.org\/{rel}","templated":true}]}}