{"id":82,"date":"2017-07-13T14:39:14","date_gmt":"2017-07-13T12:39:14","guid":{"rendered":"https:\/\/www.naturadk.eu\/?page_id=82\/"},"modified":"2021-08-18T11:13:52","modified_gmt":"2021-08-18T09:13:52","slug":"home","status":"publish","type":"page","link":"https:\/\/www.naturadk.eu\/de\/","title":{"rendered":"NATURA DK, a.s. &#8211; Maschinenbau und Dienstleistungen f\u00fcr Landwirtschaft und Gesch\u00e4ftsaktivit\u00e4ten"},"content":{"rendered":"<hr>\n<div class=\"row rozcestnik-home\">\n<div class=\"col-sm-4\">\n<div class=\"panel panel-default text-center \">\n<div class=\"panel-heading hvr-wobble-vertical\"><img loading=\"lazy\" decoding=\"async\" src=\"https:\/\/www.naturadk.eu\/wp-content\/uploads\/2016\/12\/strojirenstvi-icon.png\" alt=\"Maschinenbau-icon\" width=\"262\" height=\"167\" class=\"center-block img-responsive wp-image-198\" \/><\/div>\n<div class=\"panel-body\"><a title=\"Maschinenbau\" href=\"https:\/\/www.naturadk.eu\/de\/maschinenbau\/\"><\/p>\n<h2>Maschinenbau<\/h2>\n<p><\/a><\/p>\n<div class=\"flex-container\">\n<ul>\n<li><a title=\"CNC, Konventionelle Bearbeitung\" href=\"https:\/\/www.naturadk.eu\/de\/bearbeitung\/\">CNC, Konventionelle Bearbeitung<\/a>\n\t\t\t\t\t<\/li>\n<li><a title=\"Schwei\u00dfen\" href=\"https:\/\/www.naturadk.eu\/de\/schweissen\/\">Schwei\u00dfen<\/a>\n\t\t\t\t\t<\/li>\n<li><a title=\"Materialtrennung\" href=\"https:\/\/www.naturadk.eu\/de\/materialteilung\/\">Materialtrennung<\/a>\n\t\t\t\t\t<\/li>\n<li><a title=\"Biegen\" href=\"https:\/\/www.naturadk.eu\/de\/biegen\/\">Biegen<\/a>\n\t\t\t\t\t<\/li>\n<li><a title=\"Oberfl\u00e4chenbehandlungen\" href=\"https:\/\/www.naturadk.eu\/de\/oberflaechenbehandlung\/\">Oberfl\u00e4chenbehandlungen<\/a>\n\t\t\t\t\t<\/li>\n<\/ul>\n<\/div><\/div>\n<\/p><\/div>\n<\/p><\/div>\n<div class=\"col-sm-4\">\n<div class=\"panel panel-default text-center\">\n<div class=\"panel-heading hvr-wobble-vertical\"><img loading=\"lazy\" decoding=\"async\" src=\"https:\/\/www.naturadk.eu\/wp-content\/uploads\/2016\/12\/sluzby-icon.png\" alt=\"Dienstleistungen-icon\" width=\"262\" height=\"167\" class=\"center-block img-responsive wp-image-197\" \/><\/div>\n<div class=\"panel-body\"><a title=\"Dienstleistungen\" href=\"https:\/\/www.naturadk.eu\/de\/dienstleistungen\/\"><\/p>\n<h2>Dienstleistungen<\/h2>\n<p><\/a><\/p>\n<div class=\"flex-container\">\n<ul>\n<li><a title=\"F\u00f6rderb\u00e4ndern\" href=\"https:\/\/www.naturadk.eu\/de\/herstellung-von-foerderanlagen\/\">F\u00f6rderb\u00e4ndern<\/a>\n\t\t\t\t\t<\/li>\n<li><a title=\"Reinigungswalzen\" href=\"https:\/\/www.naturadk.eu\/de\/herstellung-von-reinigungswalzen\/\">Reinigungswalzen<\/a>\n\t\t\t\t\t<\/li>\n<\/ul>\n<\/div><\/div>\n<\/p><\/div>\n<\/p><\/div>\n<div class=\"col-sm-4\">\n<div class=\"panel panel-default text-center\">\n<div class=\"panel-heading hvr-wobble-vertical\"><img loading=\"lazy\" decoding=\"async\" src=\"https:\/\/www.naturadk.eu\/wp-content\/uploads\/2016\/12\/obchod-icon.png\" alt=\"Handel-icon\" width=\"262\" height=\"167\" class=\"center-block img-responsive wp-image-199\" \/><\/div>\n<div class=\"panel-body\"><a title=\"Handel\" href=\"https:\/\/www.naturadk.eu\/de\/handel\/\"><\/p>\n<h2>Handel<\/h2>\n<p><\/a><\/p>\n<div class=\"flex-container\">\n<ul>\n<li><a title=\"Saatgut MARIBO Seed\" href=\"https:\/\/www.naturadk.eu\/de\/saatgut-maribo-seed\/\">Saatgut MARIBO Seed<\/a>\n\t\t\t\t\t<\/li>\n<p>\t\t\t\t\t<!-- \n\n<li><a title=\"Gesch\u00e4ftsvertretung der Firma Gomselmash\" href=\"https:\/\/www.naturadk.eu\/de\/geschaeftsvertretung-gomselmash\/\">Gesch\u00e4ftsvertretung der Firma Gomselmash<\/a>\n\t\t\t\t\t<\/li>\n\n -->\n\t\t\t\t<\/ul>\n<\/div><\/div>\n<\/p><\/div>\n<\/p><\/div>\n<p>\t<!--\n\t\n\n<div class=\"clearfix visible-sm visible-xs\">&nbsp;<\/div>\n\n\n\t\n\n<div class=\"col-sm-6 col-md-3\">\n\t\t\n\n<div class=\"panel panel-default text-center\">\n\t\t\t\n\n<div class=\"panel-heading hvr-wobble-vertical\"><img loading=\"lazy\" decoding=\"async\" src=\"https:\/\/www.naturadk.eu\/wp-content\/uploads\/2016\/12\/produkty-icon.png\" alt=\"Produkte-icon\" width=\"262\" height=\"169\" class=\"center-block img-responsive wp-image-196\" \/><\/div>\n\n\n\n<div class=\"panel-body\"><a title=\"Produkte\" href=\"https:\/\/www.naturadk.eu\/de\/produkte\/\">\n\n<h2>Produkte<\/h2>\n\n<\/a>\n\t\t\t\t\n\n<ul>\n\t\t\t\t\t\n\n<li><a title=\"R\u00fcbenreiniger\" href=\"https:\/\/www.naturadk.eu\/de\/ruebenreinigungslader\/\">R\u00fcbenreiniger<\/a>\n\t\t\t\t\t<\/li>\n\n\n\t\t\t\t\t\n\n<li><a title=\"Kontakt-Applikator f\u00fcr Herbizide\" href=\"https:\/\/www.naturadk.eu\/de\/kontakt-applikator-fuer-herbizide\/\">Kontakt-Applikator f\u00fcr Herbizide<\/a>\n\t\t\t\t\t<\/li>\n\n\n\t\t\t\t\t \n\n<li><a title=\"Hydraulische Ausgleichsbr\u00fccken\" href=\"https:\/\/www.naturadk.eu\/de\/hydraulische-Ausgleichsbrucken\">Hydraulische Ausgleichsbr\u00fccken<\/a>\n\t\t\t\t\t<\/li>\n\n \n\t\t\t\t<\/ul>\n\n\n\t\t\t<\/div>\n\n\n\t\t<\/div>\n\n\n\t<\/div>\n\n\n\t-->\n<\/div>\n","protected":false},"excerpt":{"rendered":"<p>Maschinenbau CNC, Konventionelle Bearbeitung Schwei\u00dfen Materialtrennung Biegen Oberfl\u00e4chenbehandlungen Dienstleistungen F\u00f6rderb\u00e4ndern Reinigungswalzen Handel Saatgut MARIBO Seed<\/p>\n","protected":false},"author":1,"featured_media":0,"parent":0,"menu_order":0,"comment_status":"closed","ping_status":"closed","template":"","meta":{"footnotes":""},"class_list":["post-82","page","type-page","status-publish","hentry"],"yoast_head":"<!-- This site is optimized with the Yoast SEO plugin v26.9 - https:\/\/yoast.com\/product\/yoast-seo-wordpress\/ -->\n<title>NATURA DK, a.s. - Maschinenbau und Dienstleistungen f\u00fcr Landwirtschaft und Gesch\u00e4ftsaktivit\u00e4ten - NATURA DK, a.s.<\/title>\n<meta name=\"description\" content=\"Maschinenbau CNC, Konventionelle Bearbeitung Schwei\u00dfen Materialtrennung Biegen Oberfl\u00e4chenbehandlungen Dienstleistungen F\u00f6rderb\u00e4ndern Reinigungswalzen\" \/>\n<meta name=\"robots\" content=\"index, follow, max-snippet:-1, max-image-preview:large, max-video-preview:-1\" \/>\n<link rel=\"canonical\" href=\"https:\/\/www.naturadk.eu\/de\/\" \/>\n<meta property=\"og:locale\" content=\"de_DE\" \/>\n<meta property=\"og:type\" content=\"article\" \/>\n<meta property=\"og:title\" content=\"NATURA DK, a.s. - Maschinenbau und Dienstleistungen f\u00fcr Landwirtschaft und Gesch\u00e4ftsaktivit\u00e4ten - NATURA DK, a.s.\" \/>\n<meta property=\"og:description\" content=\"Maschinenbau CNC, Konventionelle Bearbeitung Schwei\u00dfen Materialtrennung Biegen Oberfl\u00e4chenbehandlungen Dienstleistungen F\u00f6rderb\u00e4ndern Reinigungswalzen\" \/>\n<meta property=\"og:url\" content=\"https:\/\/www.naturadk.eu\/de\/\" \/>\n<meta property=\"og:site_name\" content=\"NATURA DK, a.s.\" \/>\n<meta property=\"article:modified_time\" content=\"2021-08-18T09:13:52+00:00\" \/>\n<meta property=\"og:image\" content=\"https:\/\/www.naturadk.eu\/wp-content\/uploads\/2016\/12\/strojirenstvi-icon.png\" \/>\n<meta name=\"twitter:card\" content=\"summary_large_image\" \/>\n<script type=\"application\/ld+json\" class=\"yoast-schema-graph\">{\"@context\":\"https:\/\/schema.org\",\"@graph\":[{\"@type\":\"WebPage\",\"@id\":\"https:\/\/www.naturadk.eu\/de\/\",\"url\":\"https:\/\/www.naturadk.eu\/de\/\",\"name\":\"NATURA DK, a.s. - Maschinenbau und Dienstleistungen f\u00fcr Landwirtschaft und Gesch\u00e4ftsaktivit\u00e4ten - NATURA DK, a.s.\",\"isPartOf\":{\"@id\":\"https:\/\/www.naturadk.eu\/#website\"},\"primaryImageOfPage\":{\"@id\":\"https:\/\/www.naturadk.eu\/de\/#primaryimage\"},\"image\":{\"@id\":\"https:\/\/www.naturadk.eu\/de\/#primaryimage\"},\"thumbnailUrl\":\"https:\/\/www.naturadk.eu\/wp-content\/uploads\/2016\/12\/strojirenstvi-icon.png\",\"datePublished\":\"2017-07-13T12:39:14+00:00\",\"dateModified\":\"2021-08-18T09:13:52+00:00\",\"description\":\"Maschinenbau CNC, Konventionelle Bearbeitung Schwei\u00dfen Materialtrennung Biegen Oberfl\u00e4chenbehandlungen Dienstleistungen F\u00f6rderb\u00e4ndern Reinigungswalzen\",\"breadcrumb\":{\"@id\":\"https:\/\/www.naturadk.eu\/de\/#breadcrumb\"},\"inLanguage\":\"de-DE\",\"potentialAction\":[{\"@type\":\"ReadAction\",\"target\":[\"https:\/\/www.naturadk.eu\/de\/\"]}]},{\"@type\":\"ImageObject\",\"inLanguage\":\"de-DE\",\"@id\":\"https:\/\/www.naturadk.eu\/de\/#primaryimage\",\"url\":\"https:\/\/www.naturadk.eu\/wp-content\/uploads\/2016\/12\/strojirenstvi-icon.png\",\"contentUrl\":\"https:\/\/www.naturadk.eu\/wp-content\/uploads\/2016\/12\/strojirenstvi-icon.png\"},{\"@type\":\"BreadcrumbList\",\"@id\":\"https:\/\/www.naturadk.eu\/de\/#breadcrumb\",\"itemListElement\":[{\"@type\":\"ListItem\",\"position\":1,\"name\":\"\",\"item\":\"https:\/\/www.naturadk.eu\/de\/\"},{\"@type\":\"ListItem\",\"position\":2,\"name\":\"NATURA DK, a.s. &#8211; Maschinenbau und Dienstleistungen f\u00fcr Landwirtschaft und Gesch\u00e4ftsaktivit\u00e4ten\"}]},{\"@type\":\"WebSite\",\"@id\":\"https:\/\/www.naturadk.eu\/#website\",\"url\":\"https:\/\/www.naturadk.eu\/\",\"name\":\"NATURA DK, a.s.\",\"description\":\"Stroj\u00edrensk\u00e1 v\u00fdroba, slu\u017eby pro zem\u011bd\u011blstv\u00ed a obchod\",\"potentialAction\":[{\"@type\":\"SearchAction\",\"target\":{\"@type\":\"EntryPoint\",\"urlTemplate\":\"https:\/\/www.naturadk.eu\/?s={search_term_string}\"},\"query-input\":{\"@type\":\"PropertyValueSpecification\",\"valueRequired\":true,\"valueName\":\"search_term_string\"}}],\"inLanguage\":\"de-DE\"}]}<\/script>\n<!-- \/ Yoast SEO plugin. -->","yoast_head_json":{"title":"NATURA DK, a.s. - Maschinenbau und Dienstleistungen f\u00fcr Landwirtschaft und Gesch\u00e4ftsaktivit\u00e4ten - NATURA DK, a.s.","description":"Maschinenbau CNC, Konventionelle Bearbeitung Schwei\u00dfen Materialtrennung Biegen Oberfl\u00e4chenbehandlungen Dienstleistungen F\u00f6rderb\u00e4ndern Reinigungswalzen","robots":{"index":"index","follow":"follow","max-snippet":"max-snippet:-1","max-image-preview":"max-image-preview:large","max-video-preview":"max-video-preview:-1"},"canonical":"https:\/\/www.naturadk.eu\/de\/","og_locale":"de_DE","og_type":"article","og_title":"NATURA DK, a.s. - Maschinenbau und Dienstleistungen f\u00fcr Landwirtschaft und Gesch\u00e4ftsaktivit\u00e4ten - NATURA DK, a.s.","og_description":"Maschinenbau CNC, Konventionelle Bearbeitung Schwei\u00dfen Materialtrennung Biegen Oberfl\u00e4chenbehandlungen Dienstleistungen F\u00f6rderb\u00e4ndern Reinigungswalzen","og_url":"https:\/\/www.naturadk.eu\/de\/","og_site_name":"NATURA DK, a.s.","article_modified_time":"2021-08-18T09:13:52+00:00","og_image":[{"url":"https:\/\/www.naturadk.eu\/wp-content\/uploads\/2016\/12\/strojirenstvi-icon.png","type":"","width":"","height":""}],"twitter_card":"summary_large_image","schema":{"@context":"https:\/\/schema.org","@graph":[{"@type":"WebPage","@id":"https:\/\/www.naturadk.eu\/de\/","url":"https:\/\/www.naturadk.eu\/de\/","name":"NATURA DK, a.s. - Maschinenbau und Dienstleistungen f\u00fcr Landwirtschaft und Gesch\u00e4ftsaktivit\u00e4ten - NATURA DK, a.s.","isPartOf":{"@id":"https:\/\/www.naturadk.eu\/#website"},"primaryImageOfPage":{"@id":"https:\/\/www.naturadk.eu\/de\/#primaryimage"},"image":{"@id":"https:\/\/www.naturadk.eu\/de\/#primaryimage"},"thumbnailUrl":"https:\/\/www.naturadk.eu\/wp-content\/uploads\/2016\/12\/strojirenstvi-icon.png","datePublished":"2017-07-13T12:39:14+00:00","dateModified":"2021-08-18T09:13:52+00:00","description":"Maschinenbau CNC, Konventionelle Bearbeitung Schwei\u00dfen Materialtrennung Biegen Oberfl\u00e4chenbehandlungen Dienstleistungen F\u00f6rderb\u00e4ndern Reinigungswalzen","breadcrumb":{"@id":"https:\/\/www.naturadk.eu\/de\/#breadcrumb"},"inLanguage":"de-DE","potentialAction":[{"@type":"ReadAction","target":["https:\/\/www.naturadk.eu\/de\/"]}]},{"@type":"ImageObject","inLanguage":"de-DE","@id":"https:\/\/www.naturadk.eu\/de\/#primaryimage","url":"https:\/\/www.naturadk.eu\/wp-content\/uploads\/2016\/12\/strojirenstvi-icon.png","contentUrl":"https:\/\/www.naturadk.eu\/wp-content\/uploads\/2016\/12\/strojirenstvi-icon.png"},{"@type":"BreadcrumbList","@id":"https:\/\/www.naturadk.eu\/de\/#breadcrumb","itemListElement":[{"@type":"ListItem","position":1,"name":"","item":"https:\/\/www.naturadk.eu\/de\/"},{"@type":"ListItem","position":2,"name":"NATURA DK, a.s. &#8211; Maschinenbau und Dienstleistungen f\u00fcr Landwirtschaft und Gesch\u00e4ftsaktivit\u00e4ten"}]},{"@type":"WebSite","@id":"https:\/\/www.naturadk.eu\/#website","url":"https:\/\/www.naturadk.eu\/","name":"NATURA DK, a.s.","description":"Stroj\u00edrensk\u00e1 v\u00fdroba, slu\u017eby pro zem\u011bd\u011blstv\u00ed a obchod","potentialAction":[{"@type":"SearchAction","target":{"@type":"EntryPoint","urlTemplate":"https:\/\/www.naturadk.eu\/?s={search_term_string}"},"query-input":{"@type":"PropertyValueSpecification","valueRequired":true,"valueName":"search_term_string"}}],"inLanguage":"de-DE"}]}},"_links":{"self":[{"href":"https:\/\/www.naturadk.eu\/de\/wp-json\/wp\/v2\/pages\/82","targetHints":{"allow":["GET"]}}],"collection":[{"href":"https:\/\/www.naturadk.eu\/de\/wp-json\/wp\/v2\/pages"}],"about":[{"href":"https:\/\/www.naturadk.eu\/de\/wp-json\/wp\/v2\/types\/page"}],"author":[{"embeddable":true,"href":"https:\/\/www.naturadk.eu\/de\/wp-json\/wp\/v2\/users\/1"}],"replies":[{"embeddable":true,"href":"https:\/\/www.naturadk.eu\/de\/wp-json\/wp\/v2\/comments?post=82"}],"version-history":[{"count":5,"href":"https:\/\/www.naturadk.eu\/de\/wp-json\/wp\/v2\/pages\/82\/revisions"}],"predecessor-version":[{"id":2850,"href":"https:\/\/www.naturadk.eu\/de\/wp-json\/wp\/v2\/pages\/82\/revisions\/2850"}],"wp:attachment":[{"href":"https:\/\/www.naturadk.eu\/de\/wp-json\/wp\/v2\/media?parent=82"}],"curies":[{"name":"wp","href":"https:\/\/api.w.org\/{rel}","templated":true}]}}