{"id":853,"date":"2017-07-27T15:08:48","date_gmt":"2017-07-27T13:08:48","guid":{"rendered":"https:\/\/www.naturadk.eu\/?page_id=853\/"},"modified":"2017-07-28T14:33:28","modified_gmt":"2017-07-28T12:33:28","slug":"dienstleistungen","status":"publish","type":"page","link":"https:\/\/www.naturadk.eu\/de\/dienstleistungen\/","title":{"rendered":"Dienstleistungen"},"content":{"rendered":"<div class=\"row rozcestnik\">\n<div class=\"col-sm-6\">\n\t <a href=\"https:\/\/www.naturadk.eu\/de\/herstellung-von-foerderanlagen\/\" title=\"Herstellung von F\u00f6rderanlagen\"><\/p>\n<div class=\"panel panel-rozcestnik text-center\">\n<div class=\"panel-body\">\n<h2>Herstellung von F\u00f6rderanlagen<\/h2>\n<p>\t\t\t<img loading=\"lazy\" decoding=\"async\" src=\"https:\/\/www.naturadk.eu\/wp-content\/uploads\/2017\/07\/uvodnik-pasy-300x200.jpg\" alt=\"Herstellung von F\u00f6rderanlagen\" width=\"300\" height=\"200\" class=\"hvr-wobble-vertical img-thumbnail img-responsive center-block size-full wp-image-461\" \/>\n\t\t<\/div>\n<\/p><\/div>\n<p><\/a>\n<\/div>\n<div class=\"col-sm-6\">\n\t <a href=\"https:\/\/www.naturadk.eu\/de\/herstellung-von-reinigungswalzen\/\" title=\"Herstellung von Reinigungswalzen\"><\/p>\n<div class=\"panel panel-rozcestnik text-center\">\n<div class=\"panel-body\">\n<h2>Herstellung von Reinigungswalzen<\/h2>\n<p>\t\t\t<img loading=\"lazy\" decoding=\"async\" src=\"https:\/\/www.naturadk.eu\/wp-content\/uploads\/2017\/07\/uvodnik-valce-300x200.jpg\"  alt=\"Herstellung von Reinigungswalzen\" width=\"300\" height=\"198\" class=\"hvr-wobble-vertical img-thumbnail img-responsive center-block size-full wp-image-462\" \/>\n\t\t<\/div>\n<\/p><\/div>\n<p><\/a>\n<\/div>\n<\/div>\n","protected":false},"excerpt":{"rendered":"<p>Herstellung von F\u00f6rderanlagen Herstellung von Reinigungswalzen<\/p>\n","protected":false},"author":1,"featured_media":0,"parent":0,"menu_order":0,"comment_status":"closed","ping_status":"closed","template":"page-templates\/template-full-width.php","meta":{"footnotes":""},"class_list":["post-853","page","type-page","status-publish","hentry"],"yoast_head":"<!-- This site is optimized with the Yoast SEO plugin v26.9 - https:\/\/yoast.com\/product\/yoast-seo-wordpress\/ -->\n<title>Dienstleistungen - NATURA DK, a.s.<\/title>\n<meta name=\"description\" content=\"Herstellung von F\u00f6rderanlagen                 Herstellung von Reinigungswalzen\" \/>\n<meta name=\"robots\" content=\"index, follow, max-snippet:-1, max-image-preview:large, max-video-preview:-1\" \/>\n<link rel=\"canonical\" href=\"https:\/\/www.naturadk.eu\/de\/dienstleistungen\/\" \/>\n<meta property=\"og:locale\" content=\"de_DE\" \/>\n<meta property=\"og:type\" content=\"article\" \/>\n<meta property=\"og:title\" content=\"Dienstleistungen - NATURA DK, a.s.\" \/>\n<meta property=\"og:description\" content=\"Herstellung von F\u00f6rderanlagen                 Herstellung von Reinigungswalzen\" \/>\n<meta property=\"og:url\" content=\"https:\/\/www.naturadk.eu\/de\/dienstleistungen\/\" \/>\n<meta property=\"og:site_name\" content=\"NATURA DK, a.s.\" \/>\n<meta property=\"article:modified_time\" content=\"2017-07-28T12:33:28+00:00\" \/>\n<meta property=\"og:image\" content=\"https:\/\/www.naturadk.eu\/wp-content\/uploads\/2017\/07\/uvodnik-pasy-300x200.jpg\" \/>\n<meta name=\"twitter:card\" content=\"summary_large_image\" \/>\n<script type=\"application\/ld+json\" class=\"yoast-schema-graph\">{\"@context\":\"https:\/\/schema.org\",\"@graph\":[{\"@type\":\"WebPage\",\"@id\":\"https:\/\/www.naturadk.eu\/de\/dienstleistungen\/\",\"url\":\"https:\/\/www.naturadk.eu\/de\/dienstleistungen\/\",\"name\":\"Dienstleistungen - NATURA DK, a.s.\",\"isPartOf\":{\"@id\":\"https:\/\/www.naturadk.eu\/#website\"},\"primaryImageOfPage\":{\"@id\":\"https:\/\/www.naturadk.eu\/de\/dienstleistungen\/#primaryimage\"},\"image\":{\"@id\":\"https:\/\/www.naturadk.eu\/de\/dienstleistungen\/#primaryimage\"},\"thumbnailUrl\":\"https:\/\/www.naturadk.eu\/wp-content\/uploads\/2017\/07\/uvodnik-pasy-300x200.jpg\",\"datePublished\":\"2017-07-27T13:08:48+00:00\",\"dateModified\":\"2017-07-28T12:33:28+00:00\",\"description\":\"Herstellung von F\u00f6rderanlagen Herstellung von Reinigungswalzen\",\"breadcrumb\":{\"@id\":\"https:\/\/www.naturadk.eu\/de\/dienstleistungen\/#breadcrumb\"},\"inLanguage\":\"de-DE\",\"potentialAction\":[{\"@type\":\"ReadAction\",\"target\":[\"https:\/\/www.naturadk.eu\/de\/dienstleistungen\/\"]}]},{\"@type\":\"ImageObject\",\"inLanguage\":\"de-DE\",\"@id\":\"https:\/\/www.naturadk.eu\/de\/dienstleistungen\/#primaryimage\",\"url\":\"https:\/\/www.naturadk.eu\/wp-content\/uploads\/2017\/07\/uvodnik-pasy-300x200.jpg\",\"contentUrl\":\"https:\/\/www.naturadk.eu\/wp-content\/uploads\/2017\/07\/uvodnik-pasy-300x200.jpg\"},{\"@type\":\"BreadcrumbList\",\"@id\":\"https:\/\/www.naturadk.eu\/de\/dienstleistungen\/#breadcrumb\",\"itemListElement\":[{\"@type\":\"ListItem\",\"position\":1,\"name\":\"\",\"item\":\"https:\/\/www.naturadk.eu\/de\/\"},{\"@type\":\"ListItem\",\"position\":2,\"name\":\"Dienstleistungen\"}]},{\"@type\":\"WebSite\",\"@id\":\"https:\/\/www.naturadk.eu\/#website\",\"url\":\"https:\/\/www.naturadk.eu\/\",\"name\":\"NATURA DK, a.s.\",\"description\":\"Stroj\u00edrensk\u00e1 v\u00fdroba, slu\u017eby pro zem\u011bd\u011blstv\u00ed a obchod\",\"potentialAction\":[{\"@type\":\"SearchAction\",\"target\":{\"@type\":\"EntryPoint\",\"urlTemplate\":\"https:\/\/www.naturadk.eu\/?s={search_term_string}\"},\"query-input\":{\"@type\":\"PropertyValueSpecification\",\"valueRequired\":true,\"valueName\":\"search_term_string\"}}],\"inLanguage\":\"de-DE\"}]}<\/script>\n<!-- \/ Yoast SEO plugin. -->","yoast_head_json":{"title":"Dienstleistungen - NATURA DK, a.s.","description":"Herstellung von F\u00f6rderanlagen                 Herstellung von Reinigungswalzen","robots":{"index":"index","follow":"follow","max-snippet":"max-snippet:-1","max-image-preview":"max-image-preview:large","max-video-preview":"max-video-preview:-1"},"canonical":"https:\/\/www.naturadk.eu\/de\/dienstleistungen\/","og_locale":"de_DE","og_type":"article","og_title":"Dienstleistungen - NATURA DK, a.s.","og_description":"Herstellung von F\u00f6rderanlagen                 Herstellung von Reinigungswalzen","og_url":"https:\/\/www.naturadk.eu\/de\/dienstleistungen\/","og_site_name":"NATURA DK, a.s.","article_modified_time":"2017-07-28T12:33:28+00:00","og_image":[{"url":"https:\/\/www.naturadk.eu\/wp-content\/uploads\/2017\/07\/uvodnik-pasy-300x200.jpg","type":"","width":"","height":""}],"twitter_card":"summary_large_image","schema":{"@context":"https:\/\/schema.org","@graph":[{"@type":"WebPage","@id":"https:\/\/www.naturadk.eu\/de\/dienstleistungen\/","url":"https:\/\/www.naturadk.eu\/de\/dienstleistungen\/","name":"Dienstleistungen - NATURA DK, a.s.","isPartOf":{"@id":"https:\/\/www.naturadk.eu\/#website"},"primaryImageOfPage":{"@id":"https:\/\/www.naturadk.eu\/de\/dienstleistungen\/#primaryimage"},"image":{"@id":"https:\/\/www.naturadk.eu\/de\/dienstleistungen\/#primaryimage"},"thumbnailUrl":"https:\/\/www.naturadk.eu\/wp-content\/uploads\/2017\/07\/uvodnik-pasy-300x200.jpg","datePublished":"2017-07-27T13:08:48+00:00","dateModified":"2017-07-28T12:33:28+00:00","description":"Herstellung von F\u00f6rderanlagen Herstellung von Reinigungswalzen","breadcrumb":{"@id":"https:\/\/www.naturadk.eu\/de\/dienstleistungen\/#breadcrumb"},"inLanguage":"de-DE","potentialAction":[{"@type":"ReadAction","target":["https:\/\/www.naturadk.eu\/de\/dienstleistungen\/"]}]},{"@type":"ImageObject","inLanguage":"de-DE","@id":"https:\/\/www.naturadk.eu\/de\/dienstleistungen\/#primaryimage","url":"https:\/\/www.naturadk.eu\/wp-content\/uploads\/2017\/07\/uvodnik-pasy-300x200.jpg","contentUrl":"https:\/\/www.naturadk.eu\/wp-content\/uploads\/2017\/07\/uvodnik-pasy-300x200.jpg"},{"@type":"BreadcrumbList","@id":"https:\/\/www.naturadk.eu\/de\/dienstleistungen\/#breadcrumb","itemListElement":[{"@type":"ListItem","position":1,"name":"","item":"https:\/\/www.naturadk.eu\/de\/"},{"@type":"ListItem","position":2,"name":"Dienstleistungen"}]},{"@type":"WebSite","@id":"https:\/\/www.naturadk.eu\/#website","url":"https:\/\/www.naturadk.eu\/","name":"NATURA DK, a.s.","description":"Stroj\u00edrensk\u00e1 v\u00fdroba, slu\u017eby pro zem\u011bd\u011blstv\u00ed a obchod","potentialAction":[{"@type":"SearchAction","target":{"@type":"EntryPoint","urlTemplate":"https:\/\/www.naturadk.eu\/?s={search_term_string}"},"query-input":{"@type":"PropertyValueSpecification","valueRequired":true,"valueName":"search_term_string"}}],"inLanguage":"de-DE"}]}},"_links":{"self":[{"href":"https:\/\/www.naturadk.eu\/de\/wp-json\/wp\/v2\/pages\/853","targetHints":{"allow":["GET"]}}],"collection":[{"href":"https:\/\/www.naturadk.eu\/de\/wp-json\/wp\/v2\/pages"}],"about":[{"href":"https:\/\/www.naturadk.eu\/de\/wp-json\/wp\/v2\/types\/page"}],"author":[{"embeddable":true,"href":"https:\/\/www.naturadk.eu\/de\/wp-json\/wp\/v2\/users\/1"}],"replies":[{"embeddable":true,"href":"https:\/\/www.naturadk.eu\/de\/wp-json\/wp\/v2\/comments?post=853"}],"version-history":[{"count":4,"href":"https:\/\/www.naturadk.eu\/de\/wp-json\/wp\/v2\/pages\/853\/revisions"}],"predecessor-version":[{"id":1104,"href":"https:\/\/www.naturadk.eu\/de\/wp-json\/wp\/v2\/pages\/853\/revisions\/1104"}],"wp:attachment":[{"href":"https:\/\/www.naturadk.eu\/de\/wp-json\/wp\/v2\/media?parent=853"}],"curies":[{"name":"wp","href":"https:\/\/api.w.org\/{rel}","templated":true}]}}