{"id":865,"date":"2017-07-27T15:12:54","date_gmt":"2017-07-27T13:12:54","guid":{"rendered":"https:\/\/www.naturadk.eu\/?page_id=865\/"},"modified":"2017-08-11T10:33:56","modified_gmt":"2017-08-11T08:33:56","slug":"herstellung-von-foerderanlagen","status":"publish","type":"page","link":"https:\/\/www.naturadk.eu\/de\/herstellung-von-foerderanlagen\/","title":{"rendered":"Herstellung von F\u00f6rderanlagen"},"content":{"rendered":"<div class=\"row\">\n<div class=\"col-sm-4\">\n\t<a href=\"https:\/\/www.naturadk.eu\/wp-content\/uploads\/2017\/07\/dopravni-pas.jpg\" title=\"Herstellung von F\u00f6rderanlagen\" ><img loading=\"lazy\" decoding=\"async\" src=\"https:\/\/www.naturadk.eu\/wp-content\/uploads\/2017\/07\/dopravni-pas-300x199.jpg\" alt=\"Herstellung von F\u00f6rderanlagen\" width=\"300\" height=\"199\" class=\"alignnone center-block img-thumbnail size-medium wp-image-473\" srcset=\"https:\/\/www.naturadk.eu\/wp-content\/uploads\/2017\/07\/dopravni-pas-300x199.jpg 300w, https:\/\/www.naturadk.eu\/wp-content\/uploads\/2017\/07\/dopravni-pas-768x510.jpg 768w, https:\/\/www.naturadk.eu\/wp-content\/uploads\/2017\/07\/dopravni-pas.jpg 850w\" sizes=\"auto, (max-width: 300px) 100vw, 300px\" \/><\/a><\/p>\n<div class=\"clearfix visible-xs\">&nbsp;<\/div>\n<\/div>\n<div class=\"col-sm-8\">\n<p>Seit Jahren widmen wir uns der Herstellung von F\u00f6rderb\u00e4ndern f\u00fcr Maschinen zum Reinigen und Verladen von Zuckerr\u00fcben. Bisher produzierten wir sie f\u00fcr den eigenen Bedarf, wobei wir uns nunmehr entschlossen haben, diesen Dienst zu Ihren Gunsten zu erweitern.<\/p>\n<p>Zur Einholung n\u00e4herer Informationen und zur Erstellung eines Preisangebotes setzen Sie sich bitte mittels des im Weiteren angef\u00fchrten Formulars oder telefonisch unter der Rufnummer <strong>777&nbsp;709&nbsp;418<\/strong> mit uns in Verbindung.<\/p>\n<\/div>\n<\/div>\n<div class=\"clearfix\">&nbsp;<\/div>\n<div class=\"row\">\n<div class=\"col-sm-6\">\n\t\t<a href=\"https:\/\/www.naturadk.eu\/wp-content\/uploads\/2017\/07\/dopravni-pas-1.jpg\" title=\"Herstellung von F\u00f6rderanlagen\" rel=\"1\"><img loading=\"lazy\" decoding=\"async\" src=\"https:\/\/www.naturadk.eu\/wp-content\/uploads\/2017\/07\/dopravni-pas-1-300x231.jpg\" alt=\"Herstellung von F\u00f6rderanlagen\" width=\"300\" height=\"225\" class=\"alignnone center-block img-thumbnail size-medium wp-image-474\" \/><\/a>\n\t<\/div>\n<div class=\"clearfix visible-xs\">&nbsp;<\/div>\n<div class=\"col-sm-6\">\n\t\t<a href=\"https:\/\/www.naturadk.eu\/wp-content\/uploads\/2017\/07\/dopravni-pas-2.jpg\" title=\"Herstellung von F\u00f6rderanlagen\" rel=\"1\"><img loading=\"lazy\" decoding=\"async\" src=\"https:\/\/www.naturadk.eu\/wp-content\/uploads\/2017\/07\/thumb-dopravni-pas-2-300x231.jpg\" alt=\"Herstellung von F\u00f6rderanlagen\" width=\"300\" height=\"225\" class=\"alignnone center-block img-thumbnail size-medium wp-image-475\" \/><\/a>\n\t<\/div>\n<\/div>\n<div class=\"row odstavecRada\">\n<h4 class=\"col-xs-12\">Referenzen<\/h4>\n<div class=\"col-sm-6\">\n<ul>\n<li><strong>Unikom, a.s. \u010c\u00e1slav<\/strong><br \/>herr Mike\u0161 \u2013 602&nbsp;204&nbsp;334<\/li>\n<li><strong>Agro Slatiny a.s.<\/strong><br \/>herr Koloc \u2013 736&nbsp;480&nbsp;121<\/li>\n<li><strong>Litovelsk\u00e1 cukrovarna, a.s.<\/strong><br \/>herr \u010cech \u2013 725&nbsp;944&nbsp;486<\/li>\n<li><strong>Zem\u011bd\u011blsk\u00e1 spole\u010dnost Katusice s.r.o.<\/strong><br \/>frau Mare\u010dkov\u00e1 \u2013 602&nbsp;376&nbsp;644<\/li>\n<li><strong>Volanick\u00e1 zem\u011bd\u011blsk\u00e1, a.s.<\/strong><br \/>herr Zm\u00e1tlik \u2013 739&nbsp;476&nbsp;683<\/li>\n<\/ul><\/div>\n<div class=\"col-sm-6\">\n<ul>\n<li><strong>Agropodnik Kn\u011b\u017emost, a.s.<\/strong><br \/>herr P\u00ed\u010d \u2013 724&nbsp;134&nbsp;215<\/li>\n<li><strong>Han\u00e1ck\u00e1 potravin\u00e1\u0159sk\u00e1 spole\u010dnost s.r.o.<\/strong><br \/>herr Vajd\u00edk \u2013 724&nbsp;280&nbsp;904<\/li>\n<li><strong>Ji\u0159\u00ed Honz &#8211; Kol\u00edn<\/strong><br \/>herr Z\u00e1myslick\u00fd \u2013 777&nbsp;165&nbsp;968<\/li>\n<li><strong>Tereos TTD cukrovar \u010cesk\u00e9 Mezi\u0159\u00ed\u010d\u00ed<\/strong><br \/>herr Rieger \u2013 602&nbsp;405&nbsp;712<\/li>\n<li><strong>AM Gnol<\/strong><br \/>frau Strnadov\u00e1 \u2013 730&nbsp;894&nbsp;205<\/li>\n<\/ul><\/div>\n<\/div>\n<div id=\"black-studio-tinymce-29\" class=\"widget widget_black_studio_tinymce amr_widget\"><div class=\"textwidget\"><hr>\r\n<div class=\"col-xs-12\">\r\n<div class=\"row formular-bg\">\r\n<div class=\"col-xs-12\">\r\n<h2 class=\"col-xs-12\">Haben Sie Fragen? Schreiben Sie uns.<\/h2>\r\n<div class=\"col-xs-12\">\n<div class=\"wpcf7 no-js\" id=\"wpcf7-f1274-o1\" lang=\"cs-CZ\" dir=\"ltr\" data-wpcf7-id=\"1274\">\n<div class=\"screen-reader-response\"><p role=\"status\" aria-live=\"polite\" aria-atomic=\"true\"><\/p> <ul><\/ul><\/div>\n<form action=\"\/de\/wp-json\/wp\/v2\/pages\/865#wpcf7-f1274-o1\" method=\"post\" class=\"wpcf7-form init form-horizontal\" aria-label=\"Kontaktformular\" novalidate=\"novalidate\" data-status=\"init\">\n<fieldset class=\"hidden-fields-container\"><input type=\"hidden\" name=\"_wpcf7\" value=\"1274\" \/><input type=\"hidden\" name=\"_wpcf7_version\" value=\"6.1.5\" \/><input type=\"hidden\" name=\"_wpcf7_locale\" value=\"cs_CZ\" \/><input type=\"hidden\" name=\"_wpcf7_unit_tag\" value=\"wpcf7-f1274-o1\" \/><input type=\"hidden\" name=\"_wpcf7_container_post\" value=\"0\" \/><input type=\"hidden\" name=\"_wpcf7_posted_data_hash\" value=\"\" \/>\n<\/fieldset>\n<div class=\"form-group your-subject\"><label class=\" control-label col-sm-3\" for=\"zamknute\">Betreff<\/label><div class=\"col-sm-9\"><input class=\"wpcf7-form-control wpcf7-text form-control\" id=\"zamknute\" name=\"your-subject\" type=\"text\" value=\"\" aria-invalid=\"false\"><\/div><\/div>\n<div class=\"form-group your-name\"><label class=\" control-label col-sm-3\">Name<\/label><div class=\"col-sm-9\"><input class=\"wpcf7-form-control wpcf7-text form-control\" name=\"your-name\" type=\"text\" value=\"\" aria-invalid=\"false\"><\/div><\/div>\n<div class=\"form-group your-email\"><label class=\" control-label col-sm-3\">E-mail <span class=\"required\">*<\/span><\/label><div class=\"col-sm-9\"><input class=\"wpcf7-form-control wpcf7-email wpcf7-validates-as-required wpcf7-text wpcf7-validates-as-email form-control\" name=\"your-email\" type=\"email\" value=\"\" aria-invalid=\"false\" aria-required=\"true\" required><\/div><\/div>\n<div class=\"form-group your-phone\"><label class=\" control-label col-sm-3\">Telefon<\/label><div class=\"col-sm-9\"><input class=\"wpcf7-form-control wpcf7-text form-control\" name=\"your-phone\" type=\"text\" value=\"\" aria-invalid=\"false\"><\/div><\/div>\n<div class=\"form-group your-message\"><label class=\" control-label col-sm-3\">Frage <span class=\"required\">*<\/span><\/label><div class=\"col-sm-9\"><textarea class=\"wpcf7-form-control wpcf7-textarea wpcf7-validates-as-required form-control\" name=\"your-message\" rows=\"4\" aria-invalid=\"false\" aria-required=\"true\" required><\/textarea><\/div><\/div>\n<span id=\"wpcf7-69e73eda8c84f-wrapper\" class=\"wpcf7-form-control-wrap City-wrap\" ><input type=\"hidden\" name=\"City-time-start\" value=\"1776762586\"><input type=\"hidden\" name=\"City-time-check\" value=\"6\"><label for=\"wpcf7-69e73eda8c84f-field\" class=\"hp-message\">Bitte lasse dieses Feld leer.<\/label><input id=\"wpcf7-69e73eda8c84f-field\"  class=\"wpcf7-form-control wpcf7-text\" type=\"text\" name=\"City\" value=\"\" size=\"40\" tabindex=\"-1\" autocomplete=\"new-password\" \/><\/span>\n<div class=\"form-group\"><div class=\"col-sm-9 col-sm-offset-3\"><input class=\"wpcf7-form-control wpcf7-submit btn btn-success btn-lg\" type=\"submit\" value=\"Sende eine Nachricht\"><\/div><\/div><div class=\"wpcf7-response-output alert alert-warning\"><\/div>\n<\/form>\n<\/div>\n<\/div>\r\n<\/div>\r\n<\/div>\r\n<\/div>\r\n<div class=\"clearfix\">&nbsp;<\/div><\/div><\/div>\n","protected":false},"excerpt":{"rendered":"<p>&nbsp; Seit Jahren widmen wir uns der Herstellung von F\u00f6rderb\u00e4ndern f\u00fcr Maschinen zum Reinigen und Verladen von Zuckerr\u00fcben. Bisher produzierten wir sie f\u00fcr den eigenen Bedarf, wobei wir uns nunmehr entschlossen haben, diesen Dienst zu Ihren Gunsten zu erweitern. Zur Einholung n\u00e4herer Informationen und zur Erstellung eines Preisangebotes setzen Sie sich bitte mittels des im &hellip;<\/p>\n","protected":false},"author":1,"featured_media":0,"parent":853,"menu_order":0,"comment_status":"closed","ping_status":"closed","template":"","meta":{"footnotes":""},"class_list":["post-865","page","type-page","status-publish","hentry"],"yoast_head":"<!-- This site is optimized with the Yoast SEO plugin v26.9 - https:\/\/yoast.com\/product\/yoast-seo-wordpress\/ -->\n<title>Herstellung von F\u00f6rderanlagen - NATURA DK, a.s.<\/title>\n<meta name=\"description\" content=\"&nbsp; Seit Jahren widmen wir uns der Herstellung von F\u00f6rderb\u00e4ndern f\u00fcr Maschinen zum Reinigen und Verladen von Zuckerr\u00fcben. Bisher produzierten wir sie\" \/>\n<meta name=\"robots\" content=\"index, follow, max-snippet:-1, max-image-preview:large, max-video-preview:-1\" \/>\n<link rel=\"canonical\" href=\"https:\/\/www.naturadk.eu\/de\/herstellung-von-foerderanlagen\/\" \/>\n<meta property=\"og:locale\" content=\"de_DE\" \/>\n<meta property=\"og:type\" content=\"article\" \/>\n<meta property=\"og:title\" content=\"Herstellung von F\u00f6rderanlagen - NATURA DK, a.s.\" \/>\n<meta property=\"og:description\" content=\"&nbsp; Seit Jahren widmen wir uns der Herstellung von F\u00f6rderb\u00e4ndern f\u00fcr Maschinen zum Reinigen und Verladen von Zuckerr\u00fcben. Bisher produzierten wir sie\" \/>\n<meta property=\"og:url\" content=\"https:\/\/www.naturadk.eu\/de\/herstellung-von-foerderanlagen\/\" \/>\n<meta property=\"og:site_name\" content=\"NATURA DK, a.s.\" \/>\n<meta property=\"article:modified_time\" content=\"2017-08-11T08:33:56+00:00\" \/>\n<meta property=\"og:image\" content=\"https:\/\/www.naturadk.eu\/wp-content\/uploads\/2017\/07\/dopravni-pas-300x199.jpg\" \/>\n<meta name=\"twitter:card\" content=\"summary_large_image\" \/>\n<meta name=\"twitter:label1\" content=\"Gesch\u00e4tzte Lesezeit\" \/>\n\t<meta name=\"twitter:data1\" content=\"1 minute\" \/>\n<script type=\"application\/ld+json\" class=\"yoast-schema-graph\">{\"@context\":\"https:\/\/schema.org\",\"@graph\":[{\"@type\":\"WebPage\",\"@id\":\"https:\/\/www.naturadk.eu\/de\/herstellung-von-foerderanlagen\/\",\"url\":\"https:\/\/www.naturadk.eu\/de\/herstellung-von-foerderanlagen\/\",\"name\":\"Herstellung von F\u00f6rderanlagen - NATURA DK, a.s.\",\"isPartOf\":{\"@id\":\"https:\/\/www.naturadk.eu\/#website\"},\"primaryImageOfPage\":{\"@id\":\"https:\/\/www.naturadk.eu\/de\/herstellung-von-foerderanlagen\/#primaryimage\"},\"image\":{\"@id\":\"https:\/\/www.naturadk.eu\/de\/herstellung-von-foerderanlagen\/#primaryimage\"},\"thumbnailUrl\":\"https:\/\/www.naturadk.eu\/wp-content\/uploads\/2017\/07\/dopravni-pas-300x199.jpg\",\"datePublished\":\"2017-07-27T13:12:54+00:00\",\"dateModified\":\"2017-08-11T08:33:56+00:00\",\"description\":\"&nbsp; Seit Jahren widmen wir uns der Herstellung von F\u00f6rderb\u00e4ndern f\u00fcr Maschinen zum Reinigen und Verladen von Zuckerr\u00fcben. Bisher produzierten wir sie\",\"breadcrumb\":{\"@id\":\"https:\/\/www.naturadk.eu\/de\/herstellung-von-foerderanlagen\/#breadcrumb\"},\"inLanguage\":\"de-DE\",\"potentialAction\":[{\"@type\":\"ReadAction\",\"target\":[\"https:\/\/www.naturadk.eu\/de\/herstellung-von-foerderanlagen\/\"]}]},{\"@type\":\"ImageObject\",\"inLanguage\":\"de-DE\",\"@id\":\"https:\/\/www.naturadk.eu\/de\/herstellung-von-foerderanlagen\/#primaryimage\",\"url\":\"https:\/\/www.naturadk.eu\/wp-content\/uploads\/2017\/07\/dopravni-pas-300x199.jpg\",\"contentUrl\":\"https:\/\/www.naturadk.eu\/wp-content\/uploads\/2017\/07\/dopravni-pas-300x199.jpg\"},{\"@type\":\"BreadcrumbList\",\"@id\":\"https:\/\/www.naturadk.eu\/de\/herstellung-von-foerderanlagen\/#breadcrumb\",\"itemListElement\":[{\"@type\":\"ListItem\",\"position\":1,\"name\":\"\",\"item\":\"https:\/\/www.naturadk.eu\/de\/\"},{\"@type\":\"ListItem\",\"position\":2,\"name\":\"Dienstleistungen\",\"item\":\"https:\/\/www.naturadk.eu\/de\/dienstleistungen\/\"},{\"@type\":\"ListItem\",\"position\":3,\"name\":\"Herstellung von F\u00f6rderanlagen\"}]},{\"@type\":\"WebSite\",\"@id\":\"https:\/\/www.naturadk.eu\/#website\",\"url\":\"https:\/\/www.naturadk.eu\/\",\"name\":\"NATURA DK, a.s.\",\"description\":\"Stroj\u00edrensk\u00e1 v\u00fdroba, slu\u017eby pro zem\u011bd\u011blstv\u00ed a obchod\",\"potentialAction\":[{\"@type\":\"SearchAction\",\"target\":{\"@type\":\"EntryPoint\",\"urlTemplate\":\"https:\/\/www.naturadk.eu\/?s={search_term_string}\"},\"query-input\":{\"@type\":\"PropertyValueSpecification\",\"valueRequired\":true,\"valueName\":\"search_term_string\"}}],\"inLanguage\":\"de-DE\"}]}<\/script>\n<!-- \/ Yoast SEO plugin. -->","yoast_head_json":{"title":"Herstellung von F\u00f6rderanlagen - NATURA DK, a.s.","description":"&nbsp; Seit Jahren widmen wir uns der Herstellung von F\u00f6rderb\u00e4ndern f\u00fcr Maschinen zum Reinigen und Verladen von Zuckerr\u00fcben. Bisher produzierten wir sie","robots":{"index":"index","follow":"follow","max-snippet":"max-snippet:-1","max-image-preview":"max-image-preview:large","max-video-preview":"max-video-preview:-1"},"canonical":"https:\/\/www.naturadk.eu\/de\/herstellung-von-foerderanlagen\/","og_locale":"de_DE","og_type":"article","og_title":"Herstellung von F\u00f6rderanlagen - NATURA DK, a.s.","og_description":"&nbsp; Seit Jahren widmen wir uns der Herstellung von F\u00f6rderb\u00e4ndern f\u00fcr Maschinen zum Reinigen und Verladen von Zuckerr\u00fcben. Bisher produzierten wir sie","og_url":"https:\/\/www.naturadk.eu\/de\/herstellung-von-foerderanlagen\/","og_site_name":"NATURA DK, a.s.","article_modified_time":"2017-08-11T08:33:56+00:00","og_image":[{"url":"https:\/\/www.naturadk.eu\/wp-content\/uploads\/2017\/07\/dopravni-pas-300x199.jpg","type":"","width":"","height":""}],"twitter_card":"summary_large_image","twitter_misc":{"Gesch\u00e4tzte Lesezeit":"1 minute"},"schema":{"@context":"https:\/\/schema.org","@graph":[{"@type":"WebPage","@id":"https:\/\/www.naturadk.eu\/de\/herstellung-von-foerderanlagen\/","url":"https:\/\/www.naturadk.eu\/de\/herstellung-von-foerderanlagen\/","name":"Herstellung von F\u00f6rderanlagen - NATURA DK, a.s.","isPartOf":{"@id":"https:\/\/www.naturadk.eu\/#website"},"primaryImageOfPage":{"@id":"https:\/\/www.naturadk.eu\/de\/herstellung-von-foerderanlagen\/#primaryimage"},"image":{"@id":"https:\/\/www.naturadk.eu\/de\/herstellung-von-foerderanlagen\/#primaryimage"},"thumbnailUrl":"https:\/\/www.naturadk.eu\/wp-content\/uploads\/2017\/07\/dopravni-pas-300x199.jpg","datePublished":"2017-07-27T13:12:54+00:00","dateModified":"2017-08-11T08:33:56+00:00","description":"&nbsp; Seit Jahren widmen wir uns der Herstellung von F\u00f6rderb\u00e4ndern f\u00fcr Maschinen zum Reinigen und Verladen von Zuckerr\u00fcben. Bisher produzierten wir sie","breadcrumb":{"@id":"https:\/\/www.naturadk.eu\/de\/herstellung-von-foerderanlagen\/#breadcrumb"},"inLanguage":"de-DE","potentialAction":[{"@type":"ReadAction","target":["https:\/\/www.naturadk.eu\/de\/herstellung-von-foerderanlagen\/"]}]},{"@type":"ImageObject","inLanguage":"de-DE","@id":"https:\/\/www.naturadk.eu\/de\/herstellung-von-foerderanlagen\/#primaryimage","url":"https:\/\/www.naturadk.eu\/wp-content\/uploads\/2017\/07\/dopravni-pas-300x199.jpg","contentUrl":"https:\/\/www.naturadk.eu\/wp-content\/uploads\/2017\/07\/dopravni-pas-300x199.jpg"},{"@type":"BreadcrumbList","@id":"https:\/\/www.naturadk.eu\/de\/herstellung-von-foerderanlagen\/#breadcrumb","itemListElement":[{"@type":"ListItem","position":1,"name":"","item":"https:\/\/www.naturadk.eu\/de\/"},{"@type":"ListItem","position":2,"name":"Dienstleistungen","item":"https:\/\/www.naturadk.eu\/de\/dienstleistungen\/"},{"@type":"ListItem","position":3,"name":"Herstellung von F\u00f6rderanlagen"}]},{"@type":"WebSite","@id":"https:\/\/www.naturadk.eu\/#website","url":"https:\/\/www.naturadk.eu\/","name":"NATURA DK, a.s.","description":"Stroj\u00edrensk\u00e1 v\u00fdroba, slu\u017eby pro zem\u011bd\u011blstv\u00ed a obchod","potentialAction":[{"@type":"SearchAction","target":{"@type":"EntryPoint","urlTemplate":"https:\/\/www.naturadk.eu\/?s={search_term_string}"},"query-input":{"@type":"PropertyValueSpecification","valueRequired":true,"valueName":"search_term_string"}}],"inLanguage":"de-DE"}]}},"_links":{"self":[{"href":"https:\/\/www.naturadk.eu\/de\/wp-json\/wp\/v2\/pages\/865","targetHints":{"allow":["GET"]}}],"collection":[{"href":"https:\/\/www.naturadk.eu\/de\/wp-json\/wp\/v2\/pages"}],"about":[{"href":"https:\/\/www.naturadk.eu\/de\/wp-json\/wp\/v2\/types\/page"}],"author":[{"embeddable":true,"href":"https:\/\/www.naturadk.eu\/de\/wp-json\/wp\/v2\/users\/1"}],"replies":[{"embeddable":true,"href":"https:\/\/www.naturadk.eu\/de\/wp-json\/wp\/v2\/comments?post=865"}],"version-history":[{"count":5,"href":"https:\/\/www.naturadk.eu\/de\/wp-json\/wp\/v2\/pages\/865\/revisions"}],"predecessor-version":[{"id":1322,"href":"https:\/\/www.naturadk.eu\/de\/wp-json\/wp\/v2\/pages\/865\/revisions\/1322"}],"up":[{"embeddable":true,"href":"https:\/\/www.naturadk.eu\/de\/wp-json\/wp\/v2\/pages\/853"}],"wp:attachment":[{"href":"https:\/\/www.naturadk.eu\/de\/wp-json\/wp\/v2\/media?parent=865"}],"curies":[{"name":"wp","href":"https:\/\/api.w.org\/{rel}","templated":true}]}}