{"id":875,"date":"2017-07-27T15:17:32","date_gmt":"2017-07-27T13:17:32","guid":{"rendered":"https:\/\/www.naturadk.eu\/?page_id=875\/"},"modified":"2022-07-15T16:25:08","modified_gmt":"2022-07-15T14:25:08","slug":"maschinenbau","status":"publish","type":"page","link":"https:\/\/www.naturadk.eu\/de\/maschinenbau\/","title":{"rendered":"Maschinenbau"},"content":{"rendered":"<div class=\"row rozcestnik\">\n<div class=\"col-sm-4\">\n<a href=\"https:\/\/www.naturadk.eu\/de\/cnc-bearbeitung\/\"><\/p>\n<div class=\"panel panel-rozcestnik text-center\">\n<div class=\"panel-body\">\n<h2>CNC Bearbeitung<\/h2>\n<p><img loading=\"lazy\" decoding=\"async\" class=\"hvr-wobble-vertical img-thumbnail img-responsive center-block alignnone wp-image-238 size-full\" src=\"https:\/\/www.naturadk.eu\/wp-content\/uploads\/2017\/07\/cnc-obrabeni.jpg\" alt=\"CNC Bearbeitung\" width=\"300\" height=\"200\" \/>\n<\/div>\n<\/div>\n<p><\/a>\n<\/div>\n<div class=\"col-sm-4\">\n<a href=\"https:\/\/www.naturadk.eu\/de\/cnc-bearbeitung\/\"><\/p>\n<div class=\"panel panel-rozcestnik text-center\">\n<div class=\"panel-body\">\n<h2>Konventionelle Bearbeitung<\/h2>\n<p><img loading=\"lazy\" decoding=\"async\" class=\"hvr-wobble-vertical img-thumbnail img-responsive center-block alignnone wp-image-2954 size-full\" src=\"https:\/\/www.naturadk.eu\/wp-content\/uploads\/2022\/07\/konvencni-obrabeni-4-1.jpg\" alt=\"\" width=\"300\" height=\"200\" \/>\n<\/div>\n<\/div>\n<p><\/a>\n<\/div>\n<div class=\"col-sm-4\">\n<a href=\"https:\/\/www.naturadk.eu\/de\/materialteilung\/\"><\/p>\n<div class=\"panel panel-rozcestnik text-center\">\n<div class=\"panel-body\">\n<h2>Materialteilung<\/h2>\n<p><img loading=\"lazy\" decoding=\"async\" class=\"hvr-wobble-vertical img-thumbnail img-responsive center-block alignnone wp-image-239 size-full\" src=\"https:\/\/www.naturadk.eu\/wp-content\/uploads\/2017\/07\/deleni-materialu.jpg\" alt=\"Materialteilung\" width=\"300\" height=\"198\" \/>\n<\/div>\n<\/div>\n<p><\/a>\n<\/div>\n<\/div>\n<div class=\"row rozcestnik\">\n<div class=\"col-sm-4\">\n<a href=\"https:\/\/www.naturadk.eu\/de\/schweissen\/\"><\/p>\n<div class=\"panel panel-rozcestnik text-center\">\n<div class=\"panel-body\">\n<h2>Schwei\u00dfen<\/h2>\n<p><img loading=\"lazy\" decoding=\"async\" class=\"hvr-wobble-vertical img-thumbnail img-responsive center-block alignnone wp-image-237 size-full\" src=\"https:\/\/www.naturadk.eu\/wp-content\/uploads\/2017\/07\/svarovani.jpg\" alt=\"Schwei\u00dfen\" width=\"300\" height=\"200\" \/>\n<\/div>\n<\/div>\n<p><\/a>\n<\/div>\n<div class=\"col-sm-4\">\n<a href=\"https:\/\/www.naturadk.eu\/de\/biegen\/\"><\/p>\n<div class=\"panel panel-rozcestnik text-center\">\n<div class=\"panel-body\">\n<h2>Biegen<\/h2>\n<p><img loading=\"lazy\" decoding=\"async\" class=\"hvr-wobble-vertical img-thumbnail img-responsive center-block alignnone wp-image-2950 size-full\" src=\"https:\/\/www.naturadk.eu\/wp-content\/uploads\/2022\/07\/699_detail.jpg\" alt=\"\" width=\"300\" height=\"200\" \/>\n<\/div>\n<\/div>\n<p><\/a>\n<\/div>\n<div class=\"col-sm-4\">\n<a href=\"https:\/\/www.naturadk.eu\/de\/oberflaechenbehandlung\/\"><\/p>\n<div class=\"panel panel-rozcestnik text-center\">\n<div class=\"panel-body\">\n<h2>Oberfl\u00e4chenbehandlung<\/h2>\n<p><img loading=\"lazy\" decoding=\"async\" class=\"hvr-wobble-vertical img-thumbnail img-responsive center-block alignnone wp-image-242 size-full\" src=\"https:\/\/www.naturadk.eu\/wp-content\/uploads\/2017\/07\/povrchove-upravy.jpg\" alt=\"Oberfl\u00e4chenbehandlung\" width=\"300\" height=\"200\" \/>\n<\/div>\n<\/div>\n<p><\/a>\n<\/div>\n<\/div>\n<div class=\"row rozcestnik\">\n<div class=\"col-sm-6\">\n<a href=\"https:\/\/www.naturadk.eu\/de\/zertifikationen\/\"><\/p>\n<div class=\"panel panel-rozcestnik text-center\">\n<div class=\"panel-body\">\n<h2>Zertifikationen<\/h2>\n<\/div>\n<\/div>\n<p><\/a>\n<\/div>\n<div class=\"col-sm-6\">\n<a href=\"https:\/\/www.naturadk.eu\/de\/fotogalerie\/\"><\/p>\n<div class=\"panel panel-rozcestnik text-center\">\n<div class=\"panel-body\">\n<h2>Fotogalerie<\/h2>\n<\/div>\n<\/div>\n<p><\/a>\n<\/div>\n<\/div>\n","protected":false},"excerpt":{"rendered":"<p>CNC Bearbeitung Konventionelle Bearbeitung Materialteilung Schwei\u00dfen Biegen Oberfl\u00e4chenbehandlung Zertifikationen Fotogalerie<\/p>\n","protected":false},"author":1,"featured_media":0,"parent":0,"menu_order":0,"comment_status":"closed","ping_status":"closed","template":"page-templates\/template-full-width.php","meta":{"footnotes":""},"class_list":["post-875","page","type-page","status-publish","hentry"],"yoast_head":"<!-- This site is optimized with the Yoast SEO plugin v26.9 - https:\/\/yoast.com\/product\/yoast-seo-wordpress\/ -->\n<title>Maschinenbau - NATURA DK, a.s.<\/title>\n<meta name=\"description\" content=\"CNC Bearbeitung Konventionelle Bearbeitung Materialteilung Schwei\u00dfen Biegen Oberfl\u00e4chenbehandlung Zertifikationen\" \/>\n<meta name=\"robots\" content=\"index, follow, max-snippet:-1, max-image-preview:large, max-video-preview:-1\" \/>\n<link rel=\"canonical\" href=\"https:\/\/www.naturadk.eu\/de\/maschinenbau\/\" \/>\n<meta property=\"og:locale\" content=\"de_DE\" \/>\n<meta property=\"og:type\" content=\"article\" \/>\n<meta property=\"og:title\" content=\"Maschinenbau - NATURA DK, a.s.\" \/>\n<meta property=\"og:description\" content=\"CNC Bearbeitung Konventionelle Bearbeitung Materialteilung Schwei\u00dfen Biegen Oberfl\u00e4chenbehandlung Zertifikationen\" \/>\n<meta property=\"og:url\" content=\"https:\/\/www.naturadk.eu\/de\/maschinenbau\/\" \/>\n<meta property=\"og:site_name\" content=\"NATURA DK, a.s.\" \/>\n<meta property=\"article:modified_time\" content=\"2022-07-15T14:25:08+00:00\" \/>\n<meta property=\"og:image\" content=\"https:\/\/www.naturadk.eu\/wp-content\/uploads\/2017\/07\/cnc-obrabeni.jpg\" \/>\n<meta name=\"twitter:card\" content=\"summary_large_image\" \/>\n<meta name=\"twitter:label1\" content=\"Gesch\u00e4tzte Lesezeit\" \/>\n\t<meta name=\"twitter:data1\" content=\"2 minutes\" \/>\n<script type=\"application\/ld+json\" class=\"yoast-schema-graph\">{\"@context\":\"https:\/\/schema.org\",\"@graph\":[{\"@type\":\"WebPage\",\"@id\":\"https:\/\/www.naturadk.eu\/de\/maschinenbau\/\",\"url\":\"https:\/\/www.naturadk.eu\/de\/maschinenbau\/\",\"name\":\"Maschinenbau - NATURA DK, a.s.\",\"isPartOf\":{\"@id\":\"https:\/\/www.naturadk.eu\/#website\"},\"primaryImageOfPage\":{\"@id\":\"https:\/\/www.naturadk.eu\/de\/maschinenbau\/#primaryimage\"},\"image\":{\"@id\":\"https:\/\/www.naturadk.eu\/de\/maschinenbau\/#primaryimage\"},\"thumbnailUrl\":\"https:\/\/www.naturadk.eu\/wp-content\/uploads\/2017\/07\/cnc-obrabeni.jpg\",\"datePublished\":\"2017-07-27T13:17:32+00:00\",\"dateModified\":\"2022-07-15T14:25:08+00:00\",\"description\":\"CNC Bearbeitung Konventionelle Bearbeitung Materialteilung Schwei\u00dfen Biegen Oberfl\u00e4chenbehandlung Zertifikationen\",\"breadcrumb\":{\"@id\":\"https:\/\/www.naturadk.eu\/de\/maschinenbau\/#breadcrumb\"},\"inLanguage\":\"de-DE\",\"potentialAction\":[{\"@type\":\"ReadAction\",\"target\":[\"https:\/\/www.naturadk.eu\/de\/maschinenbau\/\"]}]},{\"@type\":\"ImageObject\",\"inLanguage\":\"de-DE\",\"@id\":\"https:\/\/www.naturadk.eu\/de\/maschinenbau\/#primaryimage\",\"url\":\"https:\/\/www.naturadk.eu\/wp-content\/uploads\/2017\/07\/cnc-obrabeni.jpg\",\"contentUrl\":\"https:\/\/www.naturadk.eu\/wp-content\/uploads\/2017\/07\/cnc-obrabeni.jpg\"},{\"@type\":\"BreadcrumbList\",\"@id\":\"https:\/\/www.naturadk.eu\/de\/maschinenbau\/#breadcrumb\",\"itemListElement\":[{\"@type\":\"ListItem\",\"position\":1,\"name\":\"\",\"item\":\"https:\/\/www.naturadk.eu\/de\/\"},{\"@type\":\"ListItem\",\"position\":2,\"name\":\"Maschinenbau\"}]},{\"@type\":\"WebSite\",\"@id\":\"https:\/\/www.naturadk.eu\/#website\",\"url\":\"https:\/\/www.naturadk.eu\/\",\"name\":\"NATURA DK, a.s.\",\"description\":\"Stroj\u00edrensk\u00e1 v\u00fdroba, slu\u017eby pro zem\u011bd\u011blstv\u00ed a obchod\",\"potentialAction\":[{\"@type\":\"SearchAction\",\"target\":{\"@type\":\"EntryPoint\",\"urlTemplate\":\"https:\/\/www.naturadk.eu\/?s={search_term_string}\"},\"query-input\":{\"@type\":\"PropertyValueSpecification\",\"valueRequired\":true,\"valueName\":\"search_term_string\"}}],\"inLanguage\":\"de-DE\"}]}<\/script>\n<!-- \/ Yoast SEO plugin. -->","yoast_head_json":{"title":"Maschinenbau - NATURA DK, a.s.","description":"CNC Bearbeitung Konventionelle Bearbeitung Materialteilung Schwei\u00dfen Biegen Oberfl\u00e4chenbehandlung Zertifikationen","robots":{"index":"index","follow":"follow","max-snippet":"max-snippet:-1","max-image-preview":"max-image-preview:large","max-video-preview":"max-video-preview:-1"},"canonical":"https:\/\/www.naturadk.eu\/de\/maschinenbau\/","og_locale":"de_DE","og_type":"article","og_title":"Maschinenbau - NATURA DK, a.s.","og_description":"CNC Bearbeitung Konventionelle Bearbeitung Materialteilung Schwei\u00dfen Biegen Oberfl\u00e4chenbehandlung Zertifikationen","og_url":"https:\/\/www.naturadk.eu\/de\/maschinenbau\/","og_site_name":"NATURA DK, a.s.","article_modified_time":"2022-07-15T14:25:08+00:00","og_image":[{"url":"https:\/\/www.naturadk.eu\/wp-content\/uploads\/2017\/07\/cnc-obrabeni.jpg","type":"","width":"","height":""}],"twitter_card":"summary_large_image","twitter_misc":{"Gesch\u00e4tzte Lesezeit":"2 minutes"},"schema":{"@context":"https:\/\/schema.org","@graph":[{"@type":"WebPage","@id":"https:\/\/www.naturadk.eu\/de\/maschinenbau\/","url":"https:\/\/www.naturadk.eu\/de\/maschinenbau\/","name":"Maschinenbau - NATURA DK, a.s.","isPartOf":{"@id":"https:\/\/www.naturadk.eu\/#website"},"primaryImageOfPage":{"@id":"https:\/\/www.naturadk.eu\/de\/maschinenbau\/#primaryimage"},"image":{"@id":"https:\/\/www.naturadk.eu\/de\/maschinenbau\/#primaryimage"},"thumbnailUrl":"https:\/\/www.naturadk.eu\/wp-content\/uploads\/2017\/07\/cnc-obrabeni.jpg","datePublished":"2017-07-27T13:17:32+00:00","dateModified":"2022-07-15T14:25:08+00:00","description":"CNC Bearbeitung Konventionelle Bearbeitung Materialteilung Schwei\u00dfen Biegen Oberfl\u00e4chenbehandlung Zertifikationen","breadcrumb":{"@id":"https:\/\/www.naturadk.eu\/de\/maschinenbau\/#breadcrumb"},"inLanguage":"de-DE","potentialAction":[{"@type":"ReadAction","target":["https:\/\/www.naturadk.eu\/de\/maschinenbau\/"]}]},{"@type":"ImageObject","inLanguage":"de-DE","@id":"https:\/\/www.naturadk.eu\/de\/maschinenbau\/#primaryimage","url":"https:\/\/www.naturadk.eu\/wp-content\/uploads\/2017\/07\/cnc-obrabeni.jpg","contentUrl":"https:\/\/www.naturadk.eu\/wp-content\/uploads\/2017\/07\/cnc-obrabeni.jpg"},{"@type":"BreadcrumbList","@id":"https:\/\/www.naturadk.eu\/de\/maschinenbau\/#breadcrumb","itemListElement":[{"@type":"ListItem","position":1,"name":"","item":"https:\/\/www.naturadk.eu\/de\/"},{"@type":"ListItem","position":2,"name":"Maschinenbau"}]},{"@type":"WebSite","@id":"https:\/\/www.naturadk.eu\/#website","url":"https:\/\/www.naturadk.eu\/","name":"NATURA DK, a.s.","description":"Stroj\u00edrensk\u00e1 v\u00fdroba, slu\u017eby pro zem\u011bd\u011blstv\u00ed a obchod","potentialAction":[{"@type":"SearchAction","target":{"@type":"EntryPoint","urlTemplate":"https:\/\/www.naturadk.eu\/?s={search_term_string}"},"query-input":{"@type":"PropertyValueSpecification","valueRequired":true,"valueName":"search_term_string"}}],"inLanguage":"de-DE"}]}},"_links":{"self":[{"href":"https:\/\/www.naturadk.eu\/de\/wp-json\/wp\/v2\/pages\/875","targetHints":{"allow":["GET"]}}],"collection":[{"href":"https:\/\/www.naturadk.eu\/de\/wp-json\/wp\/v2\/pages"}],"about":[{"href":"https:\/\/www.naturadk.eu\/de\/wp-json\/wp\/v2\/types\/page"}],"author":[{"embeddable":true,"href":"https:\/\/www.naturadk.eu\/de\/wp-json\/wp\/v2\/users\/1"}],"replies":[{"embeddable":true,"href":"https:\/\/www.naturadk.eu\/de\/wp-json\/wp\/v2\/comments?post=875"}],"version-history":[{"count":5,"href":"https:\/\/www.naturadk.eu\/de\/wp-json\/wp\/v2\/pages\/875\/revisions"}],"predecessor-version":[{"id":3015,"href":"https:\/\/www.naturadk.eu\/de\/wp-json\/wp\/v2\/pages\/875\/revisions\/3015"}],"wp:attachment":[{"href":"https:\/\/www.naturadk.eu\/de\/wp-json\/wp\/v2\/media?parent=875"}],"curies":[{"name":"wp","href":"https:\/\/api.w.org\/{rel}","templated":true}]}}