{"id":879,"date":"2017-07-27T15:18:45","date_gmt":"2017-07-27T13:18:45","guid":{"rendered":"https:\/\/www.naturadk.eu\/?page_id=879\/"},"modified":"2023-11-30T11:13:00","modified_gmt":"2023-11-30T10:13:00","slug":"zertifikationen","status":"publish","type":"page","link":"https:\/\/www.naturadk.eu\/de\/zertifikationen\/","title":{"rendered":"Zertifikationen"},"content":{"rendered":"<ul class=\"seznam-obrazkovy\">\n<li>Zertifikation des Systems des Qualit\u00e4tsmanagements in Schwei\u00dfprozessen\u00a0\u010cSN EN ISO 3834-2<\/li>\n<li>Herstellung von Stahl- und Aluminiumkonstruktionen \u010cSN EN 1090<\/li>\n<li>System des Qualit\u00e4tsmanagements \u010cSN EN ISO 9001&nbsp;:&nbsp;2016<\/li>\n<\/ul>\n<hr \/>\n<div class=\"row\">\n<div class=\"col-sm-3\" data-wp-editing=\"1\"><img loading=\"lazy\" decoding=\"async\" class=\"alignnone wp-image-3161 size-medium\" src=\"https:\/\/www.naturadk.eu\/wp-content\/uploads\/2023\/11\/SKMBT_C22023113010440-page-001-212x300.jpg\" alt=\"\" width=\"212\" height=\"300\" srcset=\"https:\/\/www.naturadk.eu\/wp-content\/uploads\/2023\/11\/SKMBT_C22023113010440-page-001-212x300.jpg 212w, https:\/\/www.naturadk.eu\/wp-content\/uploads\/2023\/11\/SKMBT_C22023113010440-page-001-724x1024.jpg 724w, https:\/\/www.naturadk.eu\/wp-content\/uploads\/2023\/11\/SKMBT_C22023113010440-page-001-768x1086.jpg 768w, https:\/\/www.naturadk.eu\/wp-content\/uploads\/2023\/11\/SKMBT_C22023113010440-page-001-1087x1536.jpg 1087w, https:\/\/www.naturadk.eu\/wp-content\/uploads\/2023\/11\/SKMBT_C22023113010440-page-001.jpg 1240w\" sizes=\"auto, (max-width: 212px) 100vw, 212px\" \/><\/div>\n<div class=\"col-sm-3\" data-wp-editing=\"1\"><img loading=\"lazy\" decoding=\"async\" class=\"alignnone wp-image-3149 size-medium\" src=\"https:\/\/www.naturadk.eu\/wp-content\/uploads\/2023\/11\/SKMBT_C22023113010443-page-001-212x300.jpg\" alt=\"\" width=\"212\" height=\"300\" srcset=\"https:\/\/www.naturadk.eu\/wp-content\/uploads\/2023\/11\/SKMBT_C22023113010443-page-001-212x300.jpg 212w, https:\/\/www.naturadk.eu\/wp-content\/uploads\/2023\/11\/SKMBT_C22023113010443-page-001-724x1024.jpg 724w, https:\/\/www.naturadk.eu\/wp-content\/uploads\/2023\/11\/SKMBT_C22023113010443-page-001-768x1086.jpg 768w, https:\/\/www.naturadk.eu\/wp-content\/uploads\/2023\/11\/SKMBT_C22023113010443-page-001-1087x1536.jpg 1087w, https:\/\/www.naturadk.eu\/wp-content\/uploads\/2023\/11\/SKMBT_C22023113010443-page-001.jpg 1240w\" sizes=\"auto, (max-width: 212px) 100vw, 212px\" \/><\/div>\n<div class=\"col-sm-3\" data-wp-editing=\"1\"><img loading=\"lazy\" decoding=\"async\" class=\"alignnone wp-image-3157 size-medium\" src=\"https:\/\/www.naturadk.eu\/wp-content\/uploads\/2023\/11\/SKMBT_C22023113010441-page-001-212x300.jpg\" alt=\"\" width=\"212\" height=\"300\" srcset=\"https:\/\/www.naturadk.eu\/wp-content\/uploads\/2023\/11\/SKMBT_C22023113010441-page-001-212x300.jpg 212w, https:\/\/www.naturadk.eu\/wp-content\/uploads\/2023\/11\/SKMBT_C22023113010441-page-001-724x1024.jpg 724w, https:\/\/www.naturadk.eu\/wp-content\/uploads\/2023\/11\/SKMBT_C22023113010441-page-001-768x1086.jpg 768w, https:\/\/www.naturadk.eu\/wp-content\/uploads\/2023\/11\/SKMBT_C22023113010441-page-001-1087x1536.jpg 1087w, https:\/\/www.naturadk.eu\/wp-content\/uploads\/2023\/11\/SKMBT_C22023113010441-page-001.jpg 1240w\" sizes=\"auto, (max-width: 212px) 100vw, 212px\" \/><\/div>\n<div class=\"col-sm-3\" data-wp-editing=\"1\"><img loading=\"lazy\" decoding=\"async\" class=\"alignnone wp-image-3153 size-medium\" src=\"https:\/\/www.naturadk.eu\/wp-content\/uploads\/2023\/11\/SKMBT_C22023113010442-page-001-212x300.jpg\" alt=\"\" width=\"212\" height=\"300\" srcset=\"https:\/\/www.naturadk.eu\/wp-content\/uploads\/2023\/11\/SKMBT_C22023113010442-page-001-212x300.jpg 212w, https:\/\/www.naturadk.eu\/wp-content\/uploads\/2023\/11\/SKMBT_C22023113010442-page-001-724x1024.jpg 724w, https:\/\/www.naturadk.eu\/wp-content\/uploads\/2023\/11\/SKMBT_C22023113010442-page-001-768x1086.jpg 768w, https:\/\/www.naturadk.eu\/wp-content\/uploads\/2023\/11\/SKMBT_C22023113010442-page-001-1087x1536.jpg 1087w, https:\/\/www.naturadk.eu\/wp-content\/uploads\/2023\/11\/SKMBT_C22023113010442-page-001.jpg 1240w\" sizes=\"auto, (max-width: 212px) 100vw, 212px\" \/><\/div>\n<div class=\"col-sm-3\" data-wp-editing=\"1\"><\/div>\n<div class=\"col-sm-3\" data-wp-editing=\"1\"><\/div>\n<div class=\"col-sm-3\" data-wp-editing=\"1\"><\/div>\n<div class=\"col-sm-3\" data-wp-editing=\"1\"><\/div>\n<\/div>\n","protected":false},"excerpt":{"rendered":"<p>Zertifikation des Systems des Qualit\u00e4tsmanagements in Schwei\u00dfprozessen\u00a0\u010cSN EN ISO 3834-2 Herstellung von Stahl- und Aluminiumkonstruktionen \u010cSN EN 1090 System des Qualit\u00e4tsmanagements \u010cSN EN ISO 9001&nbsp;:&nbsp;2016<\/p>\n","protected":false},"author":1,"featured_media":0,"parent":875,"menu_order":0,"comment_status":"closed","ping_status":"closed","template":"","meta":{"footnotes":""},"class_list":["post-879","page","type-page","status-publish","hentry"],"yoast_head":"<!-- This site is optimized with the Yoast SEO plugin v26.9 - https:\/\/yoast.com\/product\/yoast-seo-wordpress\/ -->\n<title>Zertifikationen - NATURA DK, a.s.<\/title>\n<meta name=\"description\" content=\"Zertifikation des Systems des Qualit\u00e4tsmanagements in Schwei\u00dfprozessen\u00a0\u010cSN EN ISO 3834-2 Herstellung von Stahl- und Aluminiumkonstruktionen \u010cSN EN 1090\" \/>\n<meta name=\"robots\" content=\"index, follow, max-snippet:-1, max-image-preview:large, max-video-preview:-1\" \/>\n<link rel=\"canonical\" href=\"https:\/\/www.naturadk.eu\/de\/zertifikationen\/\" \/>\n<meta property=\"og:locale\" content=\"de_DE\" \/>\n<meta property=\"og:type\" content=\"article\" \/>\n<meta property=\"og:title\" content=\"Zertifikationen - NATURA DK, a.s.\" \/>\n<meta property=\"og:description\" content=\"Zertifikation des Systems des Qualit\u00e4tsmanagements in Schwei\u00dfprozessen\u00a0\u010cSN EN ISO 3834-2 Herstellung von Stahl- und Aluminiumkonstruktionen \u010cSN EN 1090\" \/>\n<meta property=\"og:url\" content=\"https:\/\/www.naturadk.eu\/de\/zertifikationen\/\" \/>\n<meta property=\"og:site_name\" content=\"NATURA DK, a.s.\" \/>\n<meta property=\"article:modified_time\" content=\"2023-11-30T10:13:00+00:00\" \/>\n<meta property=\"og:image\" content=\"https:\/\/www.naturadk.eu\/wp-content\/uploads\/2023\/11\/SKMBT_C22023113010440-page-001-212x300.jpg\" \/>\n<meta name=\"twitter:card\" content=\"summary_large_image\" \/>\n<meta name=\"twitter:label1\" content=\"Gesch\u00e4tzte Lesezeit\" \/>\n\t<meta name=\"twitter:data1\" content=\"1 minute\" \/>\n<script type=\"application\/ld+json\" class=\"yoast-schema-graph\">{\"@context\":\"https:\/\/schema.org\",\"@graph\":[{\"@type\":\"WebPage\",\"@id\":\"https:\/\/www.naturadk.eu\/de\/zertifikationen\/\",\"url\":\"https:\/\/www.naturadk.eu\/de\/zertifikationen\/\",\"name\":\"Zertifikationen - NATURA DK, a.s.\",\"isPartOf\":{\"@id\":\"https:\/\/www.naturadk.eu\/#website\"},\"primaryImageOfPage\":{\"@id\":\"https:\/\/www.naturadk.eu\/de\/zertifikationen\/#primaryimage\"},\"image\":{\"@id\":\"https:\/\/www.naturadk.eu\/de\/zertifikationen\/#primaryimage\"},\"thumbnailUrl\":\"https:\/\/www.naturadk.eu\/wp-content\/uploads\/2023\/11\/SKMBT_C22023113010440-page-001-212x300.jpg\",\"datePublished\":\"2017-07-27T13:18:45+00:00\",\"dateModified\":\"2023-11-30T10:13:00+00:00\",\"description\":\"Zertifikation des Systems des Qualit\u00e4tsmanagements in Schwei\u00dfprozessen\u00a0\u010cSN EN ISO 3834-2 Herstellung von Stahl- und Aluminiumkonstruktionen \u010cSN EN 1090\",\"breadcrumb\":{\"@id\":\"https:\/\/www.naturadk.eu\/de\/zertifikationen\/#breadcrumb\"},\"inLanguage\":\"de-DE\",\"potentialAction\":[{\"@type\":\"ReadAction\",\"target\":[\"https:\/\/www.naturadk.eu\/de\/zertifikationen\/\"]}]},{\"@type\":\"ImageObject\",\"inLanguage\":\"de-DE\",\"@id\":\"https:\/\/www.naturadk.eu\/de\/zertifikationen\/#primaryimage\",\"url\":\"https:\/\/www.naturadk.eu\/wp-content\/uploads\/2023\/11\/SKMBT_C22023113010440-page-001-212x300.jpg\",\"contentUrl\":\"https:\/\/www.naturadk.eu\/wp-content\/uploads\/2023\/11\/SKMBT_C22023113010440-page-001-212x300.jpg\"},{\"@type\":\"BreadcrumbList\",\"@id\":\"https:\/\/www.naturadk.eu\/de\/zertifikationen\/#breadcrumb\",\"itemListElement\":[{\"@type\":\"ListItem\",\"position\":1,\"name\":\"\",\"item\":\"https:\/\/www.naturadk.eu\/de\/\"},{\"@type\":\"ListItem\",\"position\":2,\"name\":\"Maschinenbau\",\"item\":\"https:\/\/www.naturadk.eu\/de\/maschinenbau\/\"},{\"@type\":\"ListItem\",\"position\":3,\"name\":\"Zertifikationen\"}]},{\"@type\":\"WebSite\",\"@id\":\"https:\/\/www.naturadk.eu\/#website\",\"url\":\"https:\/\/www.naturadk.eu\/\",\"name\":\"NATURA DK, a.s.\",\"description\":\"Stroj\u00edrensk\u00e1 v\u00fdroba, slu\u017eby pro zem\u011bd\u011blstv\u00ed a obchod\",\"potentialAction\":[{\"@type\":\"SearchAction\",\"target\":{\"@type\":\"EntryPoint\",\"urlTemplate\":\"https:\/\/www.naturadk.eu\/?s={search_term_string}\"},\"query-input\":{\"@type\":\"PropertyValueSpecification\",\"valueRequired\":true,\"valueName\":\"search_term_string\"}}],\"inLanguage\":\"de-DE\"}]}<\/script>\n<!-- \/ Yoast SEO plugin. -->","yoast_head_json":{"title":"Zertifikationen - NATURA DK, a.s.","description":"Zertifikation des Systems des Qualit\u00e4tsmanagements in Schwei\u00dfprozessen\u00a0\u010cSN EN ISO 3834-2 Herstellung von Stahl- und Aluminiumkonstruktionen \u010cSN EN 1090","robots":{"index":"index","follow":"follow","max-snippet":"max-snippet:-1","max-image-preview":"max-image-preview:large","max-video-preview":"max-video-preview:-1"},"canonical":"https:\/\/www.naturadk.eu\/de\/zertifikationen\/","og_locale":"de_DE","og_type":"article","og_title":"Zertifikationen - NATURA DK, a.s.","og_description":"Zertifikation des Systems des Qualit\u00e4tsmanagements in Schwei\u00dfprozessen\u00a0\u010cSN EN ISO 3834-2 Herstellung von Stahl- und Aluminiumkonstruktionen \u010cSN EN 1090","og_url":"https:\/\/www.naturadk.eu\/de\/zertifikationen\/","og_site_name":"NATURA DK, a.s.","article_modified_time":"2023-11-30T10:13:00+00:00","og_image":[{"url":"https:\/\/www.naturadk.eu\/wp-content\/uploads\/2023\/11\/SKMBT_C22023113010440-page-001-212x300.jpg","type":"","width":"","height":""}],"twitter_card":"summary_large_image","twitter_misc":{"Gesch\u00e4tzte Lesezeit":"1 minute"},"schema":{"@context":"https:\/\/schema.org","@graph":[{"@type":"WebPage","@id":"https:\/\/www.naturadk.eu\/de\/zertifikationen\/","url":"https:\/\/www.naturadk.eu\/de\/zertifikationen\/","name":"Zertifikationen - NATURA DK, a.s.","isPartOf":{"@id":"https:\/\/www.naturadk.eu\/#website"},"primaryImageOfPage":{"@id":"https:\/\/www.naturadk.eu\/de\/zertifikationen\/#primaryimage"},"image":{"@id":"https:\/\/www.naturadk.eu\/de\/zertifikationen\/#primaryimage"},"thumbnailUrl":"https:\/\/www.naturadk.eu\/wp-content\/uploads\/2023\/11\/SKMBT_C22023113010440-page-001-212x300.jpg","datePublished":"2017-07-27T13:18:45+00:00","dateModified":"2023-11-30T10:13:00+00:00","description":"Zertifikation des Systems des Qualit\u00e4tsmanagements in Schwei\u00dfprozessen\u00a0\u010cSN EN ISO 3834-2 Herstellung von Stahl- und Aluminiumkonstruktionen \u010cSN EN 1090","breadcrumb":{"@id":"https:\/\/www.naturadk.eu\/de\/zertifikationen\/#breadcrumb"},"inLanguage":"de-DE","potentialAction":[{"@type":"ReadAction","target":["https:\/\/www.naturadk.eu\/de\/zertifikationen\/"]}]},{"@type":"ImageObject","inLanguage":"de-DE","@id":"https:\/\/www.naturadk.eu\/de\/zertifikationen\/#primaryimage","url":"https:\/\/www.naturadk.eu\/wp-content\/uploads\/2023\/11\/SKMBT_C22023113010440-page-001-212x300.jpg","contentUrl":"https:\/\/www.naturadk.eu\/wp-content\/uploads\/2023\/11\/SKMBT_C22023113010440-page-001-212x300.jpg"},{"@type":"BreadcrumbList","@id":"https:\/\/www.naturadk.eu\/de\/zertifikationen\/#breadcrumb","itemListElement":[{"@type":"ListItem","position":1,"name":"","item":"https:\/\/www.naturadk.eu\/de\/"},{"@type":"ListItem","position":2,"name":"Maschinenbau","item":"https:\/\/www.naturadk.eu\/de\/maschinenbau\/"},{"@type":"ListItem","position":3,"name":"Zertifikationen"}]},{"@type":"WebSite","@id":"https:\/\/www.naturadk.eu\/#website","url":"https:\/\/www.naturadk.eu\/","name":"NATURA DK, a.s.","description":"Stroj\u00edrensk\u00e1 v\u00fdroba, slu\u017eby pro zem\u011bd\u011blstv\u00ed a obchod","potentialAction":[{"@type":"SearchAction","target":{"@type":"EntryPoint","urlTemplate":"https:\/\/www.naturadk.eu\/?s={search_term_string}"},"query-input":{"@type":"PropertyValueSpecification","valueRequired":true,"valueName":"search_term_string"}}],"inLanguage":"de-DE"}]}},"_links":{"self":[{"href":"https:\/\/www.naturadk.eu\/de\/wp-json\/wp\/v2\/pages\/879","targetHints":{"allow":["GET"]}}],"collection":[{"href":"https:\/\/www.naturadk.eu\/de\/wp-json\/wp\/v2\/pages"}],"about":[{"href":"https:\/\/www.naturadk.eu\/de\/wp-json\/wp\/v2\/types\/page"}],"author":[{"embeddable":true,"href":"https:\/\/www.naturadk.eu\/de\/wp-json\/wp\/v2\/users\/1"}],"replies":[{"embeddable":true,"href":"https:\/\/www.naturadk.eu\/de\/wp-json\/wp\/v2\/comments?post=879"}],"version-history":[{"count":5,"href":"https:\/\/www.naturadk.eu\/de\/wp-json\/wp\/v2\/pages\/879\/revisions"}],"predecessor-version":[{"id":3165,"href":"https:\/\/www.naturadk.eu\/de\/wp-json\/wp\/v2\/pages\/879\/revisions\/3165"}],"up":[{"embeddable":true,"href":"https:\/\/www.naturadk.eu\/de\/wp-json\/wp\/v2\/pages\/875"}],"wp:attachment":[{"href":"https:\/\/www.naturadk.eu\/de\/wp-json\/wp\/v2\/media?parent=879"}],"curies":[{"name":"wp","href":"https:\/\/api.w.org\/{rel}","templated":true}]}}