{"id":883,"date":"2017-07-27T15:20:16","date_gmt":"2017-07-27T13:20:16","guid":{"rendered":"https:\/\/www.naturadk.eu\/?page_id=883\/"},"modified":"2024-12-17T15:47:30","modified_gmt":"2024-12-17T14:47:30","slug":"cnc-bearbeitung","status":"publish","type":"page","link":"https:\/\/www.naturadk.eu\/de\/cnc-bearbeitung\/","title":{"rendered":"CNC Bearbeitung"},"content":{"rendered":"<div class=\"col-sm-4\">\n<p><a class=\"alignnone size-full wp-image-248\" title=\"CNC Bearbeitung\" href=\"https:\/\/www.naturadk.eu\/wp-content\/uploads\/2017\/07\/cnc-obrabeni-1.jpg\"><\/p>\n<p><\/a><a class=\"alignnone size-full wp-image-248\" href=\"https:\/\/www.naturadk.eu\/wp-content\/uploads\/2023\/01\/Nove-frezovaci-centrum-2023-300x208.png\"><img loading=\"lazy\" decoding=\"async\" class=\"center-block img-thumbnail alignnone wp-image-3024 size-medium\" src=\"https:\/\/www.naturadk.eu\/wp-content\/uploads\/2023\/01\/Nove-frezovaci-centrum-2023-300x208.png\" alt=\"\" width=\"300\" height=\"208\" srcset=\"https:\/\/www.naturadk.eu\/wp-content\/uploads\/2023\/01\/Nove-frezovaci-centrum-2023-300x208.png 300w, https:\/\/www.naturadk.eu\/wp-content\/uploads\/2023\/01\/Nove-frezovaci-centrum-2023-768x532.png 768w, https:\/\/www.naturadk.eu\/wp-content\/uploads\/2023\/01\/Nove-frezovaci-centrum-2023.png 795w\" sizes=\"auto, (max-width: 300px) 100vw, 300px\" \/><\/a><\/p>\n<\/div>\n<div class=\"col-sm-8\">\n<h3>Wir produzieren an Vertikal &#8211; 3 Achsen &#8211; Bearbeitungszentrum mit einer Spindel MCV 1100 QUICK ISO 40 TNC 620 SDT<\/h3>\n<ul class=\"seznam-obrazkovy\">\n<li>Abmessungen: X \/ Y \/ Z&nbsp;\u2013 1&nbsp;100 \/ 650 \/ 750 mm<\/li>\n<li>Tischfl\u00e4che: 1&nbsp;300 x 650 mm<\/li>\n<li>Tischbelastung: 1&nbsp;250&nbsp;Kg<\/li>\n<li>Spindeldrehzahl: 0 &#8211; 12&nbsp;000 min-1<\/li>\n<li>Schneller, automatischer Wergzeugwechsel: 24 St.<\/li>\n<li>Zentralk\u00fchlung: 20 bar<\/li>\n<\/ul>\n<\/div>\n<div class=\"clearfix\"><\/div>\n<hr \/>\n<div class=\"col-sm-4\">\n<p><a class=\"alignnone size-full wp-image-248\" title=\"CNC Bearbeitung\" href=\"https:\/\/www.naturadk.eu\/wp-content\/uploads\/2017\/07\/cnc-obrabeni-1.jpg\"><br \/>\n<img loading=\"lazy\" decoding=\"async\" class=\"alignnone center-block img-thumbnail size-medium wp-image-248\" src=\"https:\/\/www.naturadk.eu\/wp-content\/uploads\/2017\/07\/cnc-obrabeni-1-300x199.jpg\" alt=\"CNC Bearbeitung\" width=\"300\" height=\"199\" srcset=\"https:\/\/www.naturadk.eu\/wp-content\/uploads\/2017\/07\/cnc-obrabeni-1-300x199.jpg 300w, https:\/\/www.naturadk.eu\/wp-content\/uploads\/2017\/07\/cnc-obrabeni-1-768x510.jpg 768w, https:\/\/www.naturadk.eu\/wp-content\/uploads\/2017\/07\/cnc-obrabeni-1.jpg 850w\" sizes=\"auto, (max-width: 300px) 100vw, 300px\" \/><br \/>\n<\/a><\/p>\n<\/div>\n<div class=\"col-sm-8\">\n<h3>Wir produzieren an Horizontal-Bohrwerk WFT 13 CNC der Firma FERMAT<\/h3>\n<ul class=\"seznam-obrazkovy\">\n<li>Schnelle und pr\u00e4zise CNC-Bearbeitung<\/li>\n<li>Verfahrweg des Tisches in der X-Achse: 3000 mm<\/li>\n<li>Verfahrweg der Kugelrollspindel in der Y-Achse: 2000 mm<\/li>\n<li>Verfahrweg des St\u00e4nders in der Z-Achse: 1200 mm<\/li>\n<li>Vorschub der Spindel in der W-Achse:<\/li>\n<li>Drehbarer Aufspanntisch 1800&#215;2200 mm, max.Werkst\u00fcckgewicht 15 t<\/li>\n<\/ul>\n<\/div>\n<div class=\"clearfix\"><\/div>\n<hr \/>\n<div class=\"row\">\n<div class=\"col-sm-8\">\n<h3 class=\"p-t-0\">Wir produzieren an der CNC-Drehmaschine Optimum L44<\/h3>\n<ul class=\"seznam-obrazkovy\">\n<li>Max. Umlaufdurchmesser \u00fcber dem Maschinenbett 446 mm<\/li>\n<li>Max. Spitzenweite 850 mm<\/li>\n<li>Verfahrweg X-Achse 165 mm<\/li>\n<li>Verfahrweg Z-Achse 600 mm<\/li>\n<li>Spindelbohrung 52 mm<\/li>\n<li>Anzahl der Werkzeugpl\u00e4tze 8, automatischer Wechsel<\/li>\n<li>Elektronische Positioniergenauigkeit 0,001 mm<\/li>\n<li>Wiederholgenauigkeit 0,007 mm<\/li>\n<\/ul>\n<\/div>\n<div class=\"clearfix visible-xs\"><\/div>\n<div class=\"col-sm-4\">\n<div class=\"clearfix visible-xs\"><\/div>\n<p><a class=\"alignnone size-full wp-image-249\" title=\"CNC Bearbeitung\" href=\"https:\/\/www.naturadk.eu\/wp-content\/uploads\/2017\/07\/CNC-soustruh.jpg\"><br \/>\n<img loading=\"lazy\" decoding=\"async\" class=\"alignnone center-block img-thumbnail size-medium wp-image-249\" src=\"https:\/\/www.naturadk.eu\/wp-content\/uploads\/2017\/07\/CNC-soustruh-300x225.jpg\" alt=\"CNC Bearbeitung\" width=\"300\" height=\"225\" srcset=\"https:\/\/www.naturadk.eu\/wp-content\/uploads\/2017\/07\/CNC-soustruh-300x225.jpg 300w, https:\/\/www.naturadk.eu\/wp-content\/uploads\/2017\/07\/CNC-soustruh.jpg 600w\" sizes=\"auto, (max-width: 300px) 100vw, 300px\" \/><br \/>\n<\/a><\/p>\n<\/div>\n<\/div>\n<div class=\"clearfix\"><\/div>\n<hr \/>\n<div class=\"row\">\n<div class=\"col-sm-4\">\n<div class=\"clearfix visible-xs\"><\/div>\n<p><a class=\"alignnone size-full wp-image-247\" title=\"STYLE BT 1500\" href=\"https:\/\/www.naturadk.eu\/wp-content\/uploads\/2017\/07\/STYLE-BT-1500.jpg\"><br \/>\n<img loading=\"lazy\" decoding=\"async\" class=\"alignnone center-block img-thumbnail size-medium wp-image-247\" src=\"https:\/\/www.naturadk.eu\/wp-content\/uploads\/2017\/07\/STYLE-BT-1500-300x225.jpg\" alt=\"STYLE BT 1500\" width=\"300\" height=\"225\" srcset=\"https:\/\/www.naturadk.eu\/wp-content\/uploads\/2017\/07\/STYLE-BT-1500-300x225.jpg 300w, https:\/\/www.naturadk.eu\/wp-content\/uploads\/2017\/07\/STYLE-BT-1500.jpg 600w\" sizes=\"auto, (max-width: 300px) 100vw, 300px\" \/><br \/>\n<\/a><\/p>\n<\/div>\n<div class=\"clearfix visible-xs\"><\/div>\n<div class=\"col-sm-8\">\n<h3 class=\"p-t-0\">Wir produzieren an der CNC-Fr\u00e4smaschine STYLE BT 1500<\/h3>\n<ul class=\"seznam-obrazkovy\">\n<li>Abmessungen des Tisches f\u00fcr das Einspannen des Werkst\u00fccks &#8211; 610 x 1810 mm<\/li>\n<li>Verfahrwege in den Achsen X\/Y\/Z &#8211; 1500\/650\/600 mm<\/li>\n<li>Max. Spindeldrehzahl &#8211; 8000 U\/min.<\/li>\n<li>Vorschubbereich &#8211; 0,01-2000 mm\/min.<\/li>\n<li>Eilgang &#8211; 10 m\/min.<\/li>\n<li>Max. Toleranz der Maschine &#8211; 0,005mm<\/li>\n<\/ul>\n<\/div>\n<\/div>\n<hr \/>\n<h3 class=\"p-t-0\">Hochleistungs-Horizontal-Drehzentrum CNC\u00a0 DOOSAN \u2013 PUMA 2600SYII mit hoher Pr\u00e4zision<\/h3>\n<p><strong>Werkst\u00fcckgr\u00f6\u00dfen :<\/strong><\/p>\n<ul class=\"seznam-obrazkovy\">\n<li>Stangenmaterial: Max. Durchmesser 80 mm, Max. L\u00e4nge 760 mm<a href=\"https:\/\/www.naturadk.eu\/wp-content\/uploads\/2019\/10\/PUMA-DOOSAN-2600.jpg\"><img loading=\"lazy\" decoding=\"async\" class=\"center-block img-thumbnail alignright wp-image-2277 size-medium\" src=\"https:\/\/www.naturadk.eu\/wp-content\/uploads\/2019\/10\/PUMA-DOOSAN-2600-300x210.jpg\" alt=\"CNC soustru PUMA\" width=\"300\" height=\"210\" srcset=\"https:\/\/www.naturadk.eu\/wp-content\/uploads\/2019\/10\/PUMA-DOOSAN-2600-300x210.jpg 300w, https:\/\/www.naturadk.eu\/wp-content\/uploads\/2019\/10\/PUMA-DOOSAN-2600-768x537.jpg 768w, https:\/\/www.naturadk.eu\/wp-content\/uploads\/2019\/10\/PUMA-DOOSAN-2600-1024x716.jpg 1024w, https:\/\/www.naturadk.eu\/wp-content\/uploads\/2019\/10\/PUMA-DOOSAN-2600.jpg 1188w\" sizes=\"auto, (max-width: 300px) 100vw, 300px\" \/><\/a><\/li>\n<li>Schneidmaterial: Max. Durchmesser 630 mm, Max. L\u00e4nge 760 mm<\/li>\n<li>Produktion von Flanschteilen: Max. Durchmesser 780 mm<\/li>\n<li>Max. Werkst\u00fcckgewicht ohne Verwendung von Gegenspindel: 225&nbsp;kg<\/li>\n<li>Max. Werkst\u00fcckgewicht mit Verwendung von Gegenspindel: 495&nbsp;kg<\/li>\n<li>Zwei-Spindel Drehzentrum<\/li>\n<li>Stangen-Zuteiler bis \u00f8 80 mm<\/li>\n<li>automatische Entnahme von Werkst\u00fccken, wobei die Maschine in einem vollautomatischen Regime laufen kann<br \/>\n(Bearbeitung von Werkst\u00fccken bei beiden Frontteilen)<\/li>\n<li>Revolver mit Anzahl der Werkzeuge: 12 St.<\/li>\n<li>Verfahrwege: Y + C Achse : bei einer Aufspannung :\u00a0 Drehung von Rotationsteilen, fr\u00e4sen, bohren au\u00dferhalb der<br \/>\nWerkst\u00fcckachse, senkrecht \u00a0zur Achse usw.<\/li>\n<li>Innere Hochdruck-K\u00fchlung durch das Werkzeug<\/li>\n<\/ul>\n<p>&nbsp;<\/p>\n<div class=\"row odstavecRada\">\n<h4 class=\"col-xs-12\">Referenzen<\/h4>\n<div class=\"col-sm-6\">\n<ul>\n<li><strong>TEUPEN Maschinenbau GmbH<\/strong><\/li>\n<li><strong>BEDNAR FMT s.r.o.<\/strong><\/li>\n<li><strong>Bresskamp s.r.o.<\/strong><\/li>\n<li><strong>Hubtex Maschinenbau GmbH<\/strong><\/li>\n<li><strong>TMW, a.s.<\/strong><\/li>\n<\/ul>\n<\/div>\n<div class=\"col-sm-6\">\n<ul>\n<li><strong>Cime, s.r.o.<\/strong><\/li>\n<li><strong>Bergmann Maschinenbau GmbH<\/strong><\/li>\n<li><strong>MZ Liberec, a.s.<\/strong><\/li>\n<li><strong>Koenig &amp; Bauer Grafitec s.r.o.<\/strong><\/li>\n<li><strong>EsiDock Limited<\/strong><\/li>\n<li><strong>OPaLL-AGRI, s.r.o.<\/strong><\/li>\n<\/ul>\n<\/div>\n<\/div>\n<div id=\"black-studio-tinymce-28\" class=\"widget widget_black_studio_tinymce amr_widget\"><div class=\"textwidget\"><hr>\r\n<div class=\"col-xs-12\">\r\n<div class=\"row formular-bg\">\r\n<div class=\"col-xs-12\">\r\n<h2 class=\"col-xs-12\">Haben Sie Fragen? Schreiben Sie uns.<\/h2>\r\n<div class=\"col-xs-12\">\n<div class=\"wpcf7 no-js\" id=\"wpcf7-f1244-o1\" lang=\"cs-CZ\" dir=\"ltr\" data-wpcf7-id=\"1244\">\n<div class=\"screen-reader-response\"><p role=\"status\" aria-live=\"polite\" aria-atomic=\"true\"><\/p> <ul><\/ul><\/div>\n<form action=\"\/de\/wp-json\/wp\/v2\/pages\/883#wpcf7-f1244-o1\" method=\"post\" class=\"wpcf7-form init form-horizontal\" aria-label=\"Kontaktformular\" novalidate=\"novalidate\" data-status=\"init\">\n<fieldset class=\"hidden-fields-container\"><input type=\"hidden\" name=\"_wpcf7\" value=\"1244\" \/><input type=\"hidden\" name=\"_wpcf7_version\" value=\"6.1.5\" \/><input type=\"hidden\" name=\"_wpcf7_locale\" value=\"cs_CZ\" \/><input type=\"hidden\" name=\"_wpcf7_unit_tag\" value=\"wpcf7-f1244-o1\" \/><input type=\"hidden\" name=\"_wpcf7_container_post\" value=\"0\" \/><input type=\"hidden\" name=\"_wpcf7_posted_data_hash\" value=\"\" \/>\n<\/fieldset>\n<div class=\"form-group your-subject\"><label class=\" control-label col-sm-3\" for=\"zamknute\">Betreff<\/label><div class=\"col-sm-9\"><input class=\"wpcf7-form-control wpcf7-text form-control\" id=\"zamknute\" name=\"your-subject\" type=\"text\" value=\"\" aria-invalid=\"false\"><\/div><\/div>\n<div class=\"form-group your-name\"><label class=\" control-label col-sm-3\">Name<\/label><div class=\"col-sm-9\"><input class=\"wpcf7-form-control wpcf7-text form-control\" name=\"your-name\" type=\"text\" value=\"\" aria-invalid=\"false\"><\/div><\/div>\n<div class=\"form-group your-email\"><label class=\" control-label col-sm-3\">E-mail <span class=\"required\">*<\/span><\/label><div class=\"col-sm-9\"><input class=\"wpcf7-form-control wpcf7-email wpcf7-validates-as-required wpcf7-text wpcf7-validates-as-email form-control\" name=\"your-email\" type=\"email\" value=\"\" aria-invalid=\"false\" aria-required=\"true\" required><\/div><\/div>\n<div class=\"form-group your-phone\"><label class=\" control-label col-sm-3\">Telefon<\/label><div class=\"col-sm-9\"><input class=\"wpcf7-form-control wpcf7-text form-control\" name=\"your-phone\" type=\"text\" value=\"\" aria-invalid=\"false\"><\/div><\/div>\n<div class=\"form-group your-message\"><label class=\" control-label col-sm-3\">Frage <span class=\"required\">*<\/span><\/label><div class=\"col-sm-9\"><textarea class=\"wpcf7-form-control wpcf7-textarea wpcf7-validates-as-required form-control\" name=\"your-message\" rows=\"4\" aria-invalid=\"false\" aria-required=\"true\" required><\/textarea><\/div><\/div>\n<span id=\"wpcf7-69f3031fe44a0-wrapper\" class=\"wpcf7-form-control-wrap City-wrap\" ><input type=\"hidden\" name=\"City-time-start\" value=\"1777533727\"><input type=\"hidden\" name=\"City-time-check\" value=\"6\"><label for=\"wpcf7-69f3031fe44a0-field\" class=\"hp-message\">Bitte lasse dieses Feld leer.<\/label><input id=\"wpcf7-69f3031fe44a0-field\"  class=\"wpcf7-form-control wpcf7-text\" type=\"text\" name=\"City\" value=\"\" size=\"40\" tabindex=\"-1\" autocomplete=\"new-password\" \/><\/span>\n<div class=\"form-group\"><div class=\"col-sm-9 col-sm-offset-3\"><input class=\"wpcf7-form-control wpcf7-submit btn btn-success btn-lg\" type=\"submit\" value=\"Sende eine Nachricht\"><\/div><\/div><div class=\"wpcf7-response-output alert alert-warning\"><\/div>\n<\/form>\n<\/div>\n<\/div>\r\n<\/div>\r\n<\/div>\r\n<\/div>\r\n<div class=\"clearfix\">&nbsp;<\/div><\/div><\/div>\n","protected":false},"excerpt":{"rendered":"<p>Wir produzieren an Vertikal &#8211; 3 Achsen &#8211; Bearbeitungszentrum mit einer Spindel MCV 1100 QUICK ISO 40 TNC 620 SDT Abmessungen: X \/ Y \/ Z&nbsp;\u2013 1&nbsp;100 \/ 650 \/ 750 mm Tischfl\u00e4che: 1&nbsp;300 x 650 mm Tischbelastung: 1&nbsp;250&nbsp;Kg Spindeldrehzahl: 0 &#8211; 12&nbsp;000 min-1 Schneller, automatischer Wergzeugwechsel: 24 St. Zentralk\u00fchlung: 20 bar Wir produzieren an &hellip;<\/p>\n","protected":false},"author":1,"featured_media":0,"parent":875,"menu_order":0,"comment_status":"closed","ping_status":"closed","template":"","meta":{"footnotes":""},"class_list":["post-883","page","type-page","status-publish","hentry"],"yoast_head":"<!-- This site is optimized with the Yoast SEO plugin v26.9 - https:\/\/yoast.com\/product\/yoast-seo-wordpress\/ -->\n<title>CNC Bearbeitung - NATURA DK, a.s.<\/title>\n<meta name=\"description\" content=\"Wir produzieren an Vertikal - 3 Achsen - Bearbeitungszentrum mit einer Spindel MCV 1100 QUICK ISO 40 TNC 620 SDT Abmessungen: X \/ Y \/ Z \u2013 1 100 \/ 650 \/\" \/>\n<meta name=\"robots\" content=\"index, follow, max-snippet:-1, max-image-preview:large, max-video-preview:-1\" \/>\n<link rel=\"canonical\" href=\"https:\/\/www.naturadk.eu\/de\/cnc-bearbeitung\/\" \/>\n<meta property=\"og:locale\" content=\"de_DE\" \/>\n<meta property=\"og:type\" content=\"article\" \/>\n<meta property=\"og:title\" content=\"CNC Bearbeitung - NATURA DK, a.s.\" \/>\n<meta property=\"og:description\" content=\"Wir produzieren an Vertikal - 3 Achsen - Bearbeitungszentrum mit einer Spindel MCV 1100 QUICK ISO 40 TNC 620 SDT Abmessungen: X \/ Y \/ Z \u2013 1 100 \/ 650 \/\" \/>\n<meta property=\"og:url\" content=\"https:\/\/www.naturadk.eu\/de\/cnc-bearbeitung\/\" \/>\n<meta property=\"og:site_name\" content=\"NATURA DK, a.s.\" \/>\n<meta property=\"article:modified_time\" content=\"2024-12-17T14:47:30+00:00\" \/>\n<meta property=\"og:image\" content=\"https:\/\/www.naturadk.eu\/wp-content\/uploads\/2023\/01\/Nove-frezovaci-centrum-2023.png\" \/>\n\t<meta property=\"og:image:width\" content=\"795\" \/>\n\t<meta property=\"og:image:height\" content=\"551\" \/>\n\t<meta property=\"og:image:type\" content=\"image\/png\" \/>\n<meta name=\"twitter:card\" content=\"summary_large_image\" \/>\n<meta name=\"twitter:label1\" content=\"Gesch\u00e4tzte Lesezeit\" \/>\n\t<meta name=\"twitter:data1\" content=\"4 minutes\" \/>\n<script type=\"application\/ld+json\" class=\"yoast-schema-graph\">{\"@context\":\"https:\/\/schema.org\",\"@graph\":[{\"@type\":\"WebPage\",\"@id\":\"https:\/\/www.naturadk.eu\/de\/cnc-bearbeitung\/\",\"url\":\"https:\/\/www.naturadk.eu\/de\/cnc-bearbeitung\/\",\"name\":\"CNC Bearbeitung - NATURA DK, a.s.\",\"isPartOf\":{\"@id\":\"https:\/\/www.naturadk.eu\/#website\"},\"primaryImageOfPage\":{\"@id\":\"https:\/\/www.naturadk.eu\/de\/cnc-bearbeitung\/#primaryimage\"},\"image\":{\"@id\":\"https:\/\/www.naturadk.eu\/de\/cnc-bearbeitung\/#primaryimage\"},\"thumbnailUrl\":\"https:\/\/www.naturadk.eu\/wp-content\/uploads\/2023\/01\/Nove-frezovaci-centrum-2023-300x208.png\",\"datePublished\":\"2017-07-27T13:20:16+00:00\",\"dateModified\":\"2024-12-17T14:47:30+00:00\",\"description\":\"Wir produzieren an Vertikal - 3 Achsen - Bearbeitungszentrum mit einer Spindel MCV 1100 QUICK ISO 40 TNC 620 SDT Abmessungen: X \/ Y \/ Z \u2013 1 100 \/ 650 \/\",\"breadcrumb\":{\"@id\":\"https:\/\/www.naturadk.eu\/de\/cnc-bearbeitung\/#breadcrumb\"},\"inLanguage\":\"de-DE\",\"potentialAction\":[{\"@type\":\"ReadAction\",\"target\":[\"https:\/\/www.naturadk.eu\/de\/cnc-bearbeitung\/\"]}]},{\"@type\":\"ImageObject\",\"inLanguage\":\"de-DE\",\"@id\":\"https:\/\/www.naturadk.eu\/de\/cnc-bearbeitung\/#primaryimage\",\"url\":\"https:\/\/www.naturadk.eu\/wp-content\/uploads\/2023\/01\/Nove-frezovaci-centrum-2023-300x208.png\",\"contentUrl\":\"https:\/\/www.naturadk.eu\/wp-content\/uploads\/2023\/01\/Nove-frezovaci-centrum-2023-300x208.png\"},{\"@type\":\"BreadcrumbList\",\"@id\":\"https:\/\/www.naturadk.eu\/de\/cnc-bearbeitung\/#breadcrumb\",\"itemListElement\":[{\"@type\":\"ListItem\",\"position\":1,\"name\":\"\",\"item\":\"https:\/\/www.naturadk.eu\/de\/\"},{\"@type\":\"ListItem\",\"position\":2,\"name\":\"Maschinenbau\",\"item\":\"https:\/\/www.naturadk.eu\/de\/maschinenbau\/\"},{\"@type\":\"ListItem\",\"position\":3,\"name\":\"CNC Bearbeitung\"}]},{\"@type\":\"WebSite\",\"@id\":\"https:\/\/www.naturadk.eu\/#website\",\"url\":\"https:\/\/www.naturadk.eu\/\",\"name\":\"NATURA DK, a.s.\",\"description\":\"Stroj\u00edrensk\u00e1 v\u00fdroba, slu\u017eby pro zem\u011bd\u011blstv\u00ed a obchod\",\"potentialAction\":[{\"@type\":\"SearchAction\",\"target\":{\"@type\":\"EntryPoint\",\"urlTemplate\":\"https:\/\/www.naturadk.eu\/?s={search_term_string}\"},\"query-input\":{\"@type\":\"PropertyValueSpecification\",\"valueRequired\":true,\"valueName\":\"search_term_string\"}}],\"inLanguage\":\"de-DE\"}]}<\/script>\n<!-- \/ Yoast SEO plugin. -->","yoast_head_json":{"title":"CNC Bearbeitung - NATURA DK, a.s.","description":"Wir produzieren an Vertikal - 3 Achsen - Bearbeitungszentrum mit einer Spindel MCV 1100 QUICK ISO 40 TNC 620 SDT Abmessungen: X \/ Y \/ Z \u2013 1 100 \/ 650 \/","robots":{"index":"index","follow":"follow","max-snippet":"max-snippet:-1","max-image-preview":"max-image-preview:large","max-video-preview":"max-video-preview:-1"},"canonical":"https:\/\/www.naturadk.eu\/de\/cnc-bearbeitung\/","og_locale":"de_DE","og_type":"article","og_title":"CNC Bearbeitung - NATURA DK, a.s.","og_description":"Wir produzieren an Vertikal - 3 Achsen - Bearbeitungszentrum mit einer Spindel MCV 1100 QUICK ISO 40 TNC 620 SDT Abmessungen: X \/ Y \/ Z \u2013 1 100 \/ 650 \/","og_url":"https:\/\/www.naturadk.eu\/de\/cnc-bearbeitung\/","og_site_name":"NATURA DK, a.s.","article_modified_time":"2024-12-17T14:47:30+00:00","og_image":[{"width":795,"height":551,"url":"https:\/\/www.naturadk.eu\/wp-content\/uploads\/2023\/01\/Nove-frezovaci-centrum-2023.png","type":"image\/png"}],"twitter_card":"summary_large_image","twitter_misc":{"Gesch\u00e4tzte Lesezeit":"4 minutes"},"schema":{"@context":"https:\/\/schema.org","@graph":[{"@type":"WebPage","@id":"https:\/\/www.naturadk.eu\/de\/cnc-bearbeitung\/","url":"https:\/\/www.naturadk.eu\/de\/cnc-bearbeitung\/","name":"CNC Bearbeitung - NATURA DK, a.s.","isPartOf":{"@id":"https:\/\/www.naturadk.eu\/#website"},"primaryImageOfPage":{"@id":"https:\/\/www.naturadk.eu\/de\/cnc-bearbeitung\/#primaryimage"},"image":{"@id":"https:\/\/www.naturadk.eu\/de\/cnc-bearbeitung\/#primaryimage"},"thumbnailUrl":"https:\/\/www.naturadk.eu\/wp-content\/uploads\/2023\/01\/Nove-frezovaci-centrum-2023-300x208.png","datePublished":"2017-07-27T13:20:16+00:00","dateModified":"2024-12-17T14:47:30+00:00","description":"Wir produzieren an Vertikal - 3 Achsen - Bearbeitungszentrum mit einer Spindel MCV 1100 QUICK ISO 40 TNC 620 SDT Abmessungen: X \/ Y \/ Z \u2013 1 100 \/ 650 \/","breadcrumb":{"@id":"https:\/\/www.naturadk.eu\/de\/cnc-bearbeitung\/#breadcrumb"},"inLanguage":"de-DE","potentialAction":[{"@type":"ReadAction","target":["https:\/\/www.naturadk.eu\/de\/cnc-bearbeitung\/"]}]},{"@type":"ImageObject","inLanguage":"de-DE","@id":"https:\/\/www.naturadk.eu\/de\/cnc-bearbeitung\/#primaryimage","url":"https:\/\/www.naturadk.eu\/wp-content\/uploads\/2023\/01\/Nove-frezovaci-centrum-2023-300x208.png","contentUrl":"https:\/\/www.naturadk.eu\/wp-content\/uploads\/2023\/01\/Nove-frezovaci-centrum-2023-300x208.png"},{"@type":"BreadcrumbList","@id":"https:\/\/www.naturadk.eu\/de\/cnc-bearbeitung\/#breadcrumb","itemListElement":[{"@type":"ListItem","position":1,"name":"","item":"https:\/\/www.naturadk.eu\/de\/"},{"@type":"ListItem","position":2,"name":"Maschinenbau","item":"https:\/\/www.naturadk.eu\/de\/maschinenbau\/"},{"@type":"ListItem","position":3,"name":"CNC Bearbeitung"}]},{"@type":"WebSite","@id":"https:\/\/www.naturadk.eu\/#website","url":"https:\/\/www.naturadk.eu\/","name":"NATURA DK, a.s.","description":"Stroj\u00edrensk\u00e1 v\u00fdroba, slu\u017eby pro zem\u011bd\u011blstv\u00ed a obchod","potentialAction":[{"@type":"SearchAction","target":{"@type":"EntryPoint","urlTemplate":"https:\/\/www.naturadk.eu\/?s={search_term_string}"},"query-input":{"@type":"PropertyValueSpecification","valueRequired":true,"valueName":"search_term_string"}}],"inLanguage":"de-DE"}]}},"_links":{"self":[{"href":"https:\/\/www.naturadk.eu\/de\/wp-json\/wp\/v2\/pages\/883","targetHints":{"allow":["GET"]}}],"collection":[{"href":"https:\/\/www.naturadk.eu\/de\/wp-json\/wp\/v2\/pages"}],"about":[{"href":"https:\/\/www.naturadk.eu\/de\/wp-json\/wp\/v2\/types\/page"}],"author":[{"embeddable":true,"href":"https:\/\/www.naturadk.eu\/de\/wp-json\/wp\/v2\/users\/1"}],"replies":[{"embeddable":true,"href":"https:\/\/www.naturadk.eu\/de\/wp-json\/wp\/v2\/comments?post=883"}],"version-history":[{"count":5,"href":"https:\/\/www.naturadk.eu\/de\/wp-json\/wp\/v2\/pages\/883\/revisions"}],"predecessor-version":[{"id":3573,"href":"https:\/\/www.naturadk.eu\/de\/wp-json\/wp\/v2\/pages\/883\/revisions\/3573"}],"up":[{"embeddable":true,"href":"https:\/\/www.naturadk.eu\/de\/wp-json\/wp\/v2\/pages\/875"}],"wp:attachment":[{"href":"https:\/\/www.naturadk.eu\/de\/wp-json\/wp\/v2\/media?parent=883"}],"curies":[{"name":"wp","href":"https:\/\/api.w.org\/{rel}","templated":true}]}}