{"id":895,"date":"2017-07-27T15:25:41","date_gmt":"2017-07-27T13:25:41","guid":{"rendered":"https:\/\/www.naturadk.eu\/?page_id=895\/"},"modified":"2024-12-17T15:58:16","modified_gmt":"2024-12-17T14:58:16","slug":"konventionelle-bearbeitung","status":"publish","type":"page","link":"https:\/\/www.naturadk.eu\/de\/konventionelle-bearbeitung\/","title":{"rendered":"Konventionelle Bearbeitung"},"content":{"rendered":"<div class=\"col-sm-4\"><\/div>\n<div class=\"col-sm-8\">\n<p>Wir drehen:<\/p>\n<ul class=\"seznam-obrazkovy\">\n<li>bis zu einer L\u00e4nge von 5000 mm und einem Durchmesser von 350 mm<\/li>\n<li>Universalfr\u00e4sen und Sto\u00dfmaschinen (Schnellhobler)<\/li>\n<\/ul>\n<\/div>\n<div class=\"clearfix\"><\/div>\n<div class=\"row\">\n<div class=\"col-sm-3\"><a title=\"Konven\u010dn\u00ed obr\u00e1b\u011bn\u00ed\" href=\"https:\/\/www.naturadk.eu\/wp-content\/uploads\/2017\/07\/konvencni-obrabeni-1-1.jpg\" rel=\"1\"><img loading=\"lazy\" decoding=\"async\" class=\"alignnone center-block img-thumbnail size-medium wp-image-269\" src=\"https:\/\/www.naturadk.eu\/wp-content\/uploads\/2017\/07\/thumb-konvencni-obrabeni-1-300x225.jpg\" alt=\"Konven\u010dn\u00ed vyr\u00e1b\u011bn\u00ed\" width=\"300\" height=\"225\" srcset=\"https:\/\/www.naturadk.eu\/wp-content\/uploads\/2017\/07\/thumb-konvencni-obrabeni-1-300x225.jpg 300w, https:\/\/www.naturadk.eu\/wp-content\/uploads\/2017\/07\/thumb-konvencni-obrabeni-1.jpg 768w\" sizes=\"auto, (max-width: 300px) 100vw, 300px\" \/><\/a><\/div>\n<div class=\"clearfix visible-xs\"><\/div>\n<div class=\"col-sm-3\"><a title=\"Konven\u010dn\u00ed obr\u00e1b\u011bn\u00ed\" href=\"https:\/\/www.naturadk.eu\/wp-content\/uploads\/2017\/07\/konvencni-obrabeni-3.jpg\" rel=\"1\"><img loading=\"lazy\" decoding=\"async\" class=\"alignnone center-block img-thumbnail size-medium wp-image-268\" src=\"https:\/\/www.naturadk.eu\/wp-content\/uploads\/2017\/07\/thumb-konvencni-obrabeni-3-300x225.jpg\" alt=\"Konven\u010dn\u00ed vyr\u00e1b\u011bn\u00ed\" width=\"300\" height=\"225\" srcset=\"https:\/\/www.naturadk.eu\/wp-content\/uploads\/2017\/07\/thumb-konvencni-obrabeni-3-300x225.jpg 300w, https:\/\/www.naturadk.eu\/wp-content\/uploads\/2017\/07\/thumb-konvencni-obrabeni-3.jpg 576w\" sizes=\"auto, (max-width: 300px) 100vw, 300px\" \/><\/a><\/div>\n<div class=\"clearfix visible-xs\"><\/div>\n<div class=\"col-sm-3\"><a title=\"Konven\u010dn\u00ed obr\u00e1b\u011bn\u00ed\" href=\"https:\/\/www.naturadk.eu\/wp-content\/uploads\/2017\/07\/konvencni-obrabeni-4.jpg\" rel=\"1\"><img loading=\"lazy\" decoding=\"async\" class=\"alignnone center-block img-thumbnail size-medium wp-image-261\" src=\"https:\/\/www.naturadk.eu\/wp-content\/uploads\/2017\/07\/konvencni-obrabeni-4-300x225.jpg\" alt=\"Konven\u010dn\u00ed obr\u00e1b\u011bn\u00ed\" width=\"300\" height=\"225\" srcset=\"https:\/\/www.naturadk.eu\/wp-content\/uploads\/2017\/07\/konvencni-obrabeni-4-300x225.jpg 300w, https:\/\/www.naturadk.eu\/wp-content\/uploads\/2017\/07\/konvencni-obrabeni-4-768x576.jpg 768w, https:\/\/www.naturadk.eu\/wp-content\/uploads\/2017\/07\/konvencni-obrabeni-4.jpg 1024w\" sizes=\"auto, (max-width: 300px) 100vw, 300px\" \/><\/a><\/div>\n<\/div>\n<div class=\"clearfix\"><\/div>\n<div class=\"row odstavecRada\">\n<h4 class=\"col-xs-12\">Referenzen<\/h4>\n<div class=\"col-sm-6\">\n<ul>\n<li><strong>TEUPEN Maschinenbau GmbH<\/strong><\/li>\n<li><strong>BEDNAR FMT s.r.o.<\/strong><\/li>\n<li><strong>Bresskamp s.r.o.<\/strong><\/li>\n<li><strong>Hubtex Maschinenbau GmbH<\/strong><\/li>\n<li><strong>TMW, a.s.<\/strong><\/li>\n<\/ul>\n<\/div>\n<div class=\"col-sm-6\">\n<ul>\n<li><strong>Cime, s.r.o.<\/strong><\/li>\n<li><strong>Bergmann Maschinenbau GmbH<\/strong><\/li>\n<li><strong>MZ Liberec, a.s.<\/strong><\/li>\n<li><strong>Koenig &amp; Bauer Grafitec s.r.o.<\/strong><\/li>\n<li><strong>EsiDock Limited<\/strong><\/li>\n<li><strong>OPaLL-AGRI, s.r.o.<\/strong><\/li>\n<\/ul>\n<\/div>\n<div id=\"black-studio-tinymce-28\" class=\"widget widget_black_studio_tinymce amr_widget\"><div class=\"textwidget\"><hr>\r\n<div class=\"col-xs-12\">\r\n<div class=\"row formular-bg\">\r\n<div class=\"col-xs-12\">\r\n<h2 class=\"col-xs-12\">Haben Sie Fragen? Schreiben Sie uns.<\/h2>\r\n<div class=\"col-xs-12\">\n<div class=\"wpcf7 no-js\" id=\"wpcf7-f1244-o1\" lang=\"cs-CZ\" dir=\"ltr\" data-wpcf7-id=\"1244\">\n<div class=\"screen-reader-response\"><p role=\"status\" aria-live=\"polite\" aria-atomic=\"true\"><\/p> <ul><\/ul><\/div>\n<form action=\"\/de\/wp-json\/wp\/v2\/pages\/895#wpcf7-f1244-o1\" method=\"post\" class=\"wpcf7-form init form-horizontal\" aria-label=\"Kontaktformular\" novalidate=\"novalidate\" data-status=\"init\">\n<fieldset class=\"hidden-fields-container\"><input type=\"hidden\" name=\"_wpcf7\" value=\"1244\" \/><input type=\"hidden\" name=\"_wpcf7_version\" value=\"6.1.5\" \/><input type=\"hidden\" name=\"_wpcf7_locale\" value=\"cs_CZ\" \/><input type=\"hidden\" name=\"_wpcf7_unit_tag\" value=\"wpcf7-f1244-o1\" \/><input type=\"hidden\" name=\"_wpcf7_container_post\" value=\"0\" \/><input type=\"hidden\" name=\"_wpcf7_posted_data_hash\" value=\"\" \/>\n<\/fieldset>\n<div class=\"form-group your-subject\"><label class=\" control-label col-sm-3\" for=\"zamknute\">Betreff<\/label><div class=\"col-sm-9\"><input class=\"wpcf7-form-control wpcf7-text form-control\" id=\"zamknute\" name=\"your-subject\" type=\"text\" value=\"\" aria-invalid=\"false\"><\/div><\/div>\n<div class=\"form-group your-name\"><label class=\" control-label col-sm-3\">Name<\/label><div class=\"col-sm-9\"><input class=\"wpcf7-form-control wpcf7-text form-control\" name=\"your-name\" type=\"text\" value=\"\" aria-invalid=\"false\"><\/div><\/div>\n<div class=\"form-group your-email\"><label class=\" control-label col-sm-3\">E-mail <span class=\"required\">*<\/span><\/label><div class=\"col-sm-9\"><input class=\"wpcf7-form-control wpcf7-email wpcf7-validates-as-required wpcf7-text wpcf7-validates-as-email form-control\" name=\"your-email\" type=\"email\" value=\"\" aria-invalid=\"false\" aria-required=\"true\" required><\/div><\/div>\n<div class=\"form-group your-phone\"><label class=\" control-label col-sm-3\">Telefon<\/label><div class=\"col-sm-9\"><input class=\"wpcf7-form-control wpcf7-text form-control\" name=\"your-phone\" type=\"text\" value=\"\" aria-invalid=\"false\"><\/div><\/div>\n<div class=\"form-group your-message\"><label class=\" control-label col-sm-3\">Frage <span class=\"required\">*<\/span><\/label><div class=\"col-sm-9\"><textarea class=\"wpcf7-form-control wpcf7-textarea wpcf7-validates-as-required form-control\" name=\"your-message\" rows=\"4\" aria-invalid=\"false\" aria-required=\"true\" required><\/textarea><\/div><\/div>\n<span id=\"wpcf7-69f1958a79232-wrapper\" class=\"wpcf7-form-control-wrap City-wrap\" ><input type=\"hidden\" name=\"City-time-start\" value=\"1777440138\"><input type=\"hidden\" name=\"City-time-check\" value=\"6\"><label for=\"wpcf7-69f1958a79232-field\" class=\"hp-message\">Bitte lasse dieses Feld leer.<\/label><input id=\"wpcf7-69f1958a79232-field\"  class=\"wpcf7-form-control wpcf7-text\" type=\"text\" name=\"City\" value=\"\" size=\"40\" tabindex=\"-1\" autocomplete=\"new-password\" \/><\/span>\n<div class=\"form-group\"><div class=\"col-sm-9 col-sm-offset-3\"><input class=\"wpcf7-form-control wpcf7-submit btn btn-success btn-lg\" type=\"submit\" value=\"Sende eine Nachricht\"><\/div><\/div><div class=\"wpcf7-response-output alert alert-warning\"><\/div>\n<\/form>\n<\/div>\n<\/div>\r\n<\/div>\r\n<\/div>\r\n<\/div>\r\n<div class=\"clearfix\">&nbsp;<\/div><\/div><\/div>\n","protected":false},"excerpt":{"rendered":"<p>Wir drehen: bis zu einer L\u00e4nge von 5000 mm und einem Durchmesser von 350 mm Universalfr\u00e4sen und Sto\u00dfmaschinen (Schnellhobler) Referenzen TEUPEN Maschinenbau GmbH BEDNAR FMT s.r.o. Bresskamp s.r.o. Hubtex Maschinenbau GmbH TMW, a.s. Cime, s.r.o. Bergmann Maschinenbau GmbH MZ Liberec, a.s. Koenig &amp; Bauer Grafitec s.r.o. EsiDock Limited OPaLL-AGRI, s.r.o.<\/p>\n","protected":false},"author":1,"featured_media":0,"parent":875,"menu_order":0,"comment_status":"closed","ping_status":"closed","template":"","meta":{"footnotes":""},"class_list":["post-895","page","type-page","status-publish","hentry"],"yoast_head":"<!-- This site is optimized with the Yoast SEO plugin v26.9 - https:\/\/yoast.com\/product\/yoast-seo-wordpress\/ -->\n<title>Konventionelle Bearbeitung - NATURA DK, a.s.<\/title>\n<meta name=\"description\" content=\"Wir drehen: bis zu einer L\u00e4nge von 5000 mm und einem Durchmesser von 350 mm Universalfr\u00e4sen und Sto\u00dfmaschinen (Schnellhobler) Referenzen TEUPEN\" \/>\n<meta name=\"robots\" content=\"index, follow, max-snippet:-1, max-image-preview:large, max-video-preview:-1\" \/>\n<link rel=\"canonical\" href=\"https:\/\/www.naturadk.eu\/de\/konventionelle-bearbeitung\/\" \/>\n<meta property=\"og:locale\" content=\"de_DE\" \/>\n<meta property=\"og:type\" content=\"article\" \/>\n<meta property=\"og:title\" content=\"Konventionelle Bearbeitung - NATURA DK, a.s.\" \/>\n<meta property=\"og:description\" content=\"Wir drehen: bis zu einer L\u00e4nge von 5000 mm und einem Durchmesser von 350 mm Universalfr\u00e4sen und Sto\u00dfmaschinen (Schnellhobler) Referenzen TEUPEN\" \/>\n<meta property=\"og:url\" content=\"https:\/\/www.naturadk.eu\/de\/konventionelle-bearbeitung\/\" \/>\n<meta property=\"og:site_name\" content=\"NATURA DK, a.s.\" \/>\n<meta property=\"article:modified_time\" content=\"2024-12-17T14:58:16+00:00\" \/>\n<meta property=\"og:image\" content=\"https:\/\/www.naturadk.eu\/wp-content\/uploads\/2017\/07\/thumb-konvencni-obrabeni-1.jpg\" \/>\n\t<meta property=\"og:image:width\" content=\"768\" \/>\n\t<meta property=\"og:image:height\" content=\"576\" \/>\n\t<meta property=\"og:image:type\" content=\"image\/jpeg\" \/>\n<meta name=\"twitter:card\" content=\"summary_large_image\" \/>\n<meta name=\"twitter:label1\" content=\"Gesch\u00e4tzte Lesezeit\" \/>\n\t<meta name=\"twitter:data1\" content=\"1 minute\" \/>\n<script type=\"application\/ld+json\" class=\"yoast-schema-graph\">{\"@context\":\"https:\/\/schema.org\",\"@graph\":[{\"@type\":\"WebPage\",\"@id\":\"https:\/\/www.naturadk.eu\/de\/konventionelle-bearbeitung\/\",\"url\":\"https:\/\/www.naturadk.eu\/de\/konventionelle-bearbeitung\/\",\"name\":\"Konventionelle Bearbeitung - NATURA DK, a.s.\",\"isPartOf\":{\"@id\":\"https:\/\/www.naturadk.eu\/#website\"},\"primaryImageOfPage\":{\"@id\":\"https:\/\/www.naturadk.eu\/de\/konventionelle-bearbeitung\/#primaryimage\"},\"image\":{\"@id\":\"https:\/\/www.naturadk.eu\/de\/konventionelle-bearbeitung\/#primaryimage\"},\"thumbnailUrl\":\"https:\/\/www.naturadk.eu\/wp-content\/uploads\/2017\/07\/thumb-konvencni-obrabeni-1-300x225.jpg\",\"datePublished\":\"2017-07-27T13:25:41+00:00\",\"dateModified\":\"2024-12-17T14:58:16+00:00\",\"description\":\"Wir drehen: bis zu einer L\u00e4nge von 5000 mm und einem Durchmesser von 350 mm Universalfr\u00e4sen und Sto\u00dfmaschinen (Schnellhobler) Referenzen TEUPEN\",\"breadcrumb\":{\"@id\":\"https:\/\/www.naturadk.eu\/de\/konventionelle-bearbeitung\/#breadcrumb\"},\"inLanguage\":\"de-DE\",\"potentialAction\":[{\"@type\":\"ReadAction\",\"target\":[\"https:\/\/www.naturadk.eu\/de\/konventionelle-bearbeitung\/\"]}]},{\"@type\":\"ImageObject\",\"inLanguage\":\"de-DE\",\"@id\":\"https:\/\/www.naturadk.eu\/de\/konventionelle-bearbeitung\/#primaryimage\",\"url\":\"https:\/\/www.naturadk.eu\/wp-content\/uploads\/2017\/07\/thumb-konvencni-obrabeni-1-300x225.jpg\",\"contentUrl\":\"https:\/\/www.naturadk.eu\/wp-content\/uploads\/2017\/07\/thumb-konvencni-obrabeni-1-300x225.jpg\"},{\"@type\":\"BreadcrumbList\",\"@id\":\"https:\/\/www.naturadk.eu\/de\/konventionelle-bearbeitung\/#breadcrumb\",\"itemListElement\":[{\"@type\":\"ListItem\",\"position\":1,\"name\":\"\",\"item\":\"https:\/\/www.naturadk.eu\/de\/\"},{\"@type\":\"ListItem\",\"position\":2,\"name\":\"Maschinenbau\",\"item\":\"https:\/\/www.naturadk.eu\/de\/maschinenbau\/\"},{\"@type\":\"ListItem\",\"position\":3,\"name\":\"Konventionelle Bearbeitung\"}]},{\"@type\":\"WebSite\",\"@id\":\"https:\/\/www.naturadk.eu\/#website\",\"url\":\"https:\/\/www.naturadk.eu\/\",\"name\":\"NATURA DK, a.s.\",\"description\":\"Stroj\u00edrensk\u00e1 v\u00fdroba, slu\u017eby pro zem\u011bd\u011blstv\u00ed a obchod\",\"potentialAction\":[{\"@type\":\"SearchAction\",\"target\":{\"@type\":\"EntryPoint\",\"urlTemplate\":\"https:\/\/www.naturadk.eu\/?s={search_term_string}\"},\"query-input\":{\"@type\":\"PropertyValueSpecification\",\"valueRequired\":true,\"valueName\":\"search_term_string\"}}],\"inLanguage\":\"de-DE\"}]}<\/script>\n<!-- \/ Yoast SEO plugin. -->","yoast_head_json":{"title":"Konventionelle Bearbeitung - NATURA DK, a.s.","description":"Wir drehen: bis zu einer L\u00e4nge von 5000 mm und einem Durchmesser von 350 mm Universalfr\u00e4sen und Sto\u00dfmaschinen (Schnellhobler) Referenzen TEUPEN","robots":{"index":"index","follow":"follow","max-snippet":"max-snippet:-1","max-image-preview":"max-image-preview:large","max-video-preview":"max-video-preview:-1"},"canonical":"https:\/\/www.naturadk.eu\/de\/konventionelle-bearbeitung\/","og_locale":"de_DE","og_type":"article","og_title":"Konventionelle Bearbeitung - NATURA DK, a.s.","og_description":"Wir drehen: bis zu einer L\u00e4nge von 5000 mm und einem Durchmesser von 350 mm Universalfr\u00e4sen und Sto\u00dfmaschinen (Schnellhobler) Referenzen TEUPEN","og_url":"https:\/\/www.naturadk.eu\/de\/konventionelle-bearbeitung\/","og_site_name":"NATURA DK, a.s.","article_modified_time":"2024-12-17T14:58:16+00:00","og_image":[{"width":768,"height":576,"url":"https:\/\/www.naturadk.eu\/wp-content\/uploads\/2017\/07\/thumb-konvencni-obrabeni-1.jpg","type":"image\/jpeg"}],"twitter_card":"summary_large_image","twitter_misc":{"Gesch\u00e4tzte Lesezeit":"1 minute"},"schema":{"@context":"https:\/\/schema.org","@graph":[{"@type":"WebPage","@id":"https:\/\/www.naturadk.eu\/de\/konventionelle-bearbeitung\/","url":"https:\/\/www.naturadk.eu\/de\/konventionelle-bearbeitung\/","name":"Konventionelle Bearbeitung - NATURA DK, a.s.","isPartOf":{"@id":"https:\/\/www.naturadk.eu\/#website"},"primaryImageOfPage":{"@id":"https:\/\/www.naturadk.eu\/de\/konventionelle-bearbeitung\/#primaryimage"},"image":{"@id":"https:\/\/www.naturadk.eu\/de\/konventionelle-bearbeitung\/#primaryimage"},"thumbnailUrl":"https:\/\/www.naturadk.eu\/wp-content\/uploads\/2017\/07\/thumb-konvencni-obrabeni-1-300x225.jpg","datePublished":"2017-07-27T13:25:41+00:00","dateModified":"2024-12-17T14:58:16+00:00","description":"Wir drehen: bis zu einer L\u00e4nge von 5000 mm und einem Durchmesser von 350 mm Universalfr\u00e4sen und Sto\u00dfmaschinen (Schnellhobler) Referenzen TEUPEN","breadcrumb":{"@id":"https:\/\/www.naturadk.eu\/de\/konventionelle-bearbeitung\/#breadcrumb"},"inLanguage":"de-DE","potentialAction":[{"@type":"ReadAction","target":["https:\/\/www.naturadk.eu\/de\/konventionelle-bearbeitung\/"]}]},{"@type":"ImageObject","inLanguage":"de-DE","@id":"https:\/\/www.naturadk.eu\/de\/konventionelle-bearbeitung\/#primaryimage","url":"https:\/\/www.naturadk.eu\/wp-content\/uploads\/2017\/07\/thumb-konvencni-obrabeni-1-300x225.jpg","contentUrl":"https:\/\/www.naturadk.eu\/wp-content\/uploads\/2017\/07\/thumb-konvencni-obrabeni-1-300x225.jpg"},{"@type":"BreadcrumbList","@id":"https:\/\/www.naturadk.eu\/de\/konventionelle-bearbeitung\/#breadcrumb","itemListElement":[{"@type":"ListItem","position":1,"name":"","item":"https:\/\/www.naturadk.eu\/de\/"},{"@type":"ListItem","position":2,"name":"Maschinenbau","item":"https:\/\/www.naturadk.eu\/de\/maschinenbau\/"},{"@type":"ListItem","position":3,"name":"Konventionelle Bearbeitung"}]},{"@type":"WebSite","@id":"https:\/\/www.naturadk.eu\/#website","url":"https:\/\/www.naturadk.eu\/","name":"NATURA DK, a.s.","description":"Stroj\u00edrensk\u00e1 v\u00fdroba, slu\u017eby pro zem\u011bd\u011blstv\u00ed a obchod","potentialAction":[{"@type":"SearchAction","target":{"@type":"EntryPoint","urlTemplate":"https:\/\/www.naturadk.eu\/?s={search_term_string}"},"query-input":{"@type":"PropertyValueSpecification","valueRequired":true,"valueName":"search_term_string"}}],"inLanguage":"de-DE"}]}},"_links":{"self":[{"href":"https:\/\/www.naturadk.eu\/de\/wp-json\/wp\/v2\/pages\/895","targetHints":{"allow":["GET"]}}],"collection":[{"href":"https:\/\/www.naturadk.eu\/de\/wp-json\/wp\/v2\/pages"}],"about":[{"href":"https:\/\/www.naturadk.eu\/de\/wp-json\/wp\/v2\/types\/page"}],"author":[{"embeddable":true,"href":"https:\/\/www.naturadk.eu\/de\/wp-json\/wp\/v2\/users\/1"}],"replies":[{"embeddable":true,"href":"https:\/\/www.naturadk.eu\/de\/wp-json\/wp\/v2\/comments?post=895"}],"version-history":[{"count":5,"href":"https:\/\/www.naturadk.eu\/de\/wp-json\/wp\/v2\/pages\/895\/revisions"}],"predecessor-version":[{"id":3584,"href":"https:\/\/www.naturadk.eu\/de\/wp-json\/wp\/v2\/pages\/895\/revisions\/3584"}],"up":[{"embeddable":true,"href":"https:\/\/www.naturadk.eu\/de\/wp-json\/wp\/v2\/pages\/875"}],"wp:attachment":[{"href":"https:\/\/www.naturadk.eu\/de\/wp-json\/wp\/v2\/media?parent=895"}],"curies":[{"name":"wp","href":"https:\/\/api.w.org\/{rel}","templated":true}]}}