{"id":912,"date":"2017-07-27T15:32:20","date_gmt":"2017-07-27T13:32:20","guid":{"rendered":"https:\/\/www.naturadk.eu\/?page_id=912\/"},"modified":"2024-12-17T15:49:51","modified_gmt":"2024-12-17T14:49:51","slug":"schweissen","status":"publish","type":"page","link":"https:\/\/www.naturadk.eu\/de\/schweissen\/","title":{"rendered":"Schwei\u00dfen"},"content":{"rendered":"<div class=\"row\">\n<div class=\"col-sm-4\">\n<p>\t<a href=\"https:\/\/www.naturadk.eu\/wp-content\/uploads\/2017\/07\/svarovani-1.jpg\" title=\"Schwei\u00dfen\" class=\"alignnone size-full wp-image-286\"><br \/>\n\t\t<img loading=\"lazy\" decoding=\"async\" src=\"https:\/\/www.naturadk.eu\/wp-content\/uploads\/2017\/07\/svarovani-1-300x199.jpg\" alt=\"Schwei\u00dfen\" width=\"300\" height=\"199\" class=\"alignnone center-block img-thumbnail cesize-medium wp-image-286\" srcset=\"https:\/\/www.naturadk.eu\/wp-content\/uploads\/2017\/07\/svarovani-1-300x199.jpg 300w, https:\/\/www.naturadk.eu\/wp-content\/uploads\/2017\/07\/svarovani-1-768x510.jpg 768w, https:\/\/www.naturadk.eu\/wp-content\/uploads\/2017\/07\/svarovani-1.jpg 850w\" sizes=\"auto, (max-width: 300px) 100vw, 300px\" \/><br \/>\n\t<\/a>\n<\/div>\n<div class=\"col-sm-8\">\n<h3>Schwei\u00dfen mit dem Roboter QIROX QRC\u00ae 350<\/h3>\n<p>Der Schwei\u00dfroboter QIROX QRC\u00ae 350 der Firma CLOOS ist ein robuster Industrieroboter mit gro\u00dfem Arbeitsbereich, ein Konstruktionstyp mit einem Faltarm mit Drehgelenk.<\/p>\n<\/div>\n<\/div>\n<div class=\"clearfix\">&nbsp;<\/div>\n<table class=\"table table-striped table-bordered\">\n<tbody>\n<tr>\n<td>Anzahl der Achsens:<\/td>\n<td>6<\/td>\n<\/tr>\n<tr>\n<td>Nutzlast:<\/td>\n<td>15&nbsp;kg<\/td>\n<\/tr>\n<tr>\n<td>Antrieb:<\/td>\n<td>f\u00fcr jede Achse digital<\/td>\n<\/tr>\n<tr>\n<td>Motor:<\/td>\n<td>geregelter Servomotor AC<\/td>\n<\/tr>\n<tr>\n<td>System der Bahnmessung:<\/td>\n<td>digital, absolut (Resolver)<\/td>\n<\/tr>\n<tr>\n<td>Wiederholgenauigkeit:<\/td>\n<td>\u2264 \u00b1 0,1 mm<\/td>\n<\/tr>\n<tr>\n<td>Arbeitsbereich:<\/td>\n<td>kugelf\u00f6rmig, ca. \u00d8 4200<\/td>\n<\/tr>\n<tr>\n<td>Schwenkbereich der Achsen:<\/td>\n<td>Achse 1 &#8211; 340 \u00ba, Achse 2 &#8211; 200 \u00ba, Achse 3 &#8211; 290 \u00ba, Achse 4 &#8211; 358 \u00ba, Achse 5 &#8211; 270 \u00ba, Achse 6 &#8211; 600 \u00ba<\/td>\n<\/tr>\n<tr>\n<td>Max. Schwenkgeschwindigkeit:<\/td>\n<td>Achse 1 &#8211; 151 \u00ba\/s, Achse 2 &#8211; 151 \u00ba\/s, Achse 3 &#8211; 176 \u00ba\/s, Achse 4 &#8211; 290 \u00ba\/s, Achse 5 &#8211; 338 \u00ba\/s, Achse 6 &#8211; 410 \u00ba\/s<\/td>\n<\/tr>\n<\/tbody>\n<\/table>\n<div class=\"clearfix\">&nbsp;<\/div>\n<div class=\"row\">\n<div class=\"col-sm-6\">\n<p>\t\t<a href=\"https:\/\/www.naturadk.eu\/wp-content\/uploads\/2017\/07\/svarovani-robot-1.jpg\" title=\"Schwei\u00dfen\" class=\"alignnone size-full wp-image-285\"><br \/>\n\t\t\t<img loading=\"lazy\" decoding=\"async\" src=\"https:\/\/www.naturadk.eu\/wp-content\/uploads\/2017\/07\/svarovani-robot-1-283x300.jpg\" alt=\"Schwei\u00dfen\" width=\"300\" height=\"225\" class=\"alignnone center-block img-thumbnail size-medium wp-image-285\" \/><\/p>\n<p>\t\t<\/a>\n\t<\/div>\n<div class=\"clearfix visible-xs\">&nbsp;<\/div>\n<div class=\"col-sm-6\">\n\t\t<a href=\"https:\/\/www.naturadk.eu\/wp-content\/uploads\/2017\/07\/svarovani-robot-2.jpg\" title=\"Schwei\u00dfen\" class=\"alignnone size-full wp-image-289\"><br \/>\n\t\t\t<img loading=\"lazy\" decoding=\"async\" src=\"https:\/\/www.naturadk.eu\/wp-content\/uploads\/2017\/07\/thumb-svarovani-robot-2-283x300.jpg\" alt=\"Schwei\u00dfen\" width=\"300\" height=\"225\" class=\"alignnone center-block img-thumbnail size-medium wp-image-291\" \/><\/p>\n<p>\t\t<\/a>\n\t\t<\/div>\n<\/div>\n<h3>Stahlschwei\u00dfen<\/h3>\n<ul class=\"seznam-obrazkovy\">\n<li>Schwei\u00dfen von Konstruktionsstahl \u2013 MAG unter der Aufsicht des eigenen IWE<\/li>\n<li>Schwei\u00dfen von Aluminium und Edelstahl \u2013 WIG, TIG, MIG unter der Aufsicht des eigenen IWE<\/li>\n<li>Wir schwei\u00dfen auf zertifizierten Schwei\u00dftischen Siegmund, auf denen wir die maximale Pr\u00e4zision der Schwei\u00dfsegmente erzielen.<\/li>\n<\/ul>\n<div class=\"clearfix\">&nbsp;<\/div>\n<div class=\"row\">\n<div class=\"col-sm-6\">\n\t\t<a href=\"https:\/\/www.naturadk.eu\/wp-content\/uploads\/2017\/07\/svarovani-oceli-2.jpg\" title=\"Schwei\u00dfen\" class=\"alignnone size-full wp-image-288\"><br \/>\n\t\t\t<img loading=\"lazy\" decoding=\"async\" src=\"https:\/\/www.naturadk.eu\/wp-content\/uploads\/2017\/07\/thumb-svarovani-oceli-2-300x159.jpg\" alt=\"Schwei\u00dfen\" width=\"300\" height=\"225\" class=\"alignnone center-block img-thumbnail size-medium wp-image-292\" \/><\/p>\n<p>\t\t<\/a>\n\t<\/div>\n<div class=\"clearfix visible-xs\">&nbsp;<\/div>\n<div class=\"col-sm-6\">\n\t\t<a href=\"https:\/\/www.naturadk.eu\/wp-content\/uploads\/2017\/07\/svarovani-oceli-1-300x159.jpg\" title=\"Schwei\u00dfen\" class=\"alignnone size-full wp-image-287\"><br \/>\n\t\t\t<img loading=\"lazy\" decoding=\"async\" src=\"https:\/\/www.naturadk.eu\/wp-content\/uploads\/2017\/07\/svarovani-oceli-1-300x159.jpg\" alt=\"Schwei\u00dfen\" width=\"300\" height=\"225\" class=\"alignnone center-block img-thumbnail size-medium wp-image-287\" \/><\/p>\n<p>\t\t<\/a>\n\t\t<\/div>\n<\/div>\n<div class=\"row odstavecRada\">\n<h4 class=\"col-xs-12\">Referenzen<\/h4>\n<div class=\"col-sm-6\">\n<ul>\n<li><strong>TEUPEN Maschinenbau GmbH<\/strong><\/li>\n<li><strong>BEDNAR FMT s.r.o.<\/strong><\/li>\n<li><strong>Bresskamp s.r.o.<\/strong><\/li>\n<li><strong>Hubtex Maschinenbau GmbH<\/strong><\/li>\n<li><strong>TMW, a.s.<\/strong><\/li>\n<\/ul>\n<\/div>\n<div class=\"col-sm-6\">\n<ul>\n<li><strong>Cime, s.r.o.<\/strong><\/li>\n<li><strong>Bergmann Maschinenbau GmbH<\/strong><\/li>\n<li><strong>MZ Liberec, a.s.<\/strong><\/li>\n<li><strong>Koenig &amp; Bauer Grafitec s.r.o.<\/strong><\/li>\n<li><strong>EsiDock Limited<\/strong><\/li>\n<li><strong>OPaLL-AGRI, s.r.o.<\/strong><\/li>\n<\/ul><\/div>\n<\/div>\n<div id=\"black-studio-tinymce-28\" class=\"widget widget_black_studio_tinymce amr_widget\"><div class=\"textwidget\"><hr>\r\n<div class=\"col-xs-12\">\r\n<div class=\"row formular-bg\">\r\n<div class=\"col-xs-12\">\r\n<h2 class=\"col-xs-12\">Haben Sie Fragen? Schreiben Sie uns.<\/h2>\r\n<div class=\"col-xs-12\">\n<div class=\"wpcf7 no-js\" id=\"wpcf7-f1244-o1\" lang=\"cs-CZ\" dir=\"ltr\" data-wpcf7-id=\"1244\">\n<div class=\"screen-reader-response\"><p role=\"status\" aria-live=\"polite\" aria-atomic=\"true\"><\/p> <ul><\/ul><\/div>\n<form action=\"\/de\/wp-json\/wp\/v2\/pages\/912#wpcf7-f1244-o1\" method=\"post\" class=\"wpcf7-form init form-horizontal\" aria-label=\"Kontaktformular\" novalidate=\"novalidate\" data-status=\"init\">\n<fieldset class=\"hidden-fields-container\"><input type=\"hidden\" name=\"_wpcf7\" value=\"1244\" \/><input type=\"hidden\" name=\"_wpcf7_version\" value=\"6.1.5\" \/><input type=\"hidden\" name=\"_wpcf7_locale\" value=\"cs_CZ\" \/><input type=\"hidden\" name=\"_wpcf7_unit_tag\" value=\"wpcf7-f1244-o1\" \/><input type=\"hidden\" name=\"_wpcf7_container_post\" value=\"0\" \/><input type=\"hidden\" name=\"_wpcf7_posted_data_hash\" value=\"\" \/>\n<\/fieldset>\n<div class=\"form-group your-subject\"><label class=\" control-label col-sm-3\" for=\"zamknute\">Betreff<\/label><div class=\"col-sm-9\"><input class=\"wpcf7-form-control wpcf7-text form-control\" id=\"zamknute\" name=\"your-subject\" type=\"text\" value=\"\" aria-invalid=\"false\"><\/div><\/div>\n<div class=\"form-group your-name\"><label class=\" control-label col-sm-3\">Name<\/label><div class=\"col-sm-9\"><input class=\"wpcf7-form-control wpcf7-text form-control\" name=\"your-name\" type=\"text\" value=\"\" aria-invalid=\"false\"><\/div><\/div>\n<div class=\"form-group your-email\"><label class=\" control-label col-sm-3\">E-mail <span class=\"required\">*<\/span><\/label><div class=\"col-sm-9\"><input class=\"wpcf7-form-control wpcf7-email wpcf7-validates-as-required wpcf7-text wpcf7-validates-as-email form-control\" name=\"your-email\" type=\"email\" value=\"\" aria-invalid=\"false\" aria-required=\"true\" required><\/div><\/div>\n<div class=\"form-group your-phone\"><label class=\" control-label col-sm-3\">Telefon<\/label><div class=\"col-sm-9\"><input class=\"wpcf7-form-control wpcf7-text form-control\" name=\"your-phone\" type=\"text\" value=\"\" aria-invalid=\"false\"><\/div><\/div>\n<div class=\"form-group your-message\"><label class=\" control-label col-sm-3\">Frage <span class=\"required\">*<\/span><\/label><div class=\"col-sm-9\"><textarea class=\"wpcf7-form-control wpcf7-textarea wpcf7-validates-as-required form-control\" name=\"your-message\" rows=\"4\" aria-invalid=\"false\" aria-required=\"true\" required><\/textarea><\/div><\/div>\n<span id=\"wpcf7-69ddfb2d81bea-wrapper\" class=\"wpcf7-form-control-wrap City-wrap\" ><input type=\"hidden\" name=\"City-time-start\" value=\"1776155437\"><input type=\"hidden\" name=\"City-time-check\" value=\"6\"><label for=\"wpcf7-69ddfb2d81bea-field\" class=\"hp-message\">Bitte lasse dieses Feld leer.<\/label><input id=\"wpcf7-69ddfb2d81bea-field\"  class=\"wpcf7-form-control wpcf7-text\" type=\"text\" name=\"City\" value=\"\" size=\"40\" tabindex=\"-1\" autocomplete=\"new-password\" \/><\/span>\n<div class=\"form-group\"><div class=\"col-sm-9 col-sm-offset-3\"><input class=\"wpcf7-form-control wpcf7-submit btn btn-success btn-lg\" type=\"submit\" value=\"Sende eine Nachricht\"><\/div><\/div><div class=\"wpcf7-response-output alert alert-warning\"><\/div>\n<\/form>\n<\/div>\n<\/div>\r\n<\/div>\r\n<\/div>\r\n<\/div>\r\n<div class=\"clearfix\">&nbsp;<\/div><\/div><\/div>\n","protected":false},"excerpt":{"rendered":"<p>Schwei\u00dfen mit dem Roboter QIROX QRC\u00ae 350 Der Schwei\u00dfroboter QIROX QRC\u00ae 350 der Firma CLOOS ist ein robuster Industrieroboter mit gro\u00dfem Arbeitsbereich, ein Konstruktionstyp mit einem Faltarm mit Drehgelenk. &nbsp; Anzahl der Achsens: 6 Nutzlast: 15&nbsp;kg Antrieb: f\u00fcr jede Achse digital Motor: geregelter Servomotor AC System der Bahnmessung: digital, absolut (Resolver) Wiederholgenauigkeit: \u2264 \u00b1 0,1 &hellip;<\/p>\n","protected":false},"author":1,"featured_media":0,"parent":875,"menu_order":0,"comment_status":"closed","ping_status":"closed","template":"","meta":{"footnotes":""},"class_list":["post-912","page","type-page","status-publish","hentry"],"yoast_head":"<!-- This site is optimized with the Yoast SEO plugin v26.9 - https:\/\/yoast.com\/product\/yoast-seo-wordpress\/ -->\n<title>Schwei\u00dfen - NATURA DK, a.s.<\/title>\n<meta name=\"description\" content=\"Schwei\u00dfen mit dem Roboter QIROX QRC\u00ae 350 Der Schwei\u00dfroboter QIROX QRC\u00ae 350 der Firma CLOOS ist ein robuster Industrieroboter mit gro\u00dfem Arbeitsbereich,\" \/>\n<meta name=\"robots\" content=\"index, follow, max-snippet:-1, max-image-preview:large, max-video-preview:-1\" \/>\n<link rel=\"canonical\" href=\"https:\/\/www.naturadk.eu\/de\/schweissen\/\" \/>\n<meta property=\"og:locale\" content=\"de_DE\" \/>\n<meta property=\"og:type\" content=\"article\" \/>\n<meta property=\"og:title\" content=\"Schwei\u00dfen - NATURA DK, a.s.\" \/>\n<meta property=\"og:description\" content=\"Schwei\u00dfen mit dem Roboter QIROX QRC\u00ae 350 Der Schwei\u00dfroboter QIROX QRC\u00ae 350 der Firma CLOOS ist ein robuster Industrieroboter mit gro\u00dfem Arbeitsbereich,\" \/>\n<meta property=\"og:url\" content=\"https:\/\/www.naturadk.eu\/de\/schweissen\/\" \/>\n<meta property=\"og:site_name\" content=\"NATURA DK, a.s.\" \/>\n<meta property=\"article:modified_time\" content=\"2024-12-17T14:49:51+00:00\" \/>\n<meta property=\"og:image\" content=\"https:\/\/www.naturadk.eu\/wp-content\/uploads\/2017\/07\/svarovani-1.jpg\" \/>\n\t<meta property=\"og:image:width\" content=\"850\" \/>\n\t<meta property=\"og:image:height\" content=\"565\" \/>\n\t<meta property=\"og:image:type\" content=\"image\/jpeg\" \/>\n<meta name=\"twitter:card\" content=\"summary_large_image\" \/>\n<meta name=\"twitter:label1\" content=\"Gesch\u00e4tzte Lesezeit\" \/>\n\t<meta name=\"twitter:data1\" content=\"3 minutes\" \/>\n<script type=\"application\/ld+json\" class=\"yoast-schema-graph\">{\"@context\":\"https:\/\/schema.org\",\"@graph\":[{\"@type\":\"WebPage\",\"@id\":\"https:\/\/www.naturadk.eu\/de\/schweissen\/\",\"url\":\"https:\/\/www.naturadk.eu\/de\/schweissen\/\",\"name\":\"Schwei\u00dfen - NATURA DK, a.s.\",\"isPartOf\":{\"@id\":\"https:\/\/www.naturadk.eu\/#website\"},\"primaryImageOfPage\":{\"@id\":\"https:\/\/www.naturadk.eu\/de\/schweissen\/#primaryimage\"},\"image\":{\"@id\":\"https:\/\/www.naturadk.eu\/de\/schweissen\/#primaryimage\"},\"thumbnailUrl\":\"https:\/\/www.naturadk.eu\/wp-content\/uploads\/2017\/07\/svarovani-1-300x199.jpg\",\"datePublished\":\"2017-07-27T13:32:20+00:00\",\"dateModified\":\"2024-12-17T14:49:51+00:00\",\"description\":\"Schwei\u00dfen mit dem Roboter QIROX QRC\u00ae 350 Der Schwei\u00dfroboter QIROX QRC\u00ae 350 der Firma CLOOS ist ein robuster Industrieroboter mit gro\u00dfem Arbeitsbereich,\",\"breadcrumb\":{\"@id\":\"https:\/\/www.naturadk.eu\/de\/schweissen\/#breadcrumb\"},\"inLanguage\":\"de-DE\",\"potentialAction\":[{\"@type\":\"ReadAction\",\"target\":[\"https:\/\/www.naturadk.eu\/de\/schweissen\/\"]}]},{\"@type\":\"ImageObject\",\"inLanguage\":\"de-DE\",\"@id\":\"https:\/\/www.naturadk.eu\/de\/schweissen\/#primaryimage\",\"url\":\"https:\/\/www.naturadk.eu\/wp-content\/uploads\/2017\/07\/svarovani-1-300x199.jpg\",\"contentUrl\":\"https:\/\/www.naturadk.eu\/wp-content\/uploads\/2017\/07\/svarovani-1-300x199.jpg\"},{\"@type\":\"BreadcrumbList\",\"@id\":\"https:\/\/www.naturadk.eu\/de\/schweissen\/#breadcrumb\",\"itemListElement\":[{\"@type\":\"ListItem\",\"position\":1,\"name\":\"\",\"item\":\"https:\/\/www.naturadk.eu\/de\/\"},{\"@type\":\"ListItem\",\"position\":2,\"name\":\"Maschinenbau\",\"item\":\"https:\/\/www.naturadk.eu\/de\/maschinenbau\/\"},{\"@type\":\"ListItem\",\"position\":3,\"name\":\"Schwei\u00dfen\"}]},{\"@type\":\"WebSite\",\"@id\":\"https:\/\/www.naturadk.eu\/#website\",\"url\":\"https:\/\/www.naturadk.eu\/\",\"name\":\"NATURA DK, a.s.\",\"description\":\"Stroj\u00edrensk\u00e1 v\u00fdroba, slu\u017eby pro zem\u011bd\u011blstv\u00ed a obchod\",\"potentialAction\":[{\"@type\":\"SearchAction\",\"target\":{\"@type\":\"EntryPoint\",\"urlTemplate\":\"https:\/\/www.naturadk.eu\/?s={search_term_string}\"},\"query-input\":{\"@type\":\"PropertyValueSpecification\",\"valueRequired\":true,\"valueName\":\"search_term_string\"}}],\"inLanguage\":\"de-DE\"}]}<\/script>\n<!-- \/ Yoast SEO plugin. -->","yoast_head_json":{"title":"Schwei\u00dfen - NATURA DK, a.s.","description":"Schwei\u00dfen mit dem Roboter QIROX QRC\u00ae 350 Der Schwei\u00dfroboter QIROX QRC\u00ae 350 der Firma CLOOS ist ein robuster Industrieroboter mit gro\u00dfem Arbeitsbereich,","robots":{"index":"index","follow":"follow","max-snippet":"max-snippet:-1","max-image-preview":"max-image-preview:large","max-video-preview":"max-video-preview:-1"},"canonical":"https:\/\/www.naturadk.eu\/de\/schweissen\/","og_locale":"de_DE","og_type":"article","og_title":"Schwei\u00dfen - NATURA DK, a.s.","og_description":"Schwei\u00dfen mit dem Roboter QIROX QRC\u00ae 350 Der Schwei\u00dfroboter QIROX QRC\u00ae 350 der Firma CLOOS ist ein robuster Industrieroboter mit gro\u00dfem Arbeitsbereich,","og_url":"https:\/\/www.naturadk.eu\/de\/schweissen\/","og_site_name":"NATURA DK, a.s.","article_modified_time":"2024-12-17T14:49:51+00:00","og_image":[{"width":850,"height":565,"url":"https:\/\/www.naturadk.eu\/wp-content\/uploads\/2017\/07\/svarovani-1.jpg","type":"image\/jpeg"}],"twitter_card":"summary_large_image","twitter_misc":{"Gesch\u00e4tzte Lesezeit":"3 minutes"},"schema":{"@context":"https:\/\/schema.org","@graph":[{"@type":"WebPage","@id":"https:\/\/www.naturadk.eu\/de\/schweissen\/","url":"https:\/\/www.naturadk.eu\/de\/schweissen\/","name":"Schwei\u00dfen - NATURA DK, a.s.","isPartOf":{"@id":"https:\/\/www.naturadk.eu\/#website"},"primaryImageOfPage":{"@id":"https:\/\/www.naturadk.eu\/de\/schweissen\/#primaryimage"},"image":{"@id":"https:\/\/www.naturadk.eu\/de\/schweissen\/#primaryimage"},"thumbnailUrl":"https:\/\/www.naturadk.eu\/wp-content\/uploads\/2017\/07\/svarovani-1-300x199.jpg","datePublished":"2017-07-27T13:32:20+00:00","dateModified":"2024-12-17T14:49:51+00:00","description":"Schwei\u00dfen mit dem Roboter QIROX QRC\u00ae 350 Der Schwei\u00dfroboter QIROX QRC\u00ae 350 der Firma CLOOS ist ein robuster Industrieroboter mit gro\u00dfem Arbeitsbereich,","breadcrumb":{"@id":"https:\/\/www.naturadk.eu\/de\/schweissen\/#breadcrumb"},"inLanguage":"de-DE","potentialAction":[{"@type":"ReadAction","target":["https:\/\/www.naturadk.eu\/de\/schweissen\/"]}]},{"@type":"ImageObject","inLanguage":"de-DE","@id":"https:\/\/www.naturadk.eu\/de\/schweissen\/#primaryimage","url":"https:\/\/www.naturadk.eu\/wp-content\/uploads\/2017\/07\/svarovani-1-300x199.jpg","contentUrl":"https:\/\/www.naturadk.eu\/wp-content\/uploads\/2017\/07\/svarovani-1-300x199.jpg"},{"@type":"BreadcrumbList","@id":"https:\/\/www.naturadk.eu\/de\/schweissen\/#breadcrumb","itemListElement":[{"@type":"ListItem","position":1,"name":"","item":"https:\/\/www.naturadk.eu\/de\/"},{"@type":"ListItem","position":2,"name":"Maschinenbau","item":"https:\/\/www.naturadk.eu\/de\/maschinenbau\/"},{"@type":"ListItem","position":3,"name":"Schwei\u00dfen"}]},{"@type":"WebSite","@id":"https:\/\/www.naturadk.eu\/#website","url":"https:\/\/www.naturadk.eu\/","name":"NATURA DK, a.s.","description":"Stroj\u00edrensk\u00e1 v\u00fdroba, slu\u017eby pro zem\u011bd\u011blstv\u00ed a obchod","potentialAction":[{"@type":"SearchAction","target":{"@type":"EntryPoint","urlTemplate":"https:\/\/www.naturadk.eu\/?s={search_term_string}"},"query-input":{"@type":"PropertyValueSpecification","valueRequired":true,"valueName":"search_term_string"}}],"inLanguage":"de-DE"}]}},"_links":{"self":[{"href":"https:\/\/www.naturadk.eu\/de\/wp-json\/wp\/v2\/pages\/912","targetHints":{"allow":["GET"]}}],"collection":[{"href":"https:\/\/www.naturadk.eu\/de\/wp-json\/wp\/v2\/pages"}],"about":[{"href":"https:\/\/www.naturadk.eu\/de\/wp-json\/wp\/v2\/types\/page"}],"author":[{"embeddable":true,"href":"https:\/\/www.naturadk.eu\/de\/wp-json\/wp\/v2\/users\/1"}],"replies":[{"embeddable":true,"href":"https:\/\/www.naturadk.eu\/de\/wp-json\/wp\/v2\/comments?post=912"}],"version-history":[{"count":3,"href":"https:\/\/www.naturadk.eu\/de\/wp-json\/wp\/v2\/pages\/912\/revisions"}],"predecessor-version":[{"id":3576,"href":"https:\/\/www.naturadk.eu\/de\/wp-json\/wp\/v2\/pages\/912\/revisions\/3576"}],"up":[{"embeddable":true,"href":"https:\/\/www.naturadk.eu\/de\/wp-json\/wp\/v2\/pages\/875"}],"wp:attachment":[{"href":"https:\/\/www.naturadk.eu\/de\/wp-json\/wp\/v2\/media?parent=912"}],"curies":[{"name":"wp","href":"https:\/\/api.w.org\/{rel}","templated":true}]}}