{"id":214,"date":"2017-07-20T14:30:57","date_gmt":"2017-07-20T12:30:57","guid":{"rendered":"https:\/\/www.naturadk.eu\/?page_id=214\/"},"modified":"2024-12-17T15:55:32","modified_gmt":"2024-12-17T14:55:32","slug":"cnc-machining","status":"publish","type":"page","link":"https:\/\/www.naturadk.eu\/en\/cnc-machining\/","title":{"rendered":"CNC Machining"},"content":{"rendered":"<div class=\"col-sm-4\">\n<p><a class=\"alignnone size-full wp-image-248\" title=\"CNC Machining\" href=\"https:\/\/www.naturadk.eu\/wp-content\/uploads\/2023\/01\/Nove-frezovaci-centrum-2023-300x208.png\"><br \/>\n<img loading=\"lazy\" decoding=\"async\" class=\"center-block img-thumbnail alignnone wp-image-3023 size-medium\" src=\"https:\/\/www.naturadk.eu\/wp-content\/uploads\/2023\/01\/Nove-frezovaci-centrum-2023-300x208.png\" alt=\"\" width=\"300\" height=\"208\" srcset=\"https:\/\/www.naturadk.eu\/wp-content\/uploads\/2023\/01\/Nove-frezovaci-centrum-2023-300x208.png 300w, https:\/\/www.naturadk.eu\/wp-content\/uploads\/2023\/01\/Nove-frezovaci-centrum-2023-768x532.png 768w, https:\/\/www.naturadk.eu\/wp-content\/uploads\/2023\/01\/Nove-frezovaci-centrum-2023.png 795w\" sizes=\"auto, (max-width: 300px) 100vw, 300px\" \/><br \/>\n<\/a><\/p>\n<\/div>\n<div class=\"col-sm-8\">\n<h3>Machining on Single spindle vertical milling center \u2013 3 axis: MCV 1100 QUICK ISO 40 TNC 620 SDT<\/h3>\n<ul class=\"seznam-obrazkovy\">\n<li>Dimensions: X \/ Y \/ Z&nbsp;\u2013 1&nbsp;100 \/ 650 \/ 750 mm<\/li>\n<li>Max. table area: 1&nbsp;300 x 650 mm<\/li>\n<li>Max. table load: 1&nbsp;250&nbsp;Kg<\/li>\n<li>Max. spindle speed: 0 &#8211; 12&nbsp;000 min-1<\/li>\n<li>Quick toll change \u2013 automatic toll changer: 24 pcs<\/li>\n<li>Central air colling: 20 bar<\/li>\n<\/ul>\n<\/div>\n<div class=\"clearfix\"><\/div>\n<hr \/>\n<div class=\"col-sm-4\">\n<p><a class=\"alignnone size-full wp-image-248\" title=\"CNC Machining\" href=\"https:\/\/www.naturadk.eu\/wp-content\/uploads\/2017\/07\/cnc-obrabeni-1.jpg\"><br \/>\n<img loading=\"lazy\" decoding=\"async\" class=\"alignnone center-block img-thumbnail size-medium wp-image-248\" src=\"https:\/\/www.naturadk.eu\/wp-content\/uploads\/2017\/07\/cnc-obrabeni-1-300x199.jpg\" alt=\"CNC Machining\" width=\"300\" height=\"199\" srcset=\"https:\/\/www.naturadk.eu\/wp-content\/uploads\/2017\/07\/cnc-obrabeni-1-300x199.jpg 300w, https:\/\/www.naturadk.eu\/wp-content\/uploads\/2017\/07\/cnc-obrabeni-1-768x510.jpg 768w, https:\/\/www.naturadk.eu\/wp-content\/uploads\/2017\/07\/cnc-obrabeni-1.jpg 850w\" sizes=\"auto, (max-width: 300px) 100vw, 300px\" \/><br \/>\n<\/a><\/p>\n<\/div>\n<div class=\"col-sm-8\">\n<h3>Machining on WFT 13 CNC FERMAT horizontal boring machine<\/h3>\n<ul class=\"seznam-obrazkovy\">\n<li>Fast and accurate precision CNC machining<\/li>\n<li>Table X axis travel \u2013 3000 mm<\/li>\n<li>Spindle Y axis travel \u2013 2000 mm<\/li>\n<li>Column Z&nbsp;axis travel \u2013 1200 mm<\/li>\n<li>Spindle W axis protrusion \u2013 700 mm<\/li>\n<li>1800 x 2200 mm rotating table with 15-ton load capacity<\/li>\n<\/ul>\n<\/div>\n<div class=\"clearfix\"><\/div>\n<hr \/>\n<div class=\"row\">\n<div class=\"col-sm-8\">\n<h3 class=\"p-t-0\">Machining on Optimum L44 CNC lathe<\/h3>\n<ul class=\"seznam-obrazkovy\">\n<li>Max. rotation average above bed \u2013 446 mm<\/li>\n<li>Max. rotation length \u2013 850 mm<\/li>\n<li>Shift scope \u2013 X axis \u2013 165 mm<\/li>\n<li>Shift scope \u2013 Z&nbsp;axis \u2013 600 mm<\/li>\n<li>Spindle passage \u2013 52 mm<\/li>\n<li>Toolholder for 8 tools, automatic replacement<\/li>\n<li>Electronic resolution 0.001 mm<\/li>\n<li>Repeatable accuracy 0.007 mm<\/li>\n<\/ul>\n<\/div>\n<div class=\"clearfix visible-xs\"><\/div>\n<div class=\"col-sm-4\">\n<div class=\"clearfix visible-xs\"><\/div>\n<p><a class=\"alignnone size-full wp-image-249\" title=\"CNC machining\" href=\"https:\/\/www.naturadk.eu\/wp-content\/uploads\/2017\/07\/CNC-soustruh.jpg\"><br \/>\n<img loading=\"lazy\" decoding=\"async\" class=\"alignnone center-block img-thumbnail size-medium wp-image-249\" src=\"https:\/\/www.naturadk.eu\/wp-content\/uploads\/2017\/07\/CNC-soustruh-300x225.jpg\" alt=\"CNC machining\" width=\"300\" height=\"225\" srcset=\"https:\/\/www.naturadk.eu\/wp-content\/uploads\/2017\/07\/CNC-soustruh-300x225.jpg 300w, https:\/\/www.naturadk.eu\/wp-content\/uploads\/2017\/07\/CNC-soustruh.jpg 600w\" sizes=\"auto, (max-width: 300px) 100vw, 300px\" \/><br \/>\n<\/a><\/p>\n<\/div>\n<\/div>\n<div class=\"clearfix\"><\/div>\n<hr \/>\n<div class=\"row\">\n<div class=\"col-sm-4\">\n<div class=\"clearfix visible-xs\"><\/div>\n<p><a class=\"alignnone size-full wp-image-247\" title=\"STYLE BT 1500\" href=\"https:\/\/www.naturadk.eu\/wp-content\/uploads\/2017\/07\/STYLE-BT-1500.jpg\"><br \/>\n<img loading=\"lazy\" decoding=\"async\" class=\"alignnone center-block img-thumbnail size-medium wp-image-247\" src=\"https:\/\/www.naturadk.eu\/wp-content\/uploads\/2017\/07\/STYLE-BT-1500-300x225.jpg\" alt=\"STYLE BT 1500\" width=\"300\" height=\"225\" srcset=\"https:\/\/www.naturadk.eu\/wp-content\/uploads\/2017\/07\/STYLE-BT-1500-300x225.jpg 300w, https:\/\/www.naturadk.eu\/wp-content\/uploads\/2017\/07\/STYLE-BT-1500.jpg 600w\" sizes=\"auto, (max-width: 300px) 100vw, 300px\" \/><br \/>\n<\/a><\/p>\n<\/div>\n<div class=\"clearfix visible-xs\"><\/div>\n<div class=\"col-sm-8\">\n<h3 class=\"p-t-0\">Machining on CNC STYLE BT 1500 lathe<\/h3>\n<ul class=\"seznam-obrazkovy\">\n<li>Size of table for fixing workpiece \u2013 610 x 1810 mm<\/li>\n<li>Scope of travel on axis X\/Y\/Z &#8211; 1500\/650\/600 mm<\/li>\n<li>Max. spindle revolution &#8211; 8000 RPM<\/li>\n<li>Shift scope \u2013 0.01-2000 mm\/min.<\/li>\n<li>Fast shift &#8211; 10 m\/min.<\/li>\n<li>Max. deviation \u2013 0.005mm<\/li>\n<\/ul>\n<\/div>\n<\/div>\n<p>&nbsp;<\/p>\n<div class=\"row\">\n<div class=\"col-sm-8\">\n<hr \/>\n<\/div>\n<\/div>\n<h3 class=\"p-t-0\">Machining on CNC DOOSAN &#8211; PUMA 2600SYII<\/h3>\n<p><strong>Basic workpiece sizes are:<\/strong><\/p>\n<ul class=\"seznam-obrazkovy\">\n<li>in the production from bars &#8211; up to 80 mm diameter and 760 mm in length<\/li>\n<li>in the production from cut &#8211; up to 630 mm and 760 mm in length<\/li>\n<li>in the production of flanged workpieces up to diameter 780 mm<a href=\"https:\/\/www.naturadk.eu\/wp-content\/uploads\/2019\/10\/PUMA-DOOSAN-2600.jpg\"><img loading=\"lazy\" decoding=\"async\" class=\"center-block img-thumbnail alignright wp-image-2277 size-medium\" src=\"https:\/\/www.naturadk.eu\/wp-content\/uploads\/2019\/10\/PUMA-DOOSAN-2600-300x210.jpg\" alt=\"CNC soustru PUMA\" width=\"300\" height=\"210\" srcset=\"https:\/\/www.naturadk.eu\/wp-content\/uploads\/2019\/10\/PUMA-DOOSAN-2600-300x210.jpg 300w, https:\/\/www.naturadk.eu\/wp-content\/uploads\/2019\/10\/PUMA-DOOSAN-2600-768x537.jpg 768w, https:\/\/www.naturadk.eu\/wp-content\/uploads\/2019\/10\/PUMA-DOOSAN-2600-1024x716.jpg 1024w, https:\/\/www.naturadk.eu\/wp-content\/uploads\/2019\/10\/PUMA-DOOSAN-2600.jpg 1188w\" sizes=\"auto, (max-width: 300px) 100vw, 300px\" \/><\/a><\/li>\n<li>maximum workpiece weight without support\u00a0 225&nbsp;kg<\/li>\n<li>when supported by a counterspindle\u00a0 495&nbsp;kg<\/li>\n<\/ul>\n<p>&nbsp;<\/p>\n<p>&nbsp;<\/p>\n<p>&nbsp;<\/p>\n<p>&nbsp;<\/p>\n<p>&nbsp;<\/p>\n<p>&nbsp;<\/p>\n<div class=\"row odstavecRada\">\n<div class=\"col-sm-6\">\n<h4>References<\/h4>\n<ul>\n<li><strong>TEUPEN Maschinenbau GmbH<\/strong><\/li>\n<li><strong>BEDNAR FMT s.r.o.<\/strong><\/li>\n<li><strong>Bresskamp s.r.o.<\/strong><\/li>\n<li><strong>Hubtex Maschinenbau GmbH<\/strong><\/li>\n<li><strong>TMW, a.s.<\/strong><\/li>\n<\/ul>\n<\/div>\n<div class=\"col-sm-6\">\n<ul>\n<li><strong>Cime, s.r.o.<\/strong><\/li>\n<li><strong>Bergmann Maschinenbau GmbH<\/strong><\/li>\n<li><strong>MZ Liberec, a.s.<\/strong><\/li>\n<li><strong>Koenig &amp; Bauer Grafitec s.r.o.<\/strong><\/li>\n<li><strong>EsiDock Limited<\/strong><\/li>\n<li><strong>OPaLL-AGRI, s.r.o.<\/strong><\/li>\n<\/ul>\n<\/div>\n<\/div>\n<div id=\"black-studio-tinymce-19\" class=\"widget widget_black_studio_tinymce amr_widget\"><div class=\"textwidget\"><hr>\r\n<div class=\"col-xs-12\">\r\n<div class=\"row formular-bg\">\r\n<div class=\"col-xs-12\">\r\n<h2 class=\"col-xs-12\">Do you have a question? Send us a message<\/h2>\r\n<div class=\"col-xs-12\">\n<div class=\"wpcf7 no-js\" id=\"wpcf7-f1243-o1\" lang=\"cs-CZ\" dir=\"ltr\" data-wpcf7-id=\"1243\">\n<div class=\"screen-reader-response\"><p role=\"status\" aria-live=\"polite\" aria-atomic=\"true\"><\/p> <ul><\/ul><\/div>\n<form action=\"\/en\/wp-json\/wp\/v2\/pages\/214#wpcf7-f1243-o1\" method=\"post\" class=\"wpcf7-form init form-horizontal\" aria-label=\"Kontaktn\u00ed formul\u00e1\u0159\" novalidate=\"novalidate\" data-status=\"init\">\n<fieldset class=\"hidden-fields-container\"><input type=\"hidden\" name=\"_wpcf7\" value=\"1243\" \/><input type=\"hidden\" name=\"_wpcf7_version\" value=\"6.1.5\" \/><input type=\"hidden\" name=\"_wpcf7_locale\" value=\"cs_CZ\" \/><input type=\"hidden\" name=\"_wpcf7_unit_tag\" value=\"wpcf7-f1243-o1\" \/><input type=\"hidden\" name=\"_wpcf7_container_post\" value=\"0\" \/><input type=\"hidden\" name=\"_wpcf7_posted_data_hash\" value=\"\" \/>\n<\/fieldset>\n<div class=\"form-group your-subject\"><label class=\" control-label col-sm-3\" for=\"zamknute\">Subject<\/label><div class=\"col-sm-9\"><input class=\"wpcf7-form-control wpcf7-text form-control\" id=\"zamknute\" name=\"your-subject\" type=\"text\" value=\"\" aria-invalid=\"false\"><\/div><\/div>\n<div class=\"form-group your-name\"><label class=\" control-label col-sm-3\">Name<\/label><div class=\"col-sm-9\"><input class=\"wpcf7-form-control wpcf7-text form-control\" name=\"your-name\" type=\"text\" value=\"\" aria-invalid=\"false\"><\/div><\/div>\n<div class=\"form-group your-email\"><label class=\" control-label col-sm-3\">E-mail <span class=\"required\">*<\/span><\/label><div class=\"col-sm-9\"><input class=\"wpcf7-form-control wpcf7-email wpcf7-validates-as-required wpcf7-text wpcf7-validates-as-email form-control\" name=\"your-email\" type=\"email\" value=\"\" aria-invalid=\"false\" aria-required=\"true\" required><\/div><\/div>\n<div class=\"form-group your-phone\"><label class=\" control-label col-sm-3\">Phone<\/label><div class=\"col-sm-9\"><input class=\"wpcf7-form-control wpcf7-text form-control\" name=\"your-phone\" type=\"text\" value=\"\" aria-invalid=\"false\"><\/div><\/div>\n<div class=\"form-group your-message\"><label class=\" control-label col-sm-3\">Message <span class=\"required\">*<\/span><\/label><div class=\"col-sm-9\"><textarea class=\"wpcf7-form-control wpcf7-textarea wpcf7-validates-as-required form-control\" name=\"your-message\" rows=\"4\" aria-invalid=\"false\" aria-required=\"true\" required><\/textarea><\/div><\/div>\n<span id=\"wpcf7-69f17e15ede7e-wrapper\" class=\"wpcf7-form-control-wrap City-wrap\" ><input type=\"hidden\" name=\"City-time-start\" value=\"1777434133\"><input type=\"hidden\" name=\"City-time-check\" value=\"6\"><label for=\"wpcf7-69f17e15ede7e-field\" class=\"hp-message\">Ponechte toto pole pr\u00e1zdn\u00e9.<\/label><input id=\"wpcf7-69f17e15ede7e-field\"  class=\"wpcf7-form-control wpcf7-text\" type=\"text\" name=\"City\" value=\"\" size=\"40\" tabindex=\"-1\" autocomplete=\"new-password\" \/><\/span>\n<div class=\"form-group\"><div class=\"col-sm-9 col-sm-offset-3\"><input class=\"wpcf7-form-control wpcf7-submit btn btn-success btn-lg\" type=\"submit\" value=\"Send message\"><\/div><\/div><div class=\"wpcf7-response-output alert alert-warning\"><\/div>\n<\/form>\n<\/div>\n<\/div>\r\n<\/div>\r\n<\/div>\r\n<\/div>\r\n<div class=\"clearfix\">&nbsp;<\/div><\/div><\/div>\n","protected":false},"excerpt":{"rendered":"<p>Machining on Single spindle vertical milling center \u2013 3 axis: MCV 1100 QUICK ISO 40 TNC 620 SDT Dimensions: X \/ Y \/ Z&nbsp;\u2013 1&nbsp;100 \/ 650 \/ 750 mm Max. table area: 1&nbsp;300 x 650 mm Max. table load: 1&nbsp;250&nbsp;Kg Max. spindle speed: 0 &#8211; 12&nbsp;000 min-1 Quick toll change \u2013 automatic toll changer: &hellip;<\/p>\n","protected":false},"author":1,"featured_media":0,"parent":223,"menu_order":0,"comment_status":"closed","ping_status":"closed","template":"","meta":{"footnotes":""},"class_list":["post-214","page","type-page","status-publish","hentry"],"yoast_head":"<!-- This site is optimized with the Yoast SEO plugin v26.9 - https:\/\/yoast.com\/product\/yoast-seo-wordpress\/ -->\n<title>CNC Machining - NATURA DK, a.s.<\/title>\n<meta name=\"description\" content=\"Machining on Single spindle vertical milling center \u2013 3 axis: MCV 1100 QUICK ISO 40 TNC 620 SDT Dimensions: X \/ Y \/ Z \u2013 1 100 \/ 650 \/ 750 mm Max. table\" \/>\n<meta name=\"robots\" content=\"index, follow, max-snippet:-1, max-image-preview:large, max-video-preview:-1\" \/>\n<link rel=\"canonical\" href=\"https:\/\/www.naturadk.eu\/en\/cnc-machining\/\" \/>\n<meta property=\"og:locale\" content=\"en_US\" \/>\n<meta property=\"og:type\" content=\"article\" \/>\n<meta property=\"og:title\" content=\"CNC Machining - NATURA DK, a.s.\" \/>\n<meta property=\"og:description\" content=\"Machining on Single spindle vertical milling center \u2013 3 axis: MCV 1100 QUICK ISO 40 TNC 620 SDT Dimensions: X \/ Y \/ Z \u2013 1 100 \/ 650 \/ 750 mm Max. table\" \/>\n<meta property=\"og:url\" content=\"https:\/\/www.naturadk.eu\/en\/cnc-machining\/\" \/>\n<meta property=\"og:site_name\" content=\"NATURA DK, a.s.\" \/>\n<meta property=\"article:modified_time\" content=\"2024-12-17T14:55:32+00:00\" \/>\n<meta property=\"og:image\" content=\"https:\/\/www.naturadk.eu\/wp-content\/uploads\/2023\/01\/Nove-frezovaci-centrum-2023.png\" \/>\n\t<meta property=\"og:image:width\" content=\"795\" \/>\n\t<meta property=\"og:image:height\" content=\"551\" \/>\n\t<meta property=\"og:image:type\" content=\"image\/png\" \/>\n<meta name=\"twitter:card\" content=\"summary_large_image\" \/>\n<meta name=\"twitter:label1\" content=\"Est. reading time\" \/>\n\t<meta name=\"twitter:data1\" content=\"3 minutes\" \/>\n<script type=\"application\/ld+json\" class=\"yoast-schema-graph\">{\"@context\":\"https:\/\/schema.org\",\"@graph\":[{\"@type\":\"WebPage\",\"@id\":\"https:\/\/www.naturadk.eu\/en\/cnc-machining\/\",\"url\":\"https:\/\/www.naturadk.eu\/en\/cnc-machining\/\",\"name\":\"CNC Machining - NATURA DK, a.s.\",\"isPartOf\":{\"@id\":\"https:\/\/www.naturadk.eu\/#website\"},\"primaryImageOfPage\":{\"@id\":\"https:\/\/www.naturadk.eu\/en\/cnc-machining\/#primaryimage\"},\"image\":{\"@id\":\"https:\/\/www.naturadk.eu\/en\/cnc-machining\/#primaryimage\"},\"thumbnailUrl\":\"https:\/\/www.naturadk.eu\/wp-content\/uploads\/2023\/01\/Nove-frezovaci-centrum-2023-300x208.png\",\"datePublished\":\"2017-07-20T12:30:57+00:00\",\"dateModified\":\"2024-12-17T14:55:32+00:00\",\"description\":\"Machining on Single spindle vertical milling center \u2013 3 axis: MCV 1100 QUICK ISO 40 TNC 620 SDT Dimensions: X \/ Y \/ Z \u2013 1 100 \/ 650 \/ 750 mm Max. table\",\"breadcrumb\":{\"@id\":\"https:\/\/www.naturadk.eu\/en\/cnc-machining\/#breadcrumb\"},\"inLanguage\":\"en-US\",\"potentialAction\":[{\"@type\":\"ReadAction\",\"target\":[\"https:\/\/www.naturadk.eu\/en\/cnc-machining\/\"]}]},{\"@type\":\"ImageObject\",\"inLanguage\":\"en-US\",\"@id\":\"https:\/\/www.naturadk.eu\/en\/cnc-machining\/#primaryimage\",\"url\":\"https:\/\/www.naturadk.eu\/wp-content\/uploads\/2023\/01\/Nove-frezovaci-centrum-2023-300x208.png\",\"contentUrl\":\"https:\/\/www.naturadk.eu\/wp-content\/uploads\/2023\/01\/Nove-frezovaci-centrum-2023-300x208.png\"},{\"@type\":\"BreadcrumbList\",\"@id\":\"https:\/\/www.naturadk.eu\/en\/cnc-machining\/#breadcrumb\",\"itemListElement\":[{\"@type\":\"ListItem\",\"position\":1,\"name\":\"\",\"item\":\"https:\/\/www.naturadk.eu\/en\/\"},{\"@type\":\"ListItem\",\"position\":2,\"name\":\"Engineering\",\"item\":\"https:\/\/www.naturadk.eu\/en\/engineering\/\"},{\"@type\":\"ListItem\",\"position\":3,\"name\":\"CNC Machining\"}]},{\"@type\":\"WebSite\",\"@id\":\"https:\/\/www.naturadk.eu\/#website\",\"url\":\"https:\/\/www.naturadk.eu\/\",\"name\":\"NATURA DK, a.s.\",\"description\":\"Stroj\u00edrensk\u00e1 v\u00fdroba, slu\u017eby pro zem\u011bd\u011blstv\u00ed a obchod\",\"potentialAction\":[{\"@type\":\"SearchAction\",\"target\":{\"@type\":\"EntryPoint\",\"urlTemplate\":\"https:\/\/www.naturadk.eu\/?s={search_term_string}\"},\"query-input\":{\"@type\":\"PropertyValueSpecification\",\"valueRequired\":true,\"valueName\":\"search_term_string\"}}],\"inLanguage\":\"en-US\"}]}<\/script>\n<!-- \/ Yoast SEO plugin. -->","yoast_head_json":{"title":"CNC Machining - NATURA DK, a.s.","description":"Machining on Single spindle vertical milling center \u2013 3 axis: MCV 1100 QUICK ISO 40 TNC 620 SDT Dimensions: X \/ Y \/ Z \u2013 1 100 \/ 650 \/ 750 mm Max. table","robots":{"index":"index","follow":"follow","max-snippet":"max-snippet:-1","max-image-preview":"max-image-preview:large","max-video-preview":"max-video-preview:-1"},"canonical":"https:\/\/www.naturadk.eu\/en\/cnc-machining\/","og_locale":"en_US","og_type":"article","og_title":"CNC Machining - NATURA DK, a.s.","og_description":"Machining on Single spindle vertical milling center \u2013 3 axis: MCV 1100 QUICK ISO 40 TNC 620 SDT Dimensions: X \/ Y \/ Z \u2013 1 100 \/ 650 \/ 750 mm Max. table","og_url":"https:\/\/www.naturadk.eu\/en\/cnc-machining\/","og_site_name":"NATURA DK, a.s.","article_modified_time":"2024-12-17T14:55:32+00:00","og_image":[{"width":795,"height":551,"url":"https:\/\/www.naturadk.eu\/wp-content\/uploads\/2023\/01\/Nove-frezovaci-centrum-2023.png","type":"image\/png"}],"twitter_card":"summary_large_image","twitter_misc":{"Est. reading time":"3 minutes"},"schema":{"@context":"https:\/\/schema.org","@graph":[{"@type":"WebPage","@id":"https:\/\/www.naturadk.eu\/en\/cnc-machining\/","url":"https:\/\/www.naturadk.eu\/en\/cnc-machining\/","name":"CNC Machining - NATURA DK, a.s.","isPartOf":{"@id":"https:\/\/www.naturadk.eu\/#website"},"primaryImageOfPage":{"@id":"https:\/\/www.naturadk.eu\/en\/cnc-machining\/#primaryimage"},"image":{"@id":"https:\/\/www.naturadk.eu\/en\/cnc-machining\/#primaryimage"},"thumbnailUrl":"https:\/\/www.naturadk.eu\/wp-content\/uploads\/2023\/01\/Nove-frezovaci-centrum-2023-300x208.png","datePublished":"2017-07-20T12:30:57+00:00","dateModified":"2024-12-17T14:55:32+00:00","description":"Machining on Single spindle vertical milling center \u2013 3 axis: MCV 1100 QUICK ISO 40 TNC 620 SDT Dimensions: X \/ Y \/ Z \u2013 1 100 \/ 650 \/ 750 mm Max. table","breadcrumb":{"@id":"https:\/\/www.naturadk.eu\/en\/cnc-machining\/#breadcrumb"},"inLanguage":"en-US","potentialAction":[{"@type":"ReadAction","target":["https:\/\/www.naturadk.eu\/en\/cnc-machining\/"]}]},{"@type":"ImageObject","inLanguage":"en-US","@id":"https:\/\/www.naturadk.eu\/en\/cnc-machining\/#primaryimage","url":"https:\/\/www.naturadk.eu\/wp-content\/uploads\/2023\/01\/Nove-frezovaci-centrum-2023-300x208.png","contentUrl":"https:\/\/www.naturadk.eu\/wp-content\/uploads\/2023\/01\/Nove-frezovaci-centrum-2023-300x208.png"},{"@type":"BreadcrumbList","@id":"https:\/\/www.naturadk.eu\/en\/cnc-machining\/#breadcrumb","itemListElement":[{"@type":"ListItem","position":1,"name":"","item":"https:\/\/www.naturadk.eu\/en\/"},{"@type":"ListItem","position":2,"name":"Engineering","item":"https:\/\/www.naturadk.eu\/en\/engineering\/"},{"@type":"ListItem","position":3,"name":"CNC Machining"}]},{"@type":"WebSite","@id":"https:\/\/www.naturadk.eu\/#website","url":"https:\/\/www.naturadk.eu\/","name":"NATURA DK, a.s.","description":"Stroj\u00edrensk\u00e1 v\u00fdroba, slu\u017eby pro zem\u011bd\u011blstv\u00ed a obchod","potentialAction":[{"@type":"SearchAction","target":{"@type":"EntryPoint","urlTemplate":"https:\/\/www.naturadk.eu\/?s={search_term_string}"},"query-input":{"@type":"PropertyValueSpecification","valueRequired":true,"valueName":"search_term_string"}}],"inLanguage":"en-US"}]}},"_links":{"self":[{"href":"https:\/\/www.naturadk.eu\/en\/wp-json\/wp\/v2\/pages\/214","targetHints":{"allow":["GET"]}}],"collection":[{"href":"https:\/\/www.naturadk.eu\/en\/wp-json\/wp\/v2\/pages"}],"about":[{"href":"https:\/\/www.naturadk.eu\/en\/wp-json\/wp\/v2\/types\/page"}],"author":[{"embeddable":true,"href":"https:\/\/www.naturadk.eu\/en\/wp-json\/wp\/v2\/users\/1"}],"replies":[{"embeddable":true,"href":"https:\/\/www.naturadk.eu\/en\/wp-json\/wp\/v2\/comments?post=214"}],"version-history":[{"count":5,"href":"https:\/\/www.naturadk.eu\/en\/wp-json\/wp\/v2\/pages\/214\/revisions"}],"predecessor-version":[{"id":3582,"href":"https:\/\/www.naturadk.eu\/en\/wp-json\/wp\/v2\/pages\/214\/revisions\/3582"}],"up":[{"embeddable":true,"href":"https:\/\/www.naturadk.eu\/en\/wp-json\/wp\/v2\/pages\/223"}],"wp:attachment":[{"href":"https:\/\/www.naturadk.eu\/en\/wp-json\/wp\/v2\/media?parent=214"}],"curies":[{"name":"wp","href":"https:\/\/api.w.org\/{rel}","templated":true}]}}