{"id":223,"date":"2017-07-18T10:49:19","date_gmt":"2017-07-18T08:49:19","guid":{"rendered":"https:\/\/www.naturadk.eu\/?page_id=223\/"},"modified":"2022-07-15T16:29:53","modified_gmt":"2022-07-15T14:29:53","slug":"engineering","status":"publish","type":"page","link":"https:\/\/www.naturadk.eu\/en\/engineering\/","title":{"rendered":"Engineering"},"content":{"rendered":"<div class=\"row rozcestnik\">\n<div class=\"col-sm-4\">\n<a href=\"https:\/\/www.naturadk.eu\/en\/cnc-machining\/\"><\/p>\n<div class=\"panel panel-rozcestnik text-center\">\n<div class=\"panel-body\">\n<h2>CNC machining<\/h2>\n<p><img loading=\"lazy\" decoding=\"async\" class=\"hvr-wobble-vertical img-thumbnail img-responsive center-block alignnone wp-image-238 size-full\" src=\"https:\/\/www.naturadk.eu\/wp-content\/uploads\/2017\/07\/cnc-obrabeni.jpg\" alt=\"CNC machining\" width=\"300\" height=\"200\" \/>\n<\/div>\n<\/div>\n<p><\/a>\n<\/div>\n<div class=\"col-sm-4\">\n<a href=\"https:\/\/www.naturadk.eu\/en\/conventional-machining\/\"><\/p>\n<div class=\"panel panel-rozcestnik text-center\">\n<div class=\"panel-body\">\n<h2>Convential machining<\/h2>\n<p><img loading=\"lazy\" decoding=\"async\" class=\"hvr-wobble-vertical img-thumbnail img-responsive center-block alignnone wp-image-2952 size-full\" src=\"https:\/\/www.naturadk.eu\/wp-content\/uploads\/2022\/07\/konvencni-obrabeni-4-1.jpg\" alt=\"\" width=\"300\" height=\"200\" \/>\n<\/div>\n<\/div>\n<p><\/a>\n<\/div>\n<div class=\"col-sm-4\">\n<a href=\"https:\/\/www.naturadk.eu\/en\/cutting\/\"><\/p>\n<div class=\"panel panel-rozcestnik text-center\">\n<div class=\"panel-body\">\n<h2>Cutting<\/h2>\n<p><img loading=\"lazy\" decoding=\"async\" class=\"hvr-wobble-vertical img-thumbnail img-responsive center-block alignnone wp-image-239 size-full\" src=\"https:\/\/www.naturadk.eu\/wp-content\/uploads\/2017\/07\/deleni-materialu.jpg\" alt=\"Cutting\" width=\"300\" height=\"198\" \/>\n<\/div>\n<\/div>\n<p><\/a>\n<\/div>\n<\/div>\n<div class=\"row rozcestnik\">\n<div class=\"col-sm-4\">\n<a href=\"https:\/\/www.naturadk.eu\/en\/welding\/\"><\/p>\n<div class=\"panel panel-rozcestnik text-center\">\n<div class=\"panel-body\">\n<h2>Welding<\/h2>\n<p><img loading=\"lazy\" decoding=\"async\" class=\"hvr-wobble-vertical img-thumbnail img-responsive center-block alignnone wp-image-237 size-full\" src=\"https:\/\/www.naturadk.eu\/wp-content\/uploads\/2017\/07\/svarovani.jpg\" alt=\"Welding\" width=\"300\" height=\"200\" \/>\n<\/div>\n<\/div>\n<p><\/a>\n<\/div>\n<div class=\"col-sm-4\">\n<a href=\"https:\/\/www.naturadk.eu\/en\/bending\"><\/p>\n<div class=\"panel panel-rozcestnik text-center\">\n<div class=\"panel-body\">\n<h2>Bending<\/h2>\n<p><img loading=\"lazy\" decoding=\"async\" class=\"hvr-wobble-vertical img-thumbnail img-responsive center-block alignnone wp-image-2948 size-full\" src=\"https:\/\/www.naturadk.eu\/wp-content\/uploads\/2022\/07\/699_detail.jpg\" alt=\"\" width=\"300\" height=\"200\" \/>\n<\/div>\n<\/div>\n<p><\/a>\n<\/div>\n<div class=\"col-sm-4\">\n<a href=\"https:\/\/www.naturadk.eu\/en\/engineering\/surface-treatment\/\"><\/p>\n<div class=\"panel panel-rozcestnik text-center\">\n<div class=\"panel-body\">\n<h2>Surface treatment<\/h2>\n<p><img loading=\"lazy\" decoding=\"async\" class=\"hvr-wobble-vertical img-thumbnail img-responsive center-block alignnone wp-image-242 size-full\" src=\"https:\/\/www.naturadk.eu\/wp-content\/uploads\/2017\/07\/povrchove-upravy.jpg\" alt=\"Surface treatment\" width=\"300\" height=\"200\" \/>\n<\/div>\n<\/div>\n<p><\/a>\n<\/div>\n<\/div>\n<div class=\"row rozcestnik\">\n<div class=\"col-sm-6\">\n<a href=\"https:\/\/www.naturadk.eu\/en\/certification\/\"><\/p>\n<div class=\"panel panel-rozcestnik text-center\">\n<div class=\"panel-body\">\n<h2>Certification<\/h2>\n<\/div>\n<\/div>\n<p><\/a>\n<\/div>\n<div class=\"col-sm-6\">\n<a href=\"https:\/\/www.naturadk.eu\/en\/photogallery\/\"><\/p>\n<div class=\"panel panel-rozcestnik text-center\">\n<div class=\"panel-body\">\n<h2>Photogallery<\/h2>\n<\/div>\n<\/div>\n<p><\/a>\n<\/div>\n<\/div>\n","protected":false},"excerpt":{"rendered":"<p>CNC machining Convential machining Cutting Welding Bending Surface treatment Certification Photogallery<\/p>\n","protected":false},"author":1,"featured_media":0,"parent":0,"menu_order":0,"comment_status":"closed","ping_status":"closed","template":"page-templates\/template-full-width.php","meta":{"footnotes":""},"class_list":["post-223","page","type-page","status-publish","hentry"],"yoast_head":"<!-- This site is optimized with the Yoast SEO plugin v26.9 - https:\/\/yoast.com\/product\/yoast-seo-wordpress\/ -->\n<title>Engineering - NATURA DK, a.s.<\/title>\n<meta name=\"description\" content=\"CNC machining Convential machining Cutting Welding Bending Surface treatment Certification\" \/>\n<meta name=\"robots\" content=\"index, follow, max-snippet:-1, max-image-preview:large, max-video-preview:-1\" \/>\n<link rel=\"canonical\" href=\"https:\/\/www.naturadk.eu\/en\/engineering\/\" \/>\n<meta property=\"og:locale\" content=\"en_US\" \/>\n<meta property=\"og:type\" content=\"article\" \/>\n<meta property=\"og:title\" content=\"Engineering - NATURA DK, a.s.\" \/>\n<meta property=\"og:description\" content=\"CNC machining Convential machining Cutting Welding Bending Surface treatment Certification\" \/>\n<meta property=\"og:url\" content=\"https:\/\/www.naturadk.eu\/en\/engineering\/\" \/>\n<meta property=\"og:site_name\" content=\"NATURA DK, a.s.\" \/>\n<meta property=\"article:modified_time\" content=\"2022-07-15T14:29:53+00:00\" \/>\n<meta property=\"og:image\" content=\"https:\/\/www.naturadk.eu\/wp-content\/uploads\/2017\/07\/cnc-obrabeni.jpg\" \/>\n<meta name=\"twitter:card\" content=\"summary_large_image\" \/>\n<script type=\"application\/ld+json\" class=\"yoast-schema-graph\">{\"@context\":\"https:\/\/schema.org\",\"@graph\":[{\"@type\":\"WebPage\",\"@id\":\"https:\/\/www.naturadk.eu\/en\/engineering\/\",\"url\":\"https:\/\/www.naturadk.eu\/en\/engineering\/\",\"name\":\"Engineering - NATURA DK, a.s.\",\"isPartOf\":{\"@id\":\"https:\/\/www.naturadk.eu\/#website\"},\"primaryImageOfPage\":{\"@id\":\"https:\/\/www.naturadk.eu\/en\/engineering\/#primaryimage\"},\"image\":{\"@id\":\"https:\/\/www.naturadk.eu\/en\/engineering\/#primaryimage\"},\"thumbnailUrl\":\"https:\/\/www.naturadk.eu\/wp-content\/uploads\/2017\/07\/cnc-obrabeni.jpg\",\"datePublished\":\"2017-07-18T08:49:19+00:00\",\"dateModified\":\"2022-07-15T14:29:53+00:00\",\"description\":\"CNC machining Convential machining Cutting Welding Bending Surface treatment Certification\",\"breadcrumb\":{\"@id\":\"https:\/\/www.naturadk.eu\/en\/engineering\/#breadcrumb\"},\"inLanguage\":\"en-US\",\"potentialAction\":[{\"@type\":\"ReadAction\",\"target\":[\"https:\/\/www.naturadk.eu\/en\/engineering\/\"]}]},{\"@type\":\"ImageObject\",\"inLanguage\":\"en-US\",\"@id\":\"https:\/\/www.naturadk.eu\/en\/engineering\/#primaryimage\",\"url\":\"https:\/\/www.naturadk.eu\/wp-content\/uploads\/2017\/07\/cnc-obrabeni.jpg\",\"contentUrl\":\"https:\/\/www.naturadk.eu\/wp-content\/uploads\/2017\/07\/cnc-obrabeni.jpg\"},{\"@type\":\"BreadcrumbList\",\"@id\":\"https:\/\/www.naturadk.eu\/en\/engineering\/#breadcrumb\",\"itemListElement\":[{\"@type\":\"ListItem\",\"position\":1,\"name\":\"\",\"item\":\"https:\/\/www.naturadk.eu\/en\/\"},{\"@type\":\"ListItem\",\"position\":2,\"name\":\"Engineering\"}]},{\"@type\":\"WebSite\",\"@id\":\"https:\/\/www.naturadk.eu\/#website\",\"url\":\"https:\/\/www.naturadk.eu\/\",\"name\":\"NATURA DK, a.s.\",\"description\":\"Stroj\u00edrensk\u00e1 v\u00fdroba, slu\u017eby pro zem\u011bd\u011blstv\u00ed a obchod\",\"potentialAction\":[{\"@type\":\"SearchAction\",\"target\":{\"@type\":\"EntryPoint\",\"urlTemplate\":\"https:\/\/www.naturadk.eu\/?s={search_term_string}\"},\"query-input\":{\"@type\":\"PropertyValueSpecification\",\"valueRequired\":true,\"valueName\":\"search_term_string\"}}],\"inLanguage\":\"en-US\"}]}<\/script>\n<!-- \/ Yoast SEO plugin. -->","yoast_head_json":{"title":"Engineering - NATURA DK, a.s.","description":"CNC machining Convential machining Cutting Welding Bending Surface treatment Certification","robots":{"index":"index","follow":"follow","max-snippet":"max-snippet:-1","max-image-preview":"max-image-preview:large","max-video-preview":"max-video-preview:-1"},"canonical":"https:\/\/www.naturadk.eu\/en\/engineering\/","og_locale":"en_US","og_type":"article","og_title":"Engineering - NATURA DK, a.s.","og_description":"CNC machining Convential machining Cutting Welding Bending Surface treatment Certification","og_url":"https:\/\/www.naturadk.eu\/en\/engineering\/","og_site_name":"NATURA DK, a.s.","article_modified_time":"2022-07-15T14:29:53+00:00","og_image":[{"url":"https:\/\/www.naturadk.eu\/wp-content\/uploads\/2017\/07\/cnc-obrabeni.jpg","type":"","width":"","height":""}],"twitter_card":"summary_large_image","schema":{"@context":"https:\/\/schema.org","@graph":[{"@type":"WebPage","@id":"https:\/\/www.naturadk.eu\/en\/engineering\/","url":"https:\/\/www.naturadk.eu\/en\/engineering\/","name":"Engineering - NATURA DK, a.s.","isPartOf":{"@id":"https:\/\/www.naturadk.eu\/#website"},"primaryImageOfPage":{"@id":"https:\/\/www.naturadk.eu\/en\/engineering\/#primaryimage"},"image":{"@id":"https:\/\/www.naturadk.eu\/en\/engineering\/#primaryimage"},"thumbnailUrl":"https:\/\/www.naturadk.eu\/wp-content\/uploads\/2017\/07\/cnc-obrabeni.jpg","datePublished":"2017-07-18T08:49:19+00:00","dateModified":"2022-07-15T14:29:53+00:00","description":"CNC machining Convential machining Cutting Welding Bending Surface treatment Certification","breadcrumb":{"@id":"https:\/\/www.naturadk.eu\/en\/engineering\/#breadcrumb"},"inLanguage":"en-US","potentialAction":[{"@type":"ReadAction","target":["https:\/\/www.naturadk.eu\/en\/engineering\/"]}]},{"@type":"ImageObject","inLanguage":"en-US","@id":"https:\/\/www.naturadk.eu\/en\/engineering\/#primaryimage","url":"https:\/\/www.naturadk.eu\/wp-content\/uploads\/2017\/07\/cnc-obrabeni.jpg","contentUrl":"https:\/\/www.naturadk.eu\/wp-content\/uploads\/2017\/07\/cnc-obrabeni.jpg"},{"@type":"BreadcrumbList","@id":"https:\/\/www.naturadk.eu\/en\/engineering\/#breadcrumb","itemListElement":[{"@type":"ListItem","position":1,"name":"","item":"https:\/\/www.naturadk.eu\/en\/"},{"@type":"ListItem","position":2,"name":"Engineering"}]},{"@type":"WebSite","@id":"https:\/\/www.naturadk.eu\/#website","url":"https:\/\/www.naturadk.eu\/","name":"NATURA DK, a.s.","description":"Stroj\u00edrensk\u00e1 v\u00fdroba, slu\u017eby pro zem\u011bd\u011blstv\u00ed a obchod","potentialAction":[{"@type":"SearchAction","target":{"@type":"EntryPoint","urlTemplate":"https:\/\/www.naturadk.eu\/?s={search_term_string}"},"query-input":{"@type":"PropertyValueSpecification","valueRequired":true,"valueName":"search_term_string"}}],"inLanguage":"en-US"}]}},"_links":{"self":[{"href":"https:\/\/www.naturadk.eu\/en\/wp-json\/wp\/v2\/pages\/223","targetHints":{"allow":["GET"]}}],"collection":[{"href":"https:\/\/www.naturadk.eu\/en\/wp-json\/wp\/v2\/pages"}],"about":[{"href":"https:\/\/www.naturadk.eu\/en\/wp-json\/wp\/v2\/types\/page"}],"author":[{"embeddable":true,"href":"https:\/\/www.naturadk.eu\/en\/wp-json\/wp\/v2\/users\/1"}],"replies":[{"embeddable":true,"href":"https:\/\/www.naturadk.eu\/en\/wp-json\/wp\/v2\/comments?post=223"}],"version-history":[{"count":5,"href":"https:\/\/www.naturadk.eu\/en\/wp-json\/wp\/v2\/pages\/223\/revisions"}],"predecessor-version":[{"id":3016,"href":"https:\/\/www.naturadk.eu\/en\/wp-json\/wp\/v2\/pages\/223\/revisions\/3016"}],"wp:attachment":[{"href":"https:\/\/www.naturadk.eu\/en\/wp-json\/wp\/v2\/media?parent=223"}],"curies":[{"name":"wp","href":"https:\/\/api.w.org\/{rel}","templated":true}]}}