{"id":575,"date":"2017-07-25T13:47:37","date_gmt":"2017-07-25T11:47:37","guid":{"rendered":"https:\/\/www.naturadk.eu\/?page_id=575\/"},"modified":"2021-08-19T13:44:35","modified_gmt":"2021-08-19T11:44:35","slug":"ke-stazeni","status":"publish","type":"page","link":"https:\/\/www.naturadk.eu\/en\/download","title":{"rendered":"Download documents"},"content":{"rendered":"<h2>General:<\/h2>\n<div class=\"col-xs-12 seznamPDF\">\n<ul class=\"list-unstyled\">\n<li><i class=\"fa fa-file-pdf-o\"><\/i>\u00a0<a href=\"https:\/\/www.naturadk.eu\/wp-content\/uploads\/2021\/08\/Obchodni-podminky.pdf\" target=\"_blank\" rel=\"noopener\">Terms and conditions<\/a> (112.09 KB)<\/li>\n<\/ul>\n<\/div>\n<h2>Products:<\/h2>\n<div class=\"col-xs-12 seznamPDF\">\n<ul class=\"list-unstyled\">\n<li><i class=\"fa fa-file-pdf-o\"><\/i>\u00a0<a href=\"https:\/\/www.naturadk.eu\/wp-content\/uploads\/2017\/07\/nat200ENG2016.pdf\" target=\"_blank\" rel=\"noopener\">Suspended beet cleaner and loader &#8211; NATURA200<\/a> (2.73 MB)<\/li>\n<li><i class=\"fa fa-file-pdf-o\"><\/i>\u00a0<a href=\"https:\/\/www.naturadk.eu\/wp-content\/uploads\/2017\/07\/Technicke-udaje-GEBO-RRL-180KR.pdf\" target=\"_blank\" rel=\"noopener\">Technical data GEBO RRL 180KR<\/a> (233.51 KB)<\/li>\n<li><i class=\"fa fa-file-pdf-o\"><\/i>\u00a0<a href=\"https:\/\/www.naturadk.eu\/wp-content\/uploads\/2017\/07\/KAHAJ2016.pdf\" target=\"_blank\" rel=\"noopener\">Contact herbicide applicator KAH 04<\/a> (1.45 MB)<\/li>\n<li><i class=\"fa fa-file-pdf-o\"><\/i>\u00a0<a href=\"https:\/\/www.naturadk.eu\/wp-content\/uploads\/2017\/07\/hydrmustkyAJ.pdf\" target=\"_blank\" rel=\"noopener\">Folding bridge leaflet<\/a> (1.43 MB)<\/li>\n<li><i class=\"fa fa-file-pdf-o\"><\/i>\u00a0<a href=\"https:\/\/www.naturadk.eu\/wp-content\/uploads\/2017\/07\/Zastavbovy-plan-zvedaciho-mustku-1.pdf\" target=\"_blank\" rel=\"noopener\">Folding bridge \u2013 build-up plan, part 1<\/a> (823.55 KB)<\/li>\n<li><i class=\"fa fa-file-pdf-o\"><\/i>\u00a0<a href=\"https:\/\/www.naturadk.eu\/wp-content\/uploads\/2017\/07\/Zastavbovy-plan-zvedaciho-mustku-2.pdf\" target=\"_blank\" rel=\"noopener\">Folding bridge \u2013 build-up plan, part 2<\/a> (496.82 KB)<\/li>\n<\/ul>\n<\/div>\n<h2>Engineering:<\/h2>\n<div class=\"col-xs-12 seznamPDF\">\n<ul class=\"list-unstyled col-xs-12\">\n<li><i class=\"fa fa-file-pdf-o\"><\/i>\u00a0<a href=\"https:\/\/www.naturadk.eu\/wp-content\/uploads\/2017\/07\/Ohranovaci-lis-ERMAK-CNP-AP.pdf\" target=\"_blank\" rel=\"noopener\">Edging press ERMAK CNP AP 4100 mm x 320 t<\/a> (1.54 MB)<\/li>\n<\/ul>\n<\/div>\n<h2>Services:<\/h2>\n<div class=\"col-xs-12 seznamPDF\">\n<ul class=\"list-unstyled col-xs-12\">\n<li><i class=\"fa fa-file-pdf-o\"><\/i>\u00a0<a href=\"https:\/\/www.naturadk.eu\/wp-content\/uploads\/2017\/07\/Gomselmas-GS12.pdf\" target=\"_blank\" rel=\"noopener\">Combine-harvester Gomselmash Palesse &#8211; GS12<\/a> (1.29 MB)<\/li>\n<li><i class=\"fa fa-file-pdf-o\"><\/i>\u00a0<a href=\"https:\/\/www.naturadk.eu\/wp-content\/uploads\/2017\/07\/Gomselmas-GS812.pdf\" target=\"_blank\" rel=\"noopener\">Combine-harvester Gomselmash Palesse &#8211; GS812<\/a> (1.44 MB)<\/li>\n<\/ul>\n<\/div>\n<h2>Retail:<\/h2>\n<div class=\"col-xs-12 seznamPDF\">\n<ul class=\"list-unstyled col-xs-12\">\n<li><i class=\"fa fa-file-pdf-o\"><\/i>\u00a0<a href=\"https:\/\/www.naturadk.eu\/wp-content\/uploads\/2017\/07\/Maribo-osivo-2016.pdf\" target=\"_blank\" rel=\"noopener\">Maribo seed 2016<\/a> (3.00 MB)<\/li>\n<\/ul>\n<\/div>\n","protected":false},"excerpt":{"rendered":"<p>General: \u00a0Terms and conditions (112.09 KB) Products: \u00a0Suspended beet cleaner and loader &#8211; NATURA200 (2.73 MB) \u00a0Technical data GEBO RRL 180KR (233.51 KB) \u00a0Contact herbicide applicator KAH 04 (1.45 MB) \u00a0Folding bridge leaflet (1.43 MB) \u00a0Folding bridge \u2013 build-up plan, part 1 (823.55 KB) \u00a0Folding bridge \u2013 build-up plan, part 2 (496.82 KB) Engineering: \u00a0Edging &hellip;<\/p>\n","protected":false},"author":1,"featured_media":0,"parent":0,"menu_order":0,"comment_status":"closed","ping_status":"closed","template":"","meta":{"footnotes":""},"class_list":["post-575","page","type-page","status-publish","hentry"],"yoast_head":"<!-- This site is optimized with the Yoast SEO plugin v26.9 - https:\/\/yoast.com\/product\/yoast-seo-wordpress\/ -->\n<title>Download documents - NATURA DK, a.s.<\/title>\n<meta name=\"description\" content=\"General: \u00a0Terms and conditions (112.09 KB) Products: \u00a0Suspended beet cleaner and loader - NATURA200 (2.73 MB) \u00a0Technical data GEBO RRL 180KR (233.51 KB)\" \/>\n<meta name=\"robots\" content=\"index, follow, max-snippet:-1, max-image-preview:large, max-video-preview:-1\" \/>\n<link rel=\"canonical\" href=\"https:\/\/www.naturadk.eu\/en\/download\/\" \/>\n<meta property=\"og:locale\" content=\"en_US\" \/>\n<meta property=\"og:type\" content=\"article\" \/>\n<meta property=\"og:title\" content=\"Download documents - NATURA DK, a.s.\" \/>\n<meta property=\"og:description\" content=\"General: \u00a0Terms and conditions (112.09 KB) Products: \u00a0Suspended beet cleaner and loader - NATURA200 (2.73 MB) \u00a0Technical data GEBO RRL 180KR (233.51 KB)\" \/>\n<meta property=\"og:url\" content=\"https:\/\/www.naturadk.eu\/en\/download\/\" \/>\n<meta property=\"og:site_name\" content=\"NATURA DK, a.s.\" \/>\n<meta property=\"article:modified_time\" content=\"2021-08-19T11:44:35+00:00\" \/>\n<meta name=\"twitter:card\" content=\"summary_large_image\" \/>\n<meta name=\"twitter:label1\" content=\"Est. reading time\" \/>\n\t<meta name=\"twitter:data1\" content=\"1 minute\" \/>\n<script type=\"application\/ld+json\" class=\"yoast-schema-graph\">{\"@context\":\"https:\/\/schema.org\",\"@graph\":[{\"@type\":\"WebPage\",\"@id\":\"https:\/\/www.naturadk.eu\/en\/download\/\",\"url\":\"https:\/\/www.naturadk.eu\/en\/download\/\",\"name\":\"Download documents - NATURA DK, a.s.\",\"isPartOf\":{\"@id\":\"https:\/\/www.naturadk.eu\/#website\"},\"datePublished\":\"2017-07-25T11:47:37+00:00\",\"dateModified\":\"2021-08-19T11:44:35+00:00\",\"description\":\"General: \u00a0Terms and conditions (112.09 KB) Products: \u00a0Suspended beet cleaner and loader - NATURA200 (2.73 MB) \u00a0Technical data GEBO RRL 180KR (233.51 KB)\",\"breadcrumb\":{\"@id\":\"https:\/\/www.naturadk.eu\/en\/download\/#breadcrumb\"},\"inLanguage\":\"en-US\",\"potentialAction\":[{\"@type\":\"ReadAction\",\"target\":[\"https:\/\/www.naturadk.eu\/en\/download\/\"]}]},{\"@type\":\"BreadcrumbList\",\"@id\":\"https:\/\/www.naturadk.eu\/en\/download\/#breadcrumb\",\"itemListElement\":[{\"@type\":\"ListItem\",\"position\":1,\"name\":\"\",\"item\":\"https:\/\/www.naturadk.eu\/en\/\"},{\"@type\":\"ListItem\",\"position\":2,\"name\":\"Download documents\"}]},{\"@type\":\"WebSite\",\"@id\":\"https:\/\/www.naturadk.eu\/#website\",\"url\":\"https:\/\/www.naturadk.eu\/\",\"name\":\"NATURA DK, a.s.\",\"description\":\"Stroj\u00edrensk\u00e1 v\u00fdroba, slu\u017eby pro zem\u011bd\u011blstv\u00ed a obchod\",\"potentialAction\":[{\"@type\":\"SearchAction\",\"target\":{\"@type\":\"EntryPoint\",\"urlTemplate\":\"https:\/\/www.naturadk.eu\/?s={search_term_string}\"},\"query-input\":{\"@type\":\"PropertyValueSpecification\",\"valueRequired\":true,\"valueName\":\"search_term_string\"}}],\"inLanguage\":\"en-US\"}]}<\/script>\n<!-- \/ Yoast SEO plugin. -->","yoast_head_json":{"title":"Download documents - NATURA DK, a.s.","description":"General: \u00a0Terms and conditions (112.09 KB) Products: \u00a0Suspended beet cleaner and loader - NATURA200 (2.73 MB) \u00a0Technical data GEBO RRL 180KR (233.51 KB)","robots":{"index":"index","follow":"follow","max-snippet":"max-snippet:-1","max-image-preview":"max-image-preview:large","max-video-preview":"max-video-preview:-1"},"canonical":"https:\/\/www.naturadk.eu\/en\/download\/","og_locale":"en_US","og_type":"article","og_title":"Download documents - NATURA DK, a.s.","og_description":"General: \u00a0Terms and conditions (112.09 KB) Products: \u00a0Suspended beet cleaner and loader - NATURA200 (2.73 MB) \u00a0Technical data GEBO RRL 180KR (233.51 KB)","og_url":"https:\/\/www.naturadk.eu\/en\/download\/","og_site_name":"NATURA DK, a.s.","article_modified_time":"2021-08-19T11:44:35+00:00","twitter_card":"summary_large_image","twitter_misc":{"Est. reading time":"1 minute"},"schema":{"@context":"https:\/\/schema.org","@graph":[{"@type":"WebPage","@id":"https:\/\/www.naturadk.eu\/en\/download\/","url":"https:\/\/www.naturadk.eu\/en\/download\/","name":"Download documents - NATURA DK, a.s.","isPartOf":{"@id":"https:\/\/www.naturadk.eu\/#website"},"datePublished":"2017-07-25T11:47:37+00:00","dateModified":"2021-08-19T11:44:35+00:00","description":"General: \u00a0Terms and conditions (112.09 KB) Products: \u00a0Suspended beet cleaner and loader - NATURA200 (2.73 MB) \u00a0Technical data GEBO RRL 180KR (233.51 KB)","breadcrumb":{"@id":"https:\/\/www.naturadk.eu\/en\/download\/#breadcrumb"},"inLanguage":"en-US","potentialAction":[{"@type":"ReadAction","target":["https:\/\/www.naturadk.eu\/en\/download\/"]}]},{"@type":"BreadcrumbList","@id":"https:\/\/www.naturadk.eu\/en\/download\/#breadcrumb","itemListElement":[{"@type":"ListItem","position":1,"name":"","item":"https:\/\/www.naturadk.eu\/en\/"},{"@type":"ListItem","position":2,"name":"Download documents"}]},{"@type":"WebSite","@id":"https:\/\/www.naturadk.eu\/#website","url":"https:\/\/www.naturadk.eu\/","name":"NATURA DK, a.s.","description":"Stroj\u00edrensk\u00e1 v\u00fdroba, slu\u017eby pro zem\u011bd\u011blstv\u00ed a obchod","potentialAction":[{"@type":"SearchAction","target":{"@type":"EntryPoint","urlTemplate":"https:\/\/www.naturadk.eu\/?s={search_term_string}"},"query-input":{"@type":"PropertyValueSpecification","valueRequired":true,"valueName":"search_term_string"}}],"inLanguage":"en-US"}]}},"_links":{"self":[{"href":"https:\/\/www.naturadk.eu\/en\/wp-json\/wp\/v2\/pages\/575","targetHints":{"allow":["GET"]}}],"collection":[{"href":"https:\/\/www.naturadk.eu\/en\/wp-json\/wp\/v2\/pages"}],"about":[{"href":"https:\/\/www.naturadk.eu\/en\/wp-json\/wp\/v2\/types\/page"}],"author":[{"embeddable":true,"href":"https:\/\/www.naturadk.eu\/en\/wp-json\/wp\/v2\/users\/1"}],"replies":[{"embeddable":true,"href":"https:\/\/www.naturadk.eu\/en\/wp-json\/wp\/v2\/comments?post=575"}],"version-history":[{"count":5,"href":"https:\/\/www.naturadk.eu\/en\/wp-json\/wp\/v2\/pages\/575\/revisions"}],"predecessor-version":[{"id":2867,"href":"https:\/\/www.naturadk.eu\/en\/wp-json\/wp\/v2\/pages\/575\/revisions\/2867"}],"wp:attachment":[{"href":"https:\/\/www.naturadk.eu\/en\/wp-json\/wp\/v2\/media?parent=575"}],"curies":[{"name":"wp","href":"https:\/\/api.w.org\/{rel}","templated":true}]}}