{"id":577,"date":"2017-07-25T13:48:42","date_gmt":"2017-07-25T11:48:42","guid":{"rendered":"https:\/\/www.naturadk.eu\/?page_id=577\/"},"modified":"2022-04-05T07:50:43","modified_gmt":"2022-04-05T05:50:43","slug":"contact","status":"publish","type":"page","link":"https:\/\/www.naturadk.eu\/en\/contact\/","title":{"rendered":"Contact"},"content":{"rendered":"<div class=\"row\">\n<div class=\"col-xs-12 col-md-6\">\n<table class=\"table\">\n<tbody>\n<tr class=\"bg-oranzova-tab\">\n<th colspan=\"2\">Company headquarters<\/th>\n<\/tr>\n<tr>\n<td rowspan=\"3\">adress:<\/td>\n<td><strong>NATURA DK, a.s.<\/strong><\/td>\n<\/tr>\n<tr>\n<td>Turkova 1338<\/td>\n<\/tr>\n<tr>\n<td>504&nbsp;01 Nov\u00fd Byd\u017eov, Czech Republic<\/td>\n<\/tr>\n<tr>\n<td>Company ID:<\/td>\n<td>252&nbsp;91&nbsp;661<\/td>\n<\/tr>\n<tr>\n<td><\/td>\n<td><a title=\"Obchodn\u00ed rejst\u0159\u00edk\" href=\"https:\/\/or.justice.cz\/ias\/ui\/rejstrik-$firma?ico=25291661\" target=\"_blank\" rel=\"noopener noreferrer\">Commercial register: Section B, File No. 1829, entered on 23.&nbsp;07.&nbsp;1998<i class=\"fa fa-external-link\"><\/i><\/a><\/td>\n<\/tr>\n<\/tbody>\n<\/table>\n<\/div>\n<div class=\"col-xs-12 col-md-6\">\n<table class=\"table\">\n<tbody>\n<tr>\n<th colspan=\"2\">General contact information<\/th>\n<\/tr>\n<tr>\n<td>telephone:<\/td>\n<td>+420&nbsp;495&nbsp;490&nbsp;373<\/td>\n<\/tr>\n<tr>\n<td>mobile:<\/td>\n<td>+420&nbsp;778&nbsp;712&nbsp;285<\/td>\n<\/tr>\n<tr>\n<td>e-mail:<\/td>\n<td><a href=\"mailto:info@naturadk.cz\">info@naturadk.cz<\/a><\/td>\n<\/tr>\n<tr>\n<td>gps:<\/td>\n<td>GPS N 50\u00b0 14.84117&#8242;, E 15\u00b0 29.76143&#8242;<\/td>\n<\/tr>\n<\/tbody>\n<\/table>\n<\/div>\n<\/div>\n<h2>Management<\/h2>\n<div class=\"row\">\n<div class=\"col-xs-12 col-md-4\">\n<table class=\"table\">\n<tbody>\n<tr class=\"bg-oranzova-tab\">\n<th colspan=\"2\">Chairman of Board<\/th>\n<\/tr>\n<tr class=\"warning\">\n<td><\/td>\n<td><strong>Mgr. Milo\u0161 Hlad\u00edk<\/strong><\/td>\n<\/tr>\n<tr>\n<td>e-mail:<\/td>\n<td><a href=\"mailto:hladik@naturadk.cz\">hladik@naturadk.cz<\/a><\/td>\n<\/tr>\n<tr>\n<td>telephone:<\/td>\n<td>+420&nbsp;495&nbsp;491&nbsp;244<\/td>\n<\/tr>\n<tr>\n<td>business:<\/td>\n<td>\n<ul>\n<li>Strategic sourcing<\/li>\n<li>Long-term contracts<\/li>\n<li>Marketing<\/li>\n<\/ul>\n<\/td>\n<\/tr>\n<\/tbody>\n<\/table>\n<\/div>\n<div class=\"col-xs-12 col-md-4\">\n<table class=\"table\">\n<tbody>\n<tr>\n<th colspan=\"2\">Member of Board<\/th>\n<\/tr>\n<tr class=\"warning\">\n<td><\/td>\n<td><strong>Ing. Milo\u0161 Hlad\u00edk<\/strong><\/td>\n<\/tr>\n<tr>\n<td>e-mail:<\/td>\n<td><a href=\"mailto:m.hladik@naturadk.cz\">m.hladik@naturadk.cz<\/a><\/td>\n<\/tr>\n<tr>\n<td>telephone:<\/td>\n<td>+420&nbsp;777&nbsp;100&nbsp;321<\/td>\n<\/tr>\n<tr>\n<td>business:<\/td>\n<td>\n<ul>\n<li>International trade<\/li>\n<li>Communication in English<\/li>\n<\/ul>\n<\/td>\n<\/tr>\n<\/tbody>\n<\/table>\n<\/div>\n<div class=\"col-xs-12 col-md-4\">\n<table class=\"table\">\n<tbody>\n<tr>\n<th colspan=\"2\">Head Economist<\/th>\n<\/tr>\n<tr class=\"warning\">\n<td><\/td>\n<td><strong>Lenka Fr\u00fddov\u00e1<\/strong><\/td>\n<\/tr>\n<tr>\n<td>e-mail:<\/td>\n<td><a href=\"mailto:ekonom@naturadk.cz\">ekonom@naturadk.cz<\/a><\/td>\n<\/tr>\n<tr>\n<td>telephone:<\/td>\n<td>+420&nbsp;777&nbsp;709&nbsp;416<\/td>\n<\/tr>\n<tr>\n<td>business:<\/td>\n<td>\n<ul>\n<li>Finance<\/li>\n<li>Contracts<\/li>\n<li>Communication with authorities<\/li>\n<\/ul>\n<\/td>\n<\/tr>\n<\/tbody>\n<\/table>\n<\/div>\n<\/div>\n<h2>Engineering<\/h2>\n<div class=\"row\">\n<div class=\"col-xs-12 col-md-6\">\n<table class=\"table\">\n<tbody>\n<tr class=\"bg-oranzova-tab\">\n<th colspan=\"2\">Head of Engineering<\/th>\n<\/tr>\n<tr class=\"warning\">\n<td><\/td>\n<td><strong>Ing. Martin Duch\u00e1\u010dek<\/strong><\/td>\n<\/tr>\n<tr>\n<td>e-mail:<\/td>\n<td><a href=\"mailto:duchacek@naturadk.cz\">duchacek@naturadk.cz<\/a><\/td>\n<\/tr>\n<tr>\n<td>telephone:<\/td>\n<td>+420&nbsp;777&nbsp;709&nbsp;410<\/td>\n<\/tr>\n<tr>\n<td>business:<\/td>\n<td>\n<ul>\n<li>Receiving orders<\/li>\n<li>Quotations and orders<\/li>\n<li>Production and co-operation<\/li>\n<\/ul>\n<\/td>\n<\/tr>\n<\/tbody>\n<\/table>\n<\/div>\n<div class=\"col-xs-12 col-md-6\">\n<table class=\"table\">\n<tbody>\n<tr>\n<th colspan=\"2\">Assistant to the Head of Engineering<\/th>\n<\/tr>\n<tr class=\"warning\">\n<td><\/td>\n<td><strong>Mark\u00e9ta Br\u00e1dlov\u00e1<br \/>\n<\/strong><\/td>\n<\/tr>\n<tr>\n<td>e-mail:<\/td>\n<td><a href=\"mailto:bradlova@naturadk.cz\">bradlova@naturadk.cz<\/a><\/td>\n<\/tr>\n<tr>\n<td>telephone:<\/td>\n<td>+420&nbsp;602&nbsp;350&nbsp;454<\/td>\n<\/tr>\n<tr>\n<td>business:<\/td>\n<td>\n<ul>\n<li>Shipping<\/li>\n<li>Communication in German<\/li>\n<\/ul>\n<\/td>\n<\/tr>\n<\/tbody>\n<\/table>\n<\/div>\n<\/div>\n<div class=\"row\">\n<div class=\"col-xs-12 col-md-4\">\n<table class=\"table\">\n<tbody>\n<tr class=\"bg-oranzova-tab\">\n<th colspan=\"2\">Production manager<\/th>\n<\/tr>\n<tr class=\"warning\">\n<td><\/td>\n<td><strong>Martin Hloucal<\/strong><\/td>\n<\/tr>\n<tr>\n<td>e-mail:<\/td>\n<td><a href=\"mailto:svoboda@naturadk.cz\">svoboda@naturadk.cz<\/a><\/td>\n<\/tr>\n<tr>\n<td>telephone:<\/td>\n<td>+420&nbsp;775&nbsp;857&nbsp;205<\/td>\n<\/tr>\n<tr>\n<td>business:<\/td>\n<td>\n<ul>\n<li>Production control<\/li>\n<li>Co-operation<\/li>\n<\/ul>\n<\/td>\n<\/tr>\n<\/tbody>\n<\/table>\n<\/div>\n<div class=\"col-xs-12 col-md-4\">\n<table class=\"table\">\n<tbody>\n<tr class=\"bg-oranzova-tab\">\n<th colspan=\"2\">Purchasing and warehouse<\/th>\n<\/tr>\n<tr class=\"warning\">\n<td><\/td>\n<td><strong>Jana Knytlov\u00e1<\/strong><\/td>\n<\/tr>\n<tr>\n<td>e-mail:<\/td>\n<td><a href=\"mailto:sklad@naturadk.cz\">sklad@naturadk.cz<\/a><\/td>\n<\/tr>\n<tr>\n<td>telephone:<\/td>\n<td>+420&nbsp;777&nbsp;709&nbsp;412<\/td>\n<\/tr>\n<tr>\n<td>business:<\/td>\n<td>\n<ul>\n<li>Material purchases<\/li>\n<li>Warehouse management<\/li>\n<\/ul>\n<\/td>\n<\/tr>\n<\/tbody>\n<\/table>\n<\/div>\n<div class=\"col-xs-12 col-md-4\">\n<table class=\"table\">\n<tbody>\n<tr class=\"bg-oranzova-tab\">\n<th colspan=\"2\">Payroll accountant, HR manager<\/th>\n<\/tr>\n<tr class=\"warning\">\n<td><\/td>\n<td><strong>Lenka Vorlov\u00e1<\/strong><\/td>\n<\/tr>\n<tr>\n<td>e-mail:<\/td>\n<td><a href=\"mailto:mzdova.uctarna@naturadk.cz\">mzdova.uctarna@naturadk.cz<\/a><\/td>\n<\/tr>\n<tr>\n<td>telephone:<\/td>\n<td>+420&nbsp;490&nbsp;495&nbsp;373<\/td>\n<\/tr>\n<tr>\n<td>business:<\/td>\n<td>\n<ul>\n<li>Human resources<\/li>\n<li>Payroll<\/li>\n<li>Safety at work<\/li>\n<li>Staff education and training<\/li>\n<\/ul>\n<\/td>\n<\/tr>\n<\/tbody>\n<\/table>\n<\/div>\n<\/div>\n<h2>Services<\/h2>\n<div class=\"row\">\n<div class=\"col-xs-12 col-md-6\">\n<table class=\"table\">\n<tbody>\n<tr>\n<th colspan=\"2\">Head of Service Department, Member of Board<\/th>\n<\/tr>\n<tr class=\"warning\">\n<td><\/td>\n<td><strong>Josef Vr\u0161\u0165ala<\/strong><\/td>\n<\/tr>\n<tr>\n<td>e-mail:<\/td>\n<td><a href=\"mailto:vrstala@naturadk.cz\">vrstala@naturadk.cz<\/a><\/td>\n<\/tr>\n<tr>\n<td>telephone:<\/td>\n<td>+420&nbsp;777&nbsp;709&nbsp;418<\/td>\n<\/tr>\n<tr>\n<td>business:<\/td>\n<td>\n<ul>\n<li>Services<\/li>\n<li>Property management<\/li>\n<li>Spare parts \u2013 sourcing and retail<\/li>\n<li>LPG fuel station<\/li>\n<\/ul>\n<\/td>\n<\/tr>\n<\/tbody>\n<\/table>\n<\/div>\n<div class=\"col-xs-12 col-md-6\">\n<table class=\"table\">\n<tbody>\n<tr>\n<th colspan=\"2\">External consultant<\/th>\n<\/tr>\n<tr class=\"warning\">\n<td><\/td>\n<td><strong>Ing. Du\u0161an M\u00fcller<\/strong><\/td>\n<\/tr>\n<tr>\n<td>e-mail:<\/td>\n<td><a href=\"mailto:dusanmuller@naturadk.cz\">dusanmuller@naturadk.cz<\/a><\/td>\n<\/tr>\n<tr>\n<td>telephone:<\/td>\n<td>+420&nbsp;725&nbsp;568&nbsp;762<\/td>\n<\/tr>\n<tr>\n<td>business:<\/td>\n<td>\n<ul>\n<li>Communication in Russian<\/li>\n<\/ul>\n<\/td>\n<\/tr>\n<\/tbody>\n<\/table>\n<\/div>\n<\/div>\n<div class=\"clearfix\"><\/div>\n<div class=\"row\">\n<div class=\"col-xs-12 col-md-6\">\n<div id=\"black-studio-tinymce-18\" class=\"widget widget_black_studio_tinymce amr_widget\"><div class=\"textwidget\"><div class=\"col-xs-12\">\r\n<div class=\"row formular-bg\">\r\n<div class=\"col-xs-12\">\r\n<h2 class=\"col-xs-12\">Contact us<\/h2>\r\n<div class=\"col-xs-12\">\n<div class=\"wpcf7 no-js\" id=\"wpcf7-f1357-o1\" lang=\"cs-CZ\" dir=\"ltr\" data-wpcf7-id=\"1357\">\n<div class=\"screen-reader-response\"><p role=\"status\" aria-live=\"polite\" aria-atomic=\"true\"><\/p> <ul><\/ul><\/div>\n<form action=\"\/en\/wp-json\/wp\/v2\/pages\/577#wpcf7-f1357-o1\" method=\"post\" class=\"wpcf7-form init form-horizontal\" aria-label=\"Kontaktn\u00ed formul\u00e1\u0159\" novalidate=\"novalidate\" data-status=\"init\">\n<fieldset class=\"hidden-fields-container\"><input type=\"hidden\" name=\"_wpcf7\" value=\"1357\" \/><input type=\"hidden\" name=\"_wpcf7_version\" value=\"6.1.5\" \/><input type=\"hidden\" name=\"_wpcf7_locale\" value=\"cs_CZ\" \/><input type=\"hidden\" name=\"_wpcf7_unit_tag\" value=\"wpcf7-f1357-o1\" \/><input type=\"hidden\" name=\"_wpcf7_container_post\" value=\"0\" \/><input type=\"hidden\" name=\"_wpcf7_posted_data_hash\" value=\"\" \/>\n<\/fieldset>\n<div class=\"form-group your-name\"><label class=\" control-label col-sm-3\">Name<\/label><div class=\"col-sm-9\"><input class=\"wpcf7-form-control wpcf7-text form-control\" name=\"your-name\" type=\"text\" value=\"\" aria-invalid=\"false\"><\/div><\/div>\n<div class=\"form-group your-email\"><label class=\" control-label col-sm-3\">E-mail <span class=\"required\">*<\/span><\/label><div class=\"col-sm-9\"><input class=\"wpcf7-form-control wpcf7-email wpcf7-validates-as-required wpcf7-text wpcf7-validates-as-email form-control\" name=\"your-email\" type=\"email\" value=\"\" aria-invalid=\"false\" aria-required=\"true\" required><\/div><\/div>\n<div class=\"form-group your-subjec\"><label class=\" control-label col-sm-3\">Subject<\/label><div class=\"col-sm-9\"><input class=\"wpcf7-form-control wpcf7-text form-control\" name=\"your-subjec\" type=\"text\" value=\"\" aria-invalid=\"false\"><\/div><\/div>\n<div class=\"form-group your-message\"><label class=\" control-label col-sm-3\">Message <span class=\"required\">*<\/span><\/label><div class=\"col-sm-9\"><textarea class=\"wpcf7-form-control wpcf7-textarea wpcf7-validates-as-required form-control\" name=\"your-message\" rows=\"4\" aria-invalid=\"false\" aria-required=\"true\" required><\/textarea><\/div><\/div>\n<span id=\"wpcf7-69f167f887087-wrapper\" class=\"wpcf7-form-control-wrap City-wrap\" ><input type=\"hidden\" name=\"City-time-start\" value=\"1777428472\"><input type=\"hidden\" name=\"City-time-check\" value=\"6\"><label for=\"wpcf7-69f167f887087-field\" class=\"hp-message\">Ponechte toto pole pr\u00e1zdn\u00e9.<\/label><input id=\"wpcf7-69f167f887087-field\"  class=\"wpcf7-form-control wpcf7-text\" type=\"text\" name=\"City\" value=\"\" size=\"40\" tabindex=\"-1\" autocomplete=\"new-password\" \/><\/span>\n<div class=\"form-group\"><div class=\"col-sm-9 col-sm-offset-3\"><input class=\"wpcf7-form-control wpcf7-submit btn btn-success btn-lg\" type=\"submit\" value=\"Send message\"><\/div><\/div><div class=\"wpcf7-response-output alert alert-warning\"><\/div>\n<\/form>\n<\/div>\n<\/div>\r\n<\/div>\r\n<\/div>\r\n<\/div>\r\n<div class=\"clearfix\"><\/div><\/div><\/div>\n<\/div>\n<div class=\"clearfix visible-xs visible-sm\"><\/div>\n<div class=\"col-xs-12 col-md-6\">\n<div class=\"col-xs-12 google-map\">\n<h2 class=\"m-t-0\">Where do you find us<\/h2>\n<p><iframe loading=\"lazy\" style=\"border: 0;\" src=\"https:\/\/www.google.com\/maps\/embed?pb=!1m18!1m12!1m3!1d10205.669617543997!2d15.48760587937362!3d50.24678804899869!2m3!1f0!2f0!3f0!3m2!1i1024!2i768!4f13.1!3m3!1m2!1s0x470c213527bc12a5%3A0xbe68ad541e06ecca!2sNATURA+DK%2C+a.s.!5e0!3m2!1scs!2scz!4v1448364472411\" width=\"100%\" height=\"345\" frameborder=\"0\" allowfullscreen=\"allowfullscreen\"><\/iframe><\/p>\n<\/div>\n<\/div>\n<\/div>\n","protected":false},"excerpt":{"rendered":"<p>Company headquarters adress: NATURA DK, a.s. Turkova 1338&nbsp;504&nbsp;01 Nov\u00fd Byd\u017eov, Czech Republic Company ID: 252&nbsp;91&nbsp;661 Commercial register: Section B, File No. 1829, entered on 23.&nbsp;07.&nbsp;1998 General contact information telephone: +420&nbsp;495&nbsp;490&nbsp;373 mobile: +420&nbsp;778&nbsp;712&nbsp;285 e-mail: info@naturadk.cz gps: GPS N 50\u00b0 14.84117&#8242;, E 15\u00b0 29.76143&#8242; Management Chairman of Board Mgr. Milo\u0161 Hlad\u00edk e-mail: hladik@naturadk.cz telephone: +420&nbsp;495&nbsp;491&nbsp;244 business: &hellip;<\/p>\n","protected":false},"author":1,"featured_media":0,"parent":0,"menu_order":0,"comment_status":"closed","ping_status":"closed","template":"page-templates\/template-full-width.php","meta":{"footnotes":""},"class_list":["post-577","page","type-page","status-publish","hentry"],"yoast_head":"<!-- This site is optimized with the Yoast SEO plugin v26.9 - https:\/\/yoast.com\/product\/yoast-seo-wordpress\/ -->\n<title>Contact - NATURA DK, a.s.<\/title>\n<meta name=\"description\" content=\"Company headquarters adress: NATURA DK, a.s. Turkova 1338 504 01 Nov\u00fd Byd\u017eov, Czech Republic Company ID: 252 91 661 Commercial register: Section B, File\" \/>\n<meta name=\"robots\" content=\"index, follow, max-snippet:-1, max-image-preview:large, max-video-preview:-1\" \/>\n<link rel=\"canonical\" href=\"https:\/\/www.naturadk.eu\/en\/contact\/\" \/>\n<meta property=\"og:locale\" content=\"en_US\" \/>\n<meta property=\"og:type\" content=\"article\" \/>\n<meta property=\"og:title\" content=\"Contact - NATURA DK, a.s.\" \/>\n<meta property=\"og:description\" content=\"Company headquarters adress: NATURA DK, a.s. Turkova 1338 504 01 Nov\u00fd Byd\u017eov, Czech Republic Company ID: 252 91 661 Commercial register: Section B, File\" \/>\n<meta property=\"og:url\" content=\"https:\/\/www.naturadk.eu\/en\/contact\/\" \/>\n<meta property=\"og:site_name\" content=\"NATURA DK, a.s.\" \/>\n<meta property=\"article:modified_time\" content=\"2022-04-05T05:50:43+00:00\" \/>\n<meta name=\"twitter:card\" content=\"summary_large_image\" \/>\n<meta name=\"twitter:label1\" content=\"Est. reading time\" \/>\n\t<meta name=\"twitter:data1\" content=\"2 minutes\" \/>\n<script type=\"application\/ld+json\" class=\"yoast-schema-graph\">{\"@context\":\"https:\/\/schema.org\",\"@graph\":[{\"@type\":\"WebPage\",\"@id\":\"https:\/\/www.naturadk.eu\/en\/contact\/\",\"url\":\"https:\/\/www.naturadk.eu\/en\/contact\/\",\"name\":\"Contact - NATURA DK, a.s.\",\"isPartOf\":{\"@id\":\"https:\/\/www.naturadk.eu\/#website\"},\"datePublished\":\"2017-07-25T11:48:42+00:00\",\"dateModified\":\"2022-04-05T05:50:43+00:00\",\"description\":\"Company headquarters adress: NATURA DK, a.s. Turkova 1338 504 01 Nov\u00fd Byd\u017eov, Czech Republic Company ID: 252 91 661 Commercial register: Section B, File\",\"breadcrumb\":{\"@id\":\"https:\/\/www.naturadk.eu\/en\/contact\/#breadcrumb\"},\"inLanguage\":\"en-US\",\"potentialAction\":[{\"@type\":\"ReadAction\",\"target\":[\"https:\/\/www.naturadk.eu\/en\/contact\/\"]}]},{\"@type\":\"BreadcrumbList\",\"@id\":\"https:\/\/www.naturadk.eu\/en\/contact\/#breadcrumb\",\"itemListElement\":[{\"@type\":\"ListItem\",\"position\":1,\"name\":\"\",\"item\":\"https:\/\/www.naturadk.eu\/en\/\"},{\"@type\":\"ListItem\",\"position\":2,\"name\":\"Contact\"}]},{\"@type\":\"WebSite\",\"@id\":\"https:\/\/www.naturadk.eu\/#website\",\"url\":\"https:\/\/www.naturadk.eu\/\",\"name\":\"NATURA DK, a.s.\",\"description\":\"Stroj\u00edrensk\u00e1 v\u00fdroba, slu\u017eby pro zem\u011bd\u011blstv\u00ed a obchod\",\"potentialAction\":[{\"@type\":\"SearchAction\",\"target\":{\"@type\":\"EntryPoint\",\"urlTemplate\":\"https:\/\/www.naturadk.eu\/?s={search_term_string}\"},\"query-input\":{\"@type\":\"PropertyValueSpecification\",\"valueRequired\":true,\"valueName\":\"search_term_string\"}}],\"inLanguage\":\"en-US\"}]}<\/script>\n<!-- \/ Yoast SEO plugin. -->","yoast_head_json":{"title":"Contact - NATURA DK, a.s.","description":"Company headquarters adress: NATURA DK, a.s. Turkova 1338 504 01 Nov\u00fd Byd\u017eov, Czech Republic Company ID: 252 91 661 Commercial register: Section B, File","robots":{"index":"index","follow":"follow","max-snippet":"max-snippet:-1","max-image-preview":"max-image-preview:large","max-video-preview":"max-video-preview:-1"},"canonical":"https:\/\/www.naturadk.eu\/en\/contact\/","og_locale":"en_US","og_type":"article","og_title":"Contact - NATURA DK, a.s.","og_description":"Company headquarters adress: NATURA DK, a.s. Turkova 1338 504 01 Nov\u00fd Byd\u017eov, Czech Republic Company ID: 252 91 661 Commercial register: Section B, File","og_url":"https:\/\/www.naturadk.eu\/en\/contact\/","og_site_name":"NATURA DK, a.s.","article_modified_time":"2022-04-05T05:50:43+00:00","twitter_card":"summary_large_image","twitter_misc":{"Est. reading time":"2 minutes"},"schema":{"@context":"https:\/\/schema.org","@graph":[{"@type":"WebPage","@id":"https:\/\/www.naturadk.eu\/en\/contact\/","url":"https:\/\/www.naturadk.eu\/en\/contact\/","name":"Contact - NATURA DK, a.s.","isPartOf":{"@id":"https:\/\/www.naturadk.eu\/#website"},"datePublished":"2017-07-25T11:48:42+00:00","dateModified":"2022-04-05T05:50:43+00:00","description":"Company headquarters adress: NATURA DK, a.s. Turkova 1338 504 01 Nov\u00fd Byd\u017eov, Czech Republic Company ID: 252 91 661 Commercial register: Section B, File","breadcrumb":{"@id":"https:\/\/www.naturadk.eu\/en\/contact\/#breadcrumb"},"inLanguage":"en-US","potentialAction":[{"@type":"ReadAction","target":["https:\/\/www.naturadk.eu\/en\/contact\/"]}]},{"@type":"BreadcrumbList","@id":"https:\/\/www.naturadk.eu\/en\/contact\/#breadcrumb","itemListElement":[{"@type":"ListItem","position":1,"name":"","item":"https:\/\/www.naturadk.eu\/en\/"},{"@type":"ListItem","position":2,"name":"Contact"}]},{"@type":"WebSite","@id":"https:\/\/www.naturadk.eu\/#website","url":"https:\/\/www.naturadk.eu\/","name":"NATURA DK, a.s.","description":"Stroj\u00edrensk\u00e1 v\u00fdroba, slu\u017eby pro zem\u011bd\u011blstv\u00ed a obchod","potentialAction":[{"@type":"SearchAction","target":{"@type":"EntryPoint","urlTemplate":"https:\/\/www.naturadk.eu\/?s={search_term_string}"},"query-input":{"@type":"PropertyValueSpecification","valueRequired":true,"valueName":"search_term_string"}}],"inLanguage":"en-US"}]}},"_links":{"self":[{"href":"https:\/\/www.naturadk.eu\/en\/wp-json\/wp\/v2\/pages\/577","targetHints":{"allow":["GET"]}}],"collection":[{"href":"https:\/\/www.naturadk.eu\/en\/wp-json\/wp\/v2\/pages"}],"about":[{"href":"https:\/\/www.naturadk.eu\/en\/wp-json\/wp\/v2\/types\/page"}],"author":[{"embeddable":true,"href":"https:\/\/www.naturadk.eu\/en\/wp-json\/wp\/v2\/users\/1"}],"replies":[{"embeddable":true,"href":"https:\/\/www.naturadk.eu\/en\/wp-json\/wp\/v2\/comments?post=577"}],"version-history":[{"count":5,"href":"https:\/\/www.naturadk.eu\/en\/wp-json\/wp\/v2\/pages\/577\/revisions"}],"predecessor-version":[{"id":2903,"href":"https:\/\/www.naturadk.eu\/en\/wp-json\/wp\/v2\/pages\/577\/revisions\/2903"}],"wp:attachment":[{"href":"https:\/\/www.naturadk.eu\/en\/wp-json\/wp\/v2\/media?parent=577"}],"curies":[{"name":"wp","href":"https:\/\/api.w.org\/{rel}","templated":true}]}}