{"id":579,"date":"2017-07-25T13:50:01","date_gmt":"2017-07-25T11:50:01","guid":{"rendered":"https:\/\/www.naturadk.eu\/?page_id=579\/"},"modified":"2018-05-23T13:24:04","modified_gmt":"2018-05-23T11:24:04","slug":"about-us","status":"publish","type":"page","link":"https:\/\/www.naturadk.eu\/en\/about-us\/","title":{"rendered":"About us"},"content":{"rendered":"<p><img loading=\"lazy\" decoding=\"async\" width=\"940\" height=\"450\" class=\"alignnone center-block img-thumbnail size-medium wp-image-534\" src=\"https:\/\/www.naturadk.eu\/wp-content\/uploads\/2017\/07\/areal-slide.jpg\" alt=\"Are\u00e1l spole\u010dnosti\" srcset=\"https:\/\/www.naturadk.eu\/wp-content\/uploads\/2017\/07\/areal-slide.jpg 940w, https:\/\/www.naturadk.eu\/wp-content\/uploads\/2017\/07\/areal-slide-300x144.jpg 300w, https:\/\/www.naturadk.eu\/wp-content\/uploads\/2017\/07\/areal-slide-768x368.jpg 768w\" sizes=\"auto, (max-width: 940px) 100vw, 940px\" \/><\/p>\n<div class=\"clearfix\"><\/div>\n<p>We are a Czech family business established in 1998 after the closing of a sugar factory in Nov\u00fd Byd\u017eov that ran for almost 150 years. Our stockholders are Czech citizens.<strong>Our priority is to continue developing our small thriving business..<\/strong><\/p>\n<p>Our main activities include engineering and services for agriculture and trade.<\/p>\n<h3>Promo video<\/h3>\n<div class=\"embed-responsive embed-responsive-16by9\"><iframe loading=\"lazy\" class=\"embed-responsive-item\" src=\"https:\/\/www.youtube.com\/embed\/IXNglvZxij8\" width=\"300\" height=\"150\" frameborder=\"0\" allowfullscreen=\"allowfullscreen\"><\/iframe><\/div>\n<div class=\"clearfix\">&nbsp;<\/div>\n<table class=\"table table-bordered table-striped\">\n<tbody>\n<tr>\n<td><strong>Motto<\/strong><\/td>\n<td>Satisfied customers and professional staff.<\/td>\n<\/tr>\n<tr>\n<td><strong>ID<\/strong><\/td>\n<td>25291661<\/td>\n<\/tr>\n<tr>\n<td><strong>Commercial register<\/strong><\/td>\n<td>Section B, File No 1829, entered on 23.&nbsp;07.&nbsp;1998<\/td>\n<\/tr>\n<tr>\n<td rowspan=\"3\"><strong>Headquarters<\/strong><\/td>\n<td>NATURA DK, a.s.<\/td>\n<\/tr>\n<tr>\n<td>Turkova 1338<\/td>\n<\/tr>\n<tr>\n<td>504&nbsp;01 Nov\u00fd Byd\u017eov, Czech Republic<\/td>\n<\/tr>\n<\/tbody>\n<\/table>\n","protected":false},"excerpt":{"rendered":"<p>We are a Czech family business established in 1998 after the closing of a sugar factory in Nov\u00fd Byd\u017eov that ran for almost 150 years. Our stockholders are Czech citizens.Our priority is to continue developing our small thriving business.. Our main activities include engineering and services for agriculture and trade. Promo video &nbsp; Motto Satisfied &hellip;<\/p>\n","protected":false},"author":1,"featured_media":0,"parent":0,"menu_order":0,"comment_status":"closed","ping_status":"closed","template":"","meta":{"footnotes":""},"class_list":["post-579","page","type-page","status-publish","hentry"],"yoast_head":"<!-- This site is optimized with the Yoast SEO plugin v26.9 - https:\/\/yoast.com\/product\/yoast-seo-wordpress\/ -->\n<title>About us - NATURA DK, a.s.<\/title>\n<meta name=\"description\" content=\"We are a Czech family business established in 1998 after the closing of a sugar factory in Nov\u00fd Byd\u017eov that ran for almost 150 years. Our stockholders are\" \/>\n<meta name=\"robots\" content=\"index, follow, max-snippet:-1, max-image-preview:large, max-video-preview:-1\" \/>\n<link rel=\"canonical\" href=\"https:\/\/www.naturadk.eu\/en\/about-us\/\" \/>\n<meta property=\"og:locale\" content=\"en_US\" \/>\n<meta property=\"og:type\" content=\"article\" \/>\n<meta property=\"og:title\" content=\"About us - NATURA DK, a.s.\" \/>\n<meta property=\"og:description\" content=\"We are a Czech family business established in 1998 after the closing of a sugar factory in Nov\u00fd Byd\u017eov that ran for almost 150 years. Our stockholders are\" \/>\n<meta property=\"og:url\" content=\"https:\/\/www.naturadk.eu\/en\/about-us\/\" \/>\n<meta property=\"og:site_name\" content=\"NATURA DK, a.s.\" \/>\n<meta property=\"article:modified_time\" content=\"2018-05-23T11:24:04+00:00\" \/>\n<meta property=\"og:image\" content=\"https:\/\/www.naturadk.eu\/wp-content\/uploads\/2017\/07\/areal-slide.jpg\" \/>\n<meta name=\"twitter:card\" content=\"summary_large_image\" \/>\n<script type=\"application\/ld+json\" class=\"yoast-schema-graph\">{\"@context\":\"https:\/\/schema.org\",\"@graph\":[{\"@type\":\"WebPage\",\"@id\":\"https:\/\/www.naturadk.eu\/en\/about-us\/\",\"url\":\"https:\/\/www.naturadk.eu\/en\/about-us\/\",\"name\":\"About us - NATURA DK, a.s.\",\"isPartOf\":{\"@id\":\"https:\/\/www.naturadk.eu\/#website\"},\"primaryImageOfPage\":{\"@id\":\"https:\/\/www.naturadk.eu\/en\/about-us\/#primaryimage\"},\"image\":{\"@id\":\"https:\/\/www.naturadk.eu\/en\/about-us\/#primaryimage\"},\"thumbnailUrl\":\"https:\/\/www.naturadk.eu\/wp-content\/uploads\/2017\/07\/areal-slide.jpg\",\"datePublished\":\"2017-07-25T11:50:01+00:00\",\"dateModified\":\"2018-05-23T11:24:04+00:00\",\"description\":\"We are a Czech family business established in 1998 after the closing of a sugar factory in Nov\u00fd Byd\u017eov that ran for almost 150 years. Our stockholders are\",\"breadcrumb\":{\"@id\":\"https:\/\/www.naturadk.eu\/en\/about-us\/#breadcrumb\"},\"inLanguage\":\"en-US\",\"potentialAction\":[{\"@type\":\"ReadAction\",\"target\":[\"https:\/\/www.naturadk.eu\/en\/about-us\/\"]}]},{\"@type\":\"ImageObject\",\"inLanguage\":\"en-US\",\"@id\":\"https:\/\/www.naturadk.eu\/en\/about-us\/#primaryimage\",\"url\":\"https:\/\/www.naturadk.eu\/wp-content\/uploads\/2017\/07\/areal-slide.jpg\",\"contentUrl\":\"https:\/\/www.naturadk.eu\/wp-content\/uploads\/2017\/07\/areal-slide.jpg\"},{\"@type\":\"BreadcrumbList\",\"@id\":\"https:\/\/www.naturadk.eu\/en\/about-us\/#breadcrumb\",\"itemListElement\":[{\"@type\":\"ListItem\",\"position\":1,\"name\":\"\",\"item\":\"https:\/\/www.naturadk.eu\/en\/\"},{\"@type\":\"ListItem\",\"position\":2,\"name\":\"About us\"}]},{\"@type\":\"WebSite\",\"@id\":\"https:\/\/www.naturadk.eu\/#website\",\"url\":\"https:\/\/www.naturadk.eu\/\",\"name\":\"NATURA DK, a.s.\",\"description\":\"Stroj\u00edrensk\u00e1 v\u00fdroba, slu\u017eby pro zem\u011bd\u011blstv\u00ed a obchod\",\"potentialAction\":[{\"@type\":\"SearchAction\",\"target\":{\"@type\":\"EntryPoint\",\"urlTemplate\":\"https:\/\/www.naturadk.eu\/?s={search_term_string}\"},\"query-input\":{\"@type\":\"PropertyValueSpecification\",\"valueRequired\":true,\"valueName\":\"search_term_string\"}}],\"inLanguage\":\"en-US\"}]}<\/script>\n<!-- \/ Yoast SEO plugin. -->","yoast_head_json":{"title":"About us - NATURA DK, a.s.","description":"We are a Czech family business established in 1998 after the closing of a sugar factory in Nov\u00fd Byd\u017eov that ran for almost 150 years. Our stockholders are","robots":{"index":"index","follow":"follow","max-snippet":"max-snippet:-1","max-image-preview":"max-image-preview:large","max-video-preview":"max-video-preview:-1"},"canonical":"https:\/\/www.naturadk.eu\/en\/about-us\/","og_locale":"en_US","og_type":"article","og_title":"About us - NATURA DK, a.s.","og_description":"We are a Czech family business established in 1998 after the closing of a sugar factory in Nov\u00fd Byd\u017eov that ran for almost 150 years. Our stockholders are","og_url":"https:\/\/www.naturadk.eu\/en\/about-us\/","og_site_name":"NATURA DK, a.s.","article_modified_time":"2018-05-23T11:24:04+00:00","og_image":[{"url":"https:\/\/www.naturadk.eu\/wp-content\/uploads\/2017\/07\/areal-slide.jpg","type":"","width":"","height":""}],"twitter_card":"summary_large_image","schema":{"@context":"https:\/\/schema.org","@graph":[{"@type":"WebPage","@id":"https:\/\/www.naturadk.eu\/en\/about-us\/","url":"https:\/\/www.naturadk.eu\/en\/about-us\/","name":"About us - NATURA DK, a.s.","isPartOf":{"@id":"https:\/\/www.naturadk.eu\/#website"},"primaryImageOfPage":{"@id":"https:\/\/www.naturadk.eu\/en\/about-us\/#primaryimage"},"image":{"@id":"https:\/\/www.naturadk.eu\/en\/about-us\/#primaryimage"},"thumbnailUrl":"https:\/\/www.naturadk.eu\/wp-content\/uploads\/2017\/07\/areal-slide.jpg","datePublished":"2017-07-25T11:50:01+00:00","dateModified":"2018-05-23T11:24:04+00:00","description":"We are a Czech family business established in 1998 after the closing of a sugar factory in Nov\u00fd Byd\u017eov that ran for almost 150 years. Our stockholders are","breadcrumb":{"@id":"https:\/\/www.naturadk.eu\/en\/about-us\/#breadcrumb"},"inLanguage":"en-US","potentialAction":[{"@type":"ReadAction","target":["https:\/\/www.naturadk.eu\/en\/about-us\/"]}]},{"@type":"ImageObject","inLanguage":"en-US","@id":"https:\/\/www.naturadk.eu\/en\/about-us\/#primaryimage","url":"https:\/\/www.naturadk.eu\/wp-content\/uploads\/2017\/07\/areal-slide.jpg","contentUrl":"https:\/\/www.naturadk.eu\/wp-content\/uploads\/2017\/07\/areal-slide.jpg"},{"@type":"BreadcrumbList","@id":"https:\/\/www.naturadk.eu\/en\/about-us\/#breadcrumb","itemListElement":[{"@type":"ListItem","position":1,"name":"","item":"https:\/\/www.naturadk.eu\/en\/"},{"@type":"ListItem","position":2,"name":"About us"}]},{"@type":"WebSite","@id":"https:\/\/www.naturadk.eu\/#website","url":"https:\/\/www.naturadk.eu\/","name":"NATURA DK, a.s.","description":"Stroj\u00edrensk\u00e1 v\u00fdroba, slu\u017eby pro zem\u011bd\u011blstv\u00ed a obchod","potentialAction":[{"@type":"SearchAction","target":{"@type":"EntryPoint","urlTemplate":"https:\/\/www.naturadk.eu\/?s={search_term_string}"},"query-input":{"@type":"PropertyValueSpecification","valueRequired":true,"valueName":"search_term_string"}}],"inLanguage":"en-US"}]}},"_links":{"self":[{"href":"https:\/\/www.naturadk.eu\/en\/wp-json\/wp\/v2\/pages\/579","targetHints":{"allow":["GET"]}}],"collection":[{"href":"https:\/\/www.naturadk.eu\/en\/wp-json\/wp\/v2\/pages"}],"about":[{"href":"https:\/\/www.naturadk.eu\/en\/wp-json\/wp\/v2\/types\/page"}],"author":[{"embeddable":true,"href":"https:\/\/www.naturadk.eu\/en\/wp-json\/wp\/v2\/users\/1"}],"replies":[{"embeddable":true,"href":"https:\/\/www.naturadk.eu\/en\/wp-json\/wp\/v2\/comments?post=579"}],"version-history":[{"count":5,"href":"https:\/\/www.naturadk.eu\/en\/wp-json\/wp\/v2\/pages\/579\/revisions"}],"predecessor-version":[{"id":1524,"href":"https:\/\/www.naturadk.eu\/en\/wp-json\/wp\/v2\/pages\/579\/revisions\/1524"}],"wp:attachment":[{"href":"https:\/\/www.naturadk.eu\/en\/wp-json\/wp\/v2\/media?parent=579"}],"curies":[{"name":"wp","href":"https:\/\/api.w.org\/{rel}","templated":true}]}}