{"id":586,"date":"2017-07-25T13:53:59","date_gmt":"2017-07-25T11:53:59","guid":{"rendered":"https:\/\/www.naturadk.eu\/?page_id=586\/"},"modified":"2017-08-11T10:40:52","modified_gmt":"2017-08-11T08:40:52","slug":"maribo-seed","status":"publish","type":"page","link":"https:\/\/www.naturadk.eu\/en\/retail\/maribo-seed\/","title":{"rendered":"Maribo seed"},"content":{"rendered":"<div class=\"row\">\n<div class=\"col-sm-4\">\n\t<a href=\"https:\/\/www.naturadk.eu\/wp-content\/uploads\/2017\/07\/osivo-maribo-seed.jpg\" title=\"Maribo seed\"><img loading=\"lazy\" decoding=\"async\" src=\"https:\/\/www.naturadk.eu\/wp-content\/uploads\/2017\/07\/osivo-maribo-seed-300x199.jpg\" alt=\"Maribo seed\" width=\"300\" height=\"199\" class=\"alignnone center-block img-thumbnail cesize-medium wp-image-515\" srcset=\"https:\/\/www.naturadk.eu\/wp-content\/uploads\/2017\/07\/osivo-maribo-seed-300x199.jpg 300w, https:\/\/www.naturadk.eu\/wp-content\/uploads\/2017\/07\/osivo-maribo-seed-768x510.jpg 768w, https:\/\/www.naturadk.eu\/wp-content\/uploads\/2017\/07\/osivo-maribo-seed.jpg 850w\" sizes=\"auto, (max-width: 300px) 100vw, 300px\" \/><\/a><\/p>\n<div class=\"clearfix visible-xs\">&nbsp;<\/div>\n<\/div>\n<div class=\"col-sm-8\">\n<p>Import, stocking and distribution of sugarbeet seed produced by Danish corporation <strong> MARIBO Seed<\/strong> for beet growers and sugar factories in the Czech Republic.<\/p>\n<p>Advisory services are provided by an organisational unit of <a href=\"http:\/\/www.maribo.com\/\">MARIBO<\/a>.<\/p>\n<\/div>\n<\/div>\n<div class=\"clearfix\">&nbsp;<\/div>\n<h2>Sugarbeet seed 2016<\/h2>\n<div class=\"row\">\n<div class=\"col-md-6\">\n<div class=\"panel panel-default panel-osivo\">\n<h3>GALLANT <small>NC TYPE<\/small><span class=\"badge pull-right\">STABILITY AND VERSATILITY<\/span><br \/>\n\t\t\t<\/h3>\n<ul>\n<li>tolerant to rhizomania and beet cercosporiosis <\/li>\n<li>most frequently grown variety in the Czech Republic in 2015 (10.2&nbsp;% of crop area in CZ)<\/li>\n<\/ul><\/div>\n<\/p><\/div>\n<div class=\"col-md-6\">\n<div class=\"panel panel-default panel-osivo\">\n<h3>VARIOS <small>NC TYPE<\/small><span class=\"badge pull-right\">NEW PRODUCT 2015<\/span><br \/>\n\t\t\t<\/h3>\n<ul>\n<li>tolerant to rhizomania and beet cercosporiosis <\/li>\n<li>1st place in \u00daKZ\u00daZ &#8211; Central Institute\u2019s for Supervising and Testing in Agriculture  registration in treated variety 2012-2014<\/li>\n<li>best-selling new seed in the Czech Republic in 2015 (3.3&nbsp;% of crop area in CZ)<\/li>\n<\/ul><\/div>\n<\/p><\/div>\n<div class=\"col-md-6\">\n<div class=\"panel panel-default panel-osivo\">\n<h3>SY APEL <small>N TYPE<\/small><span class=\"badge pull-right\">STABILITY<\/span><br \/>\n\t\t\t<\/h3>\n<ul>\n<li>tolerant to rhizomania, mildly tolerant to beet cercosporiosis <\/li>\n<li>5th best-selling variety in 2015 (7.4&nbsp;% of crop area in CZ)<\/li>\n<\/ul><\/div>\n<\/p><\/div>\n<div class=\"col-md-6\">\n<div class=\"panel panel-default panel-osivo\">\n<h3>POSEIDON <small>NC TYPE<\/small><br \/>\n\t\t\t<\/h3>\n<ul>\n<li>tolerant to rhizomania, beet cercosporiosis and rhizoctonia root rot (Rhizoctonia solani)<\/li>\n<li>Index in \u00daKZ\u00daZ registration in 2008 and 2009 \u2026 105&nbsp;%<\/li>\n<li>best-selling rhizoctonia-resistant variety in the Czech Republic between 2011 and 2015<\/li>\n<\/ul><\/div>\n<\/p><\/div>\n<div class=\"col-md-6\">\n<div class=\"panel panel-default panel-osivo\">\n<h3>GREGORIUS <small>NC TYPE<\/small><br \/>\n\t\t\t<\/h3>\n<ul>\n<li>tolerant to rhizomania and sugarbeet nematode<\/li>\n<li>Index in \u00daKZ\u00daZ registration in 2011 and 2012 (treated variety) \u2026 103.,1&nbsp;%<\/li>\n<\/ul><\/div>\n<\/p><\/div>\n<div class=\"col-md-6\">\n<div class=\"panel panel-default panel-osivo\">\n<h3>XANADU <small>N TYPE<\/small><br \/>\n\t\t\t<\/h3>\n<ul>\n<li>tolerant to rhizomania, cercosporiosis and sugarbeet nematode<\/li>\n<\/ul><\/div>\n<\/p><\/div>\n<\/div>\n<h2>2016 NEW PRODUCTS <small>upon registration by \u00daKZ\u00daZ<\/small><br \/>\n<\/h2>\n<div class=\"row\">\n<div class=\"col-md-6\">\n<div class=\"panel panel-danger panel-osivo\">\n<h3>TORERO <small>NC TYPE<\/small><span class=\"badge pull-right\">NEW PRODUCT in 2016<\/span><br \/>\n\t\t\t<\/h3>\n<ul>\n<li>very promising new product with high sugar content, tolerant to rhizomania and Cercospora beticola<\/li>\n<li>1st place after first year of \u00daKZ\u00daZ testing in treated variety \u2013 (107.8&nbsp;% sugar yield, I 104.1&nbsp;%)<\/li>\n<li>versatile for all types of harvest<\/li>\n<\/ul><\/div>\n<\/p><\/div>\n<div class=\"col-md-6\">\n<div class=\"panel panel-danger panel-osivo\">\n<h3>AVISO <small>NC TYP<\/small><span class=\"badge pull-right\">NEW PRODUCT in 2016<\/span><br \/>\n\t\t\t<\/h3>\n<ul>\n<li>new product high in sugar, tolerant to rhizomania<\/li>\n<li>5th place after first year of \u00daKZ\u00daZ testing in treated variety \u2013 (103.6&nbsp;% sugar, I 102.7&nbsp;%)<\/li>\n<li>also suitable for early harvest <\/li>\n<\/ul><\/div>\n<\/p><\/div>\n<\/div>\n<div class=\"clearfix\">&nbsp;<\/div>\n<p class=\"odstavecPotvrzeni radaM\">Download full booklet with sugarbeet varieties for 2016: &nbsp;<i class=\"fa fa-file-pdf-o\"><\/i>&nbsp;<a target=\"_blank\" href=\"\/images\/soubory\/pdf\/Maribo-osivo-2016.pdf\">Maribo-osivo-2016.pdf<\/a> (3.05 MB)<\/p>\n<h2>Contacts<\/h2>\n<div class=\"row\">\n<div class=\"col-md-4\">\n<table class=\"table table-condensed\">\n<tbody>\n<tr>\n<th>MARIBO SEED INTERNATIONAL ApS<br \/><small>organisational unit in the Czech Republic<\/small>\n\t\t\t\t\t<\/th>\n<\/tr>\n<tr>\n<td>www.mariboseed.com<\/td>\n<\/tr>\n<tr>\n<td>Ing. V\u00edt Bittner<\/td>\n<\/tr>\n<tr>\n<td>Hertick\u00e1 435<\/td>\n<\/tr>\n<tr>\n<td>CZ-747&nbsp;57 SLAVKOV<\/td>\n<\/tr>\n<tr>\n<td>tel. +420&nbsp;553&nbsp;797&nbsp;912<\/td>\n<\/tr>\n<tr>\n<td>fax +420&nbsp;553&nbsp;797&nbsp;315<\/td>\n<\/tr>\n<tr>\n<td>mobile: +420&nbsp;602&nbsp;411&nbsp;702<\/td>\n<\/tr>\n<tr>\n<td>e-mail: <a href=\"mailto:vit.bittner@mariboseed.com\">vit.bittner@mariboseed.com<\/a>\n\t\t\t\t\t<\/td>\n<\/tr>\n<\/tbody>\n<\/table><\/div>\n<div class=\"col-md-4\">\n<table class=\"table table-condensed\">\n<tbody>\n<tr>\n<th>Dealership in the Czech Republic<\/th>\n<\/tr>\n<tr>\n<td>Ing. Bohumil Her\u010d\u00edk<\/td>\n<\/tr>\n<tr>\n<td>Leo\u0161e Jan\u00e1\u010dka 494<\/td>\n<\/tr>\n<tr>\n<td>CZ-280&nbsp;02 KOL\u00cdN<\/td>\n<\/tr>\n<tr>\n<td>tel.\/fax +420&nbsp;321&nbsp;720&nbsp;978<\/td>\n<\/tr>\n<tr>\n<td>mobile: +420&nbsp;602&nbsp;446&nbsp;901<\/td>\n<\/tr>\n<tr>\n<td>e-mail: <a href=\"mailto:bohumil.hercik@mariboseed.com\">bohumil.hercik@mariboseed.com<\/a><br \/><a href=\"mailto:hercik.maribo@seznam.cz\">hercik.maribo@seznam.cz<\/a>\n\t\t\t\t\t<\/td>\n<\/tr>\n<\/tbody>\n<\/table><\/div>\n<div class=\"col-md-4\">\n<table class=\"table table-condensed\">\n<tbody>\n<tr>\n<th>Dealership in the Czech Republic<\/th>\n<\/tr>\n<tr>\n<td>Ing. Josef Migdau<\/td>\n<\/tr>\n<tr>\n<td>\u017di\u017ekova 496<\/td>\n<\/tr>\n<tr>\n<td>CZ-285&nbsp;61 \u017dleby<\/td>\n<\/tr>\n<tr>\n<td>mobile: +420601581871<\/td>\n<\/tr>\n<tr>\n<td>e-mail: <a href=\"mailto:josef.migdau@mariboseed.com\">josef.migdau@mariboseed.com<\/a><br \/><a href=\"mailto:jmigdau@seznam.cz\">jmigdau@seznam.cz<\/a>\n\t\t\t\t\t<\/td>\n<\/tr>\n<\/tbody>\n<\/table><\/div>\n<div class=\"col-md-12\">\n<table class=\"table table-condensed\">\n<tbody>\n<tr>\n<th colspan=\"2\">SEED SUPPLIER IN THE CZECH REPUBLIC<\/th>\n<\/tr>\n<tr>\n<td>NATURA DK, a.s.<\/td>\n<td>tel. +420&nbsp;495&nbsp;490&nbsp;364<\/td>\n<\/tr>\n<tr>\n<td>Turkova 1338<\/td>\n<td>fax +420&nbsp;495&nbsp;493&nbsp;312<\/td>\n<\/tr>\n<tr>\n<td>CZ-504&nbsp;01 Nov\u00fd Byd\u017eov<\/td>\n<td>e-mail: <a href=\"mailto:info@naturadk.cz\">info@naturadk.cz<\/a>\n\t\t\t\t\t<\/td>\n<\/tr>\n<tr><\/tr>\n<\/tbody>\n<\/table><\/div>\n<\/div>\n<div class=\"row odstavecRada\">\n<h4 class=\"col-xs-12\">References<\/h4>\n<div class=\"col-sm-6\">\n<ul>\n<li><strong>Tereos TTD cukrovar Dobrovice<\/strong><br \/>Mr. Verfl \u2013 602&nbsp;318&nbsp;859<\/li>\n<li><strong>Tereos TTD cukrovar \u010cesk\u00e9 Mezi\u0159\u00ed\u010d\u00ed<\/strong><br \/>Mr. Rieger \u2013 602&nbsp;405&nbsp;712<\/li>\n<\/ul><\/div>\n<div class=\"col-sm-6\">\n<ul>\n<li><strong>Maribo Seed<\/strong><br \/>Mr. Bittner \u2013 602&nbsp;411&nbsp;702<br \/>Mr. Migdau \u2013 601&nbsp;581&nbsp;871<\/li>\n<\/ul><\/div>\n<\/div>\n<div id=\"black-studio-tinymce-21\" class=\"widget widget_black_studio_tinymce amr_widget\"><div class=\"textwidget\"><hr>\r\n<div class=\"col-xs-12\">\r\n<div class=\"row formular-bg\">\r\n<div class=\"col-xs-12\">\r\n<h2 class=\"col-xs-12\">Do you have a question? Send us a message<\/h2>\r\n<div class=\"col-xs-12\">\n<div class=\"wpcf7 no-js\" id=\"wpcf7-f1326-o1\" lang=\"cs-CZ\" dir=\"ltr\" data-wpcf7-id=\"1326\">\n<div class=\"screen-reader-response\"><p role=\"status\" aria-live=\"polite\" aria-atomic=\"true\"><\/p> <ul><\/ul><\/div>\n<form action=\"\/en\/wp-json\/wp\/v2\/pages\/586#wpcf7-f1326-o1\" method=\"post\" class=\"wpcf7-form init form-horizontal\" aria-label=\"Kontaktn\u00ed formul\u00e1\u0159\" novalidate=\"novalidate\" data-status=\"init\">\n<fieldset class=\"hidden-fields-container\"><input type=\"hidden\" name=\"_wpcf7\" value=\"1326\" \/><input type=\"hidden\" name=\"_wpcf7_version\" value=\"6.1.5\" \/><input type=\"hidden\" name=\"_wpcf7_locale\" value=\"cs_CZ\" \/><input type=\"hidden\" name=\"_wpcf7_unit_tag\" value=\"wpcf7-f1326-o1\" \/><input type=\"hidden\" name=\"_wpcf7_container_post\" value=\"0\" \/><input type=\"hidden\" name=\"_wpcf7_posted_data_hash\" value=\"\" \/>\n<\/fieldset>\n<div class=\"form-group your-subject\"><label class=\" control-label col-sm-3\" for=\"zamknute\">Subject<\/label><div class=\"col-sm-9\"><input class=\"wpcf7-form-control wpcf7-text form-control\" id=\"zamknute\" name=\"your-subject\" type=\"text\" value=\"\" aria-invalid=\"false\"><\/div><\/div>\n<div class=\"form-group your-name\"><label class=\" control-label col-sm-3\">Name<\/label><div class=\"col-sm-9\"><input class=\"wpcf7-form-control wpcf7-text form-control\" name=\"your-name\" type=\"text\" value=\"\" aria-invalid=\"false\"><\/div><\/div>\n<div class=\"form-group your-email\"><label class=\" control-label col-sm-3\">E-mail <span class=\"required\">*<\/span><\/label><div class=\"col-sm-9\"><input class=\"wpcf7-form-control wpcf7-email wpcf7-validates-as-required wpcf7-text wpcf7-validates-as-email form-control\" name=\"your-email\" type=\"email\" value=\"\" aria-invalid=\"false\" aria-required=\"true\" required><\/div><\/div>\n<div class=\"form-group your-phone\"><label class=\" control-label col-sm-3\">Phone<\/label><div class=\"col-sm-9\"><input class=\"wpcf7-form-control wpcf7-text form-control\" name=\"your-phone\" type=\"text\" value=\"\" aria-invalid=\"false\"><\/div><\/div>\n<div class=\"form-group your-message\"><label class=\" control-label col-sm-3\">Message <span class=\"required\">*<\/span><\/label><div class=\"col-sm-9\"><textarea class=\"wpcf7-form-control wpcf7-textarea wpcf7-validates-as-required form-control\" name=\"your-message\" rows=\"4\" aria-invalid=\"false\" aria-required=\"true\" required><\/textarea><\/div><\/div>\n<span id=\"wpcf7-69fca7870341c-wrapper\" class=\"wpcf7-form-control-wrap City-wrap\" ><input type=\"hidden\" name=\"City-time-start\" value=\"1778165639\"><input type=\"hidden\" name=\"City-time-check\" value=\"6\"><label for=\"wpcf7-69fca7870341c-field\" class=\"hp-message\">Ponechte toto pole pr\u00e1zdn\u00e9.<\/label><input id=\"wpcf7-69fca7870341c-field\"  class=\"wpcf7-form-control wpcf7-text\" type=\"text\" name=\"City\" value=\"\" size=\"40\" tabindex=\"-1\" autocomplete=\"new-password\" \/><\/span>\n<div class=\"form-group\"><div class=\"col-sm-9 col-sm-offset-3\"><input class=\"wpcf7-form-control wpcf7-submit btn btn-success btn-lg\" type=\"submit\" value=\"Send message\"><\/div><\/div><div class=\"wpcf7-response-output alert alert-warning\"><\/div>\n<\/form>\n<\/div>\n<\/div>\r\n<\/div>\r\n<\/div>\r\n<\/div>\r\n<div class=\"clearfix\">&nbsp;<\/div><\/div><\/div>\n","protected":false},"excerpt":{"rendered":"<p>&nbsp; Import, stocking and distribution of sugarbeet seed produced by Danish corporation MARIBO Seed for beet growers and sugar factories in the Czech Republic. Advisory services are provided by an organisational unit of MARIBO. &nbsp; Sugarbeet seed 2016 GALLANT NC TYPESTABILITY AND VERSATILITY tolerant to rhizomania and beet cercosporiosis most frequently grown variety in the &hellip;<\/p>\n","protected":false},"author":1,"featured_media":0,"parent":581,"menu_order":0,"comment_status":"closed","ping_status":"closed","template":"","meta":{"footnotes":""},"class_list":["post-586","page","type-page","status-publish","hentry"],"yoast_head":"<!-- This site is optimized with the Yoast SEO plugin v26.9 - https:\/\/yoast.com\/product\/yoast-seo-wordpress\/ -->\n<title>Maribo seed - NATURA DK, a.s.<\/title>\n<meta name=\"description\" content=\"&nbsp; Import, stocking and distribution of sugarbeet seed produced by Danish corporation MARIBO Seed for beet growers and sugar factories in the Czech\" \/>\n<meta name=\"robots\" content=\"index, follow, max-snippet:-1, max-image-preview:large, max-video-preview:-1\" \/>\n<link rel=\"canonical\" href=\"https:\/\/www.naturadk.eu\/en\/retail\/maribo-seed\/\" \/>\n<meta property=\"og:locale\" content=\"en_US\" \/>\n<meta property=\"og:type\" content=\"article\" \/>\n<meta property=\"og:title\" content=\"Maribo seed - NATURA DK, a.s.\" \/>\n<meta property=\"og:description\" content=\"&nbsp; Import, stocking and distribution of sugarbeet seed produced by Danish corporation MARIBO Seed for beet growers and sugar factories in the Czech\" \/>\n<meta property=\"og:url\" content=\"https:\/\/www.naturadk.eu\/en\/retail\/maribo-seed\/\" \/>\n<meta property=\"og:site_name\" content=\"NATURA DK, a.s.\" \/>\n<meta property=\"article:modified_time\" content=\"2017-08-11T08:40:52+00:00\" \/>\n<meta property=\"og:image\" content=\"https:\/\/www.naturadk.eu\/wp-content\/uploads\/2017\/07\/osivo-maribo-seed-300x199.jpg\" \/>\n<meta name=\"twitter:card\" content=\"summary_large_image\" \/>\n<meta name=\"twitter:label1\" content=\"Est. reading time\" \/>\n\t<meta name=\"twitter:data1\" content=\"2 minutes\" \/>\n<script type=\"application\/ld+json\" class=\"yoast-schema-graph\">{\"@context\":\"https:\/\/schema.org\",\"@graph\":[{\"@type\":\"WebPage\",\"@id\":\"https:\/\/www.naturadk.eu\/en\/retail\/maribo-seed\/\",\"url\":\"https:\/\/www.naturadk.eu\/en\/retail\/maribo-seed\/\",\"name\":\"Maribo seed - NATURA DK, a.s.\",\"isPartOf\":{\"@id\":\"https:\/\/www.naturadk.eu\/#website\"},\"primaryImageOfPage\":{\"@id\":\"https:\/\/www.naturadk.eu\/en\/retail\/maribo-seed\/#primaryimage\"},\"image\":{\"@id\":\"https:\/\/www.naturadk.eu\/en\/retail\/maribo-seed\/#primaryimage\"},\"thumbnailUrl\":\"https:\/\/www.naturadk.eu\/wp-content\/uploads\/2017\/07\/osivo-maribo-seed-300x199.jpg\",\"datePublished\":\"2017-07-25T11:53:59+00:00\",\"dateModified\":\"2017-08-11T08:40:52+00:00\",\"description\":\"&nbsp; Import, stocking and distribution of sugarbeet seed produced by Danish corporation MARIBO Seed for beet growers and sugar factories in the Czech\",\"breadcrumb\":{\"@id\":\"https:\/\/www.naturadk.eu\/en\/retail\/maribo-seed\/#breadcrumb\"},\"inLanguage\":\"en-US\",\"potentialAction\":[{\"@type\":\"ReadAction\",\"target\":[\"https:\/\/www.naturadk.eu\/en\/retail\/maribo-seed\/\"]}]},{\"@type\":\"ImageObject\",\"inLanguage\":\"en-US\",\"@id\":\"https:\/\/www.naturadk.eu\/en\/retail\/maribo-seed\/#primaryimage\",\"url\":\"https:\/\/www.naturadk.eu\/wp-content\/uploads\/2017\/07\/osivo-maribo-seed-300x199.jpg\",\"contentUrl\":\"https:\/\/www.naturadk.eu\/wp-content\/uploads\/2017\/07\/osivo-maribo-seed-300x199.jpg\"},{\"@type\":\"BreadcrumbList\",\"@id\":\"https:\/\/www.naturadk.eu\/en\/retail\/maribo-seed\/#breadcrumb\",\"itemListElement\":[{\"@type\":\"ListItem\",\"position\":1,\"name\":\"\",\"item\":\"https:\/\/www.naturadk.eu\/en\/\"},{\"@type\":\"ListItem\",\"position\":2,\"name\":\"Retail\",\"item\":\"https:\/\/www.naturadk.eu\/en\/retail\/\"},{\"@type\":\"ListItem\",\"position\":3,\"name\":\"Maribo seed\"}]},{\"@type\":\"WebSite\",\"@id\":\"https:\/\/www.naturadk.eu\/#website\",\"url\":\"https:\/\/www.naturadk.eu\/\",\"name\":\"NATURA DK, a.s.\",\"description\":\"Stroj\u00edrensk\u00e1 v\u00fdroba, slu\u017eby pro zem\u011bd\u011blstv\u00ed a obchod\",\"potentialAction\":[{\"@type\":\"SearchAction\",\"target\":{\"@type\":\"EntryPoint\",\"urlTemplate\":\"https:\/\/www.naturadk.eu\/?s={search_term_string}\"},\"query-input\":{\"@type\":\"PropertyValueSpecification\",\"valueRequired\":true,\"valueName\":\"search_term_string\"}}],\"inLanguage\":\"en-US\"}]}<\/script>\n<!-- \/ Yoast SEO plugin. -->","yoast_head_json":{"title":"Maribo seed - NATURA DK, a.s.","description":"&nbsp; Import, stocking and distribution of sugarbeet seed produced by Danish corporation MARIBO Seed for beet growers and sugar factories in the Czech","robots":{"index":"index","follow":"follow","max-snippet":"max-snippet:-1","max-image-preview":"max-image-preview:large","max-video-preview":"max-video-preview:-1"},"canonical":"https:\/\/www.naturadk.eu\/en\/retail\/maribo-seed\/","og_locale":"en_US","og_type":"article","og_title":"Maribo seed - NATURA DK, a.s.","og_description":"&nbsp; Import, stocking and distribution of sugarbeet seed produced by Danish corporation MARIBO Seed for beet growers and sugar factories in the Czech","og_url":"https:\/\/www.naturadk.eu\/en\/retail\/maribo-seed\/","og_site_name":"NATURA DK, a.s.","article_modified_time":"2017-08-11T08:40:52+00:00","og_image":[{"url":"https:\/\/www.naturadk.eu\/wp-content\/uploads\/2017\/07\/osivo-maribo-seed-300x199.jpg","type":"","width":"","height":""}],"twitter_card":"summary_large_image","twitter_misc":{"Est. reading time":"2 minutes"},"schema":{"@context":"https:\/\/schema.org","@graph":[{"@type":"WebPage","@id":"https:\/\/www.naturadk.eu\/en\/retail\/maribo-seed\/","url":"https:\/\/www.naturadk.eu\/en\/retail\/maribo-seed\/","name":"Maribo seed - NATURA DK, a.s.","isPartOf":{"@id":"https:\/\/www.naturadk.eu\/#website"},"primaryImageOfPage":{"@id":"https:\/\/www.naturadk.eu\/en\/retail\/maribo-seed\/#primaryimage"},"image":{"@id":"https:\/\/www.naturadk.eu\/en\/retail\/maribo-seed\/#primaryimage"},"thumbnailUrl":"https:\/\/www.naturadk.eu\/wp-content\/uploads\/2017\/07\/osivo-maribo-seed-300x199.jpg","datePublished":"2017-07-25T11:53:59+00:00","dateModified":"2017-08-11T08:40:52+00:00","description":"&nbsp; Import, stocking and distribution of sugarbeet seed produced by Danish corporation MARIBO Seed for beet growers and sugar factories in the Czech","breadcrumb":{"@id":"https:\/\/www.naturadk.eu\/en\/retail\/maribo-seed\/#breadcrumb"},"inLanguage":"en-US","potentialAction":[{"@type":"ReadAction","target":["https:\/\/www.naturadk.eu\/en\/retail\/maribo-seed\/"]}]},{"@type":"ImageObject","inLanguage":"en-US","@id":"https:\/\/www.naturadk.eu\/en\/retail\/maribo-seed\/#primaryimage","url":"https:\/\/www.naturadk.eu\/wp-content\/uploads\/2017\/07\/osivo-maribo-seed-300x199.jpg","contentUrl":"https:\/\/www.naturadk.eu\/wp-content\/uploads\/2017\/07\/osivo-maribo-seed-300x199.jpg"},{"@type":"BreadcrumbList","@id":"https:\/\/www.naturadk.eu\/en\/retail\/maribo-seed\/#breadcrumb","itemListElement":[{"@type":"ListItem","position":1,"name":"","item":"https:\/\/www.naturadk.eu\/en\/"},{"@type":"ListItem","position":2,"name":"Retail","item":"https:\/\/www.naturadk.eu\/en\/retail\/"},{"@type":"ListItem","position":3,"name":"Maribo seed"}]},{"@type":"WebSite","@id":"https:\/\/www.naturadk.eu\/#website","url":"https:\/\/www.naturadk.eu\/","name":"NATURA DK, a.s.","description":"Stroj\u00edrensk\u00e1 v\u00fdroba, slu\u017eby pro zem\u011bd\u011blstv\u00ed a obchod","potentialAction":[{"@type":"SearchAction","target":{"@type":"EntryPoint","urlTemplate":"https:\/\/www.naturadk.eu\/?s={search_term_string}"},"query-input":{"@type":"PropertyValueSpecification","valueRequired":true,"valueName":"search_term_string"}}],"inLanguage":"en-US"}]}},"_links":{"self":[{"href":"https:\/\/www.naturadk.eu\/en\/wp-json\/wp\/v2\/pages\/586","targetHints":{"allow":["GET"]}}],"collection":[{"href":"https:\/\/www.naturadk.eu\/en\/wp-json\/wp\/v2\/pages"}],"about":[{"href":"https:\/\/www.naturadk.eu\/en\/wp-json\/wp\/v2\/types\/page"}],"author":[{"embeddable":true,"href":"https:\/\/www.naturadk.eu\/en\/wp-json\/wp\/v2\/users\/1"}],"replies":[{"embeddable":true,"href":"https:\/\/www.naturadk.eu\/en\/wp-json\/wp\/v2\/comments?post=586"}],"version-history":[{"count":5,"href":"https:\/\/www.naturadk.eu\/en\/wp-json\/wp\/v2\/pages\/586\/revisions"}],"predecessor-version":[{"id":1325,"href":"https:\/\/www.naturadk.eu\/en\/wp-json\/wp\/v2\/pages\/586\/revisions\/1325"}],"up":[{"embeddable":true,"href":"https:\/\/www.naturadk.eu\/en\/wp-json\/wp\/v2\/pages\/581"}],"wp:attachment":[{"href":"https:\/\/www.naturadk.eu\/en\/wp-json\/wp\/v2\/media?parent=586"}],"curies":[{"name":"wp","href":"https:\/\/api.w.org\/{rel}","templated":true}]}}