{"id":604,"date":"2017-07-25T14:01:23","date_gmt":"2017-07-25T12:01:23","guid":{"rendered":"https:\/\/www.naturadk.eu\/?page_id=604\/"},"modified":"2017-07-27T11:52:02","modified_gmt":"2017-07-27T09:52:02","slug":"services","status":"publish","type":"page","link":"https:\/\/www.naturadk.eu\/en\/services\/","title":{"rendered":"Services"},"content":{"rendered":"<div class=\"row rozcestnik\">\n<div class=\"col-sm-6\">\n\t <a href=\"https:\/\/www.naturadk.eu\/en\/custom-fabricated-conveyor-belts\/\" title=\"Production of conveyor belts\"><\/p>\n<div class=\"panel panel-rozcestnik text-center\">\n<div class=\"panel-body\">\n<h2>Production of conveyor belts<\/h2>\n<p>\t\t<img loading=\"lazy\" decoding=\"async\" src=\"https:\/\/www.naturadk.eu\/wp-content\/uploads\/2017\/07\/uvodnik-pasy-300x200.jpg\" alt=\"Production of conveyor belts\" width=\"300\" height=\"200\" class=\"hvr-wobble-vertical img-thumbnail img-responsive center-block size-full wp-image-461\" \/>\n\t<\/div>\n<\/div>\n<p><\/a>\n  <\/div>\n<div class=\"col-sm-6\">\n\t <a href=\"https:\/\/www.naturadk.eu\/en\/custom-built-cleaning-rollers\" title=\"Custom built cleaning rollers\"><\/p>\n<div class=\"panel panel-rozcestnik text-center\">\n<div class=\"panel-body\">\n<h2>Custom built cleaning rollers<\/h2>\n<p>\t\t\t<img loading=\"lazy\" decoding=\"async\" src=\"https:\/\/www.naturadk.eu\/wp-content\/uploads\/2017\/07\/uvodnik-valce-300x200.jpg\" alt=\"Custom built cleaning rollers\" width=\"300\" height=\"200\" class=\"hvr-wobble-vertical img-thumbnail img-responsive center-block size-full wp-image-462\" \/><\/p><\/div>\n<\/div>\n<p><\/a>\n  <\/div>\n<\/div>\n","protected":false},"excerpt":{"rendered":"<p>Production of conveyor belts Custom built cleaning rollers<\/p>\n","protected":false},"author":1,"featured_media":0,"parent":0,"menu_order":0,"comment_status":"closed","ping_status":"closed","template":"page-templates\/template-full-width.php","meta":{"footnotes":""},"class_list":["post-604","page","type-page","status-publish","hentry"],"yoast_head":"<!-- This site is optimized with the Yoast SEO plugin v26.9 - https:\/\/yoast.com\/product\/yoast-seo-wordpress\/ -->\n<title>Services - NATURA DK, a.s.<\/title>\n<meta name=\"description\" content=\"Production of conveyor belts               Custom built cleaning rollers\" \/>\n<meta name=\"robots\" content=\"index, follow, max-snippet:-1, max-image-preview:large, max-video-preview:-1\" \/>\n<link rel=\"canonical\" href=\"https:\/\/www.naturadk.eu\/en\/services\/\" \/>\n<meta property=\"og:locale\" content=\"en_US\" \/>\n<meta property=\"og:type\" content=\"article\" \/>\n<meta property=\"og:title\" content=\"Services - NATURA DK, a.s.\" \/>\n<meta property=\"og:description\" content=\"Production of conveyor belts               Custom built cleaning rollers\" \/>\n<meta property=\"og:url\" content=\"https:\/\/www.naturadk.eu\/en\/services\/\" \/>\n<meta property=\"og:site_name\" content=\"NATURA DK, a.s.\" \/>\n<meta property=\"article:modified_time\" content=\"2017-07-27T09:52:02+00:00\" \/>\n<meta property=\"og:image\" content=\"https:\/\/www.naturadk.eu\/wp-content\/uploads\/2017\/07\/uvodnik-pasy-300x200.jpg\" \/>\n<meta name=\"twitter:card\" content=\"summary_large_image\" \/>\n<script type=\"application\/ld+json\" class=\"yoast-schema-graph\">{\"@context\":\"https:\/\/schema.org\",\"@graph\":[{\"@type\":\"WebPage\",\"@id\":\"https:\/\/www.naturadk.eu\/en\/services\/\",\"url\":\"https:\/\/www.naturadk.eu\/en\/services\/\",\"name\":\"Services - NATURA DK, a.s.\",\"isPartOf\":{\"@id\":\"https:\/\/www.naturadk.eu\/#website\"},\"primaryImageOfPage\":{\"@id\":\"https:\/\/www.naturadk.eu\/en\/services\/#primaryimage\"},\"image\":{\"@id\":\"https:\/\/www.naturadk.eu\/en\/services\/#primaryimage\"},\"thumbnailUrl\":\"https:\/\/www.naturadk.eu\/wp-content\/uploads\/2017\/07\/uvodnik-pasy-300x200.jpg\",\"datePublished\":\"2017-07-25T12:01:23+00:00\",\"dateModified\":\"2017-07-27T09:52:02+00:00\",\"description\":\"Production of conveyor belts Custom built cleaning rollers\",\"breadcrumb\":{\"@id\":\"https:\/\/www.naturadk.eu\/en\/services\/#breadcrumb\"},\"inLanguage\":\"en-US\",\"potentialAction\":[{\"@type\":\"ReadAction\",\"target\":[\"https:\/\/www.naturadk.eu\/en\/services\/\"]}]},{\"@type\":\"ImageObject\",\"inLanguage\":\"en-US\",\"@id\":\"https:\/\/www.naturadk.eu\/en\/services\/#primaryimage\",\"url\":\"https:\/\/www.naturadk.eu\/wp-content\/uploads\/2017\/07\/uvodnik-pasy-300x200.jpg\",\"contentUrl\":\"https:\/\/www.naturadk.eu\/wp-content\/uploads\/2017\/07\/uvodnik-pasy-300x200.jpg\"},{\"@type\":\"BreadcrumbList\",\"@id\":\"https:\/\/www.naturadk.eu\/en\/services\/#breadcrumb\",\"itemListElement\":[{\"@type\":\"ListItem\",\"position\":1,\"name\":\"\",\"item\":\"https:\/\/www.naturadk.eu\/en\/\"},{\"@type\":\"ListItem\",\"position\":2,\"name\":\"Services\"}]},{\"@type\":\"WebSite\",\"@id\":\"https:\/\/www.naturadk.eu\/#website\",\"url\":\"https:\/\/www.naturadk.eu\/\",\"name\":\"NATURA DK, a.s.\",\"description\":\"Stroj\u00edrensk\u00e1 v\u00fdroba, slu\u017eby pro zem\u011bd\u011blstv\u00ed a obchod\",\"potentialAction\":[{\"@type\":\"SearchAction\",\"target\":{\"@type\":\"EntryPoint\",\"urlTemplate\":\"https:\/\/www.naturadk.eu\/?s={search_term_string}\"},\"query-input\":{\"@type\":\"PropertyValueSpecification\",\"valueRequired\":true,\"valueName\":\"search_term_string\"}}],\"inLanguage\":\"en-US\"}]}<\/script>\n<!-- \/ Yoast SEO plugin. -->","yoast_head_json":{"title":"Services - NATURA DK, a.s.","description":"Production of conveyor belts               Custom built cleaning rollers","robots":{"index":"index","follow":"follow","max-snippet":"max-snippet:-1","max-image-preview":"max-image-preview:large","max-video-preview":"max-video-preview:-1"},"canonical":"https:\/\/www.naturadk.eu\/en\/services\/","og_locale":"en_US","og_type":"article","og_title":"Services - NATURA DK, a.s.","og_description":"Production of conveyor belts               Custom built cleaning rollers","og_url":"https:\/\/www.naturadk.eu\/en\/services\/","og_site_name":"NATURA DK, a.s.","article_modified_time":"2017-07-27T09:52:02+00:00","og_image":[{"url":"https:\/\/www.naturadk.eu\/wp-content\/uploads\/2017\/07\/uvodnik-pasy-300x200.jpg","type":"","width":"","height":""}],"twitter_card":"summary_large_image","schema":{"@context":"https:\/\/schema.org","@graph":[{"@type":"WebPage","@id":"https:\/\/www.naturadk.eu\/en\/services\/","url":"https:\/\/www.naturadk.eu\/en\/services\/","name":"Services - NATURA DK, a.s.","isPartOf":{"@id":"https:\/\/www.naturadk.eu\/#website"},"primaryImageOfPage":{"@id":"https:\/\/www.naturadk.eu\/en\/services\/#primaryimage"},"image":{"@id":"https:\/\/www.naturadk.eu\/en\/services\/#primaryimage"},"thumbnailUrl":"https:\/\/www.naturadk.eu\/wp-content\/uploads\/2017\/07\/uvodnik-pasy-300x200.jpg","datePublished":"2017-07-25T12:01:23+00:00","dateModified":"2017-07-27T09:52:02+00:00","description":"Production of conveyor belts Custom built cleaning rollers","breadcrumb":{"@id":"https:\/\/www.naturadk.eu\/en\/services\/#breadcrumb"},"inLanguage":"en-US","potentialAction":[{"@type":"ReadAction","target":["https:\/\/www.naturadk.eu\/en\/services\/"]}]},{"@type":"ImageObject","inLanguage":"en-US","@id":"https:\/\/www.naturadk.eu\/en\/services\/#primaryimage","url":"https:\/\/www.naturadk.eu\/wp-content\/uploads\/2017\/07\/uvodnik-pasy-300x200.jpg","contentUrl":"https:\/\/www.naturadk.eu\/wp-content\/uploads\/2017\/07\/uvodnik-pasy-300x200.jpg"},{"@type":"BreadcrumbList","@id":"https:\/\/www.naturadk.eu\/en\/services\/#breadcrumb","itemListElement":[{"@type":"ListItem","position":1,"name":"","item":"https:\/\/www.naturadk.eu\/en\/"},{"@type":"ListItem","position":2,"name":"Services"}]},{"@type":"WebSite","@id":"https:\/\/www.naturadk.eu\/#website","url":"https:\/\/www.naturadk.eu\/","name":"NATURA DK, a.s.","description":"Stroj\u00edrensk\u00e1 v\u00fdroba, slu\u017eby pro zem\u011bd\u011blstv\u00ed a obchod","potentialAction":[{"@type":"SearchAction","target":{"@type":"EntryPoint","urlTemplate":"https:\/\/www.naturadk.eu\/?s={search_term_string}"},"query-input":{"@type":"PropertyValueSpecification","valueRequired":true,"valueName":"search_term_string"}}],"inLanguage":"en-US"}]}},"_links":{"self":[{"href":"https:\/\/www.naturadk.eu\/en\/wp-json\/wp\/v2\/pages\/604","targetHints":{"allow":["GET"]}}],"collection":[{"href":"https:\/\/www.naturadk.eu\/en\/wp-json\/wp\/v2\/pages"}],"about":[{"href":"https:\/\/www.naturadk.eu\/en\/wp-json\/wp\/v2\/types\/page"}],"author":[{"embeddable":true,"href":"https:\/\/www.naturadk.eu\/en\/wp-json\/wp\/v2\/users\/1"}],"replies":[{"embeddable":true,"href":"https:\/\/www.naturadk.eu\/en\/wp-json\/wp\/v2\/comments?post=604"}],"version-history":[{"count":4,"href":"https:\/\/www.naturadk.eu\/en\/wp-json\/wp\/v2\/pages\/604\/revisions"}],"predecessor-version":[{"id":776,"href":"https:\/\/www.naturadk.eu\/en\/wp-json\/wp\/v2\/pages\/604\/revisions\/776"}],"wp:attachment":[{"href":"https:\/\/www.naturadk.eu\/en\/wp-json\/wp\/v2\/media?parent=604"}],"curies":[{"name":"wp","href":"https:\/\/api.w.org\/{rel}","templated":true}]}}