{"id":609,"date":"2017-07-25T14:05:27","date_gmt":"2017-07-25T12:05:27","guid":{"rendered":"https:\/\/www.naturadk.eu\/?page_id=609\/"},"modified":"2017-07-27T13:35:10","modified_gmt":"2017-07-27T11:35:10","slug":"custom-fabricated-conveyor-belts","status":"publish","type":"page","link":"https:\/\/www.naturadk.eu\/en\/Custom-built-cleaning-rollers","title":{"rendered":"Custom-built cleaning rollers"},"content":{"rendered":"<p>We are <strong>building and selling cleaning rollers<\/strong> for self-propelled beet cleaners <strong>ROPA<\/strong><strong>euroMaus<\/strong> and trailed cleaners <strong>NATURA200<\/strong> and <strong>Gebo<\/strong>. The rollers are made of quality carbon steel with surface of fusion-welded scratch-proof widia for an increased lifespan.<\/p>\n<div class=\"row\">\n<div class=\"col-sm-4\">\n\t\t<a href=\"https:\/\/www.naturadk.eu\/wp-content\/uploads\/2017\/07\/cistici-valce-01.jpg\" title=\"Custom-built-cleaning-rollers\" class=\"alignnone size-full wp-image-480\"><br \/>\n\t\t\t<img loading=\"lazy\" decoding=\"async\" src=\"https:\/\/www.naturadk.eu\/wp-content\/uploads\/2017\/07\/cistici-valce-01-300x75.jpg\" alt=\"Custom-built-cleaning-rollers\" width=\"300\" height=\"225\" class=\"alignnone center-block img-thumbnail size-medium wp-image-480\" \/><\/p>\n<p>\t\t<\/a>\n\t<\/div>\n<div class=\"clearfix visible-xs\">&nbsp;<\/div>\n<div class=\"col-sm-4\">\n\t\t<a href=\"https:\/\/www.naturadk.eu\/wp-content\/uploads\/2017\/07\/cistici-valce-02.jpg\" title=\"Custom-built-cleaning-rollers\" class=\"alignnone size-full wp-image-481\"><br \/>\n\t\t\t<img loading=\"lazy\" decoding=\"async\" src=\"https:\/\/www.naturadk.eu\/wp-content\/uploads\/2017\/07\/cistici-valce-02-300x75.jpg\" alt=\"Custom-built-cleaning-rollers\" width=\"300\" height=\"225\" class=\"alignnone center-block img-thumbnail size-medium wp-image-481\" \/><\/p>\n<p>\t\t<\/a>\n\t\t<\/div>\n<div class=\"clearfix visible-xs\">&nbsp;<\/div>\n<div class=\"col-sm-4\">\n\t\t\t<a href=\"https:\/\/www.naturadk.eu\/wp-content\/uploads\/2017\/07\/cistici-valce-03.jpg\" title=\"Custom-built-cleaning-rollers\" class=\"alignnone size-full wp-image-482\"><br \/>\n\t\t\t\t<img loading=\"lazy\" decoding=\"async\" src=\"https:\/\/www.naturadk.eu\/wp-content\/uploads\/2017\/07\/cistici-valce-03-300x75.jpg\" alt=\"Custom-built-cleaning-rollers\" width=\"300\" height=\"225\" class=\"alignnone center-block img-thumbnail size-medium wp-image-482\" \/><br \/>\n\t\t\t<\/a>\n\t\t<\/div>\n<\/p><\/div>\n<div class=\"row odstavecRada\">\n<h4 class=\"col-xs-12\">References<\/h4>\n<div class=\"col-sm-6\">\n<ul>\n<li><strong>Unikom, a.s. \u010c\u00e1slav<\/strong><br \/>Mr. Mike\u0161 \u2013 602&nbsp;204&nbsp;334<\/li>\n<li><strong>Agro Slatiny a.s.<\/strong><br \/>Mr. Koloc \u2013 736&nbsp;480&nbsp;121<\/li>\n<li><strong>Litovelsk\u00e1 cukrovarna, a.s.<\/strong><br \/>Mr. \u010cech \u2013 725&nbsp;944&nbsp;486<\/li>\n<li><strong>Zem\u011bd\u011blsk\u00e1 spole\u010dnost Katusice s.r.o.<\/strong><br \/>Ms. Mare\u010dkov\u00e1 \u2013 602&nbsp;376&nbsp;644<\/li>\n<li><strong>Volanick\u00e1 zem\u011bd\u011blsk\u00e1, a.s.<\/strong><br \/>Mr. Zm\u00e1tlik \u2013 739&nbsp;476&nbsp;683<\/li>\n<li><strong>Agropodnik Kn\u011b\u017emost, a.s.<\/strong><br \/>Mr. P\u00ed\u010d \u2013 724&nbsp;134&nbsp;215<\/li>\n<\/ul>\n<\/div>\n<div class=\"col-sm-6\">\n<ul>\n<li><strong>Han\u00e1ck\u00e1 potravin\u00e1\u0159sk\u00e1 spole\u010dnost s.r.o.<\/strong><br \/>Mr. Vajd\u00edk \u2013 724&nbsp;280&nbsp;904<\/li>\n<li><strong>Ji\u0159\u00ed Honz &#8211; Kol\u00edn<\/strong><br \/>Mr. Z\u00e1myslick\u00fd \u2013 777&nbsp;165&nbsp;968<\/li>\n<li><strong>Tereos TTD cukrovar \u010cesk\u00e9 Mezi\u0159\u00ed\u010d\u00ed<\/strong><br \/>Mr. Rieger \u2013 602&nbsp;405&nbsp;712<\/li>\n<li><strong>AM Gnol<\/strong><br \/>Ms. Strnadov\u00e1 \u2013 730&nbsp;894&nbsp;205<\/li>\n<li><strong>VAPAS, a.s.<\/strong><br \/>Mr. Buksa \u2013 602&nbsp;319&nbsp;999<\/li>\n<\/ul>\n<\/div>\n<\/div>\n<div id=\"black-studio-tinymce-20\" class=\"widget widget_black_studio_tinymce amr_widget\"><div class=\"textwidget\"><hr>\r\n<div class=\"col-xs-12\">\r\n<div class=\"row formular-bg\">\r\n<div class=\"col-xs-12\">\r\n<h2 class=\"col-xs-12\">Do you have a question? Send us a message<\/h2>\r\n<div class=\"col-xs-12\">\n<div class=\"wpcf7 no-js\" id=\"wpcf7-f1248-o1\" lang=\"cs-CZ\" dir=\"ltr\" data-wpcf7-id=\"1248\">\n<div class=\"screen-reader-response\"><p role=\"status\" aria-live=\"polite\" aria-atomic=\"true\"><\/p> <ul><\/ul><\/div>\n<form action=\"\/en\/wp-json\/wp\/v2\/pages\/609#wpcf7-f1248-o1\" method=\"post\" class=\"wpcf7-form init form-horizontal\" aria-label=\"Kontaktn\u00ed formul\u00e1\u0159\" novalidate=\"novalidate\" data-status=\"init\">\n<fieldset class=\"hidden-fields-container\"><input type=\"hidden\" name=\"_wpcf7\" value=\"1248\" \/><input type=\"hidden\" name=\"_wpcf7_version\" value=\"6.1.5\" \/><input type=\"hidden\" name=\"_wpcf7_locale\" value=\"cs_CZ\" \/><input type=\"hidden\" name=\"_wpcf7_unit_tag\" value=\"wpcf7-f1248-o1\" \/><input type=\"hidden\" name=\"_wpcf7_container_post\" value=\"0\" \/><input type=\"hidden\" name=\"_wpcf7_posted_data_hash\" value=\"\" \/>\n<\/fieldset>\n<div class=\"form-group your-subject\"><label class=\" control-label col-sm-3\" for=\"zamknute\">Subject<\/label><div class=\"col-sm-9\"><input class=\"wpcf7-form-control wpcf7-text form-control\" id=\"zamknute\" name=\"your-subject\" type=\"text\" value=\"\" aria-invalid=\"false\"><\/div><\/div>\n<div class=\"form-group your-name\"><label class=\" control-label col-sm-3\">Name<\/label><div class=\"col-sm-9\"><input class=\"wpcf7-form-control wpcf7-text form-control\" name=\"your-name\" type=\"text\" value=\"\" aria-invalid=\"false\"><\/div><\/div>\n<div class=\"form-group your-email\"><label class=\" control-label col-sm-3\">E-mail <span class=\"required\">*<\/span><\/label><div class=\"col-sm-9\"><input class=\"wpcf7-form-control wpcf7-email wpcf7-validates-as-required wpcf7-text wpcf7-validates-as-email form-control\" name=\"your-email\" type=\"email\" value=\"\" aria-invalid=\"false\" aria-required=\"true\" required><\/div><\/div>\n<div class=\"form-group your-phone\"><label class=\" control-label col-sm-3\">Phone<\/label><div class=\"col-sm-9\"><input class=\"wpcf7-form-control wpcf7-text form-control\" name=\"your-phone\" type=\"text\" value=\"\" aria-invalid=\"false\"><\/div><\/div>\n<div class=\"form-group your-message\"><label class=\" control-label col-sm-3\">Message <span class=\"required\">*<\/span><\/label><div class=\"col-sm-9\"><textarea class=\"wpcf7-form-control wpcf7-textarea wpcf7-validates-as-required form-control\" name=\"your-message\" rows=\"4\" aria-invalid=\"false\" aria-required=\"true\" required><\/textarea><\/div><\/div>\n<span id=\"wpcf7-69e47ec098a59-wrapper\" class=\"wpcf7-form-control-wrap City-wrap\" ><input type=\"hidden\" name=\"City-time-start\" value=\"1776582336\"><input type=\"hidden\" name=\"City-time-check\" value=\"6\"><label for=\"wpcf7-69e47ec098a59-field\" class=\"hp-message\">Ponechte toto pole pr\u00e1zdn\u00e9.<\/label><input id=\"wpcf7-69e47ec098a59-field\"  class=\"wpcf7-form-control wpcf7-text\" type=\"text\" name=\"City\" value=\"\" size=\"40\" tabindex=\"-1\" autocomplete=\"new-password\" \/><\/span>\n<div class=\"form-group\"><div class=\"col-sm-9 col-sm-offset-3\"><input class=\"wpcf7-form-control wpcf7-submit btn btn-success btn-lg\" type=\"submit\" value=\"Send message\"><\/div><\/div><div class=\"wpcf7-response-output alert alert-warning\"><\/div>\n<\/form>\n<\/div>\n<\/div>\r\n<\/div>\r\n<\/div>\r\n<\/div>\r\n<div class=\"clearfix\">&nbsp;<\/div><\/div><\/div>\n","protected":false},"excerpt":{"rendered":"<p>We are building and selling cleaning rollers for self-propelled beet cleaners ROPAeuroMaus and trailed cleaners NATURA200 and Gebo. The rollers are made of quality carbon steel with surface of fusion-welded scratch-proof widia for an increased lifespan. &nbsp; &nbsp; References Unikom, a.s. \u010c\u00e1slavMr. Mike\u0161 \u2013 602&nbsp;204&nbsp;334 Agro Slatiny a.s.Mr. Koloc \u2013 736&nbsp;480&nbsp;121 Litovelsk\u00e1 cukrovarna, a.s.Mr. \u010cech &hellip;<\/p>\n","protected":false},"author":1,"featured_media":0,"parent":604,"menu_order":0,"comment_status":"closed","ping_status":"closed","template":"","meta":{"footnotes":""},"class_list":["post-609","page","type-page","status-publish","hentry"],"yoast_head":"<!-- This site is optimized with the Yoast SEO plugin v26.9 - https:\/\/yoast.com\/product\/yoast-seo-wordpress\/ -->\n<title>Custom-built cleaning rollers - NATURA DK, a.s.<\/title>\n<meta name=\"description\" content=\"We are building and selling cleaning rollers for self-propelled beet cleaners ROPAeuroMaus and trailed cleaners NATURA200 and Gebo. The rollers are made\" \/>\n<meta name=\"robots\" content=\"index, follow, max-snippet:-1, max-image-preview:large, max-video-preview:-1\" \/>\n<link rel=\"canonical\" href=\"https:\/\/www.naturadk.eu\/en\/Custom-built-cleaning-rollers\/\" \/>\n<meta property=\"og:locale\" content=\"en_US\" \/>\n<meta property=\"og:type\" content=\"article\" \/>\n<meta property=\"og:title\" content=\"Custom-built cleaning rollers - NATURA DK, a.s.\" \/>\n<meta property=\"og:description\" content=\"We are building and selling cleaning rollers for self-propelled beet cleaners ROPAeuroMaus and trailed cleaners NATURA200 and Gebo. The rollers are made\" \/>\n<meta property=\"og:url\" content=\"https:\/\/www.naturadk.eu\/en\/Custom-built-cleaning-rollers\/\" \/>\n<meta property=\"og:site_name\" content=\"NATURA DK, a.s.\" \/>\n<meta property=\"article:modified_time\" content=\"2017-07-27T11:35:10+00:00\" \/>\n<meta property=\"og:image\" content=\"https:\/\/www.naturadk.eu\/wp-content\/uploads\/2017\/07\/cistici-valce-01-300x75.jpg\" \/>\n<meta name=\"twitter:card\" content=\"summary_large_image\" \/>\n<meta name=\"twitter:label1\" content=\"Est. reading time\" \/>\n\t<meta name=\"twitter:data1\" content=\"1 minute\" \/>\n<script type=\"application\/ld+json\" class=\"yoast-schema-graph\">{\"@context\":\"https:\/\/schema.org\",\"@graph\":[{\"@type\":\"WebPage\",\"@id\":\"https:\/\/www.naturadk.eu\/en\/Custom-built-cleaning-rollers\/\",\"url\":\"https:\/\/www.naturadk.eu\/en\/Custom-built-cleaning-rollers\/\",\"name\":\"Custom-built cleaning rollers - NATURA DK, a.s.\",\"isPartOf\":{\"@id\":\"https:\/\/www.naturadk.eu\/#website\"},\"primaryImageOfPage\":{\"@id\":\"https:\/\/www.naturadk.eu\/en\/Custom-built-cleaning-rollers\/#primaryimage\"},\"image\":{\"@id\":\"https:\/\/www.naturadk.eu\/en\/Custom-built-cleaning-rollers\/#primaryimage\"},\"thumbnailUrl\":\"https:\/\/www.naturadk.eu\/wp-content\/uploads\/2017\/07\/cistici-valce-01-300x75.jpg\",\"datePublished\":\"2017-07-25T12:05:27+00:00\",\"dateModified\":\"2017-07-27T11:35:10+00:00\",\"description\":\"We are building and selling cleaning rollers for self-propelled beet cleaners ROPAeuroMaus and trailed cleaners NATURA200 and Gebo. The rollers are made\",\"breadcrumb\":{\"@id\":\"https:\/\/www.naturadk.eu\/en\/Custom-built-cleaning-rollers\/#breadcrumb\"},\"inLanguage\":\"en-US\",\"potentialAction\":[{\"@type\":\"ReadAction\",\"target\":[\"https:\/\/www.naturadk.eu\/en\/Custom-built-cleaning-rollers\/\"]}]},{\"@type\":\"ImageObject\",\"inLanguage\":\"en-US\",\"@id\":\"https:\/\/www.naturadk.eu\/en\/Custom-built-cleaning-rollers\/#primaryimage\",\"url\":\"https:\/\/www.naturadk.eu\/wp-content\/uploads\/2017\/07\/cistici-valce-01-300x75.jpg\",\"contentUrl\":\"https:\/\/www.naturadk.eu\/wp-content\/uploads\/2017\/07\/cistici-valce-01-300x75.jpg\"},{\"@type\":\"BreadcrumbList\",\"@id\":\"https:\/\/www.naturadk.eu\/en\/Custom-built-cleaning-rollers\/#breadcrumb\",\"itemListElement\":[{\"@type\":\"ListItem\",\"position\":1,\"name\":\"\",\"item\":\"https:\/\/www.naturadk.eu\/en\/\"},{\"@type\":\"ListItem\",\"position\":2,\"name\":\"Services\",\"item\":\"https:\/\/www.naturadk.eu\/en\/services\/\"},{\"@type\":\"ListItem\",\"position\":3,\"name\":\"Custom-built cleaning rollers\"}]},{\"@type\":\"WebSite\",\"@id\":\"https:\/\/www.naturadk.eu\/#website\",\"url\":\"https:\/\/www.naturadk.eu\/\",\"name\":\"NATURA DK, a.s.\",\"description\":\"Stroj\u00edrensk\u00e1 v\u00fdroba, slu\u017eby pro zem\u011bd\u011blstv\u00ed a obchod\",\"potentialAction\":[{\"@type\":\"SearchAction\",\"target\":{\"@type\":\"EntryPoint\",\"urlTemplate\":\"https:\/\/www.naturadk.eu\/?s={search_term_string}\"},\"query-input\":{\"@type\":\"PropertyValueSpecification\",\"valueRequired\":true,\"valueName\":\"search_term_string\"}}],\"inLanguage\":\"en-US\"}]}<\/script>\n<!-- \/ Yoast SEO plugin. -->","yoast_head_json":{"title":"Custom-built cleaning rollers - NATURA DK, a.s.","description":"We are building and selling cleaning rollers for self-propelled beet cleaners ROPAeuroMaus and trailed cleaners NATURA200 and Gebo. The rollers are made","robots":{"index":"index","follow":"follow","max-snippet":"max-snippet:-1","max-image-preview":"max-image-preview:large","max-video-preview":"max-video-preview:-1"},"canonical":"https:\/\/www.naturadk.eu\/en\/Custom-built-cleaning-rollers\/","og_locale":"en_US","og_type":"article","og_title":"Custom-built cleaning rollers - NATURA DK, a.s.","og_description":"We are building and selling cleaning rollers for self-propelled beet cleaners ROPAeuroMaus and trailed cleaners NATURA200 and Gebo. The rollers are made","og_url":"https:\/\/www.naturadk.eu\/en\/Custom-built-cleaning-rollers\/","og_site_name":"NATURA DK, a.s.","article_modified_time":"2017-07-27T11:35:10+00:00","og_image":[{"url":"https:\/\/www.naturadk.eu\/wp-content\/uploads\/2017\/07\/cistici-valce-01-300x75.jpg","type":"","width":"","height":""}],"twitter_card":"summary_large_image","twitter_misc":{"Est. reading time":"1 minute"},"schema":{"@context":"https:\/\/schema.org","@graph":[{"@type":"WebPage","@id":"https:\/\/www.naturadk.eu\/en\/Custom-built-cleaning-rollers\/","url":"https:\/\/www.naturadk.eu\/en\/Custom-built-cleaning-rollers\/","name":"Custom-built cleaning rollers - NATURA DK, a.s.","isPartOf":{"@id":"https:\/\/www.naturadk.eu\/#website"},"primaryImageOfPage":{"@id":"https:\/\/www.naturadk.eu\/en\/Custom-built-cleaning-rollers\/#primaryimage"},"image":{"@id":"https:\/\/www.naturadk.eu\/en\/Custom-built-cleaning-rollers\/#primaryimage"},"thumbnailUrl":"https:\/\/www.naturadk.eu\/wp-content\/uploads\/2017\/07\/cistici-valce-01-300x75.jpg","datePublished":"2017-07-25T12:05:27+00:00","dateModified":"2017-07-27T11:35:10+00:00","description":"We are building and selling cleaning rollers for self-propelled beet cleaners ROPAeuroMaus and trailed cleaners NATURA200 and Gebo. The rollers are made","breadcrumb":{"@id":"https:\/\/www.naturadk.eu\/en\/Custom-built-cleaning-rollers\/#breadcrumb"},"inLanguage":"en-US","potentialAction":[{"@type":"ReadAction","target":["https:\/\/www.naturadk.eu\/en\/Custom-built-cleaning-rollers\/"]}]},{"@type":"ImageObject","inLanguage":"en-US","@id":"https:\/\/www.naturadk.eu\/en\/Custom-built-cleaning-rollers\/#primaryimage","url":"https:\/\/www.naturadk.eu\/wp-content\/uploads\/2017\/07\/cistici-valce-01-300x75.jpg","contentUrl":"https:\/\/www.naturadk.eu\/wp-content\/uploads\/2017\/07\/cistici-valce-01-300x75.jpg"},{"@type":"BreadcrumbList","@id":"https:\/\/www.naturadk.eu\/en\/Custom-built-cleaning-rollers\/#breadcrumb","itemListElement":[{"@type":"ListItem","position":1,"name":"","item":"https:\/\/www.naturadk.eu\/en\/"},{"@type":"ListItem","position":2,"name":"Services","item":"https:\/\/www.naturadk.eu\/en\/services\/"},{"@type":"ListItem","position":3,"name":"Custom-built cleaning rollers"}]},{"@type":"WebSite","@id":"https:\/\/www.naturadk.eu\/#website","url":"https:\/\/www.naturadk.eu\/","name":"NATURA DK, a.s.","description":"Stroj\u00edrensk\u00e1 v\u00fdroba, slu\u017eby pro zem\u011bd\u011blstv\u00ed a obchod","potentialAction":[{"@type":"SearchAction","target":{"@type":"EntryPoint","urlTemplate":"https:\/\/www.naturadk.eu\/?s={search_term_string}"},"query-input":{"@type":"PropertyValueSpecification","valueRequired":true,"valueName":"search_term_string"}}],"inLanguage":"en-US"}]}},"_links":{"self":[{"href":"https:\/\/www.naturadk.eu\/en\/wp-json\/wp\/v2\/pages\/609","targetHints":{"allow":["GET"]}}],"collection":[{"href":"https:\/\/www.naturadk.eu\/en\/wp-json\/wp\/v2\/pages"}],"about":[{"href":"https:\/\/www.naturadk.eu\/en\/wp-json\/wp\/v2\/types\/page"}],"author":[{"embeddable":true,"href":"https:\/\/www.naturadk.eu\/en\/wp-json\/wp\/v2\/users\/1"}],"replies":[{"embeddable":true,"href":"https:\/\/www.naturadk.eu\/en\/wp-json\/wp\/v2\/comments?post=609"}],"version-history":[{"count":5,"href":"https:\/\/www.naturadk.eu\/en\/wp-json\/wp\/v2\/pages\/609\/revisions"}],"predecessor-version":[{"id":779,"href":"https:\/\/www.naturadk.eu\/en\/wp-json\/wp\/v2\/pages\/609\/revisions\/779"}],"up":[{"embeddable":true,"href":"https:\/\/www.naturadk.eu\/en\/wp-json\/wp\/v2\/pages\/604"}],"wp:attachment":[{"href":"https:\/\/www.naturadk.eu\/en\/wp-json\/wp\/v2\/media?parent=609"}],"curies":[{"name":"wp","href":"https:\/\/api.w.org\/{rel}","templated":true}]}}