{"id":618,"date":"2017-07-25T14:11:40","date_gmt":"2017-07-25T12:11:40","guid":{"rendered":"https:\/\/www.naturadk.eu\/?page_id=618\/"},"modified":"2023-11-30T11:11:46","modified_gmt":"2023-11-30T10:11:46","slug":"certification","status":"publish","type":"page","link":"https:\/\/www.naturadk.eu\/en\/certification\/","title":{"rendered":"Certification"},"content":{"rendered":"<ul class=\"seznam-obrazkovy\">\n<li>\u010cSN EN ISO 3834-2 Quality management in fusion welding<\/li>\n<li>\u010cSN EN 1090 Execution of steel and aluminium structures<\/li>\n<li>\u010cSN EN ISO 9001&nbsp;:&nbsp;2016 Quality management system<\/li>\n<\/ul>\n<div class=\"row\">\n<div class=\"col-sm-3\"><img loading=\"lazy\" decoding=\"async\" class=\"alignnone wp-image-3160 size-medium\" src=\"https:\/\/www.naturadk.eu\/wp-content\/uploads\/2023\/11\/SKMBT_C22023113010440-page-001-212x300.jpg\" alt=\"\" width=\"212\" height=\"300\" srcset=\"https:\/\/www.naturadk.eu\/wp-content\/uploads\/2023\/11\/SKMBT_C22023113010440-page-001-212x300.jpg 212w, https:\/\/www.naturadk.eu\/wp-content\/uploads\/2023\/11\/SKMBT_C22023113010440-page-001-724x1024.jpg 724w, https:\/\/www.naturadk.eu\/wp-content\/uploads\/2023\/11\/SKMBT_C22023113010440-page-001-768x1086.jpg 768w, https:\/\/www.naturadk.eu\/wp-content\/uploads\/2023\/11\/SKMBT_C22023113010440-page-001-1087x1536.jpg 1087w, https:\/\/www.naturadk.eu\/wp-content\/uploads\/2023\/11\/SKMBT_C22023113010440-page-001.jpg 1240w\" sizes=\"auto, (max-width: 212px) 100vw, 212px\" \/><\/div>\n<div class=\"col-sm-3\"><img loading=\"lazy\" decoding=\"async\" class=\"alignnone wp-image-3148 size-medium\" src=\"https:\/\/www.naturadk.eu\/wp-content\/uploads\/2023\/11\/SKMBT_C22023113010443-page-001-212x300.jpg\" alt=\"\" width=\"212\" height=\"300\" srcset=\"https:\/\/www.naturadk.eu\/wp-content\/uploads\/2023\/11\/SKMBT_C22023113010443-page-001-212x300.jpg 212w, https:\/\/www.naturadk.eu\/wp-content\/uploads\/2023\/11\/SKMBT_C22023113010443-page-001-724x1024.jpg 724w, https:\/\/www.naturadk.eu\/wp-content\/uploads\/2023\/11\/SKMBT_C22023113010443-page-001-768x1086.jpg 768w, https:\/\/www.naturadk.eu\/wp-content\/uploads\/2023\/11\/SKMBT_C22023113010443-page-001-1087x1536.jpg 1087w, https:\/\/www.naturadk.eu\/wp-content\/uploads\/2023\/11\/SKMBT_C22023113010443-page-001.jpg 1240w\" sizes=\"auto, (max-width: 212px) 100vw, 212px\" \/><\/div>\n<div class=\"col-sm-3\"><a class=\"alignnone size-full wp-image-301\" title=\"Certificate 1090-1\" href=\"https:\/\/www.naturadk.eu\/wp-content\/uploads\/2017\/07\/certifikat-1090-1.jpg\" rel=\"1\"> <img loading=\"lazy\" decoding=\"async\" class=\"alignnone wp-image-3156 size-medium\" src=\"https:\/\/www.naturadk.eu\/wp-content\/uploads\/2023\/11\/SKMBT_C22023113010441-page-001-212x300.jpg\" alt=\"\" width=\"212\" height=\"300\" srcset=\"https:\/\/www.naturadk.eu\/wp-content\/uploads\/2023\/11\/SKMBT_C22023113010441-page-001-212x300.jpg 212w, https:\/\/www.naturadk.eu\/wp-content\/uploads\/2023\/11\/SKMBT_C22023113010441-page-001-724x1024.jpg 724w, https:\/\/www.naturadk.eu\/wp-content\/uploads\/2023\/11\/SKMBT_C22023113010441-page-001-768x1086.jpg 768w, https:\/\/www.naturadk.eu\/wp-content\/uploads\/2023\/11\/SKMBT_C22023113010441-page-001-1087x1536.jpg 1087w, https:\/\/www.naturadk.eu\/wp-content\/uploads\/2023\/11\/SKMBT_C22023113010441-page-001.jpg 1240w\" sizes=\"auto, (max-width: 212px) 100vw, 212px\" \/><\/a><\/div>\n<div class=\"col-sm-3\"><a class=\"alignnone size-full wp-image-301\" title=\"Certificate 1090-1\" href=\"https:\/\/www.naturadk.eu\/wp-content\/uploads\/2017\/07\/certifikat-1090-1.jpg\" rel=\"1\"> <img loading=\"lazy\" decoding=\"async\" class=\"alignnone wp-image-3152 size-medium\" src=\"https:\/\/www.naturadk.eu\/wp-content\/uploads\/2023\/11\/SKMBT_C22023113010442-page-001-212x300.jpg\" alt=\"\" width=\"212\" height=\"300\" srcset=\"https:\/\/www.naturadk.eu\/wp-content\/uploads\/2023\/11\/SKMBT_C22023113010442-page-001-212x300.jpg 212w, https:\/\/www.naturadk.eu\/wp-content\/uploads\/2023\/11\/SKMBT_C22023113010442-page-001-724x1024.jpg 724w, https:\/\/www.naturadk.eu\/wp-content\/uploads\/2023\/11\/SKMBT_C22023113010442-page-001-768x1086.jpg 768w, https:\/\/www.naturadk.eu\/wp-content\/uploads\/2023\/11\/SKMBT_C22023113010442-page-001-1087x1536.jpg 1087w, https:\/\/www.naturadk.eu\/wp-content\/uploads\/2023\/11\/SKMBT_C22023113010442-page-001.jpg 1240w\" sizes=\"auto, (max-width: 212px) 100vw, 212px\" \/><\/a><\/div>\n<div class=\"col-sm-3\"><\/div>\n<div class=\"col-sm-3\"><\/div>\n<div class=\"col-sm-3\"><\/div>\n<div class=\"col-sm-3\"><\/div>\n<div class=\"col-sm-3\"><\/div>\n<\/div>\n","protected":false},"excerpt":{"rendered":"<p>\u010cSN EN ISO 3834-2 Quality management in fusion welding \u010cSN EN 1090 Execution of steel and aluminium structures \u010cSN EN ISO 9001&nbsp;:&nbsp;2016 Quality management system<\/p>\n","protected":false},"author":1,"featured_media":0,"parent":223,"menu_order":0,"comment_status":"closed","ping_status":"closed","template":"","meta":{"footnotes":""},"class_list":["post-618","page","type-page","status-publish","hentry"],"yoast_head":"<!-- This site is optimized with the Yoast SEO plugin v26.9 - https:\/\/yoast.com\/product\/yoast-seo-wordpress\/ -->\n<title>Certification - NATURA DK, a.s.<\/title>\n<meta name=\"description\" content=\"\u010cSN EN ISO 3834-2 Quality management in fusion welding \u010cSN EN 1090 Execution of steel and aluminium structures \u010cSN EN ISO 9001 : 2016 Quality management\" \/>\n<meta name=\"robots\" content=\"index, follow, max-snippet:-1, max-image-preview:large, max-video-preview:-1\" \/>\n<link rel=\"canonical\" href=\"https:\/\/www.naturadk.eu\/en\/certification\/\" \/>\n<meta property=\"og:locale\" content=\"en_US\" \/>\n<meta property=\"og:type\" content=\"article\" \/>\n<meta property=\"og:title\" content=\"Certification - NATURA DK, a.s.\" \/>\n<meta property=\"og:description\" content=\"\u010cSN EN ISO 3834-2 Quality management in fusion welding \u010cSN EN 1090 Execution of steel and aluminium structures \u010cSN EN ISO 9001 : 2016 Quality management\" \/>\n<meta property=\"og:url\" content=\"https:\/\/www.naturadk.eu\/en\/certification\/\" \/>\n<meta property=\"og:site_name\" content=\"NATURA DK, a.s.\" \/>\n<meta property=\"article:modified_time\" content=\"2023-11-30T10:11:46+00:00\" \/>\n<meta property=\"og:image\" content=\"https:\/\/www.naturadk.eu\/wp-content\/uploads\/2023\/11\/SKMBT_C22023113010440-page-001-212x300.jpg\" \/>\n<meta name=\"twitter:card\" content=\"summary_large_image\" \/>\n<meta name=\"twitter:label1\" content=\"Est. reading time\" \/>\n\t<meta name=\"twitter:data1\" content=\"2 minutes\" \/>\n<script type=\"application\/ld+json\" class=\"yoast-schema-graph\">{\"@context\":\"https:\/\/schema.org\",\"@graph\":[{\"@type\":\"WebPage\",\"@id\":\"https:\/\/www.naturadk.eu\/en\/certification\/\",\"url\":\"https:\/\/www.naturadk.eu\/en\/certification\/\",\"name\":\"Certification - NATURA DK, a.s.\",\"isPartOf\":{\"@id\":\"https:\/\/www.naturadk.eu\/#website\"},\"primaryImageOfPage\":{\"@id\":\"https:\/\/www.naturadk.eu\/en\/certification\/#primaryimage\"},\"image\":{\"@id\":\"https:\/\/www.naturadk.eu\/en\/certification\/#primaryimage\"},\"thumbnailUrl\":\"https:\/\/www.naturadk.eu\/wp-content\/uploads\/2023\/11\/SKMBT_C22023113010440-page-001-212x300.jpg\",\"datePublished\":\"2017-07-25T12:11:40+00:00\",\"dateModified\":\"2023-11-30T10:11:46+00:00\",\"description\":\"\u010cSN EN ISO 3834-2 Quality management in fusion welding \u010cSN EN 1090 Execution of steel and aluminium structures \u010cSN EN ISO 9001 : 2016 Quality management\",\"breadcrumb\":{\"@id\":\"https:\/\/www.naturadk.eu\/en\/certification\/#breadcrumb\"},\"inLanguage\":\"en-US\",\"potentialAction\":[{\"@type\":\"ReadAction\",\"target\":[\"https:\/\/www.naturadk.eu\/en\/certification\/\"]}]},{\"@type\":\"ImageObject\",\"inLanguage\":\"en-US\",\"@id\":\"https:\/\/www.naturadk.eu\/en\/certification\/#primaryimage\",\"url\":\"https:\/\/www.naturadk.eu\/wp-content\/uploads\/2023\/11\/SKMBT_C22023113010440-page-001-212x300.jpg\",\"contentUrl\":\"https:\/\/www.naturadk.eu\/wp-content\/uploads\/2023\/11\/SKMBT_C22023113010440-page-001-212x300.jpg\"},{\"@type\":\"BreadcrumbList\",\"@id\":\"https:\/\/www.naturadk.eu\/en\/certification\/#breadcrumb\",\"itemListElement\":[{\"@type\":\"ListItem\",\"position\":1,\"name\":\"\",\"item\":\"https:\/\/www.naturadk.eu\/en\/\"},{\"@type\":\"ListItem\",\"position\":2,\"name\":\"Engineering\",\"item\":\"https:\/\/www.naturadk.eu\/en\/engineering\/\"},{\"@type\":\"ListItem\",\"position\":3,\"name\":\"Certification\"}]},{\"@type\":\"WebSite\",\"@id\":\"https:\/\/www.naturadk.eu\/#website\",\"url\":\"https:\/\/www.naturadk.eu\/\",\"name\":\"NATURA DK, a.s.\",\"description\":\"Stroj\u00edrensk\u00e1 v\u00fdroba, slu\u017eby pro zem\u011bd\u011blstv\u00ed a obchod\",\"potentialAction\":[{\"@type\":\"SearchAction\",\"target\":{\"@type\":\"EntryPoint\",\"urlTemplate\":\"https:\/\/www.naturadk.eu\/?s={search_term_string}\"},\"query-input\":{\"@type\":\"PropertyValueSpecification\",\"valueRequired\":true,\"valueName\":\"search_term_string\"}}],\"inLanguage\":\"en-US\"}]}<\/script>\n<!-- \/ Yoast SEO plugin. -->","yoast_head_json":{"title":"Certification - NATURA DK, a.s.","description":"\u010cSN EN ISO 3834-2 Quality management in fusion welding \u010cSN EN 1090 Execution of steel and aluminium structures \u010cSN EN ISO 9001 : 2016 Quality management","robots":{"index":"index","follow":"follow","max-snippet":"max-snippet:-1","max-image-preview":"max-image-preview:large","max-video-preview":"max-video-preview:-1"},"canonical":"https:\/\/www.naturadk.eu\/en\/certification\/","og_locale":"en_US","og_type":"article","og_title":"Certification - NATURA DK, a.s.","og_description":"\u010cSN EN ISO 3834-2 Quality management in fusion welding \u010cSN EN 1090 Execution of steel and aluminium structures \u010cSN EN ISO 9001 : 2016 Quality management","og_url":"https:\/\/www.naturadk.eu\/en\/certification\/","og_site_name":"NATURA DK, a.s.","article_modified_time":"2023-11-30T10:11:46+00:00","og_image":[{"url":"https:\/\/www.naturadk.eu\/wp-content\/uploads\/2023\/11\/SKMBT_C22023113010440-page-001-212x300.jpg","type":"","width":"","height":""}],"twitter_card":"summary_large_image","twitter_misc":{"Est. reading time":"2 minutes"},"schema":{"@context":"https:\/\/schema.org","@graph":[{"@type":"WebPage","@id":"https:\/\/www.naturadk.eu\/en\/certification\/","url":"https:\/\/www.naturadk.eu\/en\/certification\/","name":"Certification - NATURA DK, a.s.","isPartOf":{"@id":"https:\/\/www.naturadk.eu\/#website"},"primaryImageOfPage":{"@id":"https:\/\/www.naturadk.eu\/en\/certification\/#primaryimage"},"image":{"@id":"https:\/\/www.naturadk.eu\/en\/certification\/#primaryimage"},"thumbnailUrl":"https:\/\/www.naturadk.eu\/wp-content\/uploads\/2023\/11\/SKMBT_C22023113010440-page-001-212x300.jpg","datePublished":"2017-07-25T12:11:40+00:00","dateModified":"2023-11-30T10:11:46+00:00","description":"\u010cSN EN ISO 3834-2 Quality management in fusion welding \u010cSN EN 1090 Execution of steel and aluminium structures \u010cSN EN ISO 9001 : 2016 Quality management","breadcrumb":{"@id":"https:\/\/www.naturadk.eu\/en\/certification\/#breadcrumb"},"inLanguage":"en-US","potentialAction":[{"@type":"ReadAction","target":["https:\/\/www.naturadk.eu\/en\/certification\/"]}]},{"@type":"ImageObject","inLanguage":"en-US","@id":"https:\/\/www.naturadk.eu\/en\/certification\/#primaryimage","url":"https:\/\/www.naturadk.eu\/wp-content\/uploads\/2023\/11\/SKMBT_C22023113010440-page-001-212x300.jpg","contentUrl":"https:\/\/www.naturadk.eu\/wp-content\/uploads\/2023\/11\/SKMBT_C22023113010440-page-001-212x300.jpg"},{"@type":"BreadcrumbList","@id":"https:\/\/www.naturadk.eu\/en\/certification\/#breadcrumb","itemListElement":[{"@type":"ListItem","position":1,"name":"","item":"https:\/\/www.naturadk.eu\/en\/"},{"@type":"ListItem","position":2,"name":"Engineering","item":"https:\/\/www.naturadk.eu\/en\/engineering\/"},{"@type":"ListItem","position":3,"name":"Certification"}]},{"@type":"WebSite","@id":"https:\/\/www.naturadk.eu\/#website","url":"https:\/\/www.naturadk.eu\/","name":"NATURA DK, a.s.","description":"Stroj\u00edrensk\u00e1 v\u00fdroba, slu\u017eby pro zem\u011bd\u011blstv\u00ed a obchod","potentialAction":[{"@type":"SearchAction","target":{"@type":"EntryPoint","urlTemplate":"https:\/\/www.naturadk.eu\/?s={search_term_string}"},"query-input":{"@type":"PropertyValueSpecification","valueRequired":true,"valueName":"search_term_string"}}],"inLanguage":"en-US"}]}},"_links":{"self":[{"href":"https:\/\/www.naturadk.eu\/en\/wp-json\/wp\/v2\/pages\/618","targetHints":{"allow":["GET"]}}],"collection":[{"href":"https:\/\/www.naturadk.eu\/en\/wp-json\/wp\/v2\/pages"}],"about":[{"href":"https:\/\/www.naturadk.eu\/en\/wp-json\/wp\/v2\/types\/page"}],"author":[{"embeddable":true,"href":"https:\/\/www.naturadk.eu\/en\/wp-json\/wp\/v2\/users\/1"}],"replies":[{"embeddable":true,"href":"https:\/\/www.naturadk.eu\/en\/wp-json\/wp\/v2\/comments?post=618"}],"version-history":[{"count":5,"href":"https:\/\/www.naturadk.eu\/en\/wp-json\/wp\/v2\/pages\/618\/revisions"}],"predecessor-version":[{"id":3164,"href":"https:\/\/www.naturadk.eu\/en\/wp-json\/wp\/v2\/pages\/618\/revisions\/3164"}],"up":[{"embeddable":true,"href":"https:\/\/www.naturadk.eu\/en\/wp-json\/wp\/v2\/pages\/223"}],"wp:attachment":[{"href":"https:\/\/www.naturadk.eu\/en\/wp-json\/wp\/v2\/media?parent=618"}],"curies":[{"name":"wp","href":"https:\/\/api.w.org\/{rel}","templated":true}]}}