{"id":623,"date":"2017-07-25T14:13:57","date_gmt":"2017-07-25T12:13:57","guid":{"rendered":"https:\/\/www.naturadk.eu\/?page_id=623\/"},"modified":"2017-07-26T14:36:04","modified_gmt":"2017-07-26T12:36:04","slug":"photogallery","status":"publish","type":"page","link":"https:\/\/www.naturadk.eu\/en\/photogallery\/","title":{"rendered":"Photogallery"},"content":{"rendered":"<p><!-- prvn\u00ed \u010dtverice --><\/p>\n<div class=\"row\">\n<div class=\"col-sm-3\">\n\t\t\t<a href=\"https:\/\/www.naturadk.eu\/wp-content\/uploads\/2017\/07\/fotogalerie-18.jpg\" title=\"Photogallery\" rel=\"1\" class=\"alignnone size-full wp-image-319\"><br \/>\n\t\t\t\t<img loading=\"lazy\" decoding=\"async\" src=\"https:\/\/www.naturadk.eu\/wp-content\/uploads\/2017\/07\/fotogalerie-18-300x225.jpg\" alt=\"Photogallery\" width=\"300\" height=\"225\" class=\"alignnone center-block img-thumbnail size-medium wp-image-319\" srcset=\"https:\/\/www.naturadk.eu\/wp-content\/uploads\/2017\/07\/fotogalerie-18-300x225.jpg 300w, https:\/\/www.naturadk.eu\/wp-content\/uploads\/2017\/07\/fotogalerie-18-768x576.jpg 768w, https:\/\/www.naturadk.eu\/wp-content\/uploads\/2017\/07\/fotogalerie-18.jpg 770w\" sizes=\"auto, (max-width: 300px) 100vw, 300px\" \/><br \/>\n\t\t\t<\/a>\n\t\t<\/div>\n<div class=\"clearfix visible-xs\">&nbsp;<\/div>\n<div class=\"col-sm-3\">\n\t\t<a href=\"https:\/\/www.naturadk.eu\/wp-content\/uploads\/2017\/07\/fotogalerie-9.jpg\" title=\"Photogallery\" rel=\"1\" class=\"alignnone size-full wp-image-334\"><br \/>\n\t\t\t<img loading=\"lazy\" decoding=\"async\" src=\"https:\/\/www.naturadk.eu\/wp-content\/uploads\/2017\/07\/fotogalerie-9-300x225.jpg\" alt=\"Photogallery\" width=\"300\" height=\"225\" class=\"alignnone center-block img-thumbnail size-medium wp-image-334\" srcset=\"https:\/\/www.naturadk.eu\/wp-content\/uploads\/2017\/07\/fotogalerie-9-300x225.jpg 300w, https:\/\/www.naturadk.eu\/wp-content\/uploads\/2017\/07\/fotogalerie-9-768x576.jpg 768w, https:\/\/www.naturadk.eu\/wp-content\/uploads\/2017\/07\/fotogalerie-9.jpg 1024w\" sizes=\"auto, (max-width: 300px) 100vw, 300px\" \/><\/p>\n<p>\t\t<\/a>\n\t\t<\/div>\n<div class=\"clearfix visible-xs\">&nbsp;<\/div>\n<div class=\"col-sm-3\">\n\t\t\t<a href=\"https:\/\/www.naturadk.eu\/wp-content\/uploads\/2017\/07\/fotogalerie-2.jpg\" title=\"Photogallery\" rel=\"1\" class=\"alignnone size-full wp-image-327\"><br \/>\n\t\t\t\t<img loading=\"lazy\" decoding=\"async\" src=\"https:\/\/www.naturadk.eu\/wp-content\/uploads\/2017\/07\/fotogalerie-2-300x225.jpg\" alt=\"Photogallery\" width=\"300\" height=\"225\" class=\"alignnone center-block img-thumbnail size-medium wp-image-327\" srcset=\"https:\/\/www.naturadk.eu\/wp-content\/uploads\/2017\/07\/fotogalerie-2-300x225.jpg 300w, https:\/\/www.naturadk.eu\/wp-content\/uploads\/2017\/07\/fotogalerie-2-768x576.jpg 768w, https:\/\/www.naturadk.eu\/wp-content\/uploads\/2017\/07\/fotogalerie-2.jpg 770w\" sizes=\"auto, (max-width: 300px) 100vw, 300px\" \/><br \/>\n\t\t\t<\/a>\n\t\t<\/div>\n<div class=\"clearfix visible-xs\">&nbsp;<\/div>\n<div class=\"col-sm-3\">\n\t\t<a href=\"https:\/\/www.naturadk.eu\/wp-content\/uploads\/2017\/07\/fotogalerie-3.jpg\" title=\"Photogallery\" rel=\"1\" class=\"alignnone size-full wp-image-328\"><br \/>\n\t\t\t<img loading=\"lazy\" decoding=\"async\" src=\"https:\/\/www.naturadk.eu\/wp-content\/uploads\/2017\/07\/fotogalerie-3-300x225.jpg\" alt=\"Photogallery\" width=\"300\" height=\"225\" class=\"alignnone center-block img-thumbnail size-medium wp-image-328\" srcset=\"https:\/\/www.naturadk.eu\/wp-content\/uploads\/2017\/07\/fotogalerie-3-300x225.jpg 300w, https:\/\/www.naturadk.eu\/wp-content\/uploads\/2017\/07\/fotogalerie-3-768x576.jpg 768w, https:\/\/www.naturadk.eu\/wp-content\/uploads\/2017\/07\/fotogalerie-3.jpg 770w\" sizes=\"auto, (max-width: 300px) 100vw, 300px\" \/><br \/>\n\t\t<\/a>\n\t<\/div>\n<\/div>\n<p><!-- druh\u00e1 \u010dtve\u0159ice --><\/p>\n<div class=\"row\">\n<div class=\"col-sm-3\">\n\t\t<a href=\"https:\/\/www.naturadk.eu\/wp-content\/uploads\/2017\/07\/fotogalerie-5.jpg\" title=\"Photogallery\" rel=\"1\" class=\"alignnone size-full wp-image-330\"><br \/>\n\t\t\t<img loading=\"lazy\" decoding=\"async\" src=\"https:\/\/www.naturadk.eu\/wp-content\/uploads\/2017\/07\/fotogalerie-5-300x196.jpg\" alt=\"Photogallery\" width=\"300\" height=\"225\" class=\"alignnone center-block img-thumbnail size-medium wp-image-330\" \/><\/p>\n<p>\t\t<\/a>\n\t<\/div>\n<div class=\"clearfix visible-xs\">&nbsp;<\/div>\n<div class=\"col-sm-3\">\n\t\t<a href=\"https:\/\/www.naturadk.eu\/wp-content\/uploads\/2017\/07\/fotogalerie-4.jpg\" title=\"Photogallery\" rel=\"1\" class=\"alignnone size-full wp-image-329\"><br \/>\n\t\t\t<img loading=\"lazy\" decoding=\"async\" src=\"https:\/\/www.naturadk.eu\/wp-content\/uploads\/2017\/07\/thumb-fotogalerie-4-300x196.jpg\" alt=\"Photogallery\" width=\"300\" height=\"225\" class=\"alignnone center-block img-thumbnail size-medium wp-image-355\" \/><\/p>\n<p>\t\t<\/a>\n\t\t<\/div>\n<div class=\"clearfix visible-xs\">&nbsp;<\/div>\n<div class=\"col-sm-3\">\n\t\t\t<a href=\"https:\/\/www.naturadk.eu\/wp-content\/uploads\/2017\/07\/fotogalerie-8.jpg\" title=\"Photogallery\" rel=\"1\" class=\"alignnone size-full wp-image-333\"><br \/>\n\t\t\t\t<img loading=\"lazy\" decoding=\"async\" src=\"https:\/\/www.naturadk.eu\/wp-content\/uploads\/2017\/07\/thumb-fotogalerie-8-300x195.jpg\" alt=\"Photogallery\" width=\"300\" height=\"225\" class=\"alignnone center-block img-thumbnail size-medium wp-image-344\" \/><br \/>\n\t\t\t<\/a>\n\t\t<\/div>\n<div class=\"clearfix visible-xs\">&nbsp;<\/div>\n<div class=\"col-sm-3\">\n\t\t\t<a href=\"https:\/\/www.naturadk.eu\/wp-content\/uploads\/2017\/07\/fotogalerie-1.jpg\" title=\"Photogallery\" rel=\"1\" class=\"alignnone size-full wp-image-326\"><br \/>\n\t\t\t\t<img loading=\"lazy\" decoding=\"async\" src=\"https:\/\/www.naturadk.eu\/wp-content\/uploads\/2017\/07\/thumb-fotogalerie-1.jpg\" alt=\"Photogallery\" width=\"300\" height=\"225\" class=\"alignnone center-block img-thumbnail size-medium wp-image-354\" \/><br \/>\n\t\t\t<\/a>\n\t\t<\/div>\n<\/div>\n<p><!-- t\u0159et\u00ed \u010dtve\u0159ice --><\/p>\n<div class=\"row\">\n<div class=\"col-sm-3\">\n\t\t\t<a href=\"https:\/\/www.naturadk.eu\/wp-content\/uploads\/2017\/07\/fotogalerie-6.jpg\" title=\"Photogallery\" rel=\"1\" class=\"alignnone size-full wp-image-331\"><br \/>\n\t\t\t\t<img loading=\"lazy\" decoding=\"async\" src=\"https:\/\/www.naturadk.eu\/wp-content\/uploads\/2017\/07\/thumb-fotogalerie-6-300x160.jpg\" alt=\"Photogallery\" width=\"300\" height=\"225\" class=\"alignnone center-block img-thumbnail size-medium wp-image-356\" \/><br \/>\n\t\t\t<\/a>\n\t\t<\/div>\n<div class=\"clearfix visible-xs\">&nbsp;<\/div>\n<div class=\"col-sm-3\">\n\t\t\t<a href=\"https:\/\/www.naturadk.eu\/wp-content\/uploads\/2017\/07\/fotogalerie-13.jpg\" title=\"Photogallery\" rel=\"1\" class=\"alignnone size-full wp-image-314\"><br \/>\n\t\t\t\t<img loading=\"lazy\" decoding=\"async\" src=\"https:\/\/www.naturadk.eu\/wp-content\/uploads\/2017\/07\/thumb-fotogalerie-13-300x160.jpg\" alt=\"Photogallery\" width=\"300\" height=\"225\" class=\"alignnone center-block img-thumbnail size-medium wp-image-346\" \/><br \/>\n\t\t\t<\/a>\n\t\t<\/div>\n<div class=\"clearfix visible-xs\">&nbsp;<\/div>\n<div class=\"col-sm-3\">\n\t\t\t<a href=\"https:\/\/www.naturadk.eu\/wp-content\/uploads\/2017\/07\/fotogalerie-22.jpg\" title=\"Photogallery\" rel=\"1\" class=\"alignnone size-full wp-image-323\"><br \/>\n\t\t\t\t<img loading=\"lazy\" decoding=\"async\" src=\"https:\/\/www.naturadk.eu\/wp-content\/uploads\/2017\/07\/thumb-fotogalerie-22-300x159.jpg\" alt=\"Photogallery\" width=\"300\" height=\"225\" class=\"alignnone center-block img-thumbnail size-medium wp-image-352\" \/><br \/>\n\t\t\t<\/a>\n\t\t<\/div>\n<div class=\"clearfix visible-xs\">&nbsp;<\/div>\n<div class=\"col-sm-3\">\n\t\t<a href=\"https:\/\/www.naturadk.eu\/wp-content\/uploads\/2017\/07\/fotogalerie-7.jpg\" title=\"Photogallery\" rel=\"1\" class=\"alignnone size-full wp-image-332\"><br \/>\n\t\t\t<img loading=\"lazy\" decoding=\"async\" src=\"https:\/\/www.naturadk.eu\/wp-content\/uploads\/2017\/07\/fotogalerie-7-300x159.jpg\" alt=\"Photogallery\" width=\"300\" height=\"225\" class=\"alignnone center-block img-thumbnail size-medium wp-image-332\" \/><\/p>\n<p>\t\t<\/a>\n\t<\/div>\n<\/div>\n<p><!-- \u010dtvrt\u00e1 \u010dtve\u0159ice --><\/p>\n<div class=\"row\">\n<div class=\"col-sm-3\">\n\t\t<a href=\"https:\/\/www.naturadk.eu\/wp-content\/uploads\/2017\/07\/fotogalerie-19.jpg\" title=\"Photogallery\" rel=\"1\" class=\"alignnone size-full wp-image-320\"><br \/>\n\t\t\t<img loading=\"lazy\" decoding=\"async\" src=\"https:\/\/www.naturadk.eu\/wp-content\/uploads\/2017\/07\/thumb-fotogalerie-19-300x146.jpg\" alt=\"Photogallery\" width=\"300\" height=\"225\" class=\"alignnone center-block img-thumbnail size-medium wp-image-350\" \/><\/p>\n<p>\t\t<\/a>\n\t<\/div>\n<div class=\"clearfix visible-xs\">&nbsp;<\/div>\n<div class=\"col-sm-3\">\n\t\t<a href=\"https:\/\/www.naturadk.eu\/wp-content\/uploads\/2017\/07\/fotogalerie-16.jpg\" title=\"Photogallery\" rel=\"1\" class=\"alignnone size-full wp-image-317\"><br \/>\n\t\t\t<img loading=\"lazy\" decoding=\"async\" src=\"https:\/\/www.naturadk.eu\/wp-content\/uploads\/2017\/07\/thumb-fotogalerie-16-300x146.jpg\" alt=\"Photogallery\" width=\"300\" height=\"225\" class=\"alignnone center-block img-thumbnail size-medium wp-image-348\" \/><\/p>\n<p>\t\t<\/a>\n\t\t<\/div>\n<div class=\"clearfix visible-xs\">&nbsp;<\/div>\n<div class=\"col-sm-3\">\n\t\t\t<a href=\"https:\/\/www.naturadk.eu\/wp-content\/uploads\/2017\/07\/fotogalerie-uvodni.jpg\" title=\"Photogallery\" rel=\"1\" class=\"alignnone size-full wp-image-325\"><br \/>\n\t\t\t\t<img loading=\"lazy\" decoding=\"async\" src=\"https:\/\/www.naturadk.eu\/wp-content\/uploads\/2017\/07\/thumb-fotogalerie-uvodni-300x146.jpg\" alt=\"Photogallery\" width=\"300\" height=\"225\" class=\"alignnone center-block img-thumbnail size-medium wp-image-353\" \/><br \/>\n\t\t\t<\/a>\n\t\t<\/div>\n<div class=\"clearfix visible-xs\">&nbsp;<\/div>\n<div class=\"col-sm-3\">\n\t\t\t<a href=\"https:\/\/www.naturadk.eu\/wp-content\/uploads\/2017\/07\/fotogalerie-20.jpg\" title=\"Photogallery\" rel=\"1\" class=\"alignnone size-full wp-image-321\"><br \/>\n\t\t\t\t<img loading=\"lazy\" decoding=\"async\" src=\"https:\/\/www.naturadk.eu\/wp-content\/uploads\/2017\/07\/fotogalerie-20-300x146.jpg\" alt=\"Photogallery\" width=\"300\" height=\"225\" class=\"alignnone center-block img-thumbnail size-medium wp-image-321\" \/><br \/>\n\t\t\t<\/a>\n\t\t<\/div>\n<\/div>\n<p><!-- p\u00e1t\u00e1 \u010dtve\u0159ice --><\/p>\n<div class=\"row\">\n<div class=\"col-sm-3\">\n\t\t<a href=\"https:\/\/www.naturadk.eu\/wp-content\/uploads\/2017\/07\/fotogalerie-12.jpg\" title=\"Photogallery\" rel=\"1\" class=\"alignnone size-full wp-image-313\"><br \/>\n\t\t\t<img loading=\"lazy\" decoding=\"async\" src=\"https:\/\/www.naturadk.eu\/wp-content\/uploads\/2017\/07\/fotogalerie-12-300x225.jpg\" alt=\"Photogallery\" width=\"300\" height=\"225\" class=\"alignnone center-block img-thumbnail size-medium wp-image-313\" srcset=\"https:\/\/www.naturadk.eu\/wp-content\/uploads\/2017\/07\/fotogalerie-12-300x225.jpg 300w, https:\/\/www.naturadk.eu\/wp-content\/uploads\/2017\/07\/fotogalerie-12-768x576.jpg 768w, https:\/\/www.naturadk.eu\/wp-content\/uploads\/2017\/07\/fotogalerie-12.jpg 770w\" sizes=\"auto, (max-width: 300px) 100vw, 300px\" \/><\/p>\n<p>\t\t<\/a>\n\t\t<\/div>\n<div class=\"clearfix visible-xs\">&nbsp;<\/div>\n<div class=\"col-sm-3\">\n\t\t<a href=\"https:\/\/www.naturadk.eu\/wp-content\/uploads\/2017\/07\/fotogalerie-14.jpg\" title=\"Photogallery\" rel=\"1\" class=\"alignnone size-full wp-image-315\"><br \/>\n\t\t\t<img loading=\"lazy\" decoding=\"async\" src=\"https:\/\/www.naturadk.eu\/wp-content\/uploads\/2017\/07\/fotogalerie-14-300x225.jpg\" alt=\" \" width=\"300\" height=\"225\" class=\"alignnone center-block img-thumbnail size-medium wp-image-315\" srcset=\"https:\/\/www.naturadk.eu\/wp-content\/uploads\/2017\/07\/fotogalerie-14-300x225.jpg 300w, https:\/\/www.naturadk.eu\/wp-content\/uploads\/2017\/07\/fotogalerie-14-768x576.jpg 768w, https:\/\/www.naturadk.eu\/wp-content\/uploads\/2017\/07\/fotogalerie-14.jpg 770w\" sizes=\"auto, (max-width: 300px) 100vw, 300px\" \/><\/p>\n<p>\t\t<\/a>\n\t\t<\/div>\n<div class=\"clearfix visible-xs\">&nbsp;<\/div>\n<div class=\"col-sm-3\">\n\t\t\t<a href=\"https:\/\/www.naturadk.eu\/wp-content\/uploads\/2017\/07\/fotogalerie-15.jpg\" title=\"Photogallery\" rel=\"1\" class=\"alignnone size-full wp-image-316\"><br \/>\n\t\t\t\t<img loading=\"lazy\" decoding=\"async\" src=\"https:\/\/www.naturadk.eu\/wp-content\/uploads\/2017\/07\/thumb-fotogalerie-15-300x225.jpg\" alt=\"Photogallery\" width=\"300\" height=\"225\" class=\"alignnone center-block img-thumbnail size-medium wp-image-347\" srcset=\"https:\/\/www.naturadk.eu\/wp-content\/uploads\/2017\/07\/thumb-fotogalerie-15-300x225.jpg 300w, https:\/\/www.naturadk.eu\/wp-content\/uploads\/2017\/07\/thumb-fotogalerie-15-768x576.jpg 768w, https:\/\/www.naturadk.eu\/wp-content\/uploads\/2017\/07\/thumb-fotogalerie-15.jpg 770w\" sizes=\"auto, (max-width: 300px) 100vw, 300px\" \/><br \/>\n\t\t\t<\/a>\n\t\t<\/div>\n<div class=\"clearfix visible-xs\">&nbsp;<\/div>\n<div class=\"col-sm-3\">\n\t\t\t<a href=\"https:\/\/www.naturadk.eu\/wp-content\/uploads\/2017\/07\/fotogalerie-11.jpg\" title=\"Photogallery\" rel=\"1\" class=\"alignnone size-full wp-image-312\"><br \/>\n\t\t\t\t<img loading=\"lazy\" decoding=\"async\" src=\"https:\/\/www.naturadk.eu\/wp-content\/uploads\/2017\/07\/thumb-fotogalerie-11-300x225.jpg\" alt=\"Photogallery\" width=\"300\" height=\"225\" class=\"alignnone center-block img-thumbnail size-medium wp-image-345\" srcset=\"https:\/\/www.naturadk.eu\/wp-content\/uploads\/2017\/07\/thumb-fotogalerie-11-300x225.jpg 300w, https:\/\/www.naturadk.eu\/wp-content\/uploads\/2017\/07\/thumb-fotogalerie-11-768x576.jpg 768w, https:\/\/www.naturadk.eu\/wp-content\/uploads\/2017\/07\/thumb-fotogalerie-11.jpg 770w\" sizes=\"auto, (max-width: 300px) 100vw, 300px\" \/><br \/>\n\t\t\t<\/a>\n\t\t<\/div>\n<\/div>\n<p><!-- \u0161est\u00e1 \u010dtve\u0159ice --><\/p>\n<div class=\"row\">\n<div class=\"col-sm-3\">\n\t\t<a href=\"https:\/\/www.naturadk.eu\/wp-content\/uploads\/2017\/07\/fotogalerie-21.jpg\" title=\"Photogalllery\" rel=\"1\" class=\"alignnone size-full wp-image-322\"><br \/>\n\t\t\t<img loading=\"lazy\" decoding=\"async\" src=\"https:\/\/www.naturadk.eu\/wp-content\/uploads\/2017\/07\/thumb-fotogalerie-21-300x278.jpg\" alt=\"Photogalllery\" width=\"300\" height=\"225\" class=\"alignnone center-block img-thumbnail size-medium wp-image-351\" \/><\/p>\n<p>\t\t<\/a>\n\t<\/div>\n<div class=\"clearfix visible-xs\">&nbsp;<\/div>\n<div class=\"col-sm-3\">\n\t\t\t<a href=\"https:\/\/www.naturadk.eu\/wp-content\/uploads\/2017\/07\/fotogalerie-17.jpg\" title=\"Photogalllery\" rel=\"1\" class=\"alignnone size-full wp-image-318\"><br \/>\n\t\t\t\t<img loading=\"lazy\" decoding=\"async\" src=\"https:\/\/www.naturadk.eu\/wp-content\/uploads\/2017\/07\/thumb-fotogalerie-17-300x278.jpg\" alt=\"Photogalllery\" width=\"300\" height=\"225\" class=\"alignnone center-block img-thumbnail size-medium wp-image-349\" \/><br \/>\n\t\t\t<\/a>\n\t\t<\/div>\n<div class=\"clearfix visible-xs\">&nbsp;<\/div>\n<div class=\"col-sm-3\">\n\t\t<a href=\"https:\/\/www.naturadk.eu\/wp-content\/uploads\/2017\/07\/fotogalerie-10.jpg\" title=\"Photogalllery\" rel=\"1\" class=\"alignnone size-full wp-image-311\"><br \/>\n\t\t\t<img loading=\"lazy\" decoding=\"async\" src=\"https:\/\/www.naturadk.eu\/wp-content\/uploads\/2017\/07\/fotogalerie-10-300x278.jpg\" alt=\"Photogalllery\" width=\"300\" height=\"225\" class=\"alignnone center-block img-thumbnail size-medium wp-image-311\" \/><\/p>\n<p>\t\t<\/a>\n\t\t<\/div>\n<\/div>\n","protected":false},"excerpt":{"rendered":"<p>&nbsp; &nbsp; &nbsp; &nbsp; &nbsp; &nbsp; &nbsp; &nbsp; &nbsp; &nbsp; &nbsp; &nbsp; &nbsp; &nbsp; &nbsp; &nbsp; &nbsp;<\/p>\n","protected":false},"author":1,"featured_media":0,"parent":223,"menu_order":0,"comment_status":"closed","ping_status":"closed","template":"","meta":{"footnotes":""},"class_list":["post-623","page","type-page","status-publish","hentry"],"yoast_head":"<!-- This site is optimized with the Yoast SEO plugin v26.9 - https:\/\/yoast.com\/product\/yoast-seo-wordpress\/ -->\n<title>Photogallery - NATURA DK, a.s.<\/title>\n<meta name=\"description\" content=\"&nbsp; &nbsp; &nbsp; &nbsp; &nbsp; &nbsp; &nbsp; &nbsp; &nbsp; &nbsp; &nbsp; &nbsp; &nbsp; &nbsp; &nbsp; &nbsp;\" \/>\n<meta name=\"robots\" content=\"index, follow, max-snippet:-1, max-image-preview:large, max-video-preview:-1\" \/>\n<link rel=\"canonical\" href=\"https:\/\/www.naturadk.eu\/en\/photogallery\/\" \/>\n<meta property=\"og:locale\" content=\"en_US\" \/>\n<meta property=\"og:type\" content=\"article\" \/>\n<meta property=\"og:title\" content=\"Photogallery - NATURA DK, a.s.\" \/>\n<meta property=\"og:description\" content=\"&nbsp; &nbsp; &nbsp; &nbsp; &nbsp; &nbsp; &nbsp; &nbsp; &nbsp; &nbsp; &nbsp; &nbsp; &nbsp; &nbsp; &nbsp; &nbsp;\" \/>\n<meta property=\"og:url\" content=\"https:\/\/www.naturadk.eu\/en\/photogallery\/\" \/>\n<meta property=\"og:site_name\" content=\"NATURA DK, a.s.\" \/>\n<meta property=\"article:modified_time\" content=\"2017-07-26T12:36:04+00:00\" \/>\n<meta property=\"og:image\" content=\"https:\/\/www.naturadk.eu\/wp-content\/uploads\/2017\/07\/fotogalerie-18-300x225.jpg\" \/>\n<meta name=\"twitter:card\" content=\"summary_large_image\" \/>\n<script type=\"application\/ld+json\" class=\"yoast-schema-graph\">{\"@context\":\"https:\/\/schema.org\",\"@graph\":[{\"@type\":\"WebPage\",\"@id\":\"https:\/\/www.naturadk.eu\/en\/photogallery\/\",\"url\":\"https:\/\/www.naturadk.eu\/en\/photogallery\/\",\"name\":\"Photogallery - NATURA DK, a.s.\",\"isPartOf\":{\"@id\":\"https:\/\/www.naturadk.eu\/#website\"},\"primaryImageOfPage\":{\"@id\":\"https:\/\/www.naturadk.eu\/en\/photogallery\/#primaryimage\"},\"image\":{\"@id\":\"https:\/\/www.naturadk.eu\/en\/photogallery\/#primaryimage\"},\"thumbnailUrl\":\"https:\/\/www.naturadk.eu\/wp-content\/uploads\/2017\/07\/fotogalerie-18-300x225.jpg\",\"datePublished\":\"2017-07-25T12:13:57+00:00\",\"dateModified\":\"2017-07-26T12:36:04+00:00\",\"description\":\"&nbsp; &nbsp; &nbsp; &nbsp; &nbsp; &nbsp; &nbsp; &nbsp; &nbsp; &nbsp; &nbsp; &nbsp; &nbsp; &nbsp; &nbsp; &nbsp;\",\"breadcrumb\":{\"@id\":\"https:\/\/www.naturadk.eu\/en\/photogallery\/#breadcrumb\"},\"inLanguage\":\"en-US\",\"potentialAction\":[{\"@type\":\"ReadAction\",\"target\":[\"https:\/\/www.naturadk.eu\/en\/photogallery\/\"]}]},{\"@type\":\"ImageObject\",\"inLanguage\":\"en-US\",\"@id\":\"https:\/\/www.naturadk.eu\/en\/photogallery\/#primaryimage\",\"url\":\"https:\/\/www.naturadk.eu\/wp-content\/uploads\/2017\/07\/fotogalerie-18-300x225.jpg\",\"contentUrl\":\"https:\/\/www.naturadk.eu\/wp-content\/uploads\/2017\/07\/fotogalerie-18-300x225.jpg\"},{\"@type\":\"BreadcrumbList\",\"@id\":\"https:\/\/www.naturadk.eu\/en\/photogallery\/#breadcrumb\",\"itemListElement\":[{\"@type\":\"ListItem\",\"position\":1,\"name\":\"\",\"item\":\"https:\/\/www.naturadk.eu\/en\/\"},{\"@type\":\"ListItem\",\"position\":2,\"name\":\"Engineering\",\"item\":\"https:\/\/www.naturadk.eu\/en\/engineering\/\"},{\"@type\":\"ListItem\",\"position\":3,\"name\":\"Photogallery\"}]},{\"@type\":\"WebSite\",\"@id\":\"https:\/\/www.naturadk.eu\/#website\",\"url\":\"https:\/\/www.naturadk.eu\/\",\"name\":\"NATURA DK, a.s.\",\"description\":\"Stroj\u00edrensk\u00e1 v\u00fdroba, slu\u017eby pro zem\u011bd\u011blstv\u00ed a obchod\",\"potentialAction\":[{\"@type\":\"SearchAction\",\"target\":{\"@type\":\"EntryPoint\",\"urlTemplate\":\"https:\/\/www.naturadk.eu\/?s={search_term_string}\"},\"query-input\":{\"@type\":\"PropertyValueSpecification\",\"valueRequired\":true,\"valueName\":\"search_term_string\"}}],\"inLanguage\":\"en-US\"}]}<\/script>\n<!-- \/ Yoast SEO plugin. -->","yoast_head_json":{"title":"Photogallery - NATURA DK, a.s.","description":"&nbsp; &nbsp; &nbsp; &nbsp; &nbsp; &nbsp; &nbsp; &nbsp; &nbsp; &nbsp; &nbsp; &nbsp; &nbsp; &nbsp; &nbsp; &nbsp;","robots":{"index":"index","follow":"follow","max-snippet":"max-snippet:-1","max-image-preview":"max-image-preview:large","max-video-preview":"max-video-preview:-1"},"canonical":"https:\/\/www.naturadk.eu\/en\/photogallery\/","og_locale":"en_US","og_type":"article","og_title":"Photogallery - NATURA DK, a.s.","og_description":"&nbsp; &nbsp; &nbsp; &nbsp; &nbsp; &nbsp; &nbsp; &nbsp; &nbsp; &nbsp; &nbsp; &nbsp; &nbsp; &nbsp; &nbsp; &nbsp;","og_url":"https:\/\/www.naturadk.eu\/en\/photogallery\/","og_site_name":"NATURA DK, a.s.","article_modified_time":"2017-07-26T12:36:04+00:00","og_image":[{"url":"https:\/\/www.naturadk.eu\/wp-content\/uploads\/2017\/07\/fotogalerie-18-300x225.jpg","type":"","width":"","height":""}],"twitter_card":"summary_large_image","schema":{"@context":"https:\/\/schema.org","@graph":[{"@type":"WebPage","@id":"https:\/\/www.naturadk.eu\/en\/photogallery\/","url":"https:\/\/www.naturadk.eu\/en\/photogallery\/","name":"Photogallery - NATURA DK, a.s.","isPartOf":{"@id":"https:\/\/www.naturadk.eu\/#website"},"primaryImageOfPage":{"@id":"https:\/\/www.naturadk.eu\/en\/photogallery\/#primaryimage"},"image":{"@id":"https:\/\/www.naturadk.eu\/en\/photogallery\/#primaryimage"},"thumbnailUrl":"https:\/\/www.naturadk.eu\/wp-content\/uploads\/2017\/07\/fotogalerie-18-300x225.jpg","datePublished":"2017-07-25T12:13:57+00:00","dateModified":"2017-07-26T12:36:04+00:00","description":"&nbsp; &nbsp; &nbsp; &nbsp; &nbsp; &nbsp; &nbsp; &nbsp; &nbsp; &nbsp; &nbsp; &nbsp; &nbsp; &nbsp; &nbsp; &nbsp;","breadcrumb":{"@id":"https:\/\/www.naturadk.eu\/en\/photogallery\/#breadcrumb"},"inLanguage":"en-US","potentialAction":[{"@type":"ReadAction","target":["https:\/\/www.naturadk.eu\/en\/photogallery\/"]}]},{"@type":"ImageObject","inLanguage":"en-US","@id":"https:\/\/www.naturadk.eu\/en\/photogallery\/#primaryimage","url":"https:\/\/www.naturadk.eu\/wp-content\/uploads\/2017\/07\/fotogalerie-18-300x225.jpg","contentUrl":"https:\/\/www.naturadk.eu\/wp-content\/uploads\/2017\/07\/fotogalerie-18-300x225.jpg"},{"@type":"BreadcrumbList","@id":"https:\/\/www.naturadk.eu\/en\/photogallery\/#breadcrumb","itemListElement":[{"@type":"ListItem","position":1,"name":"","item":"https:\/\/www.naturadk.eu\/en\/"},{"@type":"ListItem","position":2,"name":"Engineering","item":"https:\/\/www.naturadk.eu\/en\/engineering\/"},{"@type":"ListItem","position":3,"name":"Photogallery"}]},{"@type":"WebSite","@id":"https:\/\/www.naturadk.eu\/#website","url":"https:\/\/www.naturadk.eu\/","name":"NATURA DK, a.s.","description":"Stroj\u00edrensk\u00e1 v\u00fdroba, slu\u017eby pro zem\u011bd\u011blstv\u00ed a obchod","potentialAction":[{"@type":"SearchAction","target":{"@type":"EntryPoint","urlTemplate":"https:\/\/www.naturadk.eu\/?s={search_term_string}"},"query-input":{"@type":"PropertyValueSpecification","valueRequired":true,"valueName":"search_term_string"}}],"inLanguage":"en-US"}]}},"_links":{"self":[{"href":"https:\/\/www.naturadk.eu\/en\/wp-json\/wp\/v2\/pages\/623","targetHints":{"allow":["GET"]}}],"collection":[{"href":"https:\/\/www.naturadk.eu\/en\/wp-json\/wp\/v2\/pages"}],"about":[{"href":"https:\/\/www.naturadk.eu\/en\/wp-json\/wp\/v2\/types\/page"}],"author":[{"embeddable":true,"href":"https:\/\/www.naturadk.eu\/en\/wp-json\/wp\/v2\/users\/1"}],"replies":[{"embeddable":true,"href":"https:\/\/www.naturadk.eu\/en\/wp-json\/wp\/v2\/comments?post=623"}],"version-history":[{"count":3,"href":"https:\/\/www.naturadk.eu\/en\/wp-json\/wp\/v2\/pages\/623\/revisions"}],"predecessor-version":[{"id":714,"href":"https:\/\/www.naturadk.eu\/en\/wp-json\/wp\/v2\/pages\/623\/revisions\/714"}],"up":[{"embeddable":true,"href":"https:\/\/www.naturadk.eu\/en\/wp-json\/wp\/v2\/pages\/223"}],"wp:attachment":[{"href":"https:\/\/www.naturadk.eu\/en\/wp-json\/wp\/v2\/media?parent=623"}],"curies":[{"name":"wp","href":"https:\/\/api.w.org\/{rel}","templated":true}]}}