{"id":627,"date":"2017-07-25T14:15:42","date_gmt":"2017-07-25T12:15:42","guid":{"rendered":"https:\/\/www.naturadk.eu\/?page_id=627\/"},"modified":"2024-12-17T15:51:17","modified_gmt":"2024-12-17T14:51:17","slug":"conventional-machining-2","status":"publish","type":"page","link":"https:\/\/www.naturadk.eu\/en\/bending","title":{"rendered":"Bending"},"content":{"rendered":"<div class=\"row\">\n<div class=\"col-sm-4\">\n<p><a href=\"https:\/\/www.naturadk.eu\/wp-content\/uploads\/2021\/07\/699_detail.jpg\"><img loading=\"lazy\" decoding=\"async\" class=\"center-block img-thumbnail cesize-medium alignnone wp-image-2814 size-medium\" src=\"https:\/\/www.naturadk.eu\/wp-content\/uploads\/2021\/07\/699_detail-300x230.jpg\" alt=\"\" width=\"300\" height=\"230\" srcset=\"https:\/\/www.naturadk.eu\/wp-content\/uploads\/2021\/07\/699_detail-300x230.jpg 300w, https:\/\/www.naturadk.eu\/wp-content\/uploads\/2021\/07\/699_detail-1024x786.jpg 1024w, https:\/\/www.naturadk.eu\/wp-content\/uploads\/2021\/07\/699_detail-768x590.jpg 768w, https:\/\/www.naturadk.eu\/wp-content\/uploads\/2021\/07\/699_detail.jpg 1407w\" sizes=\"auto, (max-width: 300px) 100vw, 300px\" \/><\/a><\/p>\n<div class=\"clearfix visible-xs\"><\/div>\n<\/div>\n<div class=\"col-sm-8\">\n<p>We perform CNC bending of steel and stainless steel sheets on the TRUMPF TruBend 5230 machine.<\/p>\n<ul style=\"list-style-type: disc;\">\n<li>Pressing force _ 2&nbsp;300 kN<\/li>\n<li>Edging length _ 3&nbsp;230 mm<\/li>\n<li>Free passage between stands _ 2&nbsp;690 mm<\/li>\n<li>Max. distance table &#8211; ram _ 735 mm<\/li>\n<li>Positional accuracy: Y axis 0.005 mm, X axis 0.04 mm, R axis 0.08 mm<\/li>\n<li>Hydraulic TRUMPF tool holder<\/li>\n<li>5-axis rear stop (X-, Delta X-, R-, Z1- and Z2-axis)<\/li>\n<li>ACB Wireless &#8211; automatically controlled bending<\/li>\n<li>CNC &#8211; controlled wedge bombing<\/li>\n<\/ul>\n<\/div>\n<\/div>\n<div class=\"row odstavecRada\">\n<h4 class=\"col-xs-12\">References<\/h4>\n<div class=\"col-sm-6\">\n<ul>\n<li><strong>TEUPEN Maschinenbau GmbH<\/strong><\/li>\n<li><strong>BEDNAR FMT s.r.o.<\/strong><\/li>\n<li><strong>Bresskamp s.r.o.<\/strong><\/li>\n<li><strong>Hubtex Maschinenbau GmbH<\/strong><\/li>\n<li><strong>TMW, a.s.<\/strong><\/li>\n<\/ul>\n<\/div>\n<div class=\"col-sm-6\">\n<ul>\n<li><strong>Cime, s.r.o.<\/strong><\/li>\n<li><strong>Bergmann Maschinenbau GmbH<\/strong><\/li>\n<li><strong>MZ Liberec, a.s.<\/strong><\/li>\n<li><strong>Koenig &amp; Bauer Grafitec s.r.o.<\/strong><\/li>\n<li><strong>EsiDock Limited<\/strong><\/li>\n<li><strong>OPaLL-AGRI, s.r.o.<\/strong><\/li>\n<\/ul>\n<\/div>\n<\/div>\n<div id=\"black-studio-tinymce-19\" class=\"widget widget_black_studio_tinymce amr_widget\"><div class=\"textwidget\"><hr>\r\n<div class=\"col-xs-12\">\r\n<div class=\"row formular-bg\">\r\n<div class=\"col-xs-12\">\r\n<h2 class=\"col-xs-12\">Do you have a question? Send us a message<\/h2>\r\n<div class=\"col-xs-12\">\n<div class=\"wpcf7 no-js\" id=\"wpcf7-f1243-o1\" lang=\"cs-CZ\" dir=\"ltr\" data-wpcf7-id=\"1243\">\n<div class=\"screen-reader-response\"><p role=\"status\" aria-live=\"polite\" aria-atomic=\"true\"><\/p> <ul><\/ul><\/div>\n<form action=\"\/en\/wp-json\/wp\/v2\/pages\/627#wpcf7-f1243-o1\" method=\"post\" class=\"wpcf7-form init form-horizontal\" aria-label=\"Kontaktn\u00ed formul\u00e1\u0159\" novalidate=\"novalidate\" data-status=\"init\">\n<fieldset class=\"hidden-fields-container\"><input type=\"hidden\" name=\"_wpcf7\" value=\"1243\" \/><input type=\"hidden\" name=\"_wpcf7_version\" value=\"6.1.5\" \/><input type=\"hidden\" name=\"_wpcf7_locale\" value=\"cs_CZ\" \/><input type=\"hidden\" name=\"_wpcf7_unit_tag\" value=\"wpcf7-f1243-o1\" \/><input type=\"hidden\" name=\"_wpcf7_container_post\" value=\"0\" \/><input type=\"hidden\" name=\"_wpcf7_posted_data_hash\" value=\"\" \/>\n<\/fieldset>\n<div class=\"form-group your-subject\"><label class=\" control-label col-sm-3\" for=\"zamknute\">Subject<\/label><div class=\"col-sm-9\"><input class=\"wpcf7-form-control wpcf7-text form-control\" id=\"zamknute\" name=\"your-subject\" type=\"text\" value=\"\" aria-invalid=\"false\"><\/div><\/div>\n<div class=\"form-group your-name\"><label class=\" control-label col-sm-3\">Name<\/label><div class=\"col-sm-9\"><input class=\"wpcf7-form-control wpcf7-text form-control\" name=\"your-name\" type=\"text\" value=\"\" aria-invalid=\"false\"><\/div><\/div>\n<div class=\"form-group your-email\"><label class=\" control-label col-sm-3\">E-mail <span class=\"required\">*<\/span><\/label><div class=\"col-sm-9\"><input class=\"wpcf7-form-control wpcf7-email wpcf7-validates-as-required wpcf7-text wpcf7-validates-as-email form-control\" name=\"your-email\" type=\"email\" value=\"\" aria-invalid=\"false\" aria-required=\"true\" required><\/div><\/div>\n<div class=\"form-group your-phone\"><label class=\" control-label col-sm-3\">Phone<\/label><div class=\"col-sm-9\"><input class=\"wpcf7-form-control wpcf7-text form-control\" name=\"your-phone\" type=\"text\" value=\"\" aria-invalid=\"false\"><\/div><\/div>\n<div class=\"form-group your-message\"><label class=\" control-label col-sm-3\">Message <span class=\"required\">*<\/span><\/label><div class=\"col-sm-9\"><textarea class=\"wpcf7-form-control wpcf7-textarea wpcf7-validates-as-required form-control\" name=\"your-message\" rows=\"4\" aria-invalid=\"false\" aria-required=\"true\" required><\/textarea><\/div><\/div>\n<span id=\"wpcf7-69e1b81b3973b-wrapper\" class=\"wpcf7-form-control-wrap City-wrap\" ><input type=\"hidden\" name=\"City-time-start\" value=\"1776400411\"><input type=\"hidden\" name=\"City-time-check\" value=\"6\"><label for=\"wpcf7-69e1b81b3973b-field\" class=\"hp-message\">Ponechte toto pole pr\u00e1zdn\u00e9.<\/label><input id=\"wpcf7-69e1b81b3973b-field\"  class=\"wpcf7-form-control wpcf7-text\" type=\"text\" name=\"City\" value=\"\" size=\"40\" tabindex=\"-1\" autocomplete=\"new-password\" \/><\/span>\n<div class=\"form-group\"><div class=\"col-sm-9 col-sm-offset-3\"><input class=\"wpcf7-form-control wpcf7-submit btn btn-success btn-lg\" type=\"submit\" value=\"Send message\"><\/div><\/div><div class=\"wpcf7-response-output alert alert-warning\"><\/div>\n<\/form>\n<\/div>\n<\/div>\r\n<\/div>\r\n<\/div>\r\n<\/div>\r\n<div class=\"clearfix\">&nbsp;<\/div><\/div><\/div>\n","protected":false},"excerpt":{"rendered":"<p>We perform CNC bending of steel and stainless steel sheets on the TRUMPF TruBend 5230 machine. Pressing force _ 2&nbsp;300 kN Edging length _ 3&nbsp;230 mm Free passage between stands _ 2&nbsp;690 mm Max. distance table &#8211; ram _ 735 mm Positional accuracy: Y axis 0.005 mm, X axis 0.04 mm, R axis 0.08 mm &hellip;<\/p>\n","protected":false},"author":1,"featured_media":0,"parent":223,"menu_order":0,"comment_status":"closed","ping_status":"closed","template":"","meta":{"footnotes":""},"class_list":["post-627","page","type-page","status-publish","hentry"],"yoast_head":"<!-- This site is optimized with the Yoast SEO plugin v26.9 - https:\/\/yoast.com\/product\/yoast-seo-wordpress\/ -->\n<title>Bending - NATURA DK, a.s.<\/title>\n<meta name=\"description\" content=\"We perform CNC bending of steel and stainless steel sheets on the TRUMPF TruBend 5230 machine. Pressing force _ 2 300 kN Edging length _ 3 230 mm Free\" \/>\n<meta name=\"robots\" content=\"index, follow, max-snippet:-1, max-image-preview:large, max-video-preview:-1\" \/>\n<link rel=\"canonical\" href=\"https:\/\/www.naturadk.eu\/en\/bending\/\" \/>\n<meta property=\"og:locale\" content=\"en_US\" \/>\n<meta property=\"og:type\" content=\"article\" \/>\n<meta property=\"og:title\" content=\"Bending - NATURA DK, a.s.\" \/>\n<meta property=\"og:description\" content=\"We perform CNC bending of steel and stainless steel sheets on the TRUMPF TruBend 5230 machine. Pressing force _ 2 300 kN Edging length _ 3 230 mm Free\" \/>\n<meta property=\"og:url\" content=\"https:\/\/www.naturadk.eu\/en\/bending\/\" \/>\n<meta property=\"og:site_name\" content=\"NATURA DK, a.s.\" \/>\n<meta property=\"article:modified_time\" content=\"2024-12-17T14:51:17+00:00\" \/>\n<meta property=\"og:image\" content=\"https:\/\/www.naturadk.eu\/wp-content\/uploads\/2021\/07\/699_detail.jpg\" \/>\n\t<meta property=\"og:image:width\" content=\"1407\" \/>\n\t<meta property=\"og:image:height\" content=\"1080\" \/>\n\t<meta property=\"og:image:type\" content=\"image\/jpeg\" \/>\n<meta name=\"twitter:card\" content=\"summary_large_image\" \/>\n<meta name=\"twitter:label1\" content=\"Est. reading time\" \/>\n\t<meta name=\"twitter:data1\" content=\"2 minutes\" \/>\n<script type=\"application\/ld+json\" class=\"yoast-schema-graph\">{\"@context\":\"https:\/\/schema.org\",\"@graph\":[{\"@type\":\"WebPage\",\"@id\":\"https:\/\/www.naturadk.eu\/en\/bending\/\",\"url\":\"https:\/\/www.naturadk.eu\/en\/bending\/\",\"name\":\"Bending - NATURA DK, a.s.\",\"isPartOf\":{\"@id\":\"https:\/\/www.naturadk.eu\/#website\"},\"primaryImageOfPage\":{\"@id\":\"https:\/\/www.naturadk.eu\/en\/bending\/#primaryimage\"},\"image\":{\"@id\":\"https:\/\/www.naturadk.eu\/en\/bending\/#primaryimage\"},\"thumbnailUrl\":\"https:\/\/www.naturadk.eu\/wp-content\/uploads\/2021\/07\/699_detail-300x230.jpg\",\"datePublished\":\"2017-07-25T12:15:42+00:00\",\"dateModified\":\"2024-12-17T14:51:17+00:00\",\"description\":\"We perform CNC bending of steel and stainless steel sheets on the TRUMPF TruBend 5230 machine. Pressing force _ 2 300 kN Edging length _ 3 230 mm Free\",\"breadcrumb\":{\"@id\":\"https:\/\/www.naturadk.eu\/en\/bending\/#breadcrumb\"},\"inLanguage\":\"en-US\",\"potentialAction\":[{\"@type\":\"ReadAction\",\"target\":[\"https:\/\/www.naturadk.eu\/en\/bending\/\"]}]},{\"@type\":\"ImageObject\",\"inLanguage\":\"en-US\",\"@id\":\"https:\/\/www.naturadk.eu\/en\/bending\/#primaryimage\",\"url\":\"https:\/\/www.naturadk.eu\/wp-content\/uploads\/2021\/07\/699_detail-300x230.jpg\",\"contentUrl\":\"https:\/\/www.naturadk.eu\/wp-content\/uploads\/2021\/07\/699_detail-300x230.jpg\"},{\"@type\":\"BreadcrumbList\",\"@id\":\"https:\/\/www.naturadk.eu\/en\/bending\/#breadcrumb\",\"itemListElement\":[{\"@type\":\"ListItem\",\"position\":1,\"name\":\"\",\"item\":\"https:\/\/www.naturadk.eu\/en\/\"},{\"@type\":\"ListItem\",\"position\":2,\"name\":\"Engineering\",\"item\":\"https:\/\/www.naturadk.eu\/en\/engineering\/\"},{\"@type\":\"ListItem\",\"position\":3,\"name\":\"Bending\"}]},{\"@type\":\"WebSite\",\"@id\":\"https:\/\/www.naturadk.eu\/#website\",\"url\":\"https:\/\/www.naturadk.eu\/\",\"name\":\"NATURA DK, a.s.\",\"description\":\"Stroj\u00edrensk\u00e1 v\u00fdroba, slu\u017eby pro zem\u011bd\u011blstv\u00ed a obchod\",\"potentialAction\":[{\"@type\":\"SearchAction\",\"target\":{\"@type\":\"EntryPoint\",\"urlTemplate\":\"https:\/\/www.naturadk.eu\/?s={search_term_string}\"},\"query-input\":{\"@type\":\"PropertyValueSpecification\",\"valueRequired\":true,\"valueName\":\"search_term_string\"}}],\"inLanguage\":\"en-US\"}]}<\/script>\n<!-- \/ Yoast SEO plugin. -->","yoast_head_json":{"title":"Bending - NATURA DK, a.s.","description":"We perform CNC bending of steel and stainless steel sheets on the TRUMPF TruBend 5230 machine. Pressing force _ 2 300 kN Edging length _ 3 230 mm Free","robots":{"index":"index","follow":"follow","max-snippet":"max-snippet:-1","max-image-preview":"max-image-preview:large","max-video-preview":"max-video-preview:-1"},"canonical":"https:\/\/www.naturadk.eu\/en\/bending\/","og_locale":"en_US","og_type":"article","og_title":"Bending - NATURA DK, a.s.","og_description":"We perform CNC bending of steel and stainless steel sheets on the TRUMPF TruBend 5230 machine. Pressing force _ 2 300 kN Edging length _ 3 230 mm Free","og_url":"https:\/\/www.naturadk.eu\/en\/bending\/","og_site_name":"NATURA DK, a.s.","article_modified_time":"2024-12-17T14:51:17+00:00","og_image":[{"width":1407,"height":1080,"url":"https:\/\/www.naturadk.eu\/wp-content\/uploads\/2021\/07\/699_detail.jpg","type":"image\/jpeg"}],"twitter_card":"summary_large_image","twitter_misc":{"Est. reading time":"2 minutes"},"schema":{"@context":"https:\/\/schema.org","@graph":[{"@type":"WebPage","@id":"https:\/\/www.naturadk.eu\/en\/bending\/","url":"https:\/\/www.naturadk.eu\/en\/bending\/","name":"Bending - NATURA DK, a.s.","isPartOf":{"@id":"https:\/\/www.naturadk.eu\/#website"},"primaryImageOfPage":{"@id":"https:\/\/www.naturadk.eu\/en\/bending\/#primaryimage"},"image":{"@id":"https:\/\/www.naturadk.eu\/en\/bending\/#primaryimage"},"thumbnailUrl":"https:\/\/www.naturadk.eu\/wp-content\/uploads\/2021\/07\/699_detail-300x230.jpg","datePublished":"2017-07-25T12:15:42+00:00","dateModified":"2024-12-17T14:51:17+00:00","description":"We perform CNC bending of steel and stainless steel sheets on the TRUMPF TruBend 5230 machine. Pressing force _ 2 300 kN Edging length _ 3 230 mm Free","breadcrumb":{"@id":"https:\/\/www.naturadk.eu\/en\/bending\/#breadcrumb"},"inLanguage":"en-US","potentialAction":[{"@type":"ReadAction","target":["https:\/\/www.naturadk.eu\/en\/bending\/"]}]},{"@type":"ImageObject","inLanguage":"en-US","@id":"https:\/\/www.naturadk.eu\/en\/bending\/#primaryimage","url":"https:\/\/www.naturadk.eu\/wp-content\/uploads\/2021\/07\/699_detail-300x230.jpg","contentUrl":"https:\/\/www.naturadk.eu\/wp-content\/uploads\/2021\/07\/699_detail-300x230.jpg"},{"@type":"BreadcrumbList","@id":"https:\/\/www.naturadk.eu\/en\/bending\/#breadcrumb","itemListElement":[{"@type":"ListItem","position":1,"name":"","item":"https:\/\/www.naturadk.eu\/en\/"},{"@type":"ListItem","position":2,"name":"Engineering","item":"https:\/\/www.naturadk.eu\/en\/engineering\/"},{"@type":"ListItem","position":3,"name":"Bending"}]},{"@type":"WebSite","@id":"https:\/\/www.naturadk.eu\/#website","url":"https:\/\/www.naturadk.eu\/","name":"NATURA DK, a.s.","description":"Stroj\u00edrensk\u00e1 v\u00fdroba, slu\u017eby pro zem\u011bd\u011blstv\u00ed a obchod","potentialAction":[{"@type":"SearchAction","target":{"@type":"EntryPoint","urlTemplate":"https:\/\/www.naturadk.eu\/?s={search_term_string}"},"query-input":{"@type":"PropertyValueSpecification","valueRequired":true,"valueName":"search_term_string"}}],"inLanguage":"en-US"}]}},"_links":{"self":[{"href":"https:\/\/www.naturadk.eu\/en\/wp-json\/wp\/v2\/pages\/627","targetHints":{"allow":["GET"]}}],"collection":[{"href":"https:\/\/www.naturadk.eu\/en\/wp-json\/wp\/v2\/pages"}],"about":[{"href":"https:\/\/www.naturadk.eu\/en\/wp-json\/wp\/v2\/types\/page"}],"author":[{"embeddable":true,"href":"https:\/\/www.naturadk.eu\/en\/wp-json\/wp\/v2\/users\/1"}],"replies":[{"embeddable":true,"href":"https:\/\/www.naturadk.eu\/en\/wp-json\/wp\/v2\/comments?post=627"}],"version-history":[{"count":5,"href":"https:\/\/www.naturadk.eu\/en\/wp-json\/wp\/v2\/pages\/627\/revisions"}],"predecessor-version":[{"id":3578,"href":"https:\/\/www.naturadk.eu\/en\/wp-json\/wp\/v2\/pages\/627\/revisions\/3578"}],"up":[{"embeddable":true,"href":"https:\/\/www.naturadk.eu\/en\/wp-json\/wp\/v2\/pages\/223"}],"wp:attachment":[{"href":"https:\/\/www.naturadk.eu\/en\/wp-json\/wp\/v2\/media?parent=627"}],"curies":[{"name":"wp","href":"https:\/\/api.w.org\/{rel}","templated":true}]}}