{"id":631,"date":"2017-07-25T14:17:35","date_gmt":"2017-07-25T12:17:35","guid":{"rendered":"https:\/\/www.naturadk.eu\/?page_id=631\/"},"modified":"2024-12-17T15:52:54","modified_gmt":"2024-12-17T14:52:54","slug":"welding","status":"publish","type":"page","link":"https:\/\/www.naturadk.eu\/en\/welding\/","title":{"rendered":"Welding"},"content":{"rendered":"<div class=\"row\">\n<div class=\"col-sm-4\">\n<p>\t<a href=\"https:\/\/www.naturadk.eu\/wp-content\/uploads\/2017\/07\/svarovani-1.jpg\" title=\"Welding\" class=\"alignnone size-full wp-image-286\"><br \/>\n\t\t<img loading=\"lazy\" decoding=\"async\" src=\"https:\/\/www.naturadk.eu\/wp-content\/uploads\/2017\/07\/svarovani-1-300x199.jpg\" alt=\"Welding\" width=\"300\" height=\"199\" class=\"alignnone center-block img-thumbnail cesize-medium wp-image-286\" srcset=\"https:\/\/www.naturadk.eu\/wp-content\/uploads\/2017\/07\/svarovani-1-300x199.jpg 300w, https:\/\/www.naturadk.eu\/wp-content\/uploads\/2017\/07\/svarovani-1-768x510.jpg 768w, https:\/\/www.naturadk.eu\/wp-content\/uploads\/2017\/07\/svarovani-1.jpg 850w\" sizes=\"auto, (max-width: 300px) 100vw, 300px\" \/><br \/>\n\t<\/a>\n<\/div>\n<div class=\"col-sm-8\">\n<h3>Welding robot QIROX QRC\u00ae 350<\/h3>\n<p>CLOOS welding robot QIROX QRC\u00ae 350 is a robust industrial robot with large working scope. It has a folding arm with rotating joint.<\/p>\n<\/div>\n<\/div>\n<div class=\"clearfix\">&nbsp;<\/div>\n<table class=\"table table-striped table-bordered\">\n<tbody>\n<tr>\n<td>Number of axes:<\/td>\n<td>6<\/td>\n<\/tr>\n<tr>\n<td>Useful load:<\/td>\n<td>15&nbsp;kg<\/td>\n<\/tr>\n<tr>\n<td>Drive:<\/td>\n<td>each axis is digitally driven<\/td>\n<\/tr>\n<tr>\n<td>Motor:<\/td>\n<td>Regulated AC servodrive<\/td>\n<\/tr>\n<tr>\n<td>Track measuring system:<\/td>\n<td>digital, absolute (Resolver)<\/td>\n<\/tr>\n<tr>\n<td>Repetition accuracy:<\/td>\n<td>\u2264 \u00b1 0,1 mm<\/td>\n<\/tr>\n<tr>\n<td>Working scope:<\/td>\n<td>spherical, approximately \u00d8 4200<\/td>\n<\/tr>\n<tr>\n<td>Reach:<\/td>\n<td>Axis 1 &#8211; 340 \u00ba, Axis 2 &#8211; 200 \u00ba, Axis 3 &#8211; 290 \u00ba, Axis 4 &#8211; 358 \u00ba, Axis 5 &#8211; 270 \u00ba, Axis 6 &#8211; 600 \u00ba<\/td>\n<\/tr>\n<tr>\n<td>Maximum speed:<\/td>\n<td>Axis 1 &#8211; 151 \u00ba\/s, Axis 2 &#8211; 151 \u00ba\/s, Axis 3 &#8211; 176 \u00ba\/s, Axis 4 &#8211; 290 \u00ba\/s, Axis 5 &#8211; 338 \u00ba\/s, Axis 6 &#8211; 410 \u00ba\/smm<\/td>\n<\/tr>\n<\/tbody>\n<\/table>\n<div class=\"clearfix\">&nbsp;<\/div>\n<div class=\"row\">\n<div class=\"col-sm-6\">\n<p>\t\t<a href=\"https:\/\/www.naturadk.eu\/wp-content\/uploads\/2017\/07\/svarovani-robot-1.jpg\" title=\"Welding\" class=\"alignnone size-full wp-image-285\"><br \/>\n\t\t\t<img loading=\"lazy\" decoding=\"async\" src=\"https:\/\/www.naturadk.eu\/wp-content\/uploads\/2017\/07\/svarovani-robot-1-283x300.jpg\" alt=\"Welding\" width=\"300\" height=\"225\" class=\"alignnone center-block img-thumbnail size-medium wp-image-285\" \/><\/p>\n<p>\t\t<\/a>\n\t<\/div>\n<div class=\"clearfix visible-xs\">&nbsp;<\/div>\n<div class=\"col-sm-6\">\n\t\t<a href=\"https:\/\/www.naturadk.eu\/wp-content\/uploads\/2017\/07\/svarovani-robot-2.jpg\" title=\"Welding\" class=\"alignnone size-full wp-image-289\"><br \/>\n\t\t\t<img loading=\"lazy\" decoding=\"async\" src=\"https:\/\/www.naturadk.eu\/wp-content\/uploads\/2017\/07\/thumb-svarovani-robot-2-283x300.jpg\" alt=\"Welding\" width=\"300\" height=\"225\" class=\"alignnone center-block img-thumbnail size-medium wp-image-291\" \/><\/p>\n<p>\t\t<\/a>\n\t\t<\/div>\n<\/div>\n<h3>Steel welding<\/h3>\n<ul class=\"seznam-obrazkovy\">\n<li>Construction steel welding \u2013 MAG under own IWE supervision<\/li>\n<li>Aluminium and stainless steel welding \u2013 WIG, TIG, MIG under own IWE supervision<\/li>\n<li>We use certified welding tables Siegmund that allow for maximum weldment precision<\/li>\n<\/ul>\n<div class=\"clearfix\">&nbsp;<\/div>\n<div class=\"row\">\n<div class=\"col-sm-6\">\n\t\t<a href=\"https:\/\/www.naturadk.eu\/wp-content\/uploads\/2017\/07\/svarovani-oceli-2.jpg\" title=\"Welding\" class=\"alignnone size-full wp-image-288\"><br \/>\n\t\t\t<img loading=\"lazy\" decoding=\"async\" src=\"https:\/\/www.naturadk.eu\/wp-content\/uploads\/2017\/07\/thumb-svarovani-oceli-2-300x159.jpg\" alt=\"Welding\" width=\"300\" height=\"225\" class=\"alignnone center-block img-thumbnail size-medium wp-image-292\" \/><\/p>\n<p>\t\t<\/a>\n\t<\/div>\n<div class=\"clearfix visible-xs\">&nbsp;<\/div>\n<div class=\"col-sm-6\">\n\t\t<a href=\"https:\/\/www.naturadk.eu\/wp-content\/uploads\/2017\/07\/svarovani-oceli-1-300x159.jpg\" title=\"Welding\" class=\"alignnone size-full wp-image-287\"><br \/>\n\t\t\t<img loading=\"lazy\" decoding=\"async\" src=\"https:\/\/www.naturadk.eu\/wp-content\/uploads\/2017\/07\/svarovani-oceli-1-300x159.jpg\" alt=\"Welding\" width=\"300\" height=\"225\" class=\"alignnone center-block img-thumbnail size-medium wp-image-287\" \/><\/p>\n<p>\t\t<\/a>\n\t\t<\/div>\n<\/div>\n<div class=\"row odstavecRada\">\n<h4 class=\"col-xs-12\">References<\/h4>\n<div class=\"col-sm-6\">\n<ul>\n<li><strong>TEUPEN Maschinenbau GmbH<\/strong><\/li>\n<li><strong>BEDNAR FMT s.r.o.<\/strong><\/li>\n<li><strong>Bresskamp s.r.o.<\/strong><\/li>\n<li><strong>Hubtex Maschinenbau GmbH<\/strong><\/li>\n<li><strong>TMW, a.s.<\/strong><\/li>\n<\/ul>\n<\/div>\n<div class=\"col-sm-6\">\n<ul>\n<li><strong>Cime, s.r.o.<\/strong><\/li>\n<li><strong>Bergmann Maschinenbau GmbH<\/strong><\/li>\n<li><strong>MZ Liberec, a.s.<\/strong><\/li>\n<li><strong>Koenig &amp; Bauer Grafitec s.r.o.<\/strong><\/li>\n<li><strong>EsiDock Limited<\/strong><\/li>\n<li><strong>OPaLL-AGRI, s.r.o.<\/strong><\/li>\n<\/ul>\n<\/div>\n<\/div>\n<div id=\"black-studio-tinymce-19\" class=\"widget widget_black_studio_tinymce amr_widget\"><div class=\"textwidget\"><hr>\r\n<div class=\"col-xs-12\">\r\n<div class=\"row formular-bg\">\r\n<div class=\"col-xs-12\">\r\n<h2 class=\"col-xs-12\">Do you have a question? Send us a message<\/h2>\r\n<div class=\"col-xs-12\">\n<div class=\"wpcf7 no-js\" id=\"wpcf7-f1243-o1\" lang=\"cs-CZ\" dir=\"ltr\" data-wpcf7-id=\"1243\">\n<div class=\"screen-reader-response\"><p role=\"status\" aria-live=\"polite\" aria-atomic=\"true\"><\/p> <ul><\/ul><\/div>\n<form action=\"\/en\/wp-json\/wp\/v2\/pages\/631#wpcf7-f1243-o1\" method=\"post\" class=\"wpcf7-form init form-horizontal\" aria-label=\"Kontaktn\u00ed formul\u00e1\u0159\" novalidate=\"novalidate\" data-status=\"init\">\n<fieldset class=\"hidden-fields-container\"><input type=\"hidden\" name=\"_wpcf7\" value=\"1243\" \/><input type=\"hidden\" name=\"_wpcf7_version\" value=\"6.1.5\" \/><input type=\"hidden\" name=\"_wpcf7_locale\" value=\"cs_CZ\" \/><input type=\"hidden\" name=\"_wpcf7_unit_tag\" value=\"wpcf7-f1243-o1\" \/><input type=\"hidden\" name=\"_wpcf7_container_post\" value=\"0\" \/><input type=\"hidden\" name=\"_wpcf7_posted_data_hash\" value=\"\" \/>\n<\/fieldset>\n<div class=\"form-group your-subject\"><label class=\" control-label col-sm-3\" for=\"zamknute\">Subject<\/label><div class=\"col-sm-9\"><input class=\"wpcf7-form-control wpcf7-text form-control\" id=\"zamknute\" name=\"your-subject\" type=\"text\" value=\"\" aria-invalid=\"false\"><\/div><\/div>\n<div class=\"form-group your-name\"><label class=\" control-label col-sm-3\">Name<\/label><div class=\"col-sm-9\"><input class=\"wpcf7-form-control wpcf7-text form-control\" name=\"your-name\" type=\"text\" value=\"\" aria-invalid=\"false\"><\/div><\/div>\n<div class=\"form-group your-email\"><label class=\" control-label col-sm-3\">E-mail <span class=\"required\">*<\/span><\/label><div class=\"col-sm-9\"><input class=\"wpcf7-form-control wpcf7-email wpcf7-validates-as-required wpcf7-text wpcf7-validates-as-email form-control\" name=\"your-email\" type=\"email\" value=\"\" aria-invalid=\"false\" aria-required=\"true\" required><\/div><\/div>\n<div class=\"form-group your-phone\"><label class=\" control-label col-sm-3\">Phone<\/label><div class=\"col-sm-9\"><input class=\"wpcf7-form-control wpcf7-text form-control\" name=\"your-phone\" type=\"text\" value=\"\" aria-invalid=\"false\"><\/div><\/div>\n<div class=\"form-group your-message\"><label class=\" control-label col-sm-3\">Message <span class=\"required\">*<\/span><\/label><div class=\"col-sm-9\"><textarea class=\"wpcf7-form-control wpcf7-textarea wpcf7-validates-as-required form-control\" name=\"your-message\" rows=\"4\" aria-invalid=\"false\" aria-required=\"true\" required><\/textarea><\/div><\/div>\n<span id=\"wpcf7-69e454afa9c31-wrapper\" class=\"wpcf7-form-control-wrap City-wrap\" ><input type=\"hidden\" name=\"City-time-start\" value=\"1776571567\"><input type=\"hidden\" name=\"City-time-check\" value=\"6\"><label for=\"wpcf7-69e454afa9c31-field\" class=\"hp-message\">Ponechte toto pole pr\u00e1zdn\u00e9.<\/label><input id=\"wpcf7-69e454afa9c31-field\"  class=\"wpcf7-form-control wpcf7-text\" type=\"text\" name=\"City\" value=\"\" size=\"40\" tabindex=\"-1\" autocomplete=\"new-password\" \/><\/span>\n<div class=\"form-group\"><div class=\"col-sm-9 col-sm-offset-3\"><input class=\"wpcf7-form-control wpcf7-submit btn btn-success btn-lg\" type=\"submit\" value=\"Send message\"><\/div><\/div><div class=\"wpcf7-response-output alert alert-warning\"><\/div>\n<\/form>\n<\/div>\n<\/div>\r\n<\/div>\r\n<\/div>\r\n<\/div>\r\n<div class=\"clearfix\">&nbsp;<\/div><\/div><\/div>\n","protected":false},"excerpt":{"rendered":"<p>Welding robot QIROX QRC\u00ae 350 CLOOS welding robot QIROX QRC\u00ae 350 is a robust industrial robot with large working scope. It has a folding arm with rotating joint. &nbsp; Number of axes: 6 Useful load: 15&nbsp;kg Drive: each axis is digitally driven Motor: Regulated AC servodrive Track measuring system: digital, absolute (Resolver) Repetition accuracy: \u2264 &hellip;<\/p>\n","protected":false},"author":1,"featured_media":0,"parent":223,"menu_order":0,"comment_status":"closed","ping_status":"closed","template":"","meta":{"footnotes":""},"class_list":["post-631","page","type-page","status-publish","hentry"],"yoast_head":"<!-- This site is optimized with the Yoast SEO plugin v26.9 - https:\/\/yoast.com\/product\/yoast-seo-wordpress\/ -->\n<title>Welding - NATURA DK, a.s.<\/title>\n<meta name=\"description\" content=\"Welding robot QIROX QRC\u00ae 350 CLOOS welding robot QIROX QRC\u00ae 350 is a robust industrial robot with large working scope. It has a folding arm with rotating\" \/>\n<meta name=\"robots\" content=\"index, follow, max-snippet:-1, max-image-preview:large, max-video-preview:-1\" \/>\n<link rel=\"canonical\" href=\"https:\/\/www.naturadk.eu\/en\/welding\/\" \/>\n<meta property=\"og:locale\" content=\"en_US\" \/>\n<meta property=\"og:type\" content=\"article\" \/>\n<meta property=\"og:title\" content=\"Welding - NATURA DK, a.s.\" \/>\n<meta property=\"og:description\" content=\"Welding robot QIROX QRC\u00ae 350 CLOOS welding robot QIROX QRC\u00ae 350 is a robust industrial robot with large working scope. It has a folding arm with rotating\" \/>\n<meta property=\"og:url\" content=\"https:\/\/www.naturadk.eu\/en\/welding\/\" \/>\n<meta property=\"og:site_name\" content=\"NATURA DK, a.s.\" \/>\n<meta property=\"article:modified_time\" content=\"2024-12-17T14:52:54+00:00\" \/>\n<meta property=\"og:image\" content=\"https:\/\/www.naturadk.eu\/wp-content\/uploads\/2017\/07\/svarovani-1.jpg\" \/>\n\t<meta property=\"og:image:width\" content=\"850\" \/>\n\t<meta property=\"og:image:height\" content=\"565\" \/>\n\t<meta property=\"og:image:type\" content=\"image\/jpeg\" \/>\n<meta name=\"twitter:card\" content=\"summary_large_image\" \/>\n<meta name=\"twitter:label1\" content=\"Est. reading time\" \/>\n\t<meta name=\"twitter:data1\" content=\"3 minutes\" \/>\n<script type=\"application\/ld+json\" class=\"yoast-schema-graph\">{\"@context\":\"https:\/\/schema.org\",\"@graph\":[{\"@type\":\"WebPage\",\"@id\":\"https:\/\/www.naturadk.eu\/en\/welding\/\",\"url\":\"https:\/\/www.naturadk.eu\/en\/welding\/\",\"name\":\"Welding - NATURA DK, a.s.\",\"isPartOf\":{\"@id\":\"https:\/\/www.naturadk.eu\/#website\"},\"primaryImageOfPage\":{\"@id\":\"https:\/\/www.naturadk.eu\/en\/welding\/#primaryimage\"},\"image\":{\"@id\":\"https:\/\/www.naturadk.eu\/en\/welding\/#primaryimage\"},\"thumbnailUrl\":\"https:\/\/www.naturadk.eu\/wp-content\/uploads\/2017\/07\/svarovani-1-300x199.jpg\",\"datePublished\":\"2017-07-25T12:17:35+00:00\",\"dateModified\":\"2024-12-17T14:52:54+00:00\",\"description\":\"Welding robot QIROX QRC\u00ae 350 CLOOS welding robot QIROX QRC\u00ae 350 is a robust industrial robot with large working scope. It has a folding arm with rotating\",\"breadcrumb\":{\"@id\":\"https:\/\/www.naturadk.eu\/en\/welding\/#breadcrumb\"},\"inLanguage\":\"en-US\",\"potentialAction\":[{\"@type\":\"ReadAction\",\"target\":[\"https:\/\/www.naturadk.eu\/en\/welding\/\"]}]},{\"@type\":\"ImageObject\",\"inLanguage\":\"en-US\",\"@id\":\"https:\/\/www.naturadk.eu\/en\/welding\/#primaryimage\",\"url\":\"https:\/\/www.naturadk.eu\/wp-content\/uploads\/2017\/07\/svarovani-1-300x199.jpg\",\"contentUrl\":\"https:\/\/www.naturadk.eu\/wp-content\/uploads\/2017\/07\/svarovani-1-300x199.jpg\"},{\"@type\":\"BreadcrumbList\",\"@id\":\"https:\/\/www.naturadk.eu\/en\/welding\/#breadcrumb\",\"itemListElement\":[{\"@type\":\"ListItem\",\"position\":1,\"name\":\"\",\"item\":\"https:\/\/www.naturadk.eu\/en\/\"},{\"@type\":\"ListItem\",\"position\":2,\"name\":\"Engineering\",\"item\":\"https:\/\/www.naturadk.eu\/en\/engineering\/\"},{\"@type\":\"ListItem\",\"position\":3,\"name\":\"Welding\"}]},{\"@type\":\"WebSite\",\"@id\":\"https:\/\/www.naturadk.eu\/#website\",\"url\":\"https:\/\/www.naturadk.eu\/\",\"name\":\"NATURA DK, a.s.\",\"description\":\"Stroj\u00edrensk\u00e1 v\u00fdroba, slu\u017eby pro zem\u011bd\u011blstv\u00ed a obchod\",\"potentialAction\":[{\"@type\":\"SearchAction\",\"target\":{\"@type\":\"EntryPoint\",\"urlTemplate\":\"https:\/\/www.naturadk.eu\/?s={search_term_string}\"},\"query-input\":{\"@type\":\"PropertyValueSpecification\",\"valueRequired\":true,\"valueName\":\"search_term_string\"}}],\"inLanguage\":\"en-US\"}]}<\/script>\n<!-- \/ Yoast SEO plugin. -->","yoast_head_json":{"title":"Welding - NATURA DK, a.s.","description":"Welding robot QIROX QRC\u00ae 350 CLOOS welding robot QIROX QRC\u00ae 350 is a robust industrial robot with large working scope. It has a folding arm with rotating","robots":{"index":"index","follow":"follow","max-snippet":"max-snippet:-1","max-image-preview":"max-image-preview:large","max-video-preview":"max-video-preview:-1"},"canonical":"https:\/\/www.naturadk.eu\/en\/welding\/","og_locale":"en_US","og_type":"article","og_title":"Welding - NATURA DK, a.s.","og_description":"Welding robot QIROX QRC\u00ae 350 CLOOS welding robot QIROX QRC\u00ae 350 is a robust industrial robot with large working scope. It has a folding arm with rotating","og_url":"https:\/\/www.naturadk.eu\/en\/welding\/","og_site_name":"NATURA DK, a.s.","article_modified_time":"2024-12-17T14:52:54+00:00","og_image":[{"width":850,"height":565,"url":"https:\/\/www.naturadk.eu\/wp-content\/uploads\/2017\/07\/svarovani-1.jpg","type":"image\/jpeg"}],"twitter_card":"summary_large_image","twitter_misc":{"Est. reading time":"3 minutes"},"schema":{"@context":"https:\/\/schema.org","@graph":[{"@type":"WebPage","@id":"https:\/\/www.naturadk.eu\/en\/welding\/","url":"https:\/\/www.naturadk.eu\/en\/welding\/","name":"Welding - NATURA DK, a.s.","isPartOf":{"@id":"https:\/\/www.naturadk.eu\/#website"},"primaryImageOfPage":{"@id":"https:\/\/www.naturadk.eu\/en\/welding\/#primaryimage"},"image":{"@id":"https:\/\/www.naturadk.eu\/en\/welding\/#primaryimage"},"thumbnailUrl":"https:\/\/www.naturadk.eu\/wp-content\/uploads\/2017\/07\/svarovani-1-300x199.jpg","datePublished":"2017-07-25T12:17:35+00:00","dateModified":"2024-12-17T14:52:54+00:00","description":"Welding robot QIROX QRC\u00ae 350 CLOOS welding robot QIROX QRC\u00ae 350 is a robust industrial robot with large working scope. It has a folding arm with rotating","breadcrumb":{"@id":"https:\/\/www.naturadk.eu\/en\/welding\/#breadcrumb"},"inLanguage":"en-US","potentialAction":[{"@type":"ReadAction","target":["https:\/\/www.naturadk.eu\/en\/welding\/"]}]},{"@type":"ImageObject","inLanguage":"en-US","@id":"https:\/\/www.naturadk.eu\/en\/welding\/#primaryimage","url":"https:\/\/www.naturadk.eu\/wp-content\/uploads\/2017\/07\/svarovani-1-300x199.jpg","contentUrl":"https:\/\/www.naturadk.eu\/wp-content\/uploads\/2017\/07\/svarovani-1-300x199.jpg"},{"@type":"BreadcrumbList","@id":"https:\/\/www.naturadk.eu\/en\/welding\/#breadcrumb","itemListElement":[{"@type":"ListItem","position":1,"name":"","item":"https:\/\/www.naturadk.eu\/en\/"},{"@type":"ListItem","position":2,"name":"Engineering","item":"https:\/\/www.naturadk.eu\/en\/engineering\/"},{"@type":"ListItem","position":3,"name":"Welding"}]},{"@type":"WebSite","@id":"https:\/\/www.naturadk.eu\/#website","url":"https:\/\/www.naturadk.eu\/","name":"NATURA DK, a.s.","description":"Stroj\u00edrensk\u00e1 v\u00fdroba, slu\u017eby pro zem\u011bd\u011blstv\u00ed a obchod","potentialAction":[{"@type":"SearchAction","target":{"@type":"EntryPoint","urlTemplate":"https:\/\/www.naturadk.eu\/?s={search_term_string}"},"query-input":{"@type":"PropertyValueSpecification","valueRequired":true,"valueName":"search_term_string"}}],"inLanguage":"en-US"}]}},"_links":{"self":[{"href":"https:\/\/www.naturadk.eu\/en\/wp-json\/wp\/v2\/pages\/631","targetHints":{"allow":["GET"]}}],"collection":[{"href":"https:\/\/www.naturadk.eu\/en\/wp-json\/wp\/v2\/pages"}],"about":[{"href":"https:\/\/www.naturadk.eu\/en\/wp-json\/wp\/v2\/types\/page"}],"author":[{"embeddable":true,"href":"https:\/\/www.naturadk.eu\/en\/wp-json\/wp\/v2\/users\/1"}],"replies":[{"embeddable":true,"href":"https:\/\/www.naturadk.eu\/en\/wp-json\/wp\/v2\/comments?post=631"}],"version-history":[{"count":4,"href":"https:\/\/www.naturadk.eu\/en\/wp-json\/wp\/v2\/pages\/631\/revisions"}],"predecessor-version":[{"id":3580,"href":"https:\/\/www.naturadk.eu\/en\/wp-json\/wp\/v2\/pages\/631\/revisions\/3580"}],"up":[{"embeddable":true,"href":"https:\/\/www.naturadk.eu\/en\/wp-json\/wp\/v2\/pages\/223"}],"wp:attachment":[{"href":"https:\/\/www.naturadk.eu\/en\/wp-json\/wp\/v2\/media?parent=631"}],"curies":[{"name":"wp","href":"https:\/\/api.w.org\/{rel}","templated":true}]}}