{"id":79,"date":"2017-07-13T14:38:23","date_gmt":"2017-07-13T12:38:23","guid":{"rendered":"https:\/\/www.naturadk.eu\/?page_id=79\/"},"modified":"2021-08-18T11:15:59","modified_gmt":"2021-08-18T09:15:59","slug":"home","status":"publish","type":"page","link":"https:\/\/www.naturadk.eu\/en\/","title":{"rendered":"NATURA DK, a.s. &#8211; machine reproduction, service for agriculture and business"},"content":{"rendered":"<hr>\n<div class=\"row rozcestnik-home\">\n<div class=\"col-sm-4\">\n<div class=\"panel panel-default text-center \">\n<div class=\"panel-heading hvr-wobble-vertical\"><img loading=\"lazy\" decoding=\"async\" src=\"https:\/\/www.naturadk.eu\/wp-content\/uploads\/2016\/12\/strojirenstvi-icon.png\" alt=\"strojirenstvi-icon\" width=\"262\" height=\"167\" class=\"center-block img-responsive wp-image-198\" \/><\/div>\n<div class=\"panel-body\"><a title=\"Engineering\" href=\"https:\/\/www.naturadk.eu\/en\/engineering\"><\/p>\n<h2>Engineering<\/h2>\n<p><\/a><\/p>\n<div class=\"flex-container\">\n<ul>\n<li><a title=\"CNC and conventional machining\" href=\"https:\/\/www.naturadk.eu\/en\/machining\/\">CNC and conventional machining<\/a>\n\t\t\t\t\t<\/li>\n<li><a title=\"Welding\" href=\"https:\/\/www.naturadk.eu\/en\/welding\/\">Welding<\/a>\n\t\t\t\t\t<\/li>\n<li><a title=\"Cutting\" href=\"https:\/\/www.naturadk.eu\/en\/cutting\/\">Cutting<\/a>\n\t\t\t\t\t<\/li>\n<li><a title=\"Bending\" href=\"https:\/\/www.naturadk.eu\/en\/bending\/\">Bending<\/a>\n\t\t\t\t\t<\/li>\n<li><a title=\"Surface treatment\" href=\"https:\/\/www.naturadk.eu\/en\/surface-treatment\/\">Surface treatment<\/a>\n\t\t\t\t\t<\/li>\n<\/ul>\n<\/div><\/div>\n<\/p><\/div>\n<\/p><\/div>\n<div class=\"clearfix visible-sm visible-xs\">&nbsp;<\/div>\n<div class=\"col-sm-4\">\n<div class=\"panel panel-default text-center\">\n<div class=\"panel-heading hvr-wobble-vertical\"><img loading=\"lazy\" decoding=\"async\" src=\"https:\/\/www.naturadk.eu\/wp-content\/uploads\/2016\/12\/sluzby-icon.png\" alt=\"sluzby-icon\" width=\"262\" height=\"167\" class=\"center-block img-responsive wp-image-197\" \/><\/div>\n<div class=\"panel-body\"><a title=\"Services\" href=\"https:\/\/www.naturadk.eu\/en\/services\/\"><\/p>\n<h2>Services<\/h2>\n<p><\/a><\/p>\n<div class=\"flex-container\">\n<ul>\n<li><a title=\"Custom fabricated conveyor belts\" href=\"https:\/\/www.naturadk.eu\/en\/custom-fabricated-conveyor-belts\/\">Custom fabricated conveyor belts<\/a>\n\t\t\t\t\t<\/li>\n<li><a title=\"Custom-built cleaning rollers\" href=\"https:\/\/www.naturadk.eu\/en\/Custom-built-cleaning-rollers\/\">Custom-built cleaning rollers<\/a>\n\t\t\t\t\t<\/li>\n<\/ul>\n<\/div><\/div>\n<\/p><\/div>\n<\/p><\/div>\n<div class=\"col-sm-4\">\n<div class=\"panel panel-default text-center\">\n<div class=\"panel-heading hvr-wobble-vertical\"><img loading=\"lazy\" decoding=\"async\" src=\"https:\/\/www.naturadk.eu\/wp-content\/uploads\/2016\/12\/obchod-icon.png\" alt=\"obchod-icon\" width=\"262\" height=\"167\" class=\"center-block img-responsive wp-image-199\" \/><\/div>\n<div class=\"panel-body\"><a title=\"Retail\" href=\"https:\/\/www.naturadk.eu\/en\/retail\/\"><\/p>\n<h2>Retail<\/h2>\n<p><\/a><\/p>\n<div class=\"flex-container\">\n<ul>\n<li><a title=\"Maribo seed\" href=\"https:\/\/www.naturadk.eu\/en\/maribo-seed\/\">Maribo seed<\/a>\n\t\t\t\t\t<\/li>\n<p>\t\t\t\t\t<!-- \n\n<li><a title=\"Gomselmash dealership\" href=\"https:\/\/www.naturadk.eu\/en\/gomselmash-dealership\/\">Gomselmash dealership<\/a>\n\t\t\t\t\t<\/li>\n\n -->\n\t\t\t\t<\/ul>\n<\/div><\/div>\n<\/p><\/div>\n<\/p><\/div>\n<\/div>\n<p>\t<!-- \n\n<div class=\"col-sm-6 col-md-3\">\n\t\t\n\n<div class=\"panel panel-default text-center\">\n\t\t\t\n\n<div class=\"panel-heading hvr-wobble-vertical\"><img loading=\"lazy\" decoding=\"async\" src=\"https:\/\/www.naturadk.eu\/wp-content\/uploads\/2016\/12\/produkty-icon.png\" alt=\"produkty-icon\" width=\"262\" height=\"169\" class=\"center-block img-responsive wp-image-196\" \/><\/div>\n\n\n\n<div class=\"panel-body\"><a title=\"Products\" href=\"https:\/\/www.naturadk.eu\/en\/products\/\">\n\n<h2>Products<\/h2>\n\n<\/a>\n\t\t\t\t\n\n<ul>\n\t\t\t\t\t\n\n<li><a title=\"Sugar beet cleaning\" href=\"https:\/\/www.naturadk.eu\/en\/sugar-bleet-cleaner\/\">Sugar beet cleaning<\/a>\n\t\t\t\t\t<\/li>\n\n\n\t\t\t\t\t\n\n<li><a title=\"Contact herbicide applicator\" href=\"https:\/\/www.naturadk.eu\/en\/contact-herbicide-applicator\/\">Contact herbicide applicator<\/a>\n\t\t\t\t\t<\/li>\n\n\n\t\t\t\t\t \n\n<li><a title=\"Hydraulic dock levellers\" href=\"https:\/\/www.naturadk.eu\/en\/hydraulic-dock-levellers\/\">Hydraulic dock levellers<\/a>\n\t\t\t\t\t<\/li>\n\n \n\t\t\t\t<\/ul>\n\n\n\t\t\t<\/div>\n\n\n\t\t<\/div>\n\n\n\t<\/div>\n\n --><br \/>\n<!--\n\n\n<div class=\"row\">\n\t\n\n<div class=\"col-sm-8\">\n\t\t\n\n<h3>Zpr\u00e1vy<\/h3>\n\n\n\n<hr>\n\n[ic_add_posts category='zpravy-archiv' showposts='1']<\/div>\n\n\n\t\n\n<div class=\"col-sm-4\">\n\t\t\n\n<h3>Kari\u00e9ra<\/h3>\n\n\n\n<hr>\n\n<\/div>\n\n\n<\/div>\n\n \n[do_widget id=black-studio-tinymce-4]--><\/p>\n","protected":false},"excerpt":{"rendered":"<p>Engineering CNC and conventional machining Welding Cutting Bending Surface treatment &nbsp; Services Custom fabricated conveyor belts Custom-built cleaning rollers Retail Maribo seed<\/p>\n","protected":false},"author":1,"featured_media":0,"parent":0,"menu_order":0,"comment_status":"closed","ping_status":"closed","template":"","meta":{"footnotes":""},"class_list":["post-79","page","type-page","status-publish","hentry"],"yoast_head":"<!-- This site is optimized with the Yoast SEO plugin v26.9 - https:\/\/yoast.com\/product\/yoast-seo-wordpress\/ -->\n<title>NATURA DK, a.s. - machine reproduction, service for agriculture and business - NATURA DK, a.s.<\/title>\n<meta name=\"description\" content=\"Engineering CNC and conventional machining Welding Cutting Bending Surface treatment &nbsp; Services Custom fabricated conveyor belts Custom-built\" \/>\n<meta name=\"robots\" content=\"index, follow, max-snippet:-1, max-image-preview:large, max-video-preview:-1\" \/>\n<link rel=\"canonical\" href=\"https:\/\/www.naturadk.eu\/en\/\" \/>\n<meta property=\"og:locale\" content=\"en_US\" \/>\n<meta property=\"og:type\" content=\"article\" \/>\n<meta property=\"og:title\" content=\"NATURA DK, a.s. - machine reproduction, service for agriculture and business - NATURA DK, a.s.\" \/>\n<meta property=\"og:description\" content=\"Engineering CNC and conventional machining Welding Cutting Bending Surface treatment &nbsp; Services Custom fabricated conveyor belts Custom-built\" \/>\n<meta property=\"og:url\" content=\"https:\/\/www.naturadk.eu\/en\/\" \/>\n<meta property=\"og:site_name\" content=\"NATURA DK, a.s.\" \/>\n<meta property=\"article:modified_time\" content=\"2021-08-18T09:15:59+00:00\" \/>\n<meta property=\"og:image\" content=\"https:\/\/www.naturadk.eu\/wp-content\/uploads\/2016\/12\/strojirenstvi-icon.png\" \/>\n<meta name=\"twitter:card\" content=\"summary_large_image\" \/>\n<script type=\"application\/ld+json\" class=\"yoast-schema-graph\">{\"@context\":\"https:\/\/schema.org\",\"@graph\":[{\"@type\":\"WebPage\",\"@id\":\"https:\/\/www.naturadk.eu\/en\/\",\"url\":\"https:\/\/www.naturadk.eu\/en\/\",\"name\":\"NATURA DK, a.s. - machine reproduction, service for agriculture and business - NATURA DK, a.s.\",\"isPartOf\":{\"@id\":\"https:\/\/www.naturadk.eu\/#website\"},\"primaryImageOfPage\":{\"@id\":\"https:\/\/www.naturadk.eu\/en\/#primaryimage\"},\"image\":{\"@id\":\"https:\/\/www.naturadk.eu\/en\/#primaryimage\"},\"thumbnailUrl\":\"https:\/\/www.naturadk.eu\/wp-content\/uploads\/2016\/12\/strojirenstvi-icon.png\",\"datePublished\":\"2017-07-13T12:38:23+00:00\",\"dateModified\":\"2021-08-18T09:15:59+00:00\",\"description\":\"Engineering CNC and conventional machining Welding Cutting Bending Surface treatment &nbsp; Services Custom fabricated conveyor belts Custom-built\",\"breadcrumb\":{\"@id\":\"https:\/\/www.naturadk.eu\/en\/#breadcrumb\"},\"inLanguage\":\"en-US\",\"potentialAction\":[{\"@type\":\"ReadAction\",\"target\":[\"https:\/\/www.naturadk.eu\/en\/\"]}]},{\"@type\":\"ImageObject\",\"inLanguage\":\"en-US\",\"@id\":\"https:\/\/www.naturadk.eu\/en\/#primaryimage\",\"url\":\"https:\/\/www.naturadk.eu\/wp-content\/uploads\/2016\/12\/strojirenstvi-icon.png\",\"contentUrl\":\"https:\/\/www.naturadk.eu\/wp-content\/uploads\/2016\/12\/strojirenstvi-icon.png\"},{\"@type\":\"BreadcrumbList\",\"@id\":\"https:\/\/www.naturadk.eu\/en\/#breadcrumb\",\"itemListElement\":[{\"@type\":\"ListItem\",\"position\":1,\"name\":\"\",\"item\":\"https:\/\/www.naturadk.eu\/en\/\"},{\"@type\":\"ListItem\",\"position\":2,\"name\":\"NATURA DK, a.s. &#8211; machine reproduction, service for agriculture and business\"}]},{\"@type\":\"WebSite\",\"@id\":\"https:\/\/www.naturadk.eu\/#website\",\"url\":\"https:\/\/www.naturadk.eu\/\",\"name\":\"NATURA DK, a.s.\",\"description\":\"Stroj\u00edrensk\u00e1 v\u00fdroba, slu\u017eby pro zem\u011bd\u011blstv\u00ed a obchod\",\"potentialAction\":[{\"@type\":\"SearchAction\",\"target\":{\"@type\":\"EntryPoint\",\"urlTemplate\":\"https:\/\/www.naturadk.eu\/?s={search_term_string}\"},\"query-input\":{\"@type\":\"PropertyValueSpecification\",\"valueRequired\":true,\"valueName\":\"search_term_string\"}}],\"inLanguage\":\"en-US\"}]}<\/script>\n<!-- \/ Yoast SEO plugin. -->","yoast_head_json":{"title":"NATURA DK, a.s. - machine reproduction, service for agriculture and business - NATURA DK, a.s.","description":"Engineering CNC and conventional machining Welding Cutting Bending Surface treatment &nbsp; Services Custom fabricated conveyor belts Custom-built","robots":{"index":"index","follow":"follow","max-snippet":"max-snippet:-1","max-image-preview":"max-image-preview:large","max-video-preview":"max-video-preview:-1"},"canonical":"https:\/\/www.naturadk.eu\/en\/","og_locale":"en_US","og_type":"article","og_title":"NATURA DK, a.s. - machine reproduction, service for agriculture and business - NATURA DK, a.s.","og_description":"Engineering CNC and conventional machining Welding Cutting Bending Surface treatment &nbsp; Services Custom fabricated conveyor belts Custom-built","og_url":"https:\/\/www.naturadk.eu\/en\/","og_site_name":"NATURA DK, a.s.","article_modified_time":"2021-08-18T09:15:59+00:00","og_image":[{"url":"https:\/\/www.naturadk.eu\/wp-content\/uploads\/2016\/12\/strojirenstvi-icon.png","type":"","width":"","height":""}],"twitter_card":"summary_large_image","schema":{"@context":"https:\/\/schema.org","@graph":[{"@type":"WebPage","@id":"https:\/\/www.naturadk.eu\/en\/","url":"https:\/\/www.naturadk.eu\/en\/","name":"NATURA DK, a.s. - machine reproduction, service for agriculture and business - NATURA DK, a.s.","isPartOf":{"@id":"https:\/\/www.naturadk.eu\/#website"},"primaryImageOfPage":{"@id":"https:\/\/www.naturadk.eu\/en\/#primaryimage"},"image":{"@id":"https:\/\/www.naturadk.eu\/en\/#primaryimage"},"thumbnailUrl":"https:\/\/www.naturadk.eu\/wp-content\/uploads\/2016\/12\/strojirenstvi-icon.png","datePublished":"2017-07-13T12:38:23+00:00","dateModified":"2021-08-18T09:15:59+00:00","description":"Engineering CNC and conventional machining Welding Cutting Bending Surface treatment &nbsp; Services Custom fabricated conveyor belts Custom-built","breadcrumb":{"@id":"https:\/\/www.naturadk.eu\/en\/#breadcrumb"},"inLanguage":"en-US","potentialAction":[{"@type":"ReadAction","target":["https:\/\/www.naturadk.eu\/en\/"]}]},{"@type":"ImageObject","inLanguage":"en-US","@id":"https:\/\/www.naturadk.eu\/en\/#primaryimage","url":"https:\/\/www.naturadk.eu\/wp-content\/uploads\/2016\/12\/strojirenstvi-icon.png","contentUrl":"https:\/\/www.naturadk.eu\/wp-content\/uploads\/2016\/12\/strojirenstvi-icon.png"},{"@type":"BreadcrumbList","@id":"https:\/\/www.naturadk.eu\/en\/#breadcrumb","itemListElement":[{"@type":"ListItem","position":1,"name":"","item":"https:\/\/www.naturadk.eu\/en\/"},{"@type":"ListItem","position":2,"name":"NATURA DK, a.s. &#8211; machine reproduction, service for agriculture and business"}]},{"@type":"WebSite","@id":"https:\/\/www.naturadk.eu\/#website","url":"https:\/\/www.naturadk.eu\/","name":"NATURA DK, a.s.","description":"Stroj\u00edrensk\u00e1 v\u00fdroba, slu\u017eby pro zem\u011bd\u011blstv\u00ed a obchod","potentialAction":[{"@type":"SearchAction","target":{"@type":"EntryPoint","urlTemplate":"https:\/\/www.naturadk.eu\/?s={search_term_string}"},"query-input":{"@type":"PropertyValueSpecification","valueRequired":true,"valueName":"search_term_string"}}],"inLanguage":"en-US"}]}},"_links":{"self":[{"href":"https:\/\/www.naturadk.eu\/en\/wp-json\/wp\/v2\/pages\/79","targetHints":{"allow":["GET"]}}],"collection":[{"href":"https:\/\/www.naturadk.eu\/en\/wp-json\/wp\/v2\/pages"}],"about":[{"href":"https:\/\/www.naturadk.eu\/en\/wp-json\/wp\/v2\/types\/page"}],"author":[{"embeddable":true,"href":"https:\/\/www.naturadk.eu\/en\/wp-json\/wp\/v2\/users\/1"}],"replies":[{"embeddable":true,"href":"https:\/\/www.naturadk.eu\/en\/wp-json\/wp\/v2\/comments?post=79"}],"version-history":[{"count":5,"href":"https:\/\/www.naturadk.eu\/en\/wp-json\/wp\/v2\/pages\/79\/revisions"}],"predecessor-version":[{"id":2851,"href":"https:\/\/www.naturadk.eu\/en\/wp-json\/wp\/v2\/pages\/79\/revisions\/2851"}],"wp:attachment":[{"href":"https:\/\/www.naturadk.eu\/en\/wp-json\/wp\/v2\/media?parent=79"}],"curies":[{"name":"wp","href":"https:\/\/api.w.org\/{rel}","templated":true}]}}