{"id":794,"date":"2017-07-27T14:30:32","date_gmt":"2017-07-27T12:30:32","guid":{"rendered":"https:\/\/www.naturadk.eu\/?page_id=794\/"},"modified":"2021-08-19T13:46:05","modified_gmt":"2021-08-19T11:46:05","slug":"%d0%b4%d0%be%d0%ba%d1%83%d0%bc%d0%b5%d0%bd%d1%82%d1%8b-%d0%b4%d0%bb%d1%8f-%d0%b7%d0%b0%d0%b3%d1%80%d1%83%d0%b7%d0%ba%d0%b8","status":"publish","type":"page","link":"https:\/\/www.naturadk.eu\/ru\/%d0%b4%d0%be%d0%ba%d1%83%d0%bc%d0%b5%d0%bd%d1%82%d1%8b-%d0%b4%d0%bb%d1%8f-%d0%b7%d0%b0%d0%b3%d1%80%d1%83%d0%b7%d0%ba%d0%b8\/","title":{"rendered":"\u0414\u043e\u043a\u0443\u043c\u0435\u043d\u0442\u044b \u0434\u043b\u044f \u0437\u0430\u0433\u0440\u0443\u0437\u043a\u0438"},"content":{"rendered":"<h2>\u041e\u0431\u0449\u0438\u0435:<\/h2>\n<div class=\"col-xs-12 seznamPDF\">\n<ul class=\"list-unstyled\">\n<li><i class=\"fa fa-file-pdf-o\"><\/i>\u00a0<a href=\"https:\/\/www.naturadk.eu\/wp-content\/uploads\/2021\/08\/Obchodni-podminky.pdf\" target=\"_blank\" rel=\"noopener\">\u041a\u043e\u043c\u043c\u0435\u0440\u0447\u0435\u0441\u043a\u0438\u0435 \u0443\u0441\u043b\u043e\u0432\u0438\u044f<\/a> (112.09 KB)<\/li>\n<\/ul>\n<\/div>\n<h2>\u041f\u0440\u043e\u0434\u0443\u043a\u0446\u0438\u044f:<\/h2>\n<div class=\"col-xs-12 seznamPDF\">\n<ul class=\"list-unstyled\">\n<li><i class=\"fa fa-file-pdf-o\"><\/i>\u00a0<a href=\"https:\/\/www.naturadk.eu\/wp-content\/uploads\/2017\/07\/nat200RUS2016.pdf\" target=\"_blank\" rel=\"noopener\">\u041f\u043e\u0434\u0432\u0435\u0441\u043d\u043e\u0439 \u043f\u043e\u0433\u0440\u0443\u0437\u0447\u0438\u043a-\u043e\u0447\u0438\u0441\u0442\u0438\u0442\u0435\u043b\u044c \u0441\u0430\u0445\u0430\u0440\u043d\u043e\u0439 \u0441\u0432\u0435\u043a\u043b\u044b &#8212; \u041d\u0430\u0442\u0443\u0440\u0430200<\/a> (2.73 MB)<\/li>\n<li><i class=\"fa fa-file-pdf-o\"><\/i>\u00a0<a href=\"https:\/\/www.naturadk.eu\/wp-content\/uploads\/2017\/07\/Technicke-udaje-GEBO-RRL-180KR.pdf\" target=\"_blank\" rel=\"noopener\">\u0422\u0435\u0445\u043d\u0438\u0447\u0435\u0441\u043a\u0438\u0435 \u043f\u0430\u0440\u0430\u043c\u0435\u0442\u0440\u044b GEBO RRL 180KR<\/a> (233.51 KB)<\/li>\n<li><i class=\"fa fa-file-pdf-o\"><\/i>\u00a0<a href=\"https:\/\/www.naturadk.eu\/wp-content\/uploads\/2017\/07\/KAHRJ2016.pdf\" target=\"_blank\" rel=\"noopener\">\u041a\u043e\u043d\u0442\u0430\u043a\u0442\u043d\u044b\u0439 \u0430\u043f\u043f\u043b\u0438\u043a\u0430\u0442\u043e\u0440 \u0433\u0435\u0440\u0431\u0438\u0446\u0438\u0434\u043e\u0432 KAH 04<\/a> (1.45 MB)<\/li>\n<li><i class=\"fa fa-file-pdf-o\"><\/i>\u00a0<a href=\"https:\/\/www.naturadk.eu\/wp-content\/uploads\/2017\/07\/hydrmustkyRJ.pdf\" target=\"_blank\" rel=\"noopener\">\u041a\u0430\u0442\u0430\u043b\u043e\u0433 \u043f\u043e\u0434\u044a\u0435\u043c\u043d\u043e\u0433\u043e \u043c\u043e\u0441\u0442\u0438\u043a\u0430<\/a> (1.43 MB)<\/li>\n<li><i class=\"fa fa-file-pdf-o\"><\/i>\u00a0<a href=\"https:\/\/www.naturadk.eu\/wp-content\/uploads\/2017\/07\/Zastavbovy-plan-zvedaciho-mustku-1.pdf\" target=\"_blank\" rel=\"noopener\">\u041f\u043b\u0430\u043d \u0441\u0431\u043e\u0440\u043a\u0438 \u043f\u043e\u0434\u044a\u0435\u043c\u043d\u043e\u0433\u043e \u043c\u043e\u0441\u0442\u0438\u043a\u0430 \u2013 1 \u0447\u0430\u0441\u0442\u044c <\/a> (823.55 KB)<\/li>\n<li><i class=\"fa fa-file-pdf-o\"><\/i>\u00a0<a href=\"https:\/\/www.naturadk.eu\/wp-content\/uploads\/2017\/07\/Zastavbovy-plan-zvedaciho-mustku-2.pdf\" target=\"_blank\" rel=\"noopener\">\u041f\u043b\u0430\u043d \u0441\u0431\u043e\u0440\u043a\u0438 \u043f\u043e\u0434\u044a\u0435\u043c\u043d\u043e\u0433\u043e \u043c\u043e\u0441\u0442\u0438\u043a\u0430 \u2013 2 \u0447\u0430\u0441\u0442\u044c <\/a> (496.82 KB)<\/li>\n<\/ul>\n<\/div>\n<h2>\u041c\u0430\u0448\u0438\u043d\u043e\u0441\u0442\u0440\u043e\u0435\u043d\u0438\u0435:<\/h2>\n<div class=\"col-xs-12 seznamPDF\">\n<ul class=\"list-unstyled col-xs-12\">\n<li><i class=\"fa fa-file-pdf-o\"><\/i>\u00a0<a href=\"https:\/\/www.naturadk.eu\/wp-content\/uploads\/2017\/07\/Ohranovaci-lis-ERMAK-CNP-AP.pdf\" target=\"_blank\" rel=\"noopener\">\u041b\u0438\u0441\u0442\u043e\u0433\u0438\u0431\u043e\u0447\u043d\u044b\u0439 \u043f\u0440\u0435\u0441\u0441 ERMAK CNP AP 4100 \u043c\u043c x 320 \u0442<\/a> (1.54 MB)<\/li>\n<\/ul>\n<\/div>\n<h2>\u0423\u0441\u043b\u0443\u0433\u0438:<\/h2>\n<div class=\"col-xs-12 seznamPDF\">\n<ul class=\"list-unstyled col-xs-12\">\n<li><i class=\"fa fa-file-pdf-o\"><\/i>\u00a0<a href=\"https:\/\/www.naturadk.eu\/wp-content\/uploads\/2017\/07\/Gomselmas-GS12.pdf\" target=\"_blank\" rel=\"noopener\">\u041a\u043e\u043c\u0431\u0430\u0439\u043d \u0413\u043e\u043c\u0441\u0435\u043b\u044c\u043c\u0430\u0448 \u041f\u0430\u043b\u0435\u0441\u0441\u0435 &#8212; GS12<\/a> (1.29 MB)<\/li>\n<li><i class=\"fa fa-file-pdf-o\"><\/i>\u00a0<a href=\"https:\/\/www.naturadk.eu\/wp-content\/uploads\/2017\/07\/Gomselmas-GS812.pdf\" target=\"_blank\" rel=\"noopener\">\u041a\u043e\u043c\u0431\u0430\u0439\u043d \u0413\u043e\u043c\u0441\u0435\u043b\u044c\u043c\u0430\u0448 \u041f\u0430\u043b\u0435\u0441\u0441\u0435 &#8212; GS812<\/a> (1.44 MB)<\/li>\n<\/ul>\n<\/div>\n<h2>\u041f\u0440\u043e\u0434\u0430\u0436\u0430:<\/h2>\n<div class=\"col-xs-12 seznamPDF\">\n<ul class=\"list-unstyled col-xs-12\">\n<li><i class=\"fa fa-file-pdf-o\"><\/i>\u00a0<a href=\"https:\/\/www.naturadk.eu\/wp-content\/uploads\/2017\/07\/Maribo-osivo-2016.pdf\" target=\"_blank\" rel=\"noopener\">\u041f\u043e\u0441\u0435\u0432\u043d\u043e\u0435 \u0437\u0435\u0440\u043d\u043e Maribo 2016<\/a> (3.00 MB)<\/li>\n<\/ul>\n<\/div>\n","protected":false},"excerpt":{"rendered":"<p>\u041e\u0431\u0449\u0438\u0435: \u00a0\u041a\u043e\u043c\u043c\u0435\u0440\u0447\u0435\u0441\u043a\u0438\u0435 \u0443\u0441\u043b\u043e\u0432\u0438\u044f (112.09 KB) \u041f\u0440\u043e\u0434\u0443\u043a\u0446\u0438\u044f: \u00a0\u041f\u043e\u0434\u0432\u0435\u0441\u043d\u043e\u0439 \u043f\u043e\u0433\u0440\u0443\u0437\u0447\u0438\u043a-\u043e\u0447\u0438\u0441\u0442\u0438\u0442\u0435\u043b\u044c \u0441\u0430\u0445\u0430\u0440\u043d\u043e\u0439 \u0441\u0432\u0435\u043a\u043b\u044b &#8212; \u041d\u0430\u0442\u0443\u0440\u0430200 (2.73 MB) \u00a0\u0422\u0435\u0445\u043d\u0438\u0447\u0435\u0441\u043a\u0438\u0435 \u043f\u0430\u0440\u0430\u043c\u0435\u0442\u0440\u044b GEBO RRL 180KR (233.51 KB) \u00a0\u041a\u043e\u043d\u0442\u0430\u043a\u0442\u043d\u044b\u0439 \u0430\u043f\u043f\u043b\u0438\u043a\u0430\u0442\u043e\u0440 \u0433\u0435\u0440\u0431\u0438\u0446\u0438\u0434\u043e\u0432 KAH 04 (1.45 MB) \u00a0\u041a\u0430\u0442\u0430\u043b\u043e\u0433 \u043f\u043e\u0434\u044a\u0435\u043c\u043d\u043e\u0433\u043e \u043c\u043e\u0441\u0442\u0438\u043a\u0430 (1.43 MB) \u00a0\u041f\u043b\u0430\u043d \u0441\u0431\u043e\u0440\u043a\u0438 \u043f\u043e\u0434\u044a\u0435\u043c\u043d\u043e\u0433\u043e \u043c\u043e\u0441\u0442\u0438\u043a\u0430 \u2013 1 \u0447\u0430\u0441\u0442\u044c (823.55 KB) \u00a0\u041f\u043b\u0430\u043d \u0441\u0431\u043e\u0440\u043a\u0438 \u043f\u043e\u0434\u044a\u0435\u043c\u043d\u043e\u0433\u043e \u043c\u043e\u0441\u0442\u0438\u043a\u0430 \u2013 2 \u0447\u0430\u0441\u0442\u044c (496.82 KB) \u041c\u0430\u0448\u0438\u043d\u043e\u0441\u0442\u0440\u043e\u0435\u043d\u0438\u0435: \u00a0\u041b\u0438\u0441\u0442\u043e\u0433\u0438\u0431\u043e\u0447\u043d\u044b\u0439 \u043f\u0440\u0435\u0441\u0441 ERMAK &hellip;<\/p>\n","protected":false},"author":1,"featured_media":0,"parent":0,"menu_order":0,"comment_status":"closed","ping_status":"closed","template":"","meta":{"footnotes":""},"class_list":["post-794","page","type-page","status-publish","hentry"],"yoast_head":"<!-- This site is optimized with the Yoast SEO plugin v26.9 - https:\/\/yoast.com\/product\/yoast-seo-wordpress\/ -->\n<title>\u0414\u043e\u043a\u0443\u043c\u0435\u043d\u0442\u044b \u0434\u043b\u044f \u0437\u0430\u0433\u0440\u0443\u0437\u043a\u0438 - NATURA DK, a.s.<\/title>\n<meta name=\"description\" content=\"\u041e\u0431\u0449\u0438\u0435: \u00a0\u041a\u043e\u043c\u043c\u0435\u0440\u0447\u0435\u0441\u043a\u0438\u0435 \u0443\u0441\u043b\u043e\u0432\u0438\u044f (112.09 KB) \u041f\u0440\u043e\u0434\u0443\u043a\u0446\u0438\u044f: \u00a0\u041f\u043e\u0434\u0432\u0435\u0441\u043d\u043e\u0439 \u043f\u043e\u0433\u0440\u0443\u0437\u0447\u0438\u043a-\u043e\u0447\u0438\u0441\u0442\u0438\u0442\u0435\u043b\u044c \u0441\u0430\u0445\u0430\u0440\u043d\u043e\u0439 \u0441\u0432\u0435\u043a\u043b\u044b - \u041d\u0430\u0442\u0443\u0440\u0430200 (2.73 MB) \u00a0\u0422\u0435\u0445\u043d\u0438\u0447\u0435\u0441\u043a\u0438\u0435 \u043f\u0430\u0440\u0430\u043c\u0435\u0442\u0440\u044b GEBO RRL\" \/>\n<meta name=\"robots\" content=\"index, follow, max-snippet:-1, max-image-preview:large, max-video-preview:-1\" \/>\n<link rel=\"canonical\" href=\"https:\/\/www.naturadk.eu\/ru\/\u0434\u043e\u043a\u0443\u043c\u0435\u043d\u0442\u044b-\u0434\u043b\u044f-\u0437\u0430\u0433\u0440\u0443\u0437\u043a\u0438\/\" \/>\n<meta property=\"og:locale\" content=\"ru_RU\" \/>\n<meta property=\"og:type\" content=\"article\" \/>\n<meta property=\"og:title\" content=\"\u0414\u043e\u043a\u0443\u043c\u0435\u043d\u0442\u044b \u0434\u043b\u044f \u0437\u0430\u0433\u0440\u0443\u0437\u043a\u0438 - NATURA DK, a.s.\" \/>\n<meta property=\"og:description\" content=\"\u041e\u0431\u0449\u0438\u0435: \u00a0\u041a\u043e\u043c\u043c\u0435\u0440\u0447\u0435\u0441\u043a\u0438\u0435 \u0443\u0441\u043b\u043e\u0432\u0438\u044f (112.09 KB) \u041f\u0440\u043e\u0434\u0443\u043a\u0446\u0438\u044f: \u00a0\u041f\u043e\u0434\u0432\u0435\u0441\u043d\u043e\u0439 \u043f\u043e\u0433\u0440\u0443\u0437\u0447\u0438\u043a-\u043e\u0447\u0438\u0441\u0442\u0438\u0442\u0435\u043b\u044c \u0441\u0430\u0445\u0430\u0440\u043d\u043e\u0439 \u0441\u0432\u0435\u043a\u043b\u044b - \u041d\u0430\u0442\u0443\u0440\u0430200 (2.73 MB) \u00a0\u0422\u0435\u0445\u043d\u0438\u0447\u0435\u0441\u043a\u0438\u0435 \u043f\u0430\u0440\u0430\u043c\u0435\u0442\u0440\u044b GEBO RRL\" \/>\n<meta property=\"og:url\" content=\"https:\/\/www.naturadk.eu\/ru\/\u0434\u043e\u043a\u0443\u043c\u0435\u043d\u0442\u044b-\u0434\u043b\u044f-\u0437\u0430\u0433\u0440\u0443\u0437\u043a\u0438\/\" \/>\n<meta property=\"og:site_name\" content=\"NATURA DK, a.s.\" \/>\n<meta property=\"article:modified_time\" content=\"2021-08-19T11:46:05+00:00\" \/>\n<meta name=\"twitter:card\" content=\"summary_large_image\" \/>\n<meta name=\"twitter:label1\" content=\"\u041f\u0440\u0438\u043c\u0435\u0440\u043d\u043e\u0435 \u0432\u0440\u0435\u043c\u044f \u0434\u043b\u044f \u0447\u0442\u0435\u043d\u0438\u044f\" \/>\n\t<meta name=\"twitter:data1\" content=\"1 \u043c\u0438\u043d\u0443\u0442\u0430\" \/>\n<script type=\"application\/ld+json\" class=\"yoast-schema-graph\">{\"@context\":\"https:\/\/schema.org\",\"@graph\":[{\"@type\":\"WebPage\",\"@id\":\"https:\/\/www.naturadk.eu\/ru\/%d0%b4%d0%be%d0%ba%d1%83%d0%bc%d0%b5%d0%bd%d1%82%d1%8b-%d0%b4%d0%bb%d1%8f-%d0%b7%d0%b0%d0%b3%d1%80%d1%83%d0%b7%d0%ba%d0%b8\/\",\"url\":\"https:\/\/www.naturadk.eu\/ru\/%d0%b4%d0%be%d0%ba%d1%83%d0%bc%d0%b5%d0%bd%d1%82%d1%8b-%d0%b4%d0%bb%d1%8f-%d0%b7%d0%b0%d0%b3%d1%80%d1%83%d0%b7%d0%ba%d0%b8\/\",\"name\":\"\u0414\u043e\u043a\u0443\u043c\u0435\u043d\u0442\u044b \u0434\u043b\u044f \u0437\u0430\u0433\u0440\u0443\u0437\u043a\u0438 - NATURA DK, a.s.\",\"isPartOf\":{\"@id\":\"https:\/\/www.naturadk.eu\/#website\"},\"datePublished\":\"2017-07-27T12:30:32+00:00\",\"dateModified\":\"2021-08-19T11:46:05+00:00\",\"description\":\"\u041e\u0431\u0449\u0438\u0435: \u00a0\u041a\u043e\u043c\u043c\u0435\u0440\u0447\u0435\u0441\u043a\u0438\u0435 \u0443\u0441\u043b\u043e\u0432\u0438\u044f (112.09 KB) \u041f\u0440\u043e\u0434\u0443\u043a\u0446\u0438\u044f: \u00a0\u041f\u043e\u0434\u0432\u0435\u0441\u043d\u043e\u0439 \u043f\u043e\u0433\u0440\u0443\u0437\u0447\u0438\u043a-\u043e\u0447\u0438\u0441\u0442\u0438\u0442\u0435\u043b\u044c \u0441\u0430\u0445\u0430\u0440\u043d\u043e\u0439 \u0441\u0432\u0435\u043a\u043b\u044b - \u041d\u0430\u0442\u0443\u0440\u0430200 (2.73 MB) \u00a0\u0422\u0435\u0445\u043d\u0438\u0447\u0435\u0441\u043a\u0438\u0435 \u043f\u0430\u0440\u0430\u043c\u0435\u0442\u0440\u044b GEBO RRL\",\"breadcrumb\":{\"@id\":\"https:\/\/www.naturadk.eu\/ru\/%d0%b4%d0%be%d0%ba%d1%83%d0%bc%d0%b5%d0%bd%d1%82%d1%8b-%d0%b4%d0%bb%d1%8f-%d0%b7%d0%b0%d0%b3%d1%80%d1%83%d0%b7%d0%ba%d0%b8\/#breadcrumb\"},\"inLanguage\":\"ru-RU\",\"potentialAction\":[{\"@type\":\"ReadAction\",\"target\":[\"https:\/\/www.naturadk.eu\/ru\/%d0%b4%d0%be%d0%ba%d1%83%d0%bc%d0%b5%d0%bd%d1%82%d1%8b-%d0%b4%d0%bb%d1%8f-%d0%b7%d0%b0%d0%b3%d1%80%d1%83%d0%b7%d0%ba%d0%b8\/\"]}]},{\"@type\":\"BreadcrumbList\",\"@id\":\"https:\/\/www.naturadk.eu\/ru\/%d0%b4%d0%be%d0%ba%d1%83%d0%bc%d0%b5%d0%bd%d1%82%d1%8b-%d0%b4%d0%bb%d1%8f-%d0%b7%d0%b0%d0%b3%d1%80%d1%83%d0%b7%d0%ba%d0%b8\/#breadcrumb\",\"itemListElement\":[{\"@type\":\"ListItem\",\"position\":1,\"name\":\"\",\"item\":\"https:\/\/www.naturadk.eu\/ru\/\"},{\"@type\":\"ListItem\",\"position\":2,\"name\":\"\u0414\u043e\u043a\u0443\u043c\u0435\u043d\u0442\u044b \u0434\u043b\u044f \u0437\u0430\u0433\u0440\u0443\u0437\u043a\u0438\"}]},{\"@type\":\"WebSite\",\"@id\":\"https:\/\/www.naturadk.eu\/#website\",\"url\":\"https:\/\/www.naturadk.eu\/\",\"name\":\"NATURA DK, a.s.\",\"description\":\"Stroj\u00edrensk\u00e1 v\u00fdroba, slu\u017eby pro zem\u011bd\u011blstv\u00ed a obchod\",\"potentialAction\":[{\"@type\":\"SearchAction\",\"target\":{\"@type\":\"EntryPoint\",\"urlTemplate\":\"https:\/\/www.naturadk.eu\/?s={search_term_string}\"},\"query-input\":{\"@type\":\"PropertyValueSpecification\",\"valueRequired\":true,\"valueName\":\"search_term_string\"}}],\"inLanguage\":\"ru-RU\"}]}<\/script>\n<!-- \/ Yoast SEO plugin. -->","yoast_head_json":{"title":"\u0414\u043e\u043a\u0443\u043c\u0435\u043d\u0442\u044b \u0434\u043b\u044f \u0437\u0430\u0433\u0440\u0443\u0437\u043a\u0438 - NATURA DK, a.s.","description":"\u041e\u0431\u0449\u0438\u0435: \u00a0\u041a\u043e\u043c\u043c\u0435\u0440\u0447\u0435\u0441\u043a\u0438\u0435 \u0443\u0441\u043b\u043e\u0432\u0438\u044f (112.09 KB) \u041f\u0440\u043e\u0434\u0443\u043a\u0446\u0438\u044f: \u00a0\u041f\u043e\u0434\u0432\u0435\u0441\u043d\u043e\u0439 \u043f\u043e\u0433\u0440\u0443\u0437\u0447\u0438\u043a-\u043e\u0447\u0438\u0441\u0442\u0438\u0442\u0435\u043b\u044c \u0441\u0430\u0445\u0430\u0440\u043d\u043e\u0439 \u0441\u0432\u0435\u043a\u043b\u044b - \u041d\u0430\u0442\u0443\u0440\u0430200 (2.73 MB) \u00a0\u0422\u0435\u0445\u043d\u0438\u0447\u0435\u0441\u043a\u0438\u0435 \u043f\u0430\u0440\u0430\u043c\u0435\u0442\u0440\u044b GEBO RRL","robots":{"index":"index","follow":"follow","max-snippet":"max-snippet:-1","max-image-preview":"max-image-preview:large","max-video-preview":"max-video-preview:-1"},"canonical":"https:\/\/www.naturadk.eu\/ru\/\u0434\u043e\u043a\u0443\u043c\u0435\u043d\u0442\u044b-\u0434\u043b\u044f-\u0437\u0430\u0433\u0440\u0443\u0437\u043a\u0438\/","og_locale":"ru_RU","og_type":"article","og_title":"\u0414\u043e\u043a\u0443\u043c\u0435\u043d\u0442\u044b \u0434\u043b\u044f \u0437\u0430\u0433\u0440\u0443\u0437\u043a\u0438 - NATURA DK, a.s.","og_description":"\u041e\u0431\u0449\u0438\u0435: \u00a0\u041a\u043e\u043c\u043c\u0435\u0440\u0447\u0435\u0441\u043a\u0438\u0435 \u0443\u0441\u043b\u043e\u0432\u0438\u044f (112.09 KB) \u041f\u0440\u043e\u0434\u0443\u043a\u0446\u0438\u044f: \u00a0\u041f\u043e\u0434\u0432\u0435\u0441\u043d\u043e\u0439 \u043f\u043e\u0433\u0440\u0443\u0437\u0447\u0438\u043a-\u043e\u0447\u0438\u0441\u0442\u0438\u0442\u0435\u043b\u044c \u0441\u0430\u0445\u0430\u0440\u043d\u043e\u0439 \u0441\u0432\u0435\u043a\u043b\u044b - \u041d\u0430\u0442\u0443\u0440\u0430200 (2.73 MB) \u00a0\u0422\u0435\u0445\u043d\u0438\u0447\u0435\u0441\u043a\u0438\u0435 \u043f\u0430\u0440\u0430\u043c\u0435\u0442\u0440\u044b GEBO RRL","og_url":"https:\/\/www.naturadk.eu\/ru\/\u0434\u043e\u043a\u0443\u043c\u0435\u043d\u0442\u044b-\u0434\u043b\u044f-\u0437\u0430\u0433\u0440\u0443\u0437\u043a\u0438\/","og_site_name":"NATURA DK, a.s.","article_modified_time":"2021-08-19T11:46:05+00:00","twitter_card":"summary_large_image","twitter_misc":{"\u041f\u0440\u0438\u043c\u0435\u0440\u043d\u043e\u0435 \u0432\u0440\u0435\u043c\u044f \u0434\u043b\u044f \u0447\u0442\u0435\u043d\u0438\u044f":"1 \u043c\u0438\u043d\u0443\u0442\u0430"},"schema":{"@context":"https:\/\/schema.org","@graph":[{"@type":"WebPage","@id":"https:\/\/www.naturadk.eu\/ru\/%d0%b4%d0%be%d0%ba%d1%83%d0%bc%d0%b5%d0%bd%d1%82%d1%8b-%d0%b4%d0%bb%d1%8f-%d0%b7%d0%b0%d0%b3%d1%80%d1%83%d0%b7%d0%ba%d0%b8\/","url":"https:\/\/www.naturadk.eu\/ru\/%d0%b4%d0%be%d0%ba%d1%83%d0%bc%d0%b5%d0%bd%d1%82%d1%8b-%d0%b4%d0%bb%d1%8f-%d0%b7%d0%b0%d0%b3%d1%80%d1%83%d0%b7%d0%ba%d0%b8\/","name":"\u0414\u043e\u043a\u0443\u043c\u0435\u043d\u0442\u044b \u0434\u043b\u044f \u0437\u0430\u0433\u0440\u0443\u0437\u043a\u0438 - NATURA DK, a.s.","isPartOf":{"@id":"https:\/\/www.naturadk.eu\/#website"},"datePublished":"2017-07-27T12:30:32+00:00","dateModified":"2021-08-19T11:46:05+00:00","description":"\u041e\u0431\u0449\u0438\u0435: \u00a0\u041a\u043e\u043c\u043c\u0435\u0440\u0447\u0435\u0441\u043a\u0438\u0435 \u0443\u0441\u043b\u043e\u0432\u0438\u044f (112.09 KB) \u041f\u0440\u043e\u0434\u0443\u043a\u0446\u0438\u044f: \u00a0\u041f\u043e\u0434\u0432\u0435\u0441\u043d\u043e\u0439 \u043f\u043e\u0433\u0440\u0443\u0437\u0447\u0438\u043a-\u043e\u0447\u0438\u0441\u0442\u0438\u0442\u0435\u043b\u044c \u0441\u0430\u0445\u0430\u0440\u043d\u043e\u0439 \u0441\u0432\u0435\u043a\u043b\u044b - \u041d\u0430\u0442\u0443\u0440\u0430200 (2.73 MB) \u00a0\u0422\u0435\u0445\u043d\u0438\u0447\u0435\u0441\u043a\u0438\u0435 \u043f\u0430\u0440\u0430\u043c\u0435\u0442\u0440\u044b GEBO RRL","breadcrumb":{"@id":"https:\/\/www.naturadk.eu\/ru\/%d0%b4%d0%be%d0%ba%d1%83%d0%bc%d0%b5%d0%bd%d1%82%d1%8b-%d0%b4%d0%bb%d1%8f-%d0%b7%d0%b0%d0%b3%d1%80%d1%83%d0%b7%d0%ba%d0%b8\/#breadcrumb"},"inLanguage":"ru-RU","potentialAction":[{"@type":"ReadAction","target":["https:\/\/www.naturadk.eu\/ru\/%d0%b4%d0%be%d0%ba%d1%83%d0%bc%d0%b5%d0%bd%d1%82%d1%8b-%d0%b4%d0%bb%d1%8f-%d0%b7%d0%b0%d0%b3%d1%80%d1%83%d0%b7%d0%ba%d0%b8\/"]}]},{"@type":"BreadcrumbList","@id":"https:\/\/www.naturadk.eu\/ru\/%d0%b4%d0%be%d0%ba%d1%83%d0%bc%d0%b5%d0%bd%d1%82%d1%8b-%d0%b4%d0%bb%d1%8f-%d0%b7%d0%b0%d0%b3%d1%80%d1%83%d0%b7%d0%ba%d0%b8\/#breadcrumb","itemListElement":[{"@type":"ListItem","position":1,"name":"","item":"https:\/\/www.naturadk.eu\/ru\/"},{"@type":"ListItem","position":2,"name":"\u0414\u043e\u043a\u0443\u043c\u0435\u043d\u0442\u044b \u0434\u043b\u044f \u0437\u0430\u0433\u0440\u0443\u0437\u043a\u0438"}]},{"@type":"WebSite","@id":"https:\/\/www.naturadk.eu\/#website","url":"https:\/\/www.naturadk.eu\/","name":"NATURA DK, a.s.","description":"Stroj\u00edrensk\u00e1 v\u00fdroba, slu\u017eby pro zem\u011bd\u011blstv\u00ed a obchod","potentialAction":[{"@type":"SearchAction","target":{"@type":"EntryPoint","urlTemplate":"https:\/\/www.naturadk.eu\/?s={search_term_string}"},"query-input":{"@type":"PropertyValueSpecification","valueRequired":true,"valueName":"search_term_string"}}],"inLanguage":"ru-RU"}]}},"_links":{"self":[{"href":"https:\/\/www.naturadk.eu\/ru\/wp-json\/wp\/v2\/pages\/794","targetHints":{"allow":["GET"]}}],"collection":[{"href":"https:\/\/www.naturadk.eu\/ru\/wp-json\/wp\/v2\/pages"}],"about":[{"href":"https:\/\/www.naturadk.eu\/ru\/wp-json\/wp\/v2\/types\/page"}],"author":[{"embeddable":true,"href":"https:\/\/www.naturadk.eu\/ru\/wp-json\/wp\/v2\/users\/1"}],"replies":[{"embeddable":true,"href":"https:\/\/www.naturadk.eu\/ru\/wp-json\/wp\/v2\/comments?post=794"}],"version-history":[{"count":4,"href":"https:\/\/www.naturadk.eu\/ru\/wp-json\/wp\/v2\/pages\/794\/revisions"}],"predecessor-version":[{"id":2869,"href":"https:\/\/www.naturadk.eu\/ru\/wp-json\/wp\/v2\/pages\/794\/revisions\/2869"}],"wp:attachment":[{"href":"https:\/\/www.naturadk.eu\/ru\/wp-json\/wp\/v2\/media?parent=794"}],"curies":[{"name":"wp","href":"https:\/\/api.w.org\/{rel}","templated":true}]}}