{"id":854,"date":"2017-07-27T15:08:56","date_gmt":"2017-07-27T13:08:56","guid":{"rendered":"https:\/\/www.naturadk.eu\/?page_id=854\/"},"modified":"2017-07-28T16:03:55","modified_gmt":"2017-07-28T14:03:55","slug":"%d1%83%d1%81%d0%bb%d1%83%d0%b3%d0%b8","status":"publish","type":"page","link":"https:\/\/www.naturadk.eu\/ru\/%d1%83%d1%81%d0%bb%d1%83%d0%b3%d0%b8\/","title":{"rendered":"\u0423\u0441\u043b\u0443\u0433\u0438"},"content":{"rendered":"<div class=\"row rozcestnik\">\n<div class=\"col-sm-6\">\n\t <a href=\"https:\/\/www.naturadk.eu\/ru\/%D0%BF%D1%80%D0%BE%D0%B8%D0%B7%D0%B2%D0%BE%D0%B4%D1%81%D1%82%D0%B2%D0%BE-%D1%82%D1%80%D0%B0%D0%BD%D1%81%D0%BF%D0%BE%D1%80%D1%82%D0%B5%D1%80%D0%BE%D0%B2-%D0%BD%D0%B0-%D0%B7%D0%B0%D0%BA%D0%B0%D0%B7\/\" title=\"\u041f\u0440\u043e\u0438\u0437\u0432\u043e\u0434\u0441\u0442\u0432\u043e \u0442\u0440\u0430\u043d\u0441\u043f\u043e\u0440\u0442\u0435\u0440\u043e\u0432 \u043d\u0430 \u0437\u0430\u043a\u0430\u0437\"><\/p>\n<div class=\"panel panel-rozcestnik text-center\">\n<div class=\"panel-body\">\n<h2>\u041f\u0440\u043e\u0438\u0437\u0432\u043e\u0434\u0441\u0442\u0432\u043e \u0442\u0440\u0430\u043d\u0441\u043f\u043e\u0440\u0442\u0435\u0440\u043e\u0432 \u043d\u0430 \u0437\u0430\u043a\u0430\u0437<\/h2>\n<p>\t\t\t<img loading=\"lazy\" decoding=\"async\" src=\"https:\/\/www.naturadk.eu\/wp-content\/uploads\/2017\/07\/uvodnik-pasy-300x200.jpg\" alt=\"\u041f\u0440\u043e\u0438\u0437\u0432\u043e\u0434\u0441\u0442\u0432\u043e \u0442\u0440\u0430\u043d\u0441\u043f\u043e\u0440\u0442\u0435\u0440\u043e\u0432 \u043d\u0430 \u0437\u0430\u043a\u0430\u0437\" width=\"300\" height=\"200\" class=\"hvr-wobble-vertical img-thumbnail img-responsive center-block size-full wp-image-461\" \/><\/p><\/div>\n<\/div>\n<p><\/a>\n  <\/div>\n<div class=\"col-sm-6\">\n\t <a href=\"https:\/\/www.naturadk.eu\/ru\/%D0%BF%D1%80%D0%BE%D0%B8%D0%B7%D0%B2%D0%BE%D0%B4%D1%81%D1%82%D0%B2%D0%BE-%D0%BE%D1%87%D0%B8%D1%81%D1%82%D0%B8%D1%82%D0%B5%D0%BB%D1%8C%D0%BD%D1%8B%D1%85-%D1%80%D0%BE%D0%BB%D0%B8%D0%BA%D0%BE%D0%B2\/\" title=\"\u041f\u0440\u043e\u0438\u0437\u0432\u043e\u0434\u0441\u0442\u0432\u043e \u043e\u0447\u0438\u0441\u0442\u0438\u0442\u0435\u043b\u044c\u043d\u044b\u0445 \u0440\u043e\u043b\u0438\u043a\u043e\u0432 \u043d\u0430 \u0437\u0430\u043a\u0430\u0437\"><\/p>\n<div class=\"panel panel-rozcestnik text-center\">\n<div class=\"panel-body\">\n<h2>\u041f\u0440\u043e\u0438\u0437\u0432\u043e\u0434\u0441\u0442\u0432\u043e \u043e\u0447\u0438\u0441\u0442\u0438\u0442\u0435\u043b\u044c\u043d\u044b\u0445 \u0440\u043e\u043b\u0438\u043a\u043e\u0432 \u043d\u0430 \u0437\u0430\u043a\u0430\u0437<\/h2>\n<p>\t\t\t<img loading=\"lazy\" decoding=\"async\" src=\"https:\/\/www.naturadk.eu\/wp-content\/uploads\/2017\/07\/uvodnik-valce-300x200.jpg\"  alt=\"\u041f\u0440\u043e\u0438\u0437\u0432\u043e\u0434\u0441\u0442\u0432\u043e \u043e\u0447\u0438\u0441\u0442\u0438\u0442\u0435\u043b\u044c\u043d\u044b\u0445 \u0440\u043e\u043b\u0438\u043a\u043e\u0432 \u043d\u0430 \u0437\u0430\u043a\u0430\u0437\" width=\"300\" height=\"198\" class=\"hvr-wobble-vertical img-thumbnail img-responsive center-block size-full wp-image-462\" \/><\/p><\/div>\n<\/div>\n<p><\/a>\n  <\/div>\n<\/div>\n","protected":false},"excerpt":{"rendered":"<p>\u041f\u0440\u043e\u0438\u0437\u0432\u043e\u0434\u0441\u0442\u0432\u043e \u0442\u0440\u0430\u043d\u0441\u043f\u043e\u0440\u0442\u0435\u0440\u043e\u0432 \u043d\u0430 \u0437\u0430\u043a\u0430\u0437 \u041f\u0440\u043e\u0438\u0437\u0432\u043e\u0434\u0441\u0442\u0432\u043e \u043e\u0447\u0438\u0441\u0442\u0438\u0442\u0435\u043b\u044c\u043d\u044b\u0445 \u0440\u043e\u043b\u0438\u043a\u043e\u0432 \u043d\u0430 \u0437\u0430\u043a\u0430\u0437<\/p>\n","protected":false},"author":1,"featured_media":0,"parent":0,"menu_order":0,"comment_status":"closed","ping_status":"closed","template":"page-templates\/template-full-width.php","meta":{"footnotes":""},"class_list":["post-854","page","type-page","status-publish","hentry"],"yoast_head":"<!-- This site is optimized with the Yoast SEO plugin v26.9 - https:\/\/yoast.com\/product\/yoast-seo-wordpress\/ -->\n<title>\u0423\u0441\u043b\u0443\u0433\u0438 - NATURA DK, a.s.<\/title>\n<meta name=\"description\" content=\"\u041f\u0440\u043e\u0438\u0437\u0432\u043e\u0434\u0441\u0442\u0432\u043e \u0442\u0440\u0430\u043d\u0441\u043f\u043e\u0440\u0442\u0435\u0440\u043e\u0432 \u043d\u0430 \u0437\u0430\u043a\u0430\u0437                \u041f\u0440\u043e\u0438\u0437\u0432\u043e\u0434\u0441\u0442\u0432\u043e \u043e\u0447\u0438\u0441\u0442\u0438\u0442\u0435\u043b\u044c\u043d\u044b\u0445 \u0440\u043e\u043b\u0438\u043a\u043e\u0432 \u043d\u0430 \u0437\u0430\u043a\u0430\u0437\" \/>\n<meta name=\"robots\" content=\"index, follow, max-snippet:-1, max-image-preview:large, max-video-preview:-1\" \/>\n<link rel=\"canonical\" href=\"https:\/\/www.naturadk.eu\/ru\/\u0443\u0441\u043b\u0443\u0433\u0438\/\" \/>\n<meta property=\"og:locale\" content=\"ru_RU\" \/>\n<meta property=\"og:type\" content=\"article\" \/>\n<meta property=\"og:title\" content=\"\u0423\u0441\u043b\u0443\u0433\u0438 - NATURA DK, a.s.\" \/>\n<meta property=\"og:description\" content=\"\u041f\u0440\u043e\u0438\u0437\u0432\u043e\u0434\u0441\u0442\u0432\u043e \u0442\u0440\u0430\u043d\u0441\u043f\u043e\u0440\u0442\u0435\u0440\u043e\u0432 \u043d\u0430 \u0437\u0430\u043a\u0430\u0437                \u041f\u0440\u043e\u0438\u0437\u0432\u043e\u0434\u0441\u0442\u0432\u043e \u043e\u0447\u0438\u0441\u0442\u0438\u0442\u0435\u043b\u044c\u043d\u044b\u0445 \u0440\u043e\u043b\u0438\u043a\u043e\u0432 \u043d\u0430 \u0437\u0430\u043a\u0430\u0437\" \/>\n<meta property=\"og:url\" content=\"https:\/\/www.naturadk.eu\/ru\/\u0443\u0441\u043b\u0443\u0433\u0438\/\" \/>\n<meta property=\"og:site_name\" content=\"NATURA DK, a.s.\" \/>\n<meta property=\"article:modified_time\" content=\"2017-07-28T14:03:55+00:00\" \/>\n<meta property=\"og:image\" content=\"https:\/\/www.naturadk.eu\/wp-content\/uploads\/2017\/07\/uvodnik-pasy-300x200.jpg\" \/>\n<meta name=\"twitter:card\" content=\"summary_large_image\" \/>\n<script type=\"application\/ld+json\" class=\"yoast-schema-graph\">{\"@context\":\"https:\/\/schema.org\",\"@graph\":[{\"@type\":\"WebPage\",\"@id\":\"https:\/\/www.naturadk.eu\/ru\/%d1%83%d1%81%d0%bb%d1%83%d0%b3%d0%b8\/\",\"url\":\"https:\/\/www.naturadk.eu\/ru\/%d1%83%d1%81%d0%bb%d1%83%d0%b3%d0%b8\/\",\"name\":\"\u0423\u0441\u043b\u0443\u0433\u0438 - NATURA DK, a.s.\",\"isPartOf\":{\"@id\":\"https:\/\/www.naturadk.eu\/#website\"},\"primaryImageOfPage\":{\"@id\":\"https:\/\/www.naturadk.eu\/ru\/%d1%83%d1%81%d0%bb%d1%83%d0%b3%d0%b8\/#primaryimage\"},\"image\":{\"@id\":\"https:\/\/www.naturadk.eu\/ru\/%d1%83%d1%81%d0%bb%d1%83%d0%b3%d0%b8\/#primaryimage\"},\"thumbnailUrl\":\"https:\/\/www.naturadk.eu\/wp-content\/uploads\/2017\/07\/uvodnik-pasy-300x200.jpg\",\"datePublished\":\"2017-07-27T13:08:56+00:00\",\"dateModified\":\"2017-07-28T14:03:55+00:00\",\"description\":\"\u041f\u0440\u043e\u0438\u0437\u0432\u043e\u0434\u0441\u0442\u0432\u043e \u0442\u0440\u0430\u043d\u0441\u043f\u043e\u0440\u0442\u0435\u0440\u043e\u0432 \u043d\u0430 \u0437\u0430\u043a\u0430\u0437 \u041f\u0440\u043e\u0438\u0437\u0432\u043e\u0434\u0441\u0442\u0432\u043e \u043e\u0447\u0438\u0441\u0442\u0438\u0442\u0435\u043b\u044c\u043d\u044b\u0445 \u0440\u043e\u043b\u0438\u043a\u043e\u0432 \u043d\u0430 \u0437\u0430\u043a\u0430\u0437\",\"breadcrumb\":{\"@id\":\"https:\/\/www.naturadk.eu\/ru\/%d1%83%d1%81%d0%bb%d1%83%d0%b3%d0%b8\/#breadcrumb\"},\"inLanguage\":\"ru-RU\",\"potentialAction\":[{\"@type\":\"ReadAction\",\"target\":[\"https:\/\/www.naturadk.eu\/ru\/%d1%83%d1%81%d0%bb%d1%83%d0%b3%d0%b8\/\"]}]},{\"@type\":\"ImageObject\",\"inLanguage\":\"ru-RU\",\"@id\":\"https:\/\/www.naturadk.eu\/ru\/%d1%83%d1%81%d0%bb%d1%83%d0%b3%d0%b8\/#primaryimage\",\"url\":\"https:\/\/www.naturadk.eu\/wp-content\/uploads\/2017\/07\/uvodnik-pasy-300x200.jpg\",\"contentUrl\":\"https:\/\/www.naturadk.eu\/wp-content\/uploads\/2017\/07\/uvodnik-pasy-300x200.jpg\"},{\"@type\":\"BreadcrumbList\",\"@id\":\"https:\/\/www.naturadk.eu\/ru\/%d1%83%d1%81%d0%bb%d1%83%d0%b3%d0%b8\/#breadcrumb\",\"itemListElement\":[{\"@type\":\"ListItem\",\"position\":1,\"name\":\"\",\"item\":\"https:\/\/www.naturadk.eu\/ru\/\"},{\"@type\":\"ListItem\",\"position\":2,\"name\":\"\u0423\u0441\u043b\u0443\u0433\u0438\"}]},{\"@type\":\"WebSite\",\"@id\":\"https:\/\/www.naturadk.eu\/#website\",\"url\":\"https:\/\/www.naturadk.eu\/\",\"name\":\"NATURA DK, a.s.\",\"description\":\"Stroj\u00edrensk\u00e1 v\u00fdroba, slu\u017eby pro zem\u011bd\u011blstv\u00ed a obchod\",\"potentialAction\":[{\"@type\":\"SearchAction\",\"target\":{\"@type\":\"EntryPoint\",\"urlTemplate\":\"https:\/\/www.naturadk.eu\/?s={search_term_string}\"},\"query-input\":{\"@type\":\"PropertyValueSpecification\",\"valueRequired\":true,\"valueName\":\"search_term_string\"}}],\"inLanguage\":\"ru-RU\"}]}<\/script>\n<!-- \/ Yoast SEO plugin. -->","yoast_head_json":{"title":"\u0423\u0441\u043b\u0443\u0433\u0438 - NATURA DK, a.s.","description":"\u041f\u0440\u043e\u0438\u0437\u0432\u043e\u0434\u0441\u0442\u0432\u043e \u0442\u0440\u0430\u043d\u0441\u043f\u043e\u0440\u0442\u0435\u0440\u043e\u0432 \u043d\u0430 \u0437\u0430\u043a\u0430\u0437                \u041f\u0440\u043e\u0438\u0437\u0432\u043e\u0434\u0441\u0442\u0432\u043e \u043e\u0447\u0438\u0441\u0442\u0438\u0442\u0435\u043b\u044c\u043d\u044b\u0445 \u0440\u043e\u043b\u0438\u043a\u043e\u0432 \u043d\u0430 \u0437\u0430\u043a\u0430\u0437","robots":{"index":"index","follow":"follow","max-snippet":"max-snippet:-1","max-image-preview":"max-image-preview:large","max-video-preview":"max-video-preview:-1"},"canonical":"https:\/\/www.naturadk.eu\/ru\/\u0443\u0441\u043b\u0443\u0433\u0438\/","og_locale":"ru_RU","og_type":"article","og_title":"\u0423\u0441\u043b\u0443\u0433\u0438 - NATURA DK, a.s.","og_description":"\u041f\u0440\u043e\u0438\u0437\u0432\u043e\u0434\u0441\u0442\u0432\u043e \u0442\u0440\u0430\u043d\u0441\u043f\u043e\u0440\u0442\u0435\u0440\u043e\u0432 \u043d\u0430 \u0437\u0430\u043a\u0430\u0437                \u041f\u0440\u043e\u0438\u0437\u0432\u043e\u0434\u0441\u0442\u0432\u043e \u043e\u0447\u0438\u0441\u0442\u0438\u0442\u0435\u043b\u044c\u043d\u044b\u0445 \u0440\u043e\u043b\u0438\u043a\u043e\u0432 \u043d\u0430 \u0437\u0430\u043a\u0430\u0437","og_url":"https:\/\/www.naturadk.eu\/ru\/\u0443\u0441\u043b\u0443\u0433\u0438\/","og_site_name":"NATURA DK, a.s.","article_modified_time":"2017-07-28T14:03:55+00:00","og_image":[{"url":"https:\/\/www.naturadk.eu\/wp-content\/uploads\/2017\/07\/uvodnik-pasy-300x200.jpg","type":"","width":"","height":""}],"twitter_card":"summary_large_image","schema":{"@context":"https:\/\/schema.org","@graph":[{"@type":"WebPage","@id":"https:\/\/www.naturadk.eu\/ru\/%d1%83%d1%81%d0%bb%d1%83%d0%b3%d0%b8\/","url":"https:\/\/www.naturadk.eu\/ru\/%d1%83%d1%81%d0%bb%d1%83%d0%b3%d0%b8\/","name":"\u0423\u0441\u043b\u0443\u0433\u0438 - NATURA DK, a.s.","isPartOf":{"@id":"https:\/\/www.naturadk.eu\/#website"},"primaryImageOfPage":{"@id":"https:\/\/www.naturadk.eu\/ru\/%d1%83%d1%81%d0%bb%d1%83%d0%b3%d0%b8\/#primaryimage"},"image":{"@id":"https:\/\/www.naturadk.eu\/ru\/%d1%83%d1%81%d0%bb%d1%83%d0%b3%d0%b8\/#primaryimage"},"thumbnailUrl":"https:\/\/www.naturadk.eu\/wp-content\/uploads\/2017\/07\/uvodnik-pasy-300x200.jpg","datePublished":"2017-07-27T13:08:56+00:00","dateModified":"2017-07-28T14:03:55+00:00","description":"\u041f\u0440\u043e\u0438\u0437\u0432\u043e\u0434\u0441\u0442\u0432\u043e \u0442\u0440\u0430\u043d\u0441\u043f\u043e\u0440\u0442\u0435\u0440\u043e\u0432 \u043d\u0430 \u0437\u0430\u043a\u0430\u0437 \u041f\u0440\u043e\u0438\u0437\u0432\u043e\u0434\u0441\u0442\u0432\u043e \u043e\u0447\u0438\u0441\u0442\u0438\u0442\u0435\u043b\u044c\u043d\u044b\u0445 \u0440\u043e\u043b\u0438\u043a\u043e\u0432 \u043d\u0430 \u0437\u0430\u043a\u0430\u0437","breadcrumb":{"@id":"https:\/\/www.naturadk.eu\/ru\/%d1%83%d1%81%d0%bb%d1%83%d0%b3%d0%b8\/#breadcrumb"},"inLanguage":"ru-RU","potentialAction":[{"@type":"ReadAction","target":["https:\/\/www.naturadk.eu\/ru\/%d1%83%d1%81%d0%bb%d1%83%d0%b3%d0%b8\/"]}]},{"@type":"ImageObject","inLanguage":"ru-RU","@id":"https:\/\/www.naturadk.eu\/ru\/%d1%83%d1%81%d0%bb%d1%83%d0%b3%d0%b8\/#primaryimage","url":"https:\/\/www.naturadk.eu\/wp-content\/uploads\/2017\/07\/uvodnik-pasy-300x200.jpg","contentUrl":"https:\/\/www.naturadk.eu\/wp-content\/uploads\/2017\/07\/uvodnik-pasy-300x200.jpg"},{"@type":"BreadcrumbList","@id":"https:\/\/www.naturadk.eu\/ru\/%d1%83%d1%81%d0%bb%d1%83%d0%b3%d0%b8\/#breadcrumb","itemListElement":[{"@type":"ListItem","position":1,"name":"","item":"https:\/\/www.naturadk.eu\/ru\/"},{"@type":"ListItem","position":2,"name":"\u0423\u0441\u043b\u0443\u0433\u0438"}]},{"@type":"WebSite","@id":"https:\/\/www.naturadk.eu\/#website","url":"https:\/\/www.naturadk.eu\/","name":"NATURA DK, a.s.","description":"Stroj\u00edrensk\u00e1 v\u00fdroba, slu\u017eby pro zem\u011bd\u011blstv\u00ed a obchod","potentialAction":[{"@type":"SearchAction","target":{"@type":"EntryPoint","urlTemplate":"https:\/\/www.naturadk.eu\/?s={search_term_string}"},"query-input":{"@type":"PropertyValueSpecification","valueRequired":true,"valueName":"search_term_string"}}],"inLanguage":"ru-RU"}]}},"_links":{"self":[{"href":"https:\/\/www.naturadk.eu\/ru\/wp-json\/wp\/v2\/pages\/854","targetHints":{"allow":["GET"]}}],"collection":[{"href":"https:\/\/www.naturadk.eu\/ru\/wp-json\/wp\/v2\/pages"}],"about":[{"href":"https:\/\/www.naturadk.eu\/ru\/wp-json\/wp\/v2\/types\/page"}],"author":[{"embeddable":true,"href":"https:\/\/www.naturadk.eu\/ru\/wp-json\/wp\/v2\/users\/1"}],"replies":[{"embeddable":true,"href":"https:\/\/www.naturadk.eu\/ru\/wp-json\/wp\/v2\/comments?post=854"}],"version-history":[{"count":3,"href":"https:\/\/www.naturadk.eu\/ru\/wp-json\/wp\/v2\/pages\/854\/revisions"}],"predecessor-version":[{"id":1149,"href":"https:\/\/www.naturadk.eu\/ru\/wp-json\/wp\/v2\/pages\/854\/revisions\/1149"}],"wp:attachment":[{"href":"https:\/\/www.naturadk.eu\/ru\/wp-json\/wp\/v2\/media?parent=854"}],"curies":[{"name":"wp","href":"https:\/\/api.w.org\/{rel}","templated":true}]}}