{"id":876,"date":"2017-07-27T15:17:49","date_gmt":"2017-07-27T13:17:49","guid":{"rendered":"https:\/\/www.naturadk.eu\/?page_id=876\/"},"modified":"2022-07-15T16:13:47","modified_gmt":"2022-07-15T14:13:47","slug":"%d0%bc%d0%b0%d1%88%d0%b8%d0%bd%d0%be%d1%81%d1%82%d1%80%d0%be%d0%b5%d0%bd%d0%b8%d0%b5","status":"publish","type":"page","link":"https:\/\/www.naturadk.eu\/ru\/%d0%bc%d0%b0%d1%88%d0%b8%d0%bd%d0%be%d1%81%d1%82%d1%80%d0%be%d0%b5%d0%bd%d0%b8%d0%b5\/","title":{"rendered":"\u041c\u0430\u0448\u0438\u043d\u043e\u0441\u0442\u0440\u043e\u0435\u043d\u0438\u0435"},"content":{"rendered":"<div class=\"row rozcestnik\">\n<div class=\"col-sm-4\">\n<a href=\"https:\/\/www.naturadk.eu\/ru\/%D1%87%D0%BF%D1%83-cnc-%D0%BE%D0%B1%D1%80%D0%B0%D0%B1%D0%BE%D1%82%D0%BA%D0%B0\/\"><\/p>\n<div class=\"panel panel-rozcestnik text-center\">\n<div class=\"panel-body\">\n<h2>\u0427\u041f\u0423 (CNC) \u043e\u0431\u0440\u0430\u0431\u043e\u0442\u043a\u0430<\/h2>\n<p><img loading=\"lazy\" decoding=\"async\" class=\"hvr-wobble-vertical img-thumbnail img-responsive center-block alignnone wp-image-238 size-full\" src=\"https:\/\/www.naturadk.eu\/wp-content\/uploads\/2017\/07\/cnc-obrabeni.jpg\" alt=\"\u0427\u041f\u0423 (CNC) \u043e\u0431\u0440\u0430\u0431\u043e\u0442\u043a\u0430\" width=\"300\" height=\"200\" \/>\n<\/div>\n<\/div>\n<p><\/a>\n<\/div>\n<div class=\"col-sm-4\">\n<a href=\"https:\/\/www.naturadk.eu\/ru\/%D0%BC%D0%B5%D1%85%D0%B0%D0%BD%D0%B8%D1%87%D0%B5%D1%81%D0%BA%D0%B0%D1%8F-%D0%BE%D0%B1%D1%80%D0%B0%D0%B1%D0%BE%D1%82%D0%BA%D0%B0\/\"><\/p>\n<div class=\"panel panel-rozcestnik text-center\">\n<div class=\"panel-body\">\n<h2>\u041c\u0435\u0445\u0430\u043d\u0438\u0447\u0435\u0441\u043a\u0430\u044f \u043e\u0431\u0440\u0430\u0431\u043e\u0442\u043a\u0430<\/h2>\n<p><img loading=\"lazy\" decoding=\"async\" class=\"hvr-wobble-vertical img-thumbnail img-responsive center-block alignnone wp-image-2955 size-full\" src=\"https:\/\/www.naturadk.eu\/wp-content\/uploads\/2022\/07\/konvencni-obrabeni-4-1.jpg\" alt=\"\" width=\"300\" height=\"200\" \/>\n<\/div>\n<\/div>\n<p><\/a>\n<\/div>\n<div class=\"col-sm-4\">\n<a href=\"https:\/\/www.naturadk.eu\/ru\/%D1%80%D0%B0%D0%B7%D0%B4%D0%B5%D0%BB%D0%B5%D0%BD%D0%B8%D0%B5-%D0%BC%D0%B0%D1%82%D0%B5%D1%80%D0%B8%D0%B0%D0%BB%D0%B0\/\"><\/p>\n<div class=\"panel panel-rozcestnik text-center\">\n<div class=\"panel-body\">\n<h2>\u0420\u0430\u0437\u0434\u0435\u043b\u0435\u043d\u0438\u0435 \u043c\u0430\u0442\u0435\u0440\u0438\u0430\u043b\u0430<\/h2>\n<p><img loading=\"lazy\" decoding=\"async\" class=\"hvr-wobble-vertical img-thumbnail img-responsive center-block alignnone wp-image-239 size-full\" src=\"https:\/\/www.naturadk.eu\/wp-content\/uploads\/2017\/07\/deleni-materialu.jpg\" alt=\"\u0420\u0430\u0437\u0434\u0435\u043b\u0435\u043d\u0438\u0435 \u043c\u0430\u0442\u0435\u0440\u0438\u0430\u043b\u0430\" width=\"300\" height=\"198\" \/>\n<\/div>\n<\/div>\n<p><\/a>\n<\/div>\n<\/div>\n<div class=\"row rozcestnik\">\n<div class=\"col-sm-4\">\n<a href=\"https:\/\/www.naturadk.eu\/ru\/%D1%81%D0%B2%D0%B0%D1%80%D0%BA%D0%B0\/\"><\/p>\n<div class=\"panel panel-rozcestnik text-center\">\n<div class=\"panel-body\">\n<h2>\u0421\u0432\u0430\u0440\u043a\u0430<\/h2>\n<p><img loading=\"lazy\" decoding=\"async\" class=\"hvr-wobble-vertical img-thumbnail img-responsive center-block alignnone wp-image-237 size-full\" src=\"https:\/\/www.naturadk.eu\/wp-content\/uploads\/2017\/07\/svarovani.jpg\" alt=\"\u0421\u0432\u0430\u0440\u043a\u0430\" width=\"300\" height=\"200\" \/>\n<\/div>\n<\/div>\n<p><\/a>\n<\/div>\n<div class=\"col-sm-4\">\n<a href=\"https:\/\/www.naturadk.eu\/ru\/%D1%81%D0%B3%D0%B8%D0%B1%D0%B0%D0%BD%D0%B8%D0%B5\/\"><\/p>\n<div class=\"panel panel-rozcestnik text-center\">\n<div class=\"panel-body\">\n<h2>\u0421\u0433\u0438\u0431\u0430\u043d\u0438\u0435<\/h2>\n<p><img loading=\"lazy\" decoding=\"async\" class=\"hvr-wobble-vertical img-thumbnail img-responsive center-block alignnone wp-image-2951 size-full\" src=\"https:\/\/www.naturadk.eu\/wp-content\/uploads\/2022\/07\/699_detail.jpg\" alt=\"\" width=\"300\" height=\"200\" \/>\n<\/div>\n<\/div>\n<p><\/a>\n<\/div>\n<div class=\"col-sm-4\">\n<a href=\"https:\/\/www.naturadk.eu\/ru\/%D0%BF%D0%BE%D0%B2%D0%B5%D1%80%D1%85%D0%BD%D0%BE%D1%81%D1%82%D0%BD%D0%B0%D1%8F-%D0%BE%D0%B1%D1%80%D0%B0%D0%B1%D0%BE%D1%82%D0%BA%D0%B0\/\"><\/p>\n<div class=\"panel panel-rozcestnik text-center\">\n<div class=\"panel-body\">\n<h2>\u041f\u043e\u0432\u0435\u0440\u0445\u043d\u043e\u0441\u0442\u043d\u0430\u044f \u043e\u0431\u0440\u0430\u0431\u043e\u0442\u043a\u0430<\/h2>\n<p><img loading=\"lazy\" decoding=\"async\" class=\"hvr-wobble-vertical img-thumbnail img-responsive center-block size-full wp-image-242\" src=\"https:\/\/www.naturadk.eu\/wp-content\/uploads\/2017\/07\/povrchove-upravy.jpg\" alt=\"\u041f\u043e\u0432\u0435\u0440\u0445\u043d\u043e\u0441\u0442\u043d\u0430\u044f \u043e\u0431\u0440\u0430\u0431\u043e\u0442\u043a\u0430\" width=\"300\" height=\"200\" \/>\n<\/div>\n<\/div>\n<p><\/a>\n<\/div>\n<\/div>\n<div class=\"row rozcestnik\">\n<div class=\"col-sm-6\">\n<a href=\"https:\/\/www.naturadk.eu\/ru\/c%D0%B5%D1%80%D1%82%D0%B8%D1%84%D0%B8%D0%BA%D0%B0%D1%86%D0%B8%D1%8F\/\"><\/p>\n<div class=\"panel panel-rozcestnik text-center\">\n<div class=\"panel-body\">\n<h2>C\u0435\u0440\u0442\u0438\u0444\u0438\u043a\u0430\u0446\u0438\u044f<\/h2>\n<\/div>\n<\/div>\n<p><\/a>\n<\/div>\n<div class=\"col-sm-6\">\n<a href=\"https:\/\/www.naturadk.eu\/ru\/%D1%84%D0%BE%D1%82%D0%BE%D0%B3%D0%B0%D0%BB%D0%B5%D1%80%D0%B5%D1%8F-%D0%BC%D0%B0%D1%88%D0%B8%D0%BD%D0%BE%D1%81%D1%82%D1%80%D0%BE%D0%B5%D0%BD%D0%B8%D1%8F\/\"><\/p>\n<div class=\"panel panel-rozcestnik text-center\">\n<div class=\"panel-body\">\n<h2>\u0424\u043e\u0442\u043e\u0433\u0430\u043b\u0435\u0440\u0435\u044f \u043c\u0430\u0448\u0438\u043d\u043e\u0441\u0442\u0440\u043e\u0435\u043d\u0438\u044f<\/h2>\n<\/div>\n<\/div>\n<p><\/a>\n<\/div>\n<\/div>\n","protected":false},"excerpt":{"rendered":"<p>\u0427\u041f\u0423 (CNC) \u043e\u0431\u0440\u0430\u0431\u043e\u0442\u043a\u0430 \u041c\u0435\u0445\u0430\u043d\u0438\u0447\u0435\u0441\u043a\u0430\u044f \u043e\u0431\u0440\u0430\u0431\u043e\u0442\u043a\u0430 \u0420\u0430\u0437\u0434\u0435\u043b\u0435\u043d\u0438\u0435 \u043c\u0430\u0442\u0435\u0440\u0438\u0430\u043b\u0430 \u0421\u0432\u0430\u0440\u043a\u0430 \u0421\u0433\u0438\u0431\u0430\u043d\u0438\u0435 \u041f\u043e\u0432\u0435\u0440\u0445\u043d\u043e\u0441\u0442\u043d\u0430\u044f \u043e\u0431\u0440\u0430\u0431\u043e\u0442\u043a\u0430 C\u0435\u0440\u0442\u0438\u0444\u0438\u043a\u0430\u0446\u0438\u044f \u0424\u043e\u0442\u043e\u0433\u0430\u043b\u0435\u0440\u0435\u044f \u043c\u0430\u0448\u0438\u043d\u043e\u0441\u0442\u0440\u043e\u0435\u043d\u0438\u044f<\/p>\n","protected":false},"author":1,"featured_media":0,"parent":0,"menu_order":0,"comment_status":"closed","ping_status":"closed","template":"page-templates\/template-full-width.php","meta":{"footnotes":""},"class_list":["post-876","page","type-page","status-publish","hentry"],"yoast_head":"<!-- This site is optimized with the Yoast SEO plugin v26.9 - https:\/\/yoast.com\/product\/yoast-seo-wordpress\/ -->\n<title>\u041c\u0430\u0448\u0438\u043d\u043e\u0441\u0442\u0440\u043e\u0435\u043d\u0438\u0435 - NATURA DK, a.s.<\/title>\n<meta name=\"description\" content=\"\u0427\u041f\u0423 (CNC) \u043e\u0431\u0440\u0430\u0431\u043e\u0442\u043a\u0430 \u041c\u0435\u0445\u0430\u043d\u0438\u0447\u0435\u0441\u043a\u0430\u044f \u043e\u0431\u0440\u0430\u0431\u043e\u0442\u043a\u0430 \u0420\u0430\u0437\u0434\u0435\u043b\u0435\u043d\u0438\u0435 \u043c\u0430\u0442\u0435\u0440\u0438\u0430\u043b\u0430 \u0421\u0432\u0430\u0440\u043a\u0430 \u0421\u0433\u0438\u0431\u0430\u043d\u0438\u0435 \u041f\u043e\u0432\u0435\u0440\u0445\u043d\u043e\u0441\u0442\u043d\u0430\u044f \u043e\u0431\u0440\u0430\u0431\u043e\u0442\u043a\u0430 C\u0435\u0440\u0442\u0438\u0444\u0438\u043a\u0430\u0446\u0438\u044f \u0424\u043e\u0442\u043e\u0433\u0430\u043b\u0435\u0440\u0435\u044f\" \/>\n<meta name=\"robots\" content=\"index, follow, max-snippet:-1, max-image-preview:large, max-video-preview:-1\" \/>\n<link rel=\"canonical\" href=\"https:\/\/www.naturadk.eu\/ru\/\u043c\u0430\u0448\u0438\u043d\u043e\u0441\u0442\u0440\u043e\u0435\u043d\u0438\u0435\/\" \/>\n<meta property=\"og:locale\" content=\"ru_RU\" \/>\n<meta property=\"og:type\" content=\"article\" \/>\n<meta property=\"og:title\" content=\"\u041c\u0430\u0448\u0438\u043d\u043e\u0441\u0442\u0440\u043e\u0435\u043d\u0438\u0435 - NATURA DK, a.s.\" \/>\n<meta property=\"og:description\" content=\"\u0427\u041f\u0423 (CNC) \u043e\u0431\u0440\u0430\u0431\u043e\u0442\u043a\u0430 \u041c\u0435\u0445\u0430\u043d\u0438\u0447\u0435\u0441\u043a\u0430\u044f \u043e\u0431\u0440\u0430\u0431\u043e\u0442\u043a\u0430 \u0420\u0430\u0437\u0434\u0435\u043b\u0435\u043d\u0438\u0435 \u043c\u0430\u0442\u0435\u0440\u0438\u0430\u043b\u0430 \u0421\u0432\u0430\u0440\u043a\u0430 \u0421\u0433\u0438\u0431\u0430\u043d\u0438\u0435 \u041f\u043e\u0432\u0435\u0440\u0445\u043d\u043e\u0441\u0442\u043d\u0430\u044f \u043e\u0431\u0440\u0430\u0431\u043e\u0442\u043a\u0430 C\u0435\u0440\u0442\u0438\u0444\u0438\u043a\u0430\u0446\u0438\u044f \u0424\u043e\u0442\u043e\u0433\u0430\u043b\u0435\u0440\u0435\u044f\" \/>\n<meta property=\"og:url\" content=\"https:\/\/www.naturadk.eu\/ru\/\u043c\u0430\u0448\u0438\u043d\u043e\u0441\u0442\u0440\u043e\u0435\u043d\u0438\u0435\/\" \/>\n<meta property=\"og:site_name\" content=\"NATURA DK, a.s.\" \/>\n<meta property=\"article:modified_time\" content=\"2022-07-15T14:13:47+00:00\" \/>\n<meta property=\"og:image\" content=\"https:\/\/www.naturadk.eu\/wp-content\/uploads\/2017\/07\/cnc-obrabeni.jpg\" \/>\n<meta name=\"twitter:card\" content=\"summary_large_image\" \/>\n<meta name=\"twitter:label1\" content=\"\u041f\u0440\u0438\u043c\u0435\u0440\u043d\u043e\u0435 \u0432\u0440\u0435\u043c\u044f \u0434\u043b\u044f \u0447\u0442\u0435\u043d\u0438\u044f\" \/>\n\t<meta name=\"twitter:data1\" content=\"2 \u043c\u0438\u043d\u0443\u0442\u044b\" \/>\n<script type=\"application\/ld+json\" class=\"yoast-schema-graph\">{\"@context\":\"https:\/\/schema.org\",\"@graph\":[{\"@type\":\"WebPage\",\"@id\":\"https:\/\/www.naturadk.eu\/ru\/%d0%bc%d0%b0%d1%88%d0%b8%d0%bd%d0%be%d1%81%d1%82%d1%80%d0%be%d0%b5%d0%bd%d0%b8%d0%b5\/\",\"url\":\"https:\/\/www.naturadk.eu\/ru\/%d0%bc%d0%b0%d1%88%d0%b8%d0%bd%d0%be%d1%81%d1%82%d1%80%d0%be%d0%b5%d0%bd%d0%b8%d0%b5\/\",\"name\":\"\u041c\u0430\u0448\u0438\u043d\u043e\u0441\u0442\u0440\u043e\u0435\u043d\u0438\u0435 - NATURA DK, a.s.\",\"isPartOf\":{\"@id\":\"https:\/\/www.naturadk.eu\/#website\"},\"primaryImageOfPage\":{\"@id\":\"https:\/\/www.naturadk.eu\/ru\/%d0%bc%d0%b0%d1%88%d0%b8%d0%bd%d0%be%d1%81%d1%82%d1%80%d0%be%d0%b5%d0%bd%d0%b8%d0%b5\/#primaryimage\"},\"image\":{\"@id\":\"https:\/\/www.naturadk.eu\/ru\/%d0%bc%d0%b0%d1%88%d0%b8%d0%bd%d0%be%d1%81%d1%82%d1%80%d0%be%d0%b5%d0%bd%d0%b8%d0%b5\/#primaryimage\"},\"thumbnailUrl\":\"https:\/\/www.naturadk.eu\/wp-content\/uploads\/2017\/07\/cnc-obrabeni.jpg\",\"datePublished\":\"2017-07-27T13:17:49+00:00\",\"dateModified\":\"2022-07-15T14:13:47+00:00\",\"description\":\"\u0427\u041f\u0423 (CNC) \u043e\u0431\u0440\u0430\u0431\u043e\u0442\u043a\u0430 \u041c\u0435\u0445\u0430\u043d\u0438\u0447\u0435\u0441\u043a\u0430\u044f \u043e\u0431\u0440\u0430\u0431\u043e\u0442\u043a\u0430 \u0420\u0430\u0437\u0434\u0435\u043b\u0435\u043d\u0438\u0435 \u043c\u0430\u0442\u0435\u0440\u0438\u0430\u043b\u0430 \u0421\u0432\u0430\u0440\u043a\u0430 \u0421\u0433\u0438\u0431\u0430\u043d\u0438\u0435 \u041f\u043e\u0432\u0435\u0440\u0445\u043d\u043e\u0441\u0442\u043d\u0430\u044f \u043e\u0431\u0440\u0430\u0431\u043e\u0442\u043a\u0430 C\u0435\u0440\u0442\u0438\u0444\u0438\u043a\u0430\u0446\u0438\u044f \u0424\u043e\u0442\u043e\u0433\u0430\u043b\u0435\u0440\u0435\u044f\",\"breadcrumb\":{\"@id\":\"https:\/\/www.naturadk.eu\/ru\/%d0%bc%d0%b0%d1%88%d0%b8%d0%bd%d0%be%d1%81%d1%82%d1%80%d0%be%d0%b5%d0%bd%d0%b8%d0%b5\/#breadcrumb\"},\"inLanguage\":\"ru-RU\",\"potentialAction\":[{\"@type\":\"ReadAction\",\"target\":[\"https:\/\/www.naturadk.eu\/ru\/%d0%bc%d0%b0%d1%88%d0%b8%d0%bd%d0%be%d1%81%d1%82%d1%80%d0%be%d0%b5%d0%bd%d0%b8%d0%b5\/\"]}]},{\"@type\":\"ImageObject\",\"inLanguage\":\"ru-RU\",\"@id\":\"https:\/\/www.naturadk.eu\/ru\/%d0%bc%d0%b0%d1%88%d0%b8%d0%bd%d0%be%d1%81%d1%82%d1%80%d0%be%d0%b5%d0%bd%d0%b8%d0%b5\/#primaryimage\",\"url\":\"https:\/\/www.naturadk.eu\/wp-content\/uploads\/2017\/07\/cnc-obrabeni.jpg\",\"contentUrl\":\"https:\/\/www.naturadk.eu\/wp-content\/uploads\/2017\/07\/cnc-obrabeni.jpg\"},{\"@type\":\"BreadcrumbList\",\"@id\":\"https:\/\/www.naturadk.eu\/ru\/%d0%bc%d0%b0%d1%88%d0%b8%d0%bd%d0%be%d1%81%d1%82%d1%80%d0%be%d0%b5%d0%bd%d0%b8%d0%b5\/#breadcrumb\",\"itemListElement\":[{\"@type\":\"ListItem\",\"position\":1,\"name\":\"\",\"item\":\"https:\/\/www.naturadk.eu\/ru\/\"},{\"@type\":\"ListItem\",\"position\":2,\"name\":\"\u041c\u0430\u0448\u0438\u043d\u043e\u0441\u0442\u0440\u043e\u0435\u043d\u0438\u0435\"}]},{\"@type\":\"WebSite\",\"@id\":\"https:\/\/www.naturadk.eu\/#website\",\"url\":\"https:\/\/www.naturadk.eu\/\",\"name\":\"NATURA DK, a.s.\",\"description\":\"Stroj\u00edrensk\u00e1 v\u00fdroba, slu\u017eby pro zem\u011bd\u011blstv\u00ed a obchod\",\"potentialAction\":[{\"@type\":\"SearchAction\",\"target\":{\"@type\":\"EntryPoint\",\"urlTemplate\":\"https:\/\/www.naturadk.eu\/?s={search_term_string}\"},\"query-input\":{\"@type\":\"PropertyValueSpecification\",\"valueRequired\":true,\"valueName\":\"search_term_string\"}}],\"inLanguage\":\"ru-RU\"}]}<\/script>\n<!-- \/ Yoast SEO plugin. -->","yoast_head_json":{"title":"\u041c\u0430\u0448\u0438\u043d\u043e\u0441\u0442\u0440\u043e\u0435\u043d\u0438\u0435 - NATURA DK, a.s.","description":"\u0427\u041f\u0423 (CNC) \u043e\u0431\u0440\u0430\u0431\u043e\u0442\u043a\u0430 \u041c\u0435\u0445\u0430\u043d\u0438\u0447\u0435\u0441\u043a\u0430\u044f \u043e\u0431\u0440\u0430\u0431\u043e\u0442\u043a\u0430 \u0420\u0430\u0437\u0434\u0435\u043b\u0435\u043d\u0438\u0435 \u043c\u0430\u0442\u0435\u0440\u0438\u0430\u043b\u0430 \u0421\u0432\u0430\u0440\u043a\u0430 \u0421\u0433\u0438\u0431\u0430\u043d\u0438\u0435 \u041f\u043e\u0432\u0435\u0440\u0445\u043d\u043e\u0441\u0442\u043d\u0430\u044f \u043e\u0431\u0440\u0430\u0431\u043e\u0442\u043a\u0430 C\u0435\u0440\u0442\u0438\u0444\u0438\u043a\u0430\u0446\u0438\u044f \u0424\u043e\u0442\u043e\u0433\u0430\u043b\u0435\u0440\u0435\u044f","robots":{"index":"index","follow":"follow","max-snippet":"max-snippet:-1","max-image-preview":"max-image-preview:large","max-video-preview":"max-video-preview:-1"},"canonical":"https:\/\/www.naturadk.eu\/ru\/\u043c\u0430\u0448\u0438\u043d\u043e\u0441\u0442\u0440\u043e\u0435\u043d\u0438\u0435\/","og_locale":"ru_RU","og_type":"article","og_title":"\u041c\u0430\u0448\u0438\u043d\u043e\u0441\u0442\u0440\u043e\u0435\u043d\u0438\u0435 - NATURA DK, a.s.","og_description":"\u0427\u041f\u0423 (CNC) \u043e\u0431\u0440\u0430\u0431\u043e\u0442\u043a\u0430 \u041c\u0435\u0445\u0430\u043d\u0438\u0447\u0435\u0441\u043a\u0430\u044f \u043e\u0431\u0440\u0430\u0431\u043e\u0442\u043a\u0430 \u0420\u0430\u0437\u0434\u0435\u043b\u0435\u043d\u0438\u0435 \u043c\u0430\u0442\u0435\u0440\u0438\u0430\u043b\u0430 \u0421\u0432\u0430\u0440\u043a\u0430 \u0421\u0433\u0438\u0431\u0430\u043d\u0438\u0435 \u041f\u043e\u0432\u0435\u0440\u0445\u043d\u043e\u0441\u0442\u043d\u0430\u044f \u043e\u0431\u0440\u0430\u0431\u043e\u0442\u043a\u0430 C\u0435\u0440\u0442\u0438\u0444\u0438\u043a\u0430\u0446\u0438\u044f \u0424\u043e\u0442\u043e\u0433\u0430\u043b\u0435\u0440\u0435\u044f","og_url":"https:\/\/www.naturadk.eu\/ru\/\u043c\u0430\u0448\u0438\u043d\u043e\u0441\u0442\u0440\u043e\u0435\u043d\u0438\u0435\/","og_site_name":"NATURA DK, a.s.","article_modified_time":"2022-07-15T14:13:47+00:00","og_image":[{"url":"https:\/\/www.naturadk.eu\/wp-content\/uploads\/2017\/07\/cnc-obrabeni.jpg","type":"","width":"","height":""}],"twitter_card":"summary_large_image","twitter_misc":{"\u041f\u0440\u0438\u043c\u0435\u0440\u043d\u043e\u0435 \u0432\u0440\u0435\u043c\u044f \u0434\u043b\u044f \u0447\u0442\u0435\u043d\u0438\u044f":"2 \u043c\u0438\u043d\u0443\u0442\u044b"},"schema":{"@context":"https:\/\/schema.org","@graph":[{"@type":"WebPage","@id":"https:\/\/www.naturadk.eu\/ru\/%d0%bc%d0%b0%d1%88%d0%b8%d0%bd%d0%be%d1%81%d1%82%d1%80%d0%be%d0%b5%d0%bd%d0%b8%d0%b5\/","url":"https:\/\/www.naturadk.eu\/ru\/%d0%bc%d0%b0%d1%88%d0%b8%d0%bd%d0%be%d1%81%d1%82%d1%80%d0%be%d0%b5%d0%bd%d0%b8%d0%b5\/","name":"\u041c\u0430\u0448\u0438\u043d\u043e\u0441\u0442\u0440\u043e\u0435\u043d\u0438\u0435 - NATURA DK, a.s.","isPartOf":{"@id":"https:\/\/www.naturadk.eu\/#website"},"primaryImageOfPage":{"@id":"https:\/\/www.naturadk.eu\/ru\/%d0%bc%d0%b0%d1%88%d0%b8%d0%bd%d0%be%d1%81%d1%82%d1%80%d0%be%d0%b5%d0%bd%d0%b8%d0%b5\/#primaryimage"},"image":{"@id":"https:\/\/www.naturadk.eu\/ru\/%d0%bc%d0%b0%d1%88%d0%b8%d0%bd%d0%be%d1%81%d1%82%d1%80%d0%be%d0%b5%d0%bd%d0%b8%d0%b5\/#primaryimage"},"thumbnailUrl":"https:\/\/www.naturadk.eu\/wp-content\/uploads\/2017\/07\/cnc-obrabeni.jpg","datePublished":"2017-07-27T13:17:49+00:00","dateModified":"2022-07-15T14:13:47+00:00","description":"\u0427\u041f\u0423 (CNC) \u043e\u0431\u0440\u0430\u0431\u043e\u0442\u043a\u0430 \u041c\u0435\u0445\u0430\u043d\u0438\u0447\u0435\u0441\u043a\u0430\u044f \u043e\u0431\u0440\u0430\u0431\u043e\u0442\u043a\u0430 \u0420\u0430\u0437\u0434\u0435\u043b\u0435\u043d\u0438\u0435 \u043c\u0430\u0442\u0435\u0440\u0438\u0430\u043b\u0430 \u0421\u0432\u0430\u0440\u043a\u0430 \u0421\u0433\u0438\u0431\u0430\u043d\u0438\u0435 \u041f\u043e\u0432\u0435\u0440\u0445\u043d\u043e\u0441\u0442\u043d\u0430\u044f \u043e\u0431\u0440\u0430\u0431\u043e\u0442\u043a\u0430 C\u0435\u0440\u0442\u0438\u0444\u0438\u043a\u0430\u0446\u0438\u044f \u0424\u043e\u0442\u043e\u0433\u0430\u043b\u0435\u0440\u0435\u044f","breadcrumb":{"@id":"https:\/\/www.naturadk.eu\/ru\/%d0%bc%d0%b0%d1%88%d0%b8%d0%bd%d0%be%d1%81%d1%82%d1%80%d0%be%d0%b5%d0%bd%d0%b8%d0%b5\/#breadcrumb"},"inLanguage":"ru-RU","potentialAction":[{"@type":"ReadAction","target":["https:\/\/www.naturadk.eu\/ru\/%d0%bc%d0%b0%d1%88%d0%b8%d0%bd%d0%be%d1%81%d1%82%d1%80%d0%be%d0%b5%d0%bd%d0%b8%d0%b5\/"]}]},{"@type":"ImageObject","inLanguage":"ru-RU","@id":"https:\/\/www.naturadk.eu\/ru\/%d0%bc%d0%b0%d1%88%d0%b8%d0%bd%d0%be%d1%81%d1%82%d1%80%d0%be%d0%b5%d0%bd%d0%b8%d0%b5\/#primaryimage","url":"https:\/\/www.naturadk.eu\/wp-content\/uploads\/2017\/07\/cnc-obrabeni.jpg","contentUrl":"https:\/\/www.naturadk.eu\/wp-content\/uploads\/2017\/07\/cnc-obrabeni.jpg"},{"@type":"BreadcrumbList","@id":"https:\/\/www.naturadk.eu\/ru\/%d0%bc%d0%b0%d1%88%d0%b8%d0%bd%d0%be%d1%81%d1%82%d1%80%d0%be%d0%b5%d0%bd%d0%b8%d0%b5\/#breadcrumb","itemListElement":[{"@type":"ListItem","position":1,"name":"","item":"https:\/\/www.naturadk.eu\/ru\/"},{"@type":"ListItem","position":2,"name":"\u041c\u0430\u0448\u0438\u043d\u043e\u0441\u0442\u0440\u043e\u0435\u043d\u0438\u0435"}]},{"@type":"WebSite","@id":"https:\/\/www.naturadk.eu\/#website","url":"https:\/\/www.naturadk.eu\/","name":"NATURA DK, a.s.","description":"Stroj\u00edrensk\u00e1 v\u00fdroba, slu\u017eby pro zem\u011bd\u011blstv\u00ed a obchod","potentialAction":[{"@type":"SearchAction","target":{"@type":"EntryPoint","urlTemplate":"https:\/\/www.naturadk.eu\/?s={search_term_string}"},"query-input":{"@type":"PropertyValueSpecification","valueRequired":true,"valueName":"search_term_string"}}],"inLanguage":"ru-RU"}]}},"_links":{"self":[{"href":"https:\/\/www.naturadk.eu\/ru\/wp-json\/wp\/v2\/pages\/876","targetHints":{"allow":["GET"]}}],"collection":[{"href":"https:\/\/www.naturadk.eu\/ru\/wp-json\/wp\/v2\/pages"}],"about":[{"href":"https:\/\/www.naturadk.eu\/ru\/wp-json\/wp\/v2\/types\/page"}],"author":[{"embeddable":true,"href":"https:\/\/www.naturadk.eu\/ru\/wp-json\/wp\/v2\/users\/1"}],"replies":[{"embeddable":true,"href":"https:\/\/www.naturadk.eu\/ru\/wp-json\/wp\/v2\/comments?post=876"}],"version-history":[{"count":5,"href":"https:\/\/www.naturadk.eu\/ru\/wp-json\/wp\/v2\/pages\/876\/revisions"}],"predecessor-version":[{"id":3014,"href":"https:\/\/www.naturadk.eu\/ru\/wp-json\/wp\/v2\/pages\/876\/revisions\/3014"}],"wp:attachment":[{"href":"https:\/\/www.naturadk.eu\/ru\/wp-json\/wp\/v2\/media?parent=876"}],"curies":[{"name":"wp","href":"https:\/\/api.w.org\/{rel}","templated":true}]}}