{"id":880,"date":"2017-07-27T15:18:43","date_gmt":"2017-07-27T13:18:43","guid":{"rendered":"https:\/\/www.naturadk.eu\/?page_id=880\/"},"modified":"2023-11-30T11:14:09","modified_gmt":"2023-11-30T10:14:09","slug":"c%d0%b5%d1%80%d1%82%d0%b8%d1%84%d0%b8%d0%ba%d0%b0%d1%86%d0%b8%d1%8f","status":"publish","type":"page","link":"https:\/\/www.naturadk.eu\/ru\/c%D0%B5%D1%80%D1%82%D0%B8%D1%84%D0%B8%D0%BA%D0%B0%D1%86%D0%B8%D1%8F\/","title":{"rendered":"C\u0435\u0440\u0442\u0438\u0444\u0438\u043a\u0430\u0446\u0438\u044f"},"content":{"rendered":"<ul class=\"seznam-obrazkovy\">\n<li>\u0421\u0435\u0440\u0442\u0438\u0444\u0438\u043a\u0430\u0446\u0438\u044f \u0441\u0438\u0441\u0442\u0435\u043c\u044b \u043c\u0435\u043d\u0435\u0434\u0436\u043c\u0435\u043d\u0442a \u043a\u0430\u0447\u0435\u0441\u0442\u0432\u0430 \u0432 \u043f\u0440\u043e\u0446\u0435\u0441\u0441\u0430\u0445 \u0441\u0432\u0430\u0440\u043a\u0438\u00a0\u010cSN EN ISO 3834-2<\/li>\n<li>\u0418\u0437\u0433\u043e\u0442\u043e\u0432\u043b\u0435\u043d\u0438\u0435 \u043c\u0435\u0442\u0430\u043b\u043b\u0438\u0447\u0435\u0441\u043a\u0438\u0445 \u0438 \u0430\u043b\u044e\u043c\u0438\u043d\u0438\u0435\u0432\u044b\u0445 \u043a\u043e\u043d\u0441\u0442\u0440\u0443\u043a\u0446\u0438\u0439 \u010cSN EN 1090<\/li>\n<li>\u0421\u0438\u0441\u0442\u0435\u043c\u0430 \u043c\u0435\u043d\u0435\u0434\u0436\u043c\u0435\u043d\u0442\u0430 \u043a\u0430\u0447\u0435\u0441\u0442\u0432\u0430 \u010cSN EN ISO 9001: 2016<\/li>\n<\/ul>\n<hr \/>\n<div class=\"row\">\n<div class=\"col-sm-3\" data-wp-editing=\"1\"><img loading=\"lazy\" decoding=\"async\" class=\"alignnone wp-image-3162 size-medium\" src=\"https:\/\/www.naturadk.eu\/wp-content\/uploads\/2023\/11\/SKMBT_C22023113010440-page-001-212x300.jpg\" alt=\"\" width=\"212\" height=\"300\" srcset=\"https:\/\/www.naturadk.eu\/wp-content\/uploads\/2023\/11\/SKMBT_C22023113010440-page-001-212x300.jpg 212w, https:\/\/www.naturadk.eu\/wp-content\/uploads\/2023\/11\/SKMBT_C22023113010440-page-001-724x1024.jpg 724w, https:\/\/www.naturadk.eu\/wp-content\/uploads\/2023\/11\/SKMBT_C22023113010440-page-001-768x1086.jpg 768w, https:\/\/www.naturadk.eu\/wp-content\/uploads\/2023\/11\/SKMBT_C22023113010440-page-001-1087x1536.jpg 1087w, https:\/\/www.naturadk.eu\/wp-content\/uploads\/2023\/11\/SKMBT_C22023113010440-page-001.jpg 1240w\" sizes=\"auto, (max-width: 212px) 100vw, 212px\" \/><\/div>\n<div class=\"col-sm-3\" data-wp-editing=\"1\"><img loading=\"lazy\" decoding=\"async\" class=\"alignnone wp-image-3150 size-medium\" src=\"https:\/\/www.naturadk.eu\/wp-content\/uploads\/2023\/11\/SKMBT_C22023113010443-page-001-212x300.jpg\" alt=\"\" width=\"212\" height=\"300\" srcset=\"https:\/\/www.naturadk.eu\/wp-content\/uploads\/2023\/11\/SKMBT_C22023113010443-page-001-212x300.jpg 212w, https:\/\/www.naturadk.eu\/wp-content\/uploads\/2023\/11\/SKMBT_C22023113010443-page-001-724x1024.jpg 724w, https:\/\/www.naturadk.eu\/wp-content\/uploads\/2023\/11\/SKMBT_C22023113010443-page-001-768x1086.jpg 768w, https:\/\/www.naturadk.eu\/wp-content\/uploads\/2023\/11\/SKMBT_C22023113010443-page-001-1087x1536.jpg 1087w, https:\/\/www.naturadk.eu\/wp-content\/uploads\/2023\/11\/SKMBT_C22023113010443-page-001.jpg 1240w\" sizes=\"auto, (max-width: 212px) 100vw, 212px\" \/><\/div>\n<div class=\"col-sm-3\" data-wp-editing=\"1\"><img loading=\"lazy\" decoding=\"async\" class=\"alignnone wp-image-3158 size-medium\" src=\"https:\/\/www.naturadk.eu\/wp-content\/uploads\/2023\/11\/SKMBT_C22023113010441-page-001-212x300.jpg\" alt=\"\" width=\"212\" height=\"300\" srcset=\"https:\/\/www.naturadk.eu\/wp-content\/uploads\/2023\/11\/SKMBT_C22023113010441-page-001-212x300.jpg 212w, https:\/\/www.naturadk.eu\/wp-content\/uploads\/2023\/11\/SKMBT_C22023113010441-page-001-724x1024.jpg 724w, https:\/\/www.naturadk.eu\/wp-content\/uploads\/2023\/11\/SKMBT_C22023113010441-page-001-768x1086.jpg 768w, https:\/\/www.naturadk.eu\/wp-content\/uploads\/2023\/11\/SKMBT_C22023113010441-page-001-1087x1536.jpg 1087w, https:\/\/www.naturadk.eu\/wp-content\/uploads\/2023\/11\/SKMBT_C22023113010441-page-001.jpg 1240w\" sizes=\"auto, (max-width: 212px) 100vw, 212px\" \/><\/div>\n<div class=\"col-sm-3\" data-wp-editing=\"1\"><img loading=\"lazy\" decoding=\"async\" class=\"alignnone wp-image-3154 size-medium\" src=\"https:\/\/www.naturadk.eu\/wp-content\/uploads\/2023\/11\/SKMBT_C22023113010442-page-001-212x300.jpg\" alt=\"\" width=\"212\" height=\"300\" srcset=\"https:\/\/www.naturadk.eu\/wp-content\/uploads\/2023\/11\/SKMBT_C22023113010442-page-001-212x300.jpg 212w, https:\/\/www.naturadk.eu\/wp-content\/uploads\/2023\/11\/SKMBT_C22023113010442-page-001-724x1024.jpg 724w, https:\/\/www.naturadk.eu\/wp-content\/uploads\/2023\/11\/SKMBT_C22023113010442-page-001-768x1086.jpg 768w, https:\/\/www.naturadk.eu\/wp-content\/uploads\/2023\/11\/SKMBT_C22023113010442-page-001-1087x1536.jpg 1087w, https:\/\/www.naturadk.eu\/wp-content\/uploads\/2023\/11\/SKMBT_C22023113010442-page-001.jpg 1240w\" sizes=\"auto, (max-width: 212px) 100vw, 212px\" \/><\/div>\n<div class=\"col-sm-3\" data-wp-editing=\"1\"><\/div>\n<div class=\"col-sm-3\" data-wp-editing=\"1\"><\/div>\n<div class=\"col-sm-3\" data-wp-editing=\"1\"><\/div>\n<div class=\"col-sm-3\" data-wp-editing=\"1\"><\/div>\n<\/div>\n","protected":false},"excerpt":{"rendered":"<p>\u0421\u0435\u0440\u0442\u0438\u0444\u0438\u043a\u0430\u0446\u0438\u044f \u0441\u0438\u0441\u0442\u0435\u043c\u044b \u043c\u0435\u043d\u0435\u0434\u0436\u043c\u0435\u043d\u0442a \u043a\u0430\u0447\u0435\u0441\u0442\u0432\u0430 \u0432 \u043f\u0440\u043e\u0446\u0435\u0441\u0441\u0430\u0445 \u0441\u0432\u0430\u0440\u043a\u0438\u00a0\u010cSN EN ISO 3834-2 \u0418\u0437\u0433\u043e\u0442\u043e\u0432\u043b\u0435\u043d\u0438\u0435 \u043c\u0435\u0442\u0430\u043b\u043b\u0438\u0447\u0435\u0441\u043a\u0438\u0445 \u0438 \u0430\u043b\u044e\u043c\u0438\u043d\u0438\u0435\u0432\u044b\u0445 \u043a\u043e\u043d\u0441\u0442\u0440\u0443\u043a\u0446\u0438\u0439 \u010cSN EN 1090 \u0421\u0438\u0441\u0442\u0435\u043c\u0430 \u043c\u0435\u043d\u0435\u0434\u0436\u043c\u0435\u043d\u0442\u0430 \u043a\u0430\u0447\u0435\u0441\u0442\u0432\u0430 \u010cSN EN ISO 9001: 2016<\/p>\n","protected":false},"author":1,"featured_media":0,"parent":876,"menu_order":0,"comment_status":"closed","ping_status":"closed","template":"","meta":{"footnotes":""},"class_list":["post-880","page","type-page","status-publish","hentry"],"yoast_head":"<!-- This site is optimized with the Yoast SEO plugin v26.9 - https:\/\/yoast.com\/product\/yoast-seo-wordpress\/ -->\n<title>C\u0435\u0440\u0442\u0438\u0444\u0438\u043a\u0430\u0446\u0438\u044f - NATURA DK, a.s.<\/title>\n<meta name=\"description\" content=\"\u0421\u0435\u0440\u0442\u0438\u0444\u0438\u043a\u0430\u0446\u0438\u044f \u0441\u0438\u0441\u0442\u0435\u043c\u044b \u043c\u0435\u043d\u0435\u0434\u0436\u043c\u0435\u043d\u0442a \u043a\u0430\u0447\u0435\u0441\u0442\u0432\u0430 \u0432 \u043f\u0440\u043e\u0446\u0435\u0441\u0441\u0430\u0445 \u0441\u0432\u0430\u0440\u043a\u0438\u00a0\u010cSN EN ISO 3834-2 \u0418\u0437\u0433\u043e\u0442\u043e\u0432\u043b\u0435\u043d\u0438\u0435 \u043c\u0435\u0442\u0430\u043b\u043b\u0438\u0447\u0435\u0441\u043a\u0438\u0445 \u0438 \u0430\u043b\u044e\u043c\u0438\u043d\u0438\u0435\u0432\u044b\u0445 \u043a\u043e\u043d\u0441\u0442\u0440\u0443\u043a\u0446\u0438\u0439 \u010cSN EN 1090 \u0421\u0438\u0441\u0442\u0435\u043c\u0430\" \/>\n<meta name=\"robots\" content=\"index, follow, max-snippet:-1, max-image-preview:large, max-video-preview:-1\" \/>\n<link rel=\"canonical\" href=\"https:\/\/www.naturadk.eu\/ru\/c\u0435\u0440\u0442\u0438\u0444\u0438\u043a\u0430\u0446\u0438\u044f\/\" \/>\n<meta property=\"og:locale\" content=\"ru_RU\" \/>\n<meta property=\"og:type\" content=\"article\" \/>\n<meta property=\"og:title\" content=\"C\u0435\u0440\u0442\u0438\u0444\u0438\u043a\u0430\u0446\u0438\u044f - NATURA DK, a.s.\" \/>\n<meta property=\"og:description\" content=\"\u0421\u0435\u0440\u0442\u0438\u0444\u0438\u043a\u0430\u0446\u0438\u044f \u0441\u0438\u0441\u0442\u0435\u043c\u044b \u043c\u0435\u043d\u0435\u0434\u0436\u043c\u0435\u043d\u0442a \u043a\u0430\u0447\u0435\u0441\u0442\u0432\u0430 \u0432 \u043f\u0440\u043e\u0446\u0435\u0441\u0441\u0430\u0445 \u0441\u0432\u0430\u0440\u043a\u0438\u00a0\u010cSN EN ISO 3834-2 \u0418\u0437\u0433\u043e\u0442\u043e\u0432\u043b\u0435\u043d\u0438\u0435 \u043c\u0435\u0442\u0430\u043b\u043b\u0438\u0447\u0435\u0441\u043a\u0438\u0445 \u0438 \u0430\u043b\u044e\u043c\u0438\u043d\u0438\u0435\u0432\u044b\u0445 \u043a\u043e\u043d\u0441\u0442\u0440\u0443\u043a\u0446\u0438\u0439 \u010cSN EN 1090 \u0421\u0438\u0441\u0442\u0435\u043c\u0430\" \/>\n<meta property=\"og:url\" content=\"https:\/\/www.naturadk.eu\/ru\/c\u0435\u0440\u0442\u0438\u0444\u0438\u043a\u0430\u0446\u0438\u044f\/\" \/>\n<meta property=\"og:site_name\" content=\"NATURA DK, a.s.\" \/>\n<meta property=\"article:modified_time\" content=\"2023-11-30T10:14:09+00:00\" \/>\n<meta property=\"og:image\" content=\"https:\/\/www.naturadk.eu\/wp-content\/uploads\/2023\/11\/SKMBT_C22023113010440-page-001-212x300.jpg\" \/>\n<meta name=\"twitter:card\" content=\"summary_large_image\" \/>\n<meta name=\"twitter:label1\" content=\"\u041f\u0440\u0438\u043c\u0435\u0440\u043d\u043e\u0435 \u0432\u0440\u0435\u043c\u044f \u0434\u043b\u044f \u0447\u0442\u0435\u043d\u0438\u044f\" \/>\n\t<meta name=\"twitter:data1\" content=\"2 \u043c\u0438\u043d\u0443\u0442\u044b\" \/>\n<script type=\"application\/ld+json\" class=\"yoast-schema-graph\">{\"@context\":\"https:\/\/schema.org\",\"@graph\":[{\"@type\":\"WebPage\",\"@id\":\"https:\/\/www.naturadk.eu\/ru\/c%D0%B5%D1%80%D1%82%D0%B8%D1%84%D0%B8%D0%BA%D0%B0%D1%86%D0%B8%D1%8F\/\",\"url\":\"https:\/\/www.naturadk.eu\/ru\/c%D0%B5%D1%80%D1%82%D0%B8%D1%84%D0%B8%D0%BA%D0%B0%D1%86%D0%B8%D1%8F\/\",\"name\":\"C\u0435\u0440\u0442\u0438\u0444\u0438\u043a\u0430\u0446\u0438\u044f - NATURA DK, a.s.\",\"isPartOf\":{\"@id\":\"https:\/\/www.naturadk.eu\/#website\"},\"primaryImageOfPage\":{\"@id\":\"https:\/\/www.naturadk.eu\/ru\/c%D0%B5%D1%80%D1%82%D0%B8%D1%84%D0%B8%D0%BA%D0%B0%D1%86%D0%B8%D1%8F\/#primaryimage\"},\"image\":{\"@id\":\"https:\/\/www.naturadk.eu\/ru\/c%D0%B5%D1%80%D1%82%D0%B8%D1%84%D0%B8%D0%BA%D0%B0%D1%86%D0%B8%D1%8F\/#primaryimage\"},\"thumbnailUrl\":\"https:\/\/www.naturadk.eu\/wp-content\/uploads\/2023\/11\/SKMBT_C22023113010440-page-001-212x300.jpg\",\"datePublished\":\"2017-07-27T13:18:43+00:00\",\"dateModified\":\"2023-11-30T10:14:09+00:00\",\"description\":\"\u0421\u0435\u0440\u0442\u0438\u0444\u0438\u043a\u0430\u0446\u0438\u044f \u0441\u0438\u0441\u0442\u0435\u043c\u044b \u043c\u0435\u043d\u0435\u0434\u0436\u043c\u0435\u043d\u0442a \u043a\u0430\u0447\u0435\u0441\u0442\u0432\u0430 \u0432 \u043f\u0440\u043e\u0446\u0435\u0441\u0441\u0430\u0445 \u0441\u0432\u0430\u0440\u043a\u0438\u00a0\u010cSN EN ISO 3834-2 \u0418\u0437\u0433\u043e\u0442\u043e\u0432\u043b\u0435\u043d\u0438\u0435 \u043c\u0435\u0442\u0430\u043b\u043b\u0438\u0447\u0435\u0441\u043a\u0438\u0445 \u0438 \u0430\u043b\u044e\u043c\u0438\u043d\u0438\u0435\u0432\u044b\u0445 \u043a\u043e\u043d\u0441\u0442\u0440\u0443\u043a\u0446\u0438\u0439 \u010cSN EN 1090 \u0421\u0438\u0441\u0442\u0435\u043c\u0430\",\"breadcrumb\":{\"@id\":\"https:\/\/www.naturadk.eu\/ru\/c%D0%B5%D1%80%D1%82%D0%B8%D1%84%D0%B8%D0%BA%D0%B0%D1%86%D0%B8%D1%8F\/#breadcrumb\"},\"inLanguage\":\"ru-RU\",\"potentialAction\":[{\"@type\":\"ReadAction\",\"target\":[\"https:\/\/www.naturadk.eu\/ru\/c%D0%B5%D1%80%D1%82%D0%B8%D1%84%D0%B8%D0%BA%D0%B0%D1%86%D0%B8%D1%8F\/\"]}]},{\"@type\":\"ImageObject\",\"inLanguage\":\"ru-RU\",\"@id\":\"https:\/\/www.naturadk.eu\/ru\/c%D0%B5%D1%80%D1%82%D0%B8%D1%84%D0%B8%D0%BA%D0%B0%D1%86%D0%B8%D1%8F\/#primaryimage\",\"url\":\"https:\/\/www.naturadk.eu\/wp-content\/uploads\/2023\/11\/SKMBT_C22023113010440-page-001-212x300.jpg\",\"contentUrl\":\"https:\/\/www.naturadk.eu\/wp-content\/uploads\/2023\/11\/SKMBT_C22023113010440-page-001-212x300.jpg\"},{\"@type\":\"BreadcrumbList\",\"@id\":\"https:\/\/www.naturadk.eu\/ru\/c%D0%B5%D1%80%D1%82%D0%B8%D1%84%D0%B8%D0%BA%D0%B0%D1%86%D0%B8%D1%8F\/#breadcrumb\",\"itemListElement\":[{\"@type\":\"ListItem\",\"position\":1,\"name\":\"\",\"item\":\"https:\/\/www.naturadk.eu\/ru\/\"},{\"@type\":\"ListItem\",\"position\":2,\"name\":\"\u041c\u0430\u0448\u0438\u043d\u043e\u0441\u0442\u0440\u043e\u0435\u043d\u0438\u0435\",\"item\":\"https:\/\/www.naturadk.eu\/ru\/%d0%bc%d0%b0%d1%88%d0%b8%d0%bd%d0%be%d1%81%d1%82%d1%80%d0%be%d0%b5%d0%bd%d0%b8%d0%b5\/\"},{\"@type\":\"ListItem\",\"position\":3,\"name\":\"C\u0435\u0440\u0442\u0438\u0444\u0438\u043a\u0430\u0446\u0438\u044f\"}]},{\"@type\":\"WebSite\",\"@id\":\"https:\/\/www.naturadk.eu\/#website\",\"url\":\"https:\/\/www.naturadk.eu\/\",\"name\":\"NATURA DK, a.s.\",\"description\":\"Stroj\u00edrensk\u00e1 v\u00fdroba, slu\u017eby pro zem\u011bd\u011blstv\u00ed a obchod\",\"potentialAction\":[{\"@type\":\"SearchAction\",\"target\":{\"@type\":\"EntryPoint\",\"urlTemplate\":\"https:\/\/www.naturadk.eu\/?s={search_term_string}\"},\"query-input\":{\"@type\":\"PropertyValueSpecification\",\"valueRequired\":true,\"valueName\":\"search_term_string\"}}],\"inLanguage\":\"ru-RU\"}]}<\/script>\n<!-- \/ Yoast SEO plugin. -->","yoast_head_json":{"title":"C\u0435\u0440\u0442\u0438\u0444\u0438\u043a\u0430\u0446\u0438\u044f - NATURA DK, a.s.","description":"\u0421\u0435\u0440\u0442\u0438\u0444\u0438\u043a\u0430\u0446\u0438\u044f \u0441\u0438\u0441\u0442\u0435\u043c\u044b \u043c\u0435\u043d\u0435\u0434\u0436\u043c\u0435\u043d\u0442a \u043a\u0430\u0447\u0435\u0441\u0442\u0432\u0430 \u0432 \u043f\u0440\u043e\u0446\u0435\u0441\u0441\u0430\u0445 \u0441\u0432\u0430\u0440\u043a\u0438\u00a0\u010cSN EN ISO 3834-2 \u0418\u0437\u0433\u043e\u0442\u043e\u0432\u043b\u0435\u043d\u0438\u0435 \u043c\u0435\u0442\u0430\u043b\u043b\u0438\u0447\u0435\u0441\u043a\u0438\u0445 \u0438 \u0430\u043b\u044e\u043c\u0438\u043d\u0438\u0435\u0432\u044b\u0445 \u043a\u043e\u043d\u0441\u0442\u0440\u0443\u043a\u0446\u0438\u0439 \u010cSN EN 1090 \u0421\u0438\u0441\u0442\u0435\u043c\u0430","robots":{"index":"index","follow":"follow","max-snippet":"max-snippet:-1","max-image-preview":"max-image-preview:large","max-video-preview":"max-video-preview:-1"},"canonical":"https:\/\/www.naturadk.eu\/ru\/c\u0435\u0440\u0442\u0438\u0444\u0438\u043a\u0430\u0446\u0438\u044f\/","og_locale":"ru_RU","og_type":"article","og_title":"C\u0435\u0440\u0442\u0438\u0444\u0438\u043a\u0430\u0446\u0438\u044f - NATURA DK, a.s.","og_description":"\u0421\u0435\u0440\u0442\u0438\u0444\u0438\u043a\u0430\u0446\u0438\u044f \u0441\u0438\u0441\u0442\u0435\u043c\u044b \u043c\u0435\u043d\u0435\u0434\u0436\u043c\u0435\u043d\u0442a \u043a\u0430\u0447\u0435\u0441\u0442\u0432\u0430 \u0432 \u043f\u0440\u043e\u0446\u0435\u0441\u0441\u0430\u0445 \u0441\u0432\u0430\u0440\u043a\u0438\u00a0\u010cSN EN ISO 3834-2 \u0418\u0437\u0433\u043e\u0442\u043e\u0432\u043b\u0435\u043d\u0438\u0435 \u043c\u0435\u0442\u0430\u043b\u043b\u0438\u0447\u0435\u0441\u043a\u0438\u0445 \u0438 \u0430\u043b\u044e\u043c\u0438\u043d\u0438\u0435\u0432\u044b\u0445 \u043a\u043e\u043d\u0441\u0442\u0440\u0443\u043a\u0446\u0438\u0439 \u010cSN EN 1090 \u0421\u0438\u0441\u0442\u0435\u043c\u0430","og_url":"https:\/\/www.naturadk.eu\/ru\/c\u0435\u0440\u0442\u0438\u0444\u0438\u043a\u0430\u0446\u0438\u044f\/","og_site_name":"NATURA DK, a.s.","article_modified_time":"2023-11-30T10:14:09+00:00","og_image":[{"url":"https:\/\/www.naturadk.eu\/wp-content\/uploads\/2023\/11\/SKMBT_C22023113010440-page-001-212x300.jpg","type":"","width":"","height":""}],"twitter_card":"summary_large_image","twitter_misc":{"\u041f\u0440\u0438\u043c\u0435\u0440\u043d\u043e\u0435 \u0432\u0440\u0435\u043c\u044f \u0434\u043b\u044f \u0447\u0442\u0435\u043d\u0438\u044f":"2 \u043c\u0438\u043d\u0443\u0442\u044b"},"schema":{"@context":"https:\/\/schema.org","@graph":[{"@type":"WebPage","@id":"https:\/\/www.naturadk.eu\/ru\/c%D0%B5%D1%80%D1%82%D0%B8%D1%84%D0%B8%D0%BA%D0%B0%D1%86%D0%B8%D1%8F\/","url":"https:\/\/www.naturadk.eu\/ru\/c%D0%B5%D1%80%D1%82%D0%B8%D1%84%D0%B8%D0%BA%D0%B0%D1%86%D0%B8%D1%8F\/","name":"C\u0435\u0440\u0442\u0438\u0444\u0438\u043a\u0430\u0446\u0438\u044f - NATURA DK, a.s.","isPartOf":{"@id":"https:\/\/www.naturadk.eu\/#website"},"primaryImageOfPage":{"@id":"https:\/\/www.naturadk.eu\/ru\/c%D0%B5%D1%80%D1%82%D0%B8%D1%84%D0%B8%D0%BA%D0%B0%D1%86%D0%B8%D1%8F\/#primaryimage"},"image":{"@id":"https:\/\/www.naturadk.eu\/ru\/c%D0%B5%D1%80%D1%82%D0%B8%D1%84%D0%B8%D0%BA%D0%B0%D1%86%D0%B8%D1%8F\/#primaryimage"},"thumbnailUrl":"https:\/\/www.naturadk.eu\/wp-content\/uploads\/2023\/11\/SKMBT_C22023113010440-page-001-212x300.jpg","datePublished":"2017-07-27T13:18:43+00:00","dateModified":"2023-11-30T10:14:09+00:00","description":"\u0421\u0435\u0440\u0442\u0438\u0444\u0438\u043a\u0430\u0446\u0438\u044f \u0441\u0438\u0441\u0442\u0435\u043c\u044b \u043c\u0435\u043d\u0435\u0434\u0436\u043c\u0435\u043d\u0442a \u043a\u0430\u0447\u0435\u0441\u0442\u0432\u0430 \u0432 \u043f\u0440\u043e\u0446\u0435\u0441\u0441\u0430\u0445 \u0441\u0432\u0430\u0440\u043a\u0438\u00a0\u010cSN EN ISO 3834-2 \u0418\u0437\u0433\u043e\u0442\u043e\u0432\u043b\u0435\u043d\u0438\u0435 \u043c\u0435\u0442\u0430\u043b\u043b\u0438\u0447\u0435\u0441\u043a\u0438\u0445 \u0438 \u0430\u043b\u044e\u043c\u0438\u043d\u0438\u0435\u0432\u044b\u0445 \u043a\u043e\u043d\u0441\u0442\u0440\u0443\u043a\u0446\u0438\u0439 \u010cSN EN 1090 \u0421\u0438\u0441\u0442\u0435\u043c\u0430","breadcrumb":{"@id":"https:\/\/www.naturadk.eu\/ru\/c%D0%B5%D1%80%D1%82%D0%B8%D1%84%D0%B8%D0%BA%D0%B0%D1%86%D0%B8%D1%8F\/#breadcrumb"},"inLanguage":"ru-RU","potentialAction":[{"@type":"ReadAction","target":["https:\/\/www.naturadk.eu\/ru\/c%D0%B5%D1%80%D1%82%D0%B8%D1%84%D0%B8%D0%BA%D0%B0%D1%86%D0%B8%D1%8F\/"]}]},{"@type":"ImageObject","inLanguage":"ru-RU","@id":"https:\/\/www.naturadk.eu\/ru\/c%D0%B5%D1%80%D1%82%D0%B8%D1%84%D0%B8%D0%BA%D0%B0%D1%86%D0%B8%D1%8F\/#primaryimage","url":"https:\/\/www.naturadk.eu\/wp-content\/uploads\/2023\/11\/SKMBT_C22023113010440-page-001-212x300.jpg","contentUrl":"https:\/\/www.naturadk.eu\/wp-content\/uploads\/2023\/11\/SKMBT_C22023113010440-page-001-212x300.jpg"},{"@type":"BreadcrumbList","@id":"https:\/\/www.naturadk.eu\/ru\/c%D0%B5%D1%80%D1%82%D0%B8%D1%84%D0%B8%D0%BA%D0%B0%D1%86%D0%B8%D1%8F\/#breadcrumb","itemListElement":[{"@type":"ListItem","position":1,"name":"","item":"https:\/\/www.naturadk.eu\/ru\/"},{"@type":"ListItem","position":2,"name":"\u041c\u0430\u0448\u0438\u043d\u043e\u0441\u0442\u0440\u043e\u0435\u043d\u0438\u0435","item":"https:\/\/www.naturadk.eu\/ru\/%d0%bc%d0%b0%d1%88%d0%b8%d0%bd%d0%be%d1%81%d1%82%d1%80%d0%be%d0%b5%d0%bd%d0%b8%d0%b5\/"},{"@type":"ListItem","position":3,"name":"C\u0435\u0440\u0442\u0438\u0444\u0438\u043a\u0430\u0446\u0438\u044f"}]},{"@type":"WebSite","@id":"https:\/\/www.naturadk.eu\/#website","url":"https:\/\/www.naturadk.eu\/","name":"NATURA DK, a.s.","description":"Stroj\u00edrensk\u00e1 v\u00fdroba, slu\u017eby pro zem\u011bd\u011blstv\u00ed a obchod","potentialAction":[{"@type":"SearchAction","target":{"@type":"EntryPoint","urlTemplate":"https:\/\/www.naturadk.eu\/?s={search_term_string}"},"query-input":{"@type":"PropertyValueSpecification","valueRequired":true,"valueName":"search_term_string"}}],"inLanguage":"ru-RU"}]}},"_links":{"self":[{"href":"https:\/\/www.naturadk.eu\/ru\/wp-json\/wp\/v2\/pages\/880","targetHints":{"allow":["GET"]}}],"collection":[{"href":"https:\/\/www.naturadk.eu\/ru\/wp-json\/wp\/v2\/pages"}],"about":[{"href":"https:\/\/www.naturadk.eu\/ru\/wp-json\/wp\/v2\/types\/page"}],"author":[{"embeddable":true,"href":"https:\/\/www.naturadk.eu\/ru\/wp-json\/wp\/v2\/users\/1"}],"replies":[{"embeddable":true,"href":"https:\/\/www.naturadk.eu\/ru\/wp-json\/wp\/v2\/comments?post=880"}],"version-history":[{"count":5,"href":"https:\/\/www.naturadk.eu\/ru\/wp-json\/wp\/v2\/pages\/880\/revisions"}],"predecessor-version":[{"id":3166,"href":"https:\/\/www.naturadk.eu\/ru\/wp-json\/wp\/v2\/pages\/880\/revisions\/3166"}],"up":[{"embeddable":true,"href":"https:\/\/www.naturadk.eu\/ru\/wp-json\/wp\/v2\/pages\/876"}],"wp:attachment":[{"href":"https:\/\/www.naturadk.eu\/ru\/wp-json\/wp\/v2\/media?parent=880"}],"curies":[{"name":"wp","href":"https:\/\/api.w.org\/{rel}","templated":true}]}}