{"id":900,"date":"2017-07-27T15:27:40","date_gmt":"2017-07-27T13:27:40","guid":{"rendered":"https:\/\/www.naturadk.eu\/?page_id=900\/"},"modified":"2024-09-06T09:54:42","modified_gmt":"2024-09-06T07:54:42","slug":"%d0%be%d0%b1%d1%80%d0%b0%d0%b1%d0%be%d1%82%d0%ba%d0%b0","status":"publish","type":"page","link":"https:\/\/www.naturadk.eu\/ru\/%D0%BE%D0%B1%D1%80%D0%B0%D0%B1%D0%BE%D1%82%D0%BA%D0%B0\/","title":{"rendered":"\u041e\u0431\u0440\u0430\u0431\u043e\u0442\u043a\u0430"},"content":{"rendered":"<div class=\"row rozcestnik\">\n<div class=\"col-sm-6\">\n<div class=\"panel panel-rozcestnik text-center\">\n<div class=\"panel-body\">\n<h2>\u0427\u041f\u0423 (CNC) \u043e\u0431\u0440\u0430\u0431\u043e\u0442\u043a\u0430<\/h2>\n<p><img loading=\"lazy\" decoding=\"async\" class=\"hvr-wobble-vertical img-thumbnail img-responsive center-block size-full wp-image-238\" src=\"https:\/\/www.naturadk.eu\/wp-content\/uploads\/2017\/07\/cnc-obrabeni.jpg\" alt=\"\u0427\u041f\u0423 (CNC) \u043e\u0431\u0440\u0430\u0431\u043e\u0442\u043a\u0430\" width=\"300\" height=\"200\" \/><\/p>\n<\/div>\n<\/div>\n<p>&nbsp;<\/p>\n<\/div>\n<div class=\"col-sm-6\">\n<div class=\"panel panel-rozcestnik text-center\">\n<div class=\"panel-body\">\n<h2>\u041c\u0435\u0445\u0430\u043d\u0438\u0447\u0435\u0441\u043a\u0430\u044f \u043e\u0431\u0440\u0430\u0431\u043e\u0442\u043a\u0430<\/h2>\n<p><img loading=\"lazy\" decoding=\"async\" class=\"hvr-wobble-vertical img-thumbnail img-responsive center-block alignnone wp-image-2955 size-full\" src=\"https:\/\/www.naturadk.eu\/wp-content\/uploads\/2022\/07\/konvencni-obrabeni-4-1.jpg\" alt=\"\" width=\"300\" height=\"200\" \/><\/p>\n<\/div>\n<\/div>\n<p>&nbsp;<\/p>\n<\/div>\n<\/div>\n","protected":false},"excerpt":{"rendered":"<p>\u0427\u041f\u0423 (CNC) \u043e\u0431\u0440\u0430\u0431\u043e\u0442\u043a\u0430 &nbsp; \u041c\u0435\u0445\u0430\u043d\u0438\u0447\u0435\u0441\u043a\u0430\u044f \u043e\u0431\u0440\u0430\u0431\u043e\u0442\u043a\u0430 &nbsp;<\/p>\n","protected":false},"author":1,"featured_media":0,"parent":876,"menu_order":0,"comment_status":"closed","ping_status":"closed","template":"page-templates\/template-full-width.php","meta":{"footnotes":""},"class_list":["post-900","page","type-page","status-publish","hentry"],"yoast_head":"<!-- This site is optimized with the Yoast SEO plugin v26.9 - https:\/\/yoast.com\/product\/yoast-seo-wordpress\/ -->\n<title>\u041e\u0431\u0440\u0430\u0431\u043e\u0442\u043a\u0430 - NATURA DK, a.s.<\/title>\n<meta name=\"description\" content=\"\u0427\u041f\u0423 (CNC) \u043e\u0431\u0440\u0430\u0431\u043e\u0442\u043a\u0430     &nbsp;      \u041c\u0435\u0445\u0430\u043d\u0438\u0447\u0435\u0441\u043a\u0430\u044f \u043e\u0431\u0440\u0430\u0431\u043e\u0442\u043a\u0430     &nbsp;\" \/>\n<meta name=\"robots\" content=\"index, follow, max-snippet:-1, max-image-preview:large, max-video-preview:-1\" \/>\n<link rel=\"canonical\" href=\"https:\/\/www.naturadk.eu\/ru\/\u043e\u0431\u0440\u0430\u0431\u043e\u0442\u043a\u0430\/\" \/>\n<meta property=\"og:locale\" content=\"ru_RU\" \/>\n<meta property=\"og:type\" content=\"article\" \/>\n<meta property=\"og:title\" content=\"\u041e\u0431\u0440\u0430\u0431\u043e\u0442\u043a\u0430 - NATURA DK, a.s.\" \/>\n<meta property=\"og:description\" content=\"\u0427\u041f\u0423 (CNC) \u043e\u0431\u0440\u0430\u0431\u043e\u0442\u043a\u0430     &nbsp;      \u041c\u0435\u0445\u0430\u043d\u0438\u0447\u0435\u0441\u043a\u0430\u044f \u043e\u0431\u0440\u0430\u0431\u043e\u0442\u043a\u0430     &nbsp;\" \/>\n<meta property=\"og:url\" content=\"https:\/\/www.naturadk.eu\/ru\/\u043e\u0431\u0440\u0430\u0431\u043e\u0442\u043a\u0430\/\" \/>\n<meta property=\"og:site_name\" content=\"NATURA DK, a.s.\" \/>\n<meta property=\"article:modified_time\" content=\"2024-09-06T07:54:42+00:00\" \/>\n<meta property=\"og:image\" content=\"https:\/\/www.naturadk.eu\/wp-content\/uploads\/2017\/07\/cnc-obrabeni.jpg\" \/>\n<meta name=\"twitter:card\" content=\"summary_large_image\" \/>\n<meta name=\"twitter:label1\" content=\"\u041f\u0440\u0438\u043c\u0435\u0440\u043d\u043e\u0435 \u0432\u0440\u0435\u043c\u044f \u0434\u043b\u044f \u0447\u0442\u0435\u043d\u0438\u044f\" \/>\n\t<meta name=\"twitter:data1\" content=\"1 \u043c\u0438\u043d\u0443\u0442\u0430\" \/>\n<script type=\"application\/ld+json\" class=\"yoast-schema-graph\">{\"@context\":\"https:\/\/schema.org\",\"@graph\":[{\"@type\":\"WebPage\",\"@id\":\"https:\/\/www.naturadk.eu\/ru\/%D0%BE%D0%B1%D1%80%D0%B0%D0%B1%D0%BE%D1%82%D0%BA%D0%B0\/\",\"url\":\"https:\/\/www.naturadk.eu\/ru\/%D0%BE%D0%B1%D1%80%D0%B0%D0%B1%D0%BE%D1%82%D0%BA%D0%B0\/\",\"name\":\"\u041e\u0431\u0440\u0430\u0431\u043e\u0442\u043a\u0430 - NATURA DK, a.s.\",\"isPartOf\":{\"@id\":\"https:\/\/www.naturadk.eu\/#website\"},\"primaryImageOfPage\":{\"@id\":\"https:\/\/www.naturadk.eu\/ru\/%D0%BE%D0%B1%D1%80%D0%B0%D0%B1%D0%BE%D1%82%D0%BA%D0%B0\/#primaryimage\"},\"image\":{\"@id\":\"https:\/\/www.naturadk.eu\/ru\/%D0%BE%D0%B1%D1%80%D0%B0%D0%B1%D0%BE%D1%82%D0%BA%D0%B0\/#primaryimage\"},\"thumbnailUrl\":\"https:\/\/www.naturadk.eu\/wp-content\/uploads\/2017\/07\/cnc-obrabeni.jpg\",\"datePublished\":\"2017-07-27T13:27:40+00:00\",\"dateModified\":\"2024-09-06T07:54:42+00:00\",\"description\":\"\u0427\u041f\u0423 (CNC) \u043e\u0431\u0440\u0430\u0431\u043e\u0442\u043a\u0430 &nbsp; \u041c\u0435\u0445\u0430\u043d\u0438\u0447\u0435\u0441\u043a\u0430\u044f \u043e\u0431\u0440\u0430\u0431\u043e\u0442\u043a\u0430 &nbsp;\",\"breadcrumb\":{\"@id\":\"https:\/\/www.naturadk.eu\/ru\/%D0%BE%D0%B1%D1%80%D0%B0%D0%B1%D0%BE%D1%82%D0%BA%D0%B0\/#breadcrumb\"},\"inLanguage\":\"ru-RU\",\"potentialAction\":[{\"@type\":\"ReadAction\",\"target\":[\"https:\/\/www.naturadk.eu\/ru\/%D0%BE%D0%B1%D1%80%D0%B0%D0%B1%D0%BE%D1%82%D0%BA%D0%B0\/\"]}]},{\"@type\":\"ImageObject\",\"inLanguage\":\"ru-RU\",\"@id\":\"https:\/\/www.naturadk.eu\/ru\/%D0%BE%D0%B1%D1%80%D0%B0%D0%B1%D0%BE%D1%82%D0%BA%D0%B0\/#primaryimage\",\"url\":\"https:\/\/www.naturadk.eu\/wp-content\/uploads\/2017\/07\/cnc-obrabeni.jpg\",\"contentUrl\":\"https:\/\/www.naturadk.eu\/wp-content\/uploads\/2017\/07\/cnc-obrabeni.jpg\"},{\"@type\":\"BreadcrumbList\",\"@id\":\"https:\/\/www.naturadk.eu\/ru\/%D0%BE%D0%B1%D1%80%D0%B0%D0%B1%D0%BE%D1%82%D0%BA%D0%B0\/#breadcrumb\",\"itemListElement\":[{\"@type\":\"ListItem\",\"position\":1,\"name\":\"\",\"item\":\"https:\/\/www.naturadk.eu\/ru\/\"},{\"@type\":\"ListItem\",\"position\":2,\"name\":\"\u041c\u0430\u0448\u0438\u043d\u043e\u0441\u0442\u0440\u043e\u0435\u043d\u0438\u0435\",\"item\":\"https:\/\/www.naturadk.eu\/ru\/%d0%bc%d0%b0%d1%88%d0%b8%d0%bd%d0%be%d1%81%d1%82%d1%80%d0%be%d0%b5%d0%bd%d0%b8%d0%b5\/\"},{\"@type\":\"ListItem\",\"position\":3,\"name\":\"\u041e\u0431\u0440\u0430\u0431\u043e\u0442\u043a\u0430\"}]},{\"@type\":\"WebSite\",\"@id\":\"https:\/\/www.naturadk.eu\/#website\",\"url\":\"https:\/\/www.naturadk.eu\/\",\"name\":\"NATURA DK, a.s.\",\"description\":\"Stroj\u00edrensk\u00e1 v\u00fdroba, slu\u017eby pro zem\u011bd\u011blstv\u00ed a obchod\",\"potentialAction\":[{\"@type\":\"SearchAction\",\"target\":{\"@type\":\"EntryPoint\",\"urlTemplate\":\"https:\/\/www.naturadk.eu\/?s={search_term_string}\"},\"query-input\":{\"@type\":\"PropertyValueSpecification\",\"valueRequired\":true,\"valueName\":\"search_term_string\"}}],\"inLanguage\":\"ru-RU\"}]}<\/script>\n<!-- \/ Yoast SEO plugin. -->","yoast_head_json":{"title":"\u041e\u0431\u0440\u0430\u0431\u043e\u0442\u043a\u0430 - NATURA DK, a.s.","description":"\u0427\u041f\u0423 (CNC) \u043e\u0431\u0440\u0430\u0431\u043e\u0442\u043a\u0430     &nbsp;      \u041c\u0435\u0445\u0430\u043d\u0438\u0447\u0435\u0441\u043a\u0430\u044f \u043e\u0431\u0440\u0430\u0431\u043e\u0442\u043a\u0430     &nbsp;","robots":{"index":"index","follow":"follow","max-snippet":"max-snippet:-1","max-image-preview":"max-image-preview:large","max-video-preview":"max-video-preview:-1"},"canonical":"https:\/\/www.naturadk.eu\/ru\/\u043e\u0431\u0440\u0430\u0431\u043e\u0442\u043a\u0430\/","og_locale":"ru_RU","og_type":"article","og_title":"\u041e\u0431\u0440\u0430\u0431\u043e\u0442\u043a\u0430 - NATURA DK, a.s.","og_description":"\u0427\u041f\u0423 (CNC) \u043e\u0431\u0440\u0430\u0431\u043e\u0442\u043a\u0430     &nbsp;      \u041c\u0435\u0445\u0430\u043d\u0438\u0447\u0435\u0441\u043a\u0430\u044f \u043e\u0431\u0440\u0430\u0431\u043e\u0442\u043a\u0430     &nbsp;","og_url":"https:\/\/www.naturadk.eu\/ru\/\u043e\u0431\u0440\u0430\u0431\u043e\u0442\u043a\u0430\/","og_site_name":"NATURA DK, a.s.","article_modified_time":"2024-09-06T07:54:42+00:00","og_image":[{"url":"https:\/\/www.naturadk.eu\/wp-content\/uploads\/2017\/07\/cnc-obrabeni.jpg","type":"","width":"","height":""}],"twitter_card":"summary_large_image","twitter_misc":{"\u041f\u0440\u0438\u043c\u0435\u0440\u043d\u043e\u0435 \u0432\u0440\u0435\u043c\u044f \u0434\u043b\u044f \u0447\u0442\u0435\u043d\u0438\u044f":"1 \u043c\u0438\u043d\u0443\u0442\u0430"},"schema":{"@context":"https:\/\/schema.org","@graph":[{"@type":"WebPage","@id":"https:\/\/www.naturadk.eu\/ru\/%D0%BE%D0%B1%D1%80%D0%B0%D0%B1%D0%BE%D1%82%D0%BA%D0%B0\/","url":"https:\/\/www.naturadk.eu\/ru\/%D0%BE%D0%B1%D1%80%D0%B0%D0%B1%D0%BE%D1%82%D0%BA%D0%B0\/","name":"\u041e\u0431\u0440\u0430\u0431\u043e\u0442\u043a\u0430 - NATURA DK, a.s.","isPartOf":{"@id":"https:\/\/www.naturadk.eu\/#website"},"primaryImageOfPage":{"@id":"https:\/\/www.naturadk.eu\/ru\/%D0%BE%D0%B1%D1%80%D0%B0%D0%B1%D0%BE%D1%82%D0%BA%D0%B0\/#primaryimage"},"image":{"@id":"https:\/\/www.naturadk.eu\/ru\/%D0%BE%D0%B1%D1%80%D0%B0%D0%B1%D0%BE%D1%82%D0%BA%D0%B0\/#primaryimage"},"thumbnailUrl":"https:\/\/www.naturadk.eu\/wp-content\/uploads\/2017\/07\/cnc-obrabeni.jpg","datePublished":"2017-07-27T13:27:40+00:00","dateModified":"2024-09-06T07:54:42+00:00","description":"\u0427\u041f\u0423 (CNC) \u043e\u0431\u0440\u0430\u0431\u043e\u0442\u043a\u0430 &nbsp; \u041c\u0435\u0445\u0430\u043d\u0438\u0447\u0435\u0441\u043a\u0430\u044f \u043e\u0431\u0440\u0430\u0431\u043e\u0442\u043a\u0430 &nbsp;","breadcrumb":{"@id":"https:\/\/www.naturadk.eu\/ru\/%D0%BE%D0%B1%D1%80%D0%B0%D0%B1%D0%BE%D1%82%D0%BA%D0%B0\/#breadcrumb"},"inLanguage":"ru-RU","potentialAction":[{"@type":"ReadAction","target":["https:\/\/www.naturadk.eu\/ru\/%D0%BE%D0%B1%D1%80%D0%B0%D0%B1%D0%BE%D1%82%D0%BA%D0%B0\/"]}]},{"@type":"ImageObject","inLanguage":"ru-RU","@id":"https:\/\/www.naturadk.eu\/ru\/%D0%BE%D0%B1%D1%80%D0%B0%D0%B1%D0%BE%D1%82%D0%BA%D0%B0\/#primaryimage","url":"https:\/\/www.naturadk.eu\/wp-content\/uploads\/2017\/07\/cnc-obrabeni.jpg","contentUrl":"https:\/\/www.naturadk.eu\/wp-content\/uploads\/2017\/07\/cnc-obrabeni.jpg"},{"@type":"BreadcrumbList","@id":"https:\/\/www.naturadk.eu\/ru\/%D0%BE%D0%B1%D1%80%D0%B0%D0%B1%D0%BE%D1%82%D0%BA%D0%B0\/#breadcrumb","itemListElement":[{"@type":"ListItem","position":1,"name":"","item":"https:\/\/www.naturadk.eu\/ru\/"},{"@type":"ListItem","position":2,"name":"\u041c\u0430\u0448\u0438\u043d\u043e\u0441\u0442\u0440\u043e\u0435\u043d\u0438\u0435","item":"https:\/\/www.naturadk.eu\/ru\/%d0%bc%d0%b0%d1%88%d0%b8%d0%bd%d0%be%d1%81%d1%82%d1%80%d0%be%d0%b5%d0%bd%d0%b8%d0%b5\/"},{"@type":"ListItem","position":3,"name":"\u041e\u0431\u0440\u0430\u0431\u043e\u0442\u043a\u0430"}]},{"@type":"WebSite","@id":"https:\/\/www.naturadk.eu\/#website","url":"https:\/\/www.naturadk.eu\/","name":"NATURA DK, a.s.","description":"Stroj\u00edrensk\u00e1 v\u00fdroba, slu\u017eby pro zem\u011bd\u011blstv\u00ed a obchod","potentialAction":[{"@type":"SearchAction","target":{"@type":"EntryPoint","urlTemplate":"https:\/\/www.naturadk.eu\/?s={search_term_string}"},"query-input":{"@type":"PropertyValueSpecification","valueRequired":true,"valueName":"search_term_string"}}],"inLanguage":"ru-RU"}]}},"_links":{"self":[{"href":"https:\/\/www.naturadk.eu\/ru\/wp-json\/wp\/v2\/pages\/900","targetHints":{"allow":["GET"]}}],"collection":[{"href":"https:\/\/www.naturadk.eu\/ru\/wp-json\/wp\/v2\/pages"}],"about":[{"href":"https:\/\/www.naturadk.eu\/ru\/wp-json\/wp\/v2\/types\/page"}],"author":[{"embeddable":true,"href":"https:\/\/www.naturadk.eu\/ru\/wp-json\/wp\/v2\/users\/1"}],"replies":[{"embeddable":true,"href":"https:\/\/www.naturadk.eu\/ru\/wp-json\/wp\/v2\/comments?post=900"}],"version-history":[{"count":3,"href":"https:\/\/www.naturadk.eu\/ru\/wp-json\/wp\/v2\/pages\/900\/revisions"}],"predecessor-version":[{"id":3229,"href":"https:\/\/www.naturadk.eu\/ru\/wp-json\/wp\/v2\/pages\/900\/revisions\/3229"}],"up":[{"embeddable":true,"href":"https:\/\/www.naturadk.eu\/ru\/wp-json\/wp\/v2\/pages\/876"}],"wp:attachment":[{"href":"https:\/\/www.naturadk.eu\/ru\/wp-json\/wp\/v2\/media?parent=900"}],"curies":[{"name":"wp","href":"https:\/\/api.w.org\/{rel}","templated":true}]}}