{"id":905,"date":"2017-07-27T15:29:45","date_gmt":"2017-07-27T13:29:45","guid":{"rendered":"https:\/\/www.naturadk.eu\/?page_id=905\/"},"modified":"2021-07-28T11:21:32","modified_gmt":"2021-07-28T09:21:32","slug":"%d1%81%d0%b3%d0%b8%d0%b1%d0%b0%d0%bd%d0%b8%d0%b5","status":"publish","type":"page","link":"https:\/\/www.naturadk.eu\/ru\/%D1%81%D0%B3%D0%B8%D0%B1%D0%B0%D0%BD%D0%B8%D0%B5\/","title":{"rendered":"\u0421\u0433\u0438\u0431\u0430\u043d\u0438\u0435"},"content":{"rendered":"<div class=\"row\">\n<div class=\"col-sm-4\">\n<p><a href=\"https:\/\/www.naturadk.eu\/wp-content\/uploads\/2021\/07\/699_detail.jpg\"><img loading=\"lazy\" decoding=\"async\" class=\"center-block img-thumbnail cesize-medium alignnone wp-image-2814 size-medium\" src=\"https:\/\/www.naturadk.eu\/wp-content\/uploads\/2021\/07\/699_detail-300x230.jpg\" alt=\"\" width=\"300\" height=\"230\" srcset=\"https:\/\/www.naturadk.eu\/wp-content\/uploads\/2021\/07\/699_detail-300x230.jpg 300w, https:\/\/www.naturadk.eu\/wp-content\/uploads\/2021\/07\/699_detail-1024x786.jpg 1024w, https:\/\/www.naturadk.eu\/wp-content\/uploads\/2021\/07\/699_detail-768x590.jpg 768w, https:\/\/www.naturadk.eu\/wp-content\/uploads\/2021\/07\/699_detail.jpg 1407w\" sizes=\"auto, (max-width: 300px) 100vw, 300px\" \/><\/a><\/p>\n<div class=\"clearfix visible-xs\"><\/div>\n<\/div>\n<div class=\"col-sm-8\">\n<p>We perform CNC bending of steel and stainless steel sheets on the TRUMPF TruBend 5230 machine.<\/p>\n<ul style=\"list-style-type: disc;\">\n<li>Pressing force _ 2&nbsp;300 kN<\/li>\n<li>Edging length _ 3&nbsp;230 mm<\/li>\n<li>Free passage between stands _ 2&nbsp;690 mm<\/li>\n<li>Max. distance table &#8212; ram _ 735 mm<\/li>\n<li>Positional accuracy: Y axis 0.005 mm, X axis 0.04 mm, R axis 0.08 mm<\/li>\n<li>Hydraulic TRUMPF tool holder<\/li>\n<li>5-axis rear stop (X-, Delta X-, R-, Z1- and Z2-axis)<\/li>\n<li>ACB Wireless &#8212; automatically controlled bending<\/li>\n<li>CNC &#8212; controlled wedge bombing<\/li>\n<\/ul>\n<\/div>\n<\/div>\n<div class=\"row odstavecRada\">\n<h4 class=\"col-xs-12\">\u0420\u0435\u0444\u0435\u0440\u0435\u043d\u0446\u0438\u0438<\/h4>\n<div class=\"col-sm-6\">\n<ul>\n<li><strong>B.Teupen maschinenbau GmbH<\/strong><br \/>\n\u0413-\u043d. Schevel \u2013 0049&nbsp;1726&nbsp;1912&nbsp;89<\/li>\n<li><strong>Bednar Strom s.r.o.<\/strong><br \/>\nP\u00ed. Votroubkov\u00e1 \u2013 725\u00a0687\u00a0216<\/li>\n<li><strong>Bresskamp s.r.o.<\/strong><br \/>\n\u0413-\u043d. Fetting \u2013 495\u00a0581\u00a0788<\/li>\n<li><strong>Neuh\u00e4user GmbH<\/strong><br \/>\n\u0413-\u043d. Gemaioglu \u2013 0049&nbsp;1621&nbsp;3912&nbsp;04<\/li>\n<li><strong>TMW, a.s.<\/strong><br \/>\n\u0413-\u043d. Tlamicha \u2013 724\u00a0233\u00a0661<\/li>\n<\/ul>\n<\/div>\n<div class=\"col-sm-6\">\n<ul>\n<li><strong>Cime, s.r.o.<\/strong><br \/>\nP\u00ed. Turkov\u00e1 \u2013 565\u00a0323\u00a0148<\/li>\n<li><strong>CTS Servis, a.s.<\/strong><br \/>\n\u0413-\u043d. V\u00e1cha \u2013 731\u00a0412&nbsp;779<\/li>\n<li><strong>Entros Sp. Z&nbsp;o. o.<\/strong><br \/>\n\u0413-\u043d. Pogubilo \u2013 0048&nbsp;17&nbsp;789&nbsp;22&nbsp;39<\/li>\n<li><strong>ALFASKLAD<\/strong><br \/>\n\u0413-\u043d. Khodakov \u2013 00375&nbsp;29&nbsp;652&nbsp;64&nbsp;66<\/li>\n<\/ul>\n<\/div>\n<\/div>\n<div id=\"black-studio-tinymce-38\" class=\"widget widget_black_studio_tinymce amr_widget\"><div class=\"textwidget\"><hr>\r\n<div class=\"col-xs-12\">\r\n<div class=\"row formular-bg\">\r\n<div class=\"col-xs-12\">\r\n<h2 class=\"col-xs-12\">\u0423 \u0412\u0430\u0441 \u0435\u0441\u0442\u044c \u0432\u043e\u043f\u0440\u043e\u0441\u044b? \u041d\u0430\u043f\u0438\u0448\u0438\u0442\u0435 \u043d\u0430\u043c.<\/h2>\r\n<div class=\"col-xs-12\">\n<div class=\"wpcf7 no-js\" id=\"wpcf7-f1245-o1\" lang=\"cs-CZ\" dir=\"ltr\" data-wpcf7-id=\"1245\">\n<div class=\"screen-reader-response\"><p role=\"status\" aria-live=\"polite\" aria-atomic=\"true\"><\/p> <ul><\/ul><\/div>\n<form action=\"\/ru\/wp-json\/wp\/v2\/pages\/905#wpcf7-f1245-o1\" method=\"post\" class=\"wpcf7-form init form-horizontal\" aria-label=\"Kontaktn\u00ed formul\u00e1\u0159\" novalidate=\"novalidate\" data-status=\"init\">\n<fieldset class=\"hidden-fields-container\"><input type=\"hidden\" name=\"_wpcf7\" value=\"1245\" \/><input type=\"hidden\" name=\"_wpcf7_version\" value=\"6.1.5\" \/><input type=\"hidden\" name=\"_wpcf7_locale\" value=\"cs_CZ\" \/><input type=\"hidden\" name=\"_wpcf7_unit_tag\" value=\"wpcf7-f1245-o1\" \/><input type=\"hidden\" name=\"_wpcf7_container_post\" value=\"0\" \/><input type=\"hidden\" name=\"_wpcf7_posted_data_hash\" value=\"\" \/>\n<\/fieldset>\n<div class=\"form-group your-subject\"><label class=\" control-label col-sm-3\" for=\"zamknute\">\u041f\u0440\u0435\u0434\u043c\u0435\u0442<\/label><div class=\"col-sm-9\"><input class=\"wpcf7-form-control wpcf7-text form-control\" id=\"zamknute\" name=\"your-subject\" type=\"text\" value=\"\" aria-invalid=\"false\"><\/div><\/div>\n<div class=\"form-group your-name\"><label class=\" control-label col-sm-3\">\u0412\u0430\u0448\u0435 \u0438\u043c\u044f<\/label><div class=\"col-sm-9\"><input class=\"wpcf7-form-control wpcf7-text form-control\" name=\"your-name\" type=\"text\" value=\"\" aria-invalid=\"false\"><\/div><\/div>\n<div class=\"form-group your-email\"><label class=\" control-label col-sm-3\">\u0412\u0430\u0448 \u044d\u043b. \u0430\u0434\u0440\u0435\u0441 <span class=\"required\">*<\/span><\/label><div class=\"col-sm-9\"><input class=\"wpcf7-form-control wpcf7-email wpcf7-validates-as-required wpcf7-text wpcf7-validates-as-email form-control\" name=\"your-email\" type=\"email\" value=\"\" aria-invalid=\"false\" aria-required=\"true\" required><\/div><\/div>\n<div class=\"form-group your-phone\"><label class=\" control-label col-sm-3\">\u0412\u0430\u0448 \u0442\u0435\u043b\u0435\u0444\u043e\u043d<\/label><div class=\"col-sm-9\"><input class=\"wpcf7-form-control wpcf7-text form-control\" name=\"your-phone\" type=\"text\" value=\"\" aria-invalid=\"false\"><\/div><\/div>\n<div class=\"form-group your-message\"><label class=\" control-label col-sm-3\">\u0412\u043e\u043f\u0440\u043e\u0441 <span class=\"required\">*<\/span><\/label><div class=\"col-sm-9\"><textarea class=\"wpcf7-form-control wpcf7-textarea wpcf7-validates-as-required form-control\" name=\"your-message\" rows=\"4\" aria-invalid=\"false\" aria-required=\"true\" required><\/textarea><\/div><\/div>\n<span id=\"wpcf7-6a030ea3c8cb9-wrapper\" class=\"wpcf7-form-control-wrap City-wrap\" ><input type=\"hidden\" name=\"City-time-start\" value=\"1778585251\"><input type=\"hidden\" name=\"City-time-check\" value=\"6\"><label for=\"wpcf7-6a030ea3c8cb9-field\" class=\"hp-message\">Ponechte toto pole pr\u00e1zdn\u00e9.<\/label><input id=\"wpcf7-6a030ea3c8cb9-field\"  class=\"wpcf7-form-control wpcf7-text\" type=\"text\" name=\"City\" value=\"\" size=\"40\" tabindex=\"-1\" autocomplete=\"new-password\" \/><\/span>\n<div class=\"form-group\"><div class=\"col-sm-9 col-sm-offset-3\"><input class=\"wpcf7-form-control wpcf7-submit btn btn-success btn-lg\" type=\"submit\" value=\"\u043e\u0442\u043f\u0440\u0430\u0432\u0438\u0442\u044c \u0441\u043e\u043e\u0431\u0449\u0435\u043d\u0438\u0435\"><\/div><\/div><div class=\"wpcf7-response-output alert alert-warning\"><\/div>\n<\/form>\n<\/div>\n<\/div>\r\n<\/div>\r\n<\/div>\r\n<\/div>\r\n<div class=\"clearfix\">&nbsp;<\/div><\/div><\/div>\n","protected":false},"excerpt":{"rendered":"<p>We perform CNC bending of steel and stainless steel sheets on the TRUMPF TruBend 5230 machine. Pressing force _ 2&nbsp;300 kN Edging length _ 3&nbsp;230 mm Free passage between stands _ 2&nbsp;690 mm Max. distance table &#8212; ram _ 735 mm Positional accuracy: Y axis 0.005 mm, X axis 0.04 mm, R axis 0.08 mm &hellip;<\/p>\n","protected":false},"author":1,"featured_media":0,"parent":876,"menu_order":0,"comment_status":"closed","ping_status":"closed","template":"","meta":{"footnotes":""},"class_list":["post-905","page","type-page","status-publish","hentry"],"yoast_head":"<!-- This site is optimized with the Yoast SEO plugin v26.9 - https:\/\/yoast.com\/product\/yoast-seo-wordpress\/ -->\n<title>\u0421\u0433\u0438\u0431\u0430\u043d\u0438\u0435 - NATURA DK, a.s.<\/title>\n<meta name=\"description\" content=\"We perform CNC bending of steel and stainless steel sheets on the TRUMPF TruBend 5230 machine. Pressing force _ 2 300 kN Edging length _ 3 230 mm Free\" \/>\n<meta name=\"robots\" content=\"index, follow, max-snippet:-1, max-image-preview:large, max-video-preview:-1\" \/>\n<link rel=\"canonical\" href=\"https:\/\/www.naturadk.eu\/ru\/\u0441\u0433\u0438\u0431\u0430\u043d\u0438\u0435\/\" \/>\n<meta property=\"og:locale\" content=\"ru_RU\" \/>\n<meta property=\"og:type\" content=\"article\" \/>\n<meta property=\"og:title\" content=\"\u0421\u0433\u0438\u0431\u0430\u043d\u0438\u0435 - NATURA DK, a.s.\" \/>\n<meta property=\"og:description\" content=\"We perform CNC bending of steel and stainless steel sheets on the TRUMPF TruBend 5230 machine. Pressing force _ 2 300 kN Edging length _ 3 230 mm Free\" \/>\n<meta property=\"og:url\" content=\"https:\/\/www.naturadk.eu\/ru\/\u0441\u0433\u0438\u0431\u0430\u043d\u0438\u0435\/\" \/>\n<meta property=\"og:site_name\" content=\"NATURA DK, a.s.\" \/>\n<meta property=\"article:modified_time\" content=\"2021-07-28T09:21:32+00:00\" \/>\n<meta property=\"og:image\" content=\"https:\/\/www.naturadk.eu\/wp-content\/uploads\/2021\/07\/699_detail-300x230.jpg\" \/>\n<meta name=\"twitter:card\" content=\"summary_large_image\" \/>\n<meta name=\"twitter:label1\" content=\"\u041f\u0440\u0438\u043c\u0435\u0440\u043d\u043e\u0435 \u0432\u0440\u0435\u043c\u044f \u0434\u043b\u044f \u0447\u0442\u0435\u043d\u0438\u044f\" \/>\n\t<meta name=\"twitter:data1\" content=\"1 \u043c\u0438\u043d\u0443\u0442\u0430\" \/>\n<script type=\"application\/ld+json\" class=\"yoast-schema-graph\">{\"@context\":\"https:\/\/schema.org\",\"@graph\":[{\"@type\":\"WebPage\",\"@id\":\"https:\/\/www.naturadk.eu\/ru\/%D1%81%D0%B3%D0%B8%D0%B1%D0%B0%D0%BD%D0%B8%D0%B5\/\",\"url\":\"https:\/\/www.naturadk.eu\/ru\/%D1%81%D0%B3%D0%B8%D0%B1%D0%B0%D0%BD%D0%B8%D0%B5\/\",\"name\":\"\u0421\u0433\u0438\u0431\u0430\u043d\u0438\u0435 - NATURA DK, a.s.\",\"isPartOf\":{\"@id\":\"https:\/\/www.naturadk.eu\/#website\"},\"primaryImageOfPage\":{\"@id\":\"https:\/\/www.naturadk.eu\/ru\/%D1%81%D0%B3%D0%B8%D0%B1%D0%B0%D0%BD%D0%B8%D0%B5\/#primaryimage\"},\"image\":{\"@id\":\"https:\/\/www.naturadk.eu\/ru\/%D1%81%D0%B3%D0%B8%D0%B1%D0%B0%D0%BD%D0%B8%D0%B5\/#primaryimage\"},\"thumbnailUrl\":\"https:\/\/www.naturadk.eu\/wp-content\/uploads\/2021\/07\/699_detail-300x230.jpg\",\"datePublished\":\"2017-07-27T13:29:45+00:00\",\"dateModified\":\"2021-07-28T09:21:32+00:00\",\"description\":\"We perform CNC bending of steel and stainless steel sheets on the TRUMPF TruBend 5230 machine. Pressing force _ 2 300 kN Edging length _ 3 230 mm Free\",\"breadcrumb\":{\"@id\":\"https:\/\/www.naturadk.eu\/ru\/%D1%81%D0%B3%D0%B8%D0%B1%D0%B0%D0%BD%D0%B8%D0%B5\/#breadcrumb\"},\"inLanguage\":\"ru-RU\",\"potentialAction\":[{\"@type\":\"ReadAction\",\"target\":[\"https:\/\/www.naturadk.eu\/ru\/%D1%81%D0%B3%D0%B8%D0%B1%D0%B0%D0%BD%D0%B8%D0%B5\/\"]}]},{\"@type\":\"ImageObject\",\"inLanguage\":\"ru-RU\",\"@id\":\"https:\/\/www.naturadk.eu\/ru\/%D1%81%D0%B3%D0%B8%D0%B1%D0%B0%D0%BD%D0%B8%D0%B5\/#primaryimage\",\"url\":\"https:\/\/www.naturadk.eu\/wp-content\/uploads\/2021\/07\/699_detail-300x230.jpg\",\"contentUrl\":\"https:\/\/www.naturadk.eu\/wp-content\/uploads\/2021\/07\/699_detail-300x230.jpg\"},{\"@type\":\"BreadcrumbList\",\"@id\":\"https:\/\/www.naturadk.eu\/ru\/%D1%81%D0%B3%D0%B8%D0%B1%D0%B0%D0%BD%D0%B8%D0%B5\/#breadcrumb\",\"itemListElement\":[{\"@type\":\"ListItem\",\"position\":1,\"name\":\"\",\"item\":\"https:\/\/www.naturadk.eu\/ru\/\"},{\"@type\":\"ListItem\",\"position\":2,\"name\":\"\u041c\u0430\u0448\u0438\u043d\u043e\u0441\u0442\u0440\u043e\u0435\u043d\u0438\u0435\",\"item\":\"https:\/\/www.naturadk.eu\/ru\/%d0%bc%d0%b0%d1%88%d0%b8%d0%bd%d0%be%d1%81%d1%82%d1%80%d0%be%d0%b5%d0%bd%d0%b8%d0%b5\/\"},{\"@type\":\"ListItem\",\"position\":3,\"name\":\"\u0421\u0433\u0438\u0431\u0430\u043d\u0438\u0435\"}]},{\"@type\":\"WebSite\",\"@id\":\"https:\/\/www.naturadk.eu\/#website\",\"url\":\"https:\/\/www.naturadk.eu\/\",\"name\":\"NATURA DK, a.s.\",\"description\":\"Stroj\u00edrensk\u00e1 v\u00fdroba, slu\u017eby pro zem\u011bd\u011blstv\u00ed a obchod\",\"potentialAction\":[{\"@type\":\"SearchAction\",\"target\":{\"@type\":\"EntryPoint\",\"urlTemplate\":\"https:\/\/www.naturadk.eu\/?s={search_term_string}\"},\"query-input\":{\"@type\":\"PropertyValueSpecification\",\"valueRequired\":true,\"valueName\":\"search_term_string\"}}],\"inLanguage\":\"ru-RU\"}]}<\/script>\n<!-- \/ Yoast SEO plugin. -->","yoast_head_json":{"title":"\u0421\u0433\u0438\u0431\u0430\u043d\u0438\u0435 - NATURA DK, a.s.","description":"We perform CNC bending of steel and stainless steel sheets on the TRUMPF TruBend 5230 machine. Pressing force _ 2 300 kN Edging length _ 3 230 mm Free","robots":{"index":"index","follow":"follow","max-snippet":"max-snippet:-1","max-image-preview":"max-image-preview:large","max-video-preview":"max-video-preview:-1"},"canonical":"https:\/\/www.naturadk.eu\/ru\/\u0441\u0433\u0438\u0431\u0430\u043d\u0438\u0435\/","og_locale":"ru_RU","og_type":"article","og_title":"\u0421\u0433\u0438\u0431\u0430\u043d\u0438\u0435 - NATURA DK, a.s.","og_description":"We perform CNC bending of steel and stainless steel sheets on the TRUMPF TruBend 5230 machine. Pressing force _ 2 300 kN Edging length _ 3 230 mm Free","og_url":"https:\/\/www.naturadk.eu\/ru\/\u0441\u0433\u0438\u0431\u0430\u043d\u0438\u0435\/","og_site_name":"NATURA DK, a.s.","article_modified_time":"2021-07-28T09:21:32+00:00","og_image":[{"url":"https:\/\/www.naturadk.eu\/wp-content\/uploads\/2021\/07\/699_detail-300x230.jpg","type":"","width":"","height":""}],"twitter_card":"summary_large_image","twitter_misc":{"\u041f\u0440\u0438\u043c\u0435\u0440\u043d\u043e\u0435 \u0432\u0440\u0435\u043c\u044f \u0434\u043b\u044f \u0447\u0442\u0435\u043d\u0438\u044f":"1 \u043c\u0438\u043d\u0443\u0442\u0430"},"schema":{"@context":"https:\/\/schema.org","@graph":[{"@type":"WebPage","@id":"https:\/\/www.naturadk.eu\/ru\/%D1%81%D0%B3%D0%B8%D0%B1%D0%B0%D0%BD%D0%B8%D0%B5\/","url":"https:\/\/www.naturadk.eu\/ru\/%D1%81%D0%B3%D0%B8%D0%B1%D0%B0%D0%BD%D0%B8%D0%B5\/","name":"\u0421\u0433\u0438\u0431\u0430\u043d\u0438\u0435 - NATURA DK, a.s.","isPartOf":{"@id":"https:\/\/www.naturadk.eu\/#website"},"primaryImageOfPage":{"@id":"https:\/\/www.naturadk.eu\/ru\/%D1%81%D0%B3%D0%B8%D0%B1%D0%B0%D0%BD%D0%B8%D0%B5\/#primaryimage"},"image":{"@id":"https:\/\/www.naturadk.eu\/ru\/%D1%81%D0%B3%D0%B8%D0%B1%D0%B0%D0%BD%D0%B8%D0%B5\/#primaryimage"},"thumbnailUrl":"https:\/\/www.naturadk.eu\/wp-content\/uploads\/2021\/07\/699_detail-300x230.jpg","datePublished":"2017-07-27T13:29:45+00:00","dateModified":"2021-07-28T09:21:32+00:00","description":"We perform CNC bending of steel and stainless steel sheets on the TRUMPF TruBend 5230 machine. Pressing force _ 2 300 kN Edging length _ 3 230 mm Free","breadcrumb":{"@id":"https:\/\/www.naturadk.eu\/ru\/%D1%81%D0%B3%D0%B8%D0%B1%D0%B0%D0%BD%D0%B8%D0%B5\/#breadcrumb"},"inLanguage":"ru-RU","potentialAction":[{"@type":"ReadAction","target":["https:\/\/www.naturadk.eu\/ru\/%D1%81%D0%B3%D0%B8%D0%B1%D0%B0%D0%BD%D0%B8%D0%B5\/"]}]},{"@type":"ImageObject","inLanguage":"ru-RU","@id":"https:\/\/www.naturadk.eu\/ru\/%D1%81%D0%B3%D0%B8%D0%B1%D0%B0%D0%BD%D0%B8%D0%B5\/#primaryimage","url":"https:\/\/www.naturadk.eu\/wp-content\/uploads\/2021\/07\/699_detail-300x230.jpg","contentUrl":"https:\/\/www.naturadk.eu\/wp-content\/uploads\/2021\/07\/699_detail-300x230.jpg"},{"@type":"BreadcrumbList","@id":"https:\/\/www.naturadk.eu\/ru\/%D1%81%D0%B3%D0%B8%D0%B1%D0%B0%D0%BD%D0%B8%D0%B5\/#breadcrumb","itemListElement":[{"@type":"ListItem","position":1,"name":"","item":"https:\/\/www.naturadk.eu\/ru\/"},{"@type":"ListItem","position":2,"name":"\u041c\u0430\u0448\u0438\u043d\u043e\u0441\u0442\u0440\u043e\u0435\u043d\u0438\u0435","item":"https:\/\/www.naturadk.eu\/ru\/%d0%bc%d0%b0%d1%88%d0%b8%d0%bd%d0%be%d1%81%d1%82%d1%80%d0%be%d0%b5%d0%bd%d0%b8%d0%b5\/"},{"@type":"ListItem","position":3,"name":"\u0421\u0433\u0438\u0431\u0430\u043d\u0438\u0435"}]},{"@type":"WebSite","@id":"https:\/\/www.naturadk.eu\/#website","url":"https:\/\/www.naturadk.eu\/","name":"NATURA DK, a.s.","description":"Stroj\u00edrensk\u00e1 v\u00fdroba, slu\u017eby pro zem\u011bd\u011blstv\u00ed a obchod","potentialAction":[{"@type":"SearchAction","target":{"@type":"EntryPoint","urlTemplate":"https:\/\/www.naturadk.eu\/?s={search_term_string}"},"query-input":{"@type":"PropertyValueSpecification","valueRequired":true,"valueName":"search_term_string"}}],"inLanguage":"ru-RU"}]}},"_links":{"self":[{"href":"https:\/\/www.naturadk.eu\/ru\/wp-json\/wp\/v2\/pages\/905","targetHints":{"allow":["GET"]}}],"collection":[{"href":"https:\/\/www.naturadk.eu\/ru\/wp-json\/wp\/v2\/pages"}],"about":[{"href":"https:\/\/www.naturadk.eu\/ru\/wp-json\/wp\/v2\/types\/page"}],"author":[{"embeddable":true,"href":"https:\/\/www.naturadk.eu\/ru\/wp-json\/wp\/v2\/users\/1"}],"replies":[{"embeddable":true,"href":"https:\/\/www.naturadk.eu\/ru\/wp-json\/wp\/v2\/comments?post=905"}],"version-history":[{"count":4,"href":"https:\/\/www.naturadk.eu\/ru\/wp-json\/wp\/v2\/pages\/905\/revisions"}],"predecessor-version":[{"id":2833,"href":"https:\/\/www.naturadk.eu\/ru\/wp-json\/wp\/v2\/pages\/905\/revisions\/2833"}],"up":[{"embeddable":true,"href":"https:\/\/www.naturadk.eu\/ru\/wp-json\/wp\/v2\/pages\/876"}],"wp:attachment":[{"href":"https:\/\/www.naturadk.eu\/ru\/wp-json\/wp\/v2\/media?parent=905"}],"curies":[{"name":"wp","href":"https:\/\/api.w.org\/{rel}","templated":true}]}}