{"id":909,"date":"2017-07-27T15:31:00","date_gmt":"2017-07-27T13:31:00","guid":{"rendered":"https:\/\/www.naturadk.eu\/?page_id=909\/"},"modified":"2017-07-28T16:23:23","modified_gmt":"2017-07-28T14:23:23","slug":"%d0%bf%d0%be%d0%b2%d0%b5%d1%80%d1%85%d0%bd%d0%be%d1%81%d1%82%d0%bd%d0%b0%d1%8f-%d0%be%d0%b1%d1%80%d0%b0%d0%b1%d0%be%d1%82%d0%ba%d0%b0","status":"publish","type":"page","link":"https:\/\/www.naturadk.eu\/ru\/%D0%BF%D0%BE%D0%B2%D0%B5%D1%80%D1%85%D0%BD%D0%BE%D1%81%D1%82%D0%BD%D0%B0%D1%8F-%D0%BE%D0%B1%D1%80%D0%B0%D0%B1%D0%BE%D1%82%D0%BA%D0%B0\/","title":{"rendered":"\u041f\u043e\u0432\u0435\u0440\u0445\u043d\u043e\u0441\u0442\u043d\u0430\u044f \u043e\u0431\u0440\u0430\u0431\u043e\u0442\u043a\u0430"},"content":{"rendered":"<div class=\"col-sm-4\">\n\t<a href=\"https:\/\/www.naturadk.eu\/wp-content\/uploads\/2017\/07\/povrchove-upravy-1.jpg\" title=\"\u041f\u043e\u0432\u0435\u0440\u0445\u043d\u043e\u0441\u0442\u043d\u0430\u044f \u043e\u0431\u0440\u0430\u0431\u043e\u0442\u043a\u0430\" class=\"alignnone size-full wp-image-298\"><br \/>\n\t\t<img loading=\"lazy\" decoding=\"async\" src=\"https:\/\/www.naturadk.eu\/wp-content\/uploads\/2017\/07\/povrchove-upravy-1-300x199.jpg\" alt=\"\u041f\u043e\u0432\u0435\u0440\u0445\u043d\u043e\u0441\u0442\u043d\u0430\u044f \u043e\u0431\u0440\u0430\u0431\u043e\u0442\u043a\u0430\" width=\"300\" height=\"199\" class=\"alignnone center-block img-thumbnail cesize-medium wp-image-298\" srcset=\"https:\/\/www.naturadk.eu\/wp-content\/uploads\/2017\/07\/povrchove-upravy-1-300x199.jpg 300w, https:\/\/www.naturadk.eu\/wp-content\/uploads\/2017\/07\/povrchove-upravy-1-768x510.jpg 768w, https:\/\/www.naturadk.eu\/wp-content\/uploads\/2017\/07\/povrchove-upravy-1.jpg 850w\" sizes=\"auto, (max-width: 300px) 100vw, 300px\" \/><br \/>\n\t<\/a>\n<\/div>\n<div class=\"col-sm-8\">\n<p>\u041e\u0441\u0443\u0449\u0435\u0441\u0442\u0432\u043b\u044f\u0435\u043c \u043f\u043e\u0432\u0435\u0440\u0445\u043d\u043e\u0441\u0442\u043d\u0443\u044e \u043e\u0431\u0440\u0430\u0431\u043e\u0442\u043a\u0443 *\u043f\u0435\u0441\u043a\u043e\u0441\u0442\u0440\u0443\u0439\u043d\u044b\u0439 \u0441\u0442\u0430\u043b\u044c\u043d\u043e\u0439 \u0430\u0431\u0440\u0430\u0437\u0438\u0432*.<\/p>\n<p>\u041e\u0431\u0435\u0441\u043f\u0435\u0447\u0438\u0432\u0430\u0435\u043c \u0432\u0441\u0435 \u0432\u0438\u0434\u044b \u043f\u043e\u0432\u0435\u0440\u0445\u043d\u043e\u0441\u0442\u043d\u043e\u0439 \u043e\u0431\u0440\u0430\u0431\u043e\u0442\u043a\u0438 \u043c\u0430\u0442\u0435\u0440\u0438\u0430\u043b\u043e\u0432 \u2013 \u043a\u043e\u043c\u0430\u043a\u0441\u0438\u0442 (\u043f\u043e\u0440\u043e\u0448\u043a\u043e\u0432\u043e\u0435 \u043f\u043e\u043a\u0440\u044b\u0442\u0438\u0435), \u043c\u043e\u043a\u0440\u043e\u0435 \u043d\u0430\u043f\u044b\u043b\u0435\u043d\u0438\u0435, \u0446\u0438\u043d\u043a.<\/p>\n<\/p><\/div>\n<div class=\"clearfix\">&nbsp;<\/div>\n<div class=\"row odstavecRada\">\n<h4 class=\"col-xs-12\">\u0420\u0435\u0444\u0435\u0440\u0435\u043d\u0446\u0438\u0438<\/h4>\n<div class=\"col-sm-6\">\n<ul>\n<li><strong>B.Teupen maschinenbau GmbH<\/strong><br \/>\u0413-\u043d. Schevel \u2013 0049&nbsp;1726&nbsp;1912&nbsp;89<\/li>\n<li><strong>Bednar Strom s.r.o.<\/strong><br \/>\u0413-\u0436\u0430. Votroubkov\u00e1 \u2013 725&nbsp;687&nbsp;216<\/li>\n<li><strong>Bresskamp s.r.o.<\/strong><br \/>\u0413-\u043d. Fetting \u2013 495&nbsp;581&nbsp;788<\/li>\n<li><strong>Neuh\u00e4user GmbH<\/strong><br \/>\u0413-\u043d. Gemaioglu \u2013 0049&nbsp;1621&nbsp;3912&nbsp;04<\/li>\n<li><strong>TMW, a.s.<\/strong><br \/>\u0413-\u043d. Tlamicha \u2013 724&nbsp;233&nbsp;661<\/li>\n<\/ul><\/div>\n<div class=\"col-sm-6\">\n<ul>\n<li><strong>Cime, s.r.o.<\/strong><br \/>\u0413-\u0436\u0430. Turkov\u00e1 \u2013 565&nbsp;323&nbsp;148<\/li>\n<li><strong>CTS Servis, a.s.<\/strong><br \/>\u0413-\u043d. V\u00e1cha \u2013 731&nbsp;412&nbsp;779<\/li>\n<li><strong>Entros Sp. Z&nbsp;o. o.<\/strong><br \/>\u0413-\u043d. Pogubilo \u2013 0048&nbsp;17&nbsp;789&nbsp;22&nbsp;39<\/li>\n<li><strong>ALFASKLAD<\/strong><br \/>\u0413-\u043d. Khodakov \u2013 00375&nbsp;29&nbsp;652&nbsp;64&nbsp;66<\/li>\n<\/ul><\/div>\n<\/div>\n<div id=\"black-studio-tinymce-38\" class=\"widget widget_black_studio_tinymce amr_widget\"><div class=\"textwidget\"><hr>\r\n<div class=\"col-xs-12\">\r\n<div class=\"row formular-bg\">\r\n<div class=\"col-xs-12\">\r\n<h2 class=\"col-xs-12\">\u0423 \u0412\u0430\u0441 \u0435\u0441\u0442\u044c \u0432\u043e\u043f\u0440\u043e\u0441\u044b? \u041d\u0430\u043f\u0438\u0448\u0438\u0442\u0435 \u043d\u0430\u043c.<\/h2>\r\n<div class=\"col-xs-12\">\n<div class=\"wpcf7 no-js\" id=\"wpcf7-f1245-o1\" lang=\"cs-CZ\" dir=\"ltr\" data-wpcf7-id=\"1245\">\n<div class=\"screen-reader-response\"><p role=\"status\" aria-live=\"polite\" aria-atomic=\"true\"><\/p> <ul><\/ul><\/div>\n<form action=\"\/ru\/wp-json\/wp\/v2\/pages\/909#wpcf7-f1245-o1\" method=\"post\" class=\"wpcf7-form init form-horizontal\" aria-label=\"Kontaktn\u00ed formul\u00e1\u0159\" novalidate=\"novalidate\" data-status=\"init\">\n<fieldset class=\"hidden-fields-container\"><input type=\"hidden\" name=\"_wpcf7\" value=\"1245\" \/><input type=\"hidden\" name=\"_wpcf7_version\" value=\"6.1.5\" \/><input type=\"hidden\" name=\"_wpcf7_locale\" value=\"cs_CZ\" \/><input type=\"hidden\" name=\"_wpcf7_unit_tag\" value=\"wpcf7-f1245-o1\" \/><input type=\"hidden\" name=\"_wpcf7_container_post\" value=\"0\" \/><input type=\"hidden\" name=\"_wpcf7_posted_data_hash\" value=\"\" \/>\n<\/fieldset>\n<div class=\"form-group your-subject\"><label class=\" control-label col-sm-3\" for=\"zamknute\">\u041f\u0440\u0435\u0434\u043c\u0435\u0442<\/label><div class=\"col-sm-9\"><input class=\"wpcf7-form-control wpcf7-text form-control\" id=\"zamknute\" name=\"your-subject\" type=\"text\" value=\"\" aria-invalid=\"false\"><\/div><\/div>\n<div class=\"form-group your-name\"><label class=\" control-label col-sm-3\">\u0412\u0430\u0448\u0435 \u0438\u043c\u044f<\/label><div class=\"col-sm-9\"><input class=\"wpcf7-form-control wpcf7-text form-control\" name=\"your-name\" type=\"text\" value=\"\" aria-invalid=\"false\"><\/div><\/div>\n<div class=\"form-group your-email\"><label class=\" control-label col-sm-3\">\u0412\u0430\u0448 \u044d\u043b. \u0430\u0434\u0440\u0435\u0441 <span class=\"required\">*<\/span><\/label><div class=\"col-sm-9\"><input class=\"wpcf7-form-control wpcf7-email wpcf7-validates-as-required wpcf7-text wpcf7-validates-as-email form-control\" name=\"your-email\" type=\"email\" value=\"\" aria-invalid=\"false\" aria-required=\"true\" required><\/div><\/div>\n<div class=\"form-group your-phone\"><label class=\" control-label col-sm-3\">\u0412\u0430\u0448 \u0442\u0435\u043b\u0435\u0444\u043e\u043d<\/label><div class=\"col-sm-9\"><input class=\"wpcf7-form-control wpcf7-text form-control\" name=\"your-phone\" type=\"text\" value=\"\" aria-invalid=\"false\"><\/div><\/div>\n<div class=\"form-group your-message\"><label class=\" control-label col-sm-3\">\u0412\u043e\u043f\u0440\u043e\u0441 <span class=\"required\">*<\/span><\/label><div class=\"col-sm-9\"><textarea class=\"wpcf7-form-control wpcf7-textarea wpcf7-validates-as-required form-control\" name=\"your-message\" rows=\"4\" aria-invalid=\"false\" aria-required=\"true\" required><\/textarea><\/div><\/div>\n<span id=\"wpcf7-69f381e14fc76-wrapper\" class=\"wpcf7-form-control-wrap City-wrap\" ><input type=\"hidden\" name=\"City-time-start\" value=\"1777566177\"><input type=\"hidden\" name=\"City-time-check\" value=\"6\"><label for=\"wpcf7-69f381e14fc76-field\" class=\"hp-message\">Ponechte toto pole pr\u00e1zdn\u00e9.<\/label><input id=\"wpcf7-69f381e14fc76-field\"  class=\"wpcf7-form-control wpcf7-text\" type=\"text\" name=\"City\" value=\"\" size=\"40\" tabindex=\"-1\" autocomplete=\"new-password\" \/><\/span>\n<div class=\"form-group\"><div class=\"col-sm-9 col-sm-offset-3\"><input class=\"wpcf7-form-control wpcf7-submit btn btn-success btn-lg\" type=\"submit\" value=\"\u043e\u0442\u043f\u0440\u0430\u0432\u0438\u0442\u044c \u0441\u043e\u043e\u0431\u0449\u0435\u043d\u0438\u0435\"><\/div><\/div><div class=\"wpcf7-response-output alert alert-warning\"><\/div>\n<\/form>\n<\/div>\n<\/div>\r\n<\/div>\r\n<\/div>\r\n<\/div>\r\n<div class=\"clearfix\">&nbsp;<\/div><\/div><\/div>\n","protected":false},"excerpt":{"rendered":"<p>\u041e\u0441\u0443\u0449\u0435\u0441\u0442\u0432\u043b\u044f\u0435\u043c \u043f\u043e\u0432\u0435\u0440\u0445\u043d\u043e\u0441\u0442\u043d\u0443\u044e \u043e\u0431\u0440\u0430\u0431\u043e\u0442\u043a\u0443 *\u043f\u0435\u0441\u043a\u043e\u0441\u0442\u0440\u0443\u0439\u043d\u044b\u0439 \u0441\u0442\u0430\u043b\u044c\u043d\u043e\u0439 \u0430\u0431\u0440\u0430\u0437\u0438\u0432*. \u041e\u0431\u0435\u0441\u043f\u0435\u0447\u0438\u0432\u0430\u0435\u043c \u0432\u0441\u0435 \u0432\u0438\u0434\u044b \u043f\u043e\u0432\u0435\u0440\u0445\u043d\u043e\u0441\u0442\u043d\u043e\u0439 \u043e\u0431\u0440\u0430\u0431\u043e\u0442\u043a\u0438 \u043c\u0430\u0442\u0435\u0440\u0438\u0430\u043b\u043e\u0432 \u2013 \u043a\u043e\u043c\u0430\u043a\u0441\u0438\u0442 (\u043f\u043e\u0440\u043e\u0448\u043a\u043e\u0432\u043e\u0435 \u043f\u043e\u043a\u0440\u044b\u0442\u0438\u0435), \u043c\u043e\u043a\u0440\u043e\u0435 \u043d\u0430\u043f\u044b\u043b\u0435\u043d\u0438\u0435, \u0446\u0438\u043d\u043a. &nbsp; \u0420\u0435\u0444\u0435\u0440\u0435\u043d\u0446\u0438\u0438 B.Teupen maschinenbau GmbH\u0413-\u043d. Schevel \u2013 0049&nbsp;1726&nbsp;1912&nbsp;89 Bednar Strom s.r.o.\u0413-\u0436\u0430. Votroubkov\u00e1 \u2013 725&nbsp;687&nbsp;216 Bresskamp s.r.o.\u0413-\u043d. Fetting \u2013 495&nbsp;581&nbsp;788 Neuh\u00e4user GmbH\u0413-\u043d. Gemaioglu \u2013 0049&nbsp;1621&nbsp;3912&nbsp;04 TMW, a.s.\u0413-\u043d. Tlamicha \u2013 724&nbsp;233&nbsp;661 Cime, s.r.o.\u0413-\u0436\u0430. Turkov\u00e1 \u2013 565&nbsp;323&nbsp;148 CTS Servis, &hellip;<\/p>\n","protected":false},"author":1,"featured_media":0,"parent":876,"menu_order":0,"comment_status":"closed","ping_status":"closed","template":"","meta":{"footnotes":""},"class_list":["post-909","page","type-page","status-publish","hentry"],"yoast_head":"<!-- This site is optimized with the Yoast SEO plugin v26.9 - https:\/\/yoast.com\/product\/yoast-seo-wordpress\/ -->\n<title>\u041f\u043e\u0432\u0435\u0440\u0445\u043d\u043e\u0441\u0442\u043d\u0430\u044f \u043e\u0431\u0440\u0430\u0431\u043e\u0442\u043a\u0430 - NATURA DK, a.s.<\/title>\n<meta name=\"description\" content=\"\u041e\u0441\u0443\u0449\u0435\u0441\u0442\u0432\u043b\u044f\u0435\u043c \u043f\u043e\u0432\u0435\u0440\u0445\u043d\u043e\u0441\u0442\u043d\u0443\u044e \u043e\u0431\u0440\u0430\u0431\u043e\u0442\u043a\u0443 *\u043f\u0435\u0441\u043a\u043e\u0441\u0442\u0440\u0443\u0439\u043d\u044b\u0439 \u0441\u0442\u0430\u043b\u044c\u043d\u043e\u0439 \u0430\u0431\u0440\u0430\u0437\u0438\u0432*. \u041e\u0431\u0435\u0441\u043f\u0435\u0447\u0438\u0432\u0430\u0435\u043c \u0432\u0441\u0435 \u0432\u0438\u0434\u044b \u043f\u043e\u0432\u0435\u0440\u0445\u043d\u043e\u0441\u0442\u043d\u043e\u0439 \u043e\u0431\u0440\u0430\u0431\u043e\u0442\u043a\u0438 \u043c\u0430\u0442\u0435\u0440\u0438\u0430\u043b\u043e\u0432 \u2013 \u043a\u043e\u043c\u0430\u043a\u0441\u0438\u0442 (\u043f\u043e\u0440\u043e\u0448\u043a\u043e\u0432\u043e\u0435\" \/>\n<meta name=\"robots\" content=\"index, follow, max-snippet:-1, max-image-preview:large, max-video-preview:-1\" \/>\n<link rel=\"canonical\" href=\"https:\/\/www.naturadk.eu\/ru\/\u043f\u043e\u0432\u0435\u0440\u0445\u043d\u043e\u0441\u0442\u043d\u0430\u044f-\u043e\u0431\u0440\u0430\u0431\u043e\u0442\u043a\u0430\/\" \/>\n<meta property=\"og:locale\" content=\"ru_RU\" \/>\n<meta property=\"og:type\" content=\"article\" \/>\n<meta property=\"og:title\" content=\"\u041f\u043e\u0432\u0435\u0440\u0445\u043d\u043e\u0441\u0442\u043d\u0430\u044f \u043e\u0431\u0440\u0430\u0431\u043e\u0442\u043a\u0430 - NATURA DK, a.s.\" \/>\n<meta property=\"og:description\" content=\"\u041e\u0441\u0443\u0449\u0435\u0441\u0442\u0432\u043b\u044f\u0435\u043c \u043f\u043e\u0432\u0435\u0440\u0445\u043d\u043e\u0441\u0442\u043d\u0443\u044e \u043e\u0431\u0440\u0430\u0431\u043e\u0442\u043a\u0443 *\u043f\u0435\u0441\u043a\u043e\u0441\u0442\u0440\u0443\u0439\u043d\u044b\u0439 \u0441\u0442\u0430\u043b\u044c\u043d\u043e\u0439 \u0430\u0431\u0440\u0430\u0437\u0438\u0432*. \u041e\u0431\u0435\u0441\u043f\u0435\u0447\u0438\u0432\u0430\u0435\u043c \u0432\u0441\u0435 \u0432\u0438\u0434\u044b \u043f\u043e\u0432\u0435\u0440\u0445\u043d\u043e\u0441\u0442\u043d\u043e\u0439 \u043e\u0431\u0440\u0430\u0431\u043e\u0442\u043a\u0438 \u043c\u0430\u0442\u0435\u0440\u0438\u0430\u043b\u043e\u0432 \u2013 \u043a\u043e\u043c\u0430\u043a\u0441\u0438\u0442 (\u043f\u043e\u0440\u043e\u0448\u043a\u043e\u0432\u043e\u0435\" \/>\n<meta property=\"og:url\" content=\"https:\/\/www.naturadk.eu\/ru\/\u043f\u043e\u0432\u0435\u0440\u0445\u043d\u043e\u0441\u0442\u043d\u0430\u044f-\u043e\u0431\u0440\u0430\u0431\u043e\u0442\u043a\u0430\/\" \/>\n<meta property=\"og:site_name\" content=\"NATURA DK, a.s.\" \/>\n<meta property=\"article:modified_time\" content=\"2017-07-28T14:23:23+00:00\" \/>\n<meta property=\"og:image\" content=\"https:\/\/www.naturadk.eu\/wp-content\/uploads\/2017\/07\/povrchove-upravy-1-300x199.jpg\" \/>\n<meta name=\"twitter:card\" content=\"summary_large_image\" \/>\n<script type=\"application\/ld+json\" class=\"yoast-schema-graph\">{\"@context\":\"https:\/\/schema.org\",\"@graph\":[{\"@type\":\"WebPage\",\"@id\":\"https:\/\/www.naturadk.eu\/ru\/%D0%BF%D0%BE%D0%B2%D0%B5%D1%80%D1%85%D0%BD%D0%BE%D1%81%D1%82%D0%BD%D0%B0%D1%8F-%D0%BE%D0%B1%D1%80%D0%B0%D0%B1%D0%BE%D1%82%D0%BA%D0%B0\/\",\"url\":\"https:\/\/www.naturadk.eu\/ru\/%D0%BF%D0%BE%D0%B2%D0%B5%D1%80%D1%85%D0%BD%D0%BE%D1%81%D1%82%D0%BD%D0%B0%D1%8F-%D0%BE%D0%B1%D1%80%D0%B0%D0%B1%D0%BE%D1%82%D0%BA%D0%B0\/\",\"name\":\"\u041f\u043e\u0432\u0435\u0440\u0445\u043d\u043e\u0441\u0442\u043d\u0430\u044f \u043e\u0431\u0440\u0430\u0431\u043e\u0442\u043a\u0430 - NATURA DK, a.s.\",\"isPartOf\":{\"@id\":\"https:\/\/www.naturadk.eu\/#website\"},\"primaryImageOfPage\":{\"@id\":\"https:\/\/www.naturadk.eu\/ru\/%D0%BF%D0%BE%D0%B2%D0%B5%D1%80%D1%85%D0%BD%D0%BE%D1%81%D1%82%D0%BD%D0%B0%D1%8F-%D0%BE%D0%B1%D1%80%D0%B0%D0%B1%D0%BE%D1%82%D0%BA%D0%B0\/#primaryimage\"},\"image\":{\"@id\":\"https:\/\/www.naturadk.eu\/ru\/%D0%BF%D0%BE%D0%B2%D0%B5%D1%80%D1%85%D0%BD%D0%BE%D1%81%D1%82%D0%BD%D0%B0%D1%8F-%D0%BE%D0%B1%D1%80%D0%B0%D0%B1%D0%BE%D1%82%D0%BA%D0%B0\/#primaryimage\"},\"thumbnailUrl\":\"https:\/\/www.naturadk.eu\/wp-content\/uploads\/2017\/07\/povrchove-upravy-1-300x199.jpg\",\"datePublished\":\"2017-07-27T13:31:00+00:00\",\"dateModified\":\"2017-07-28T14:23:23+00:00\",\"description\":\"\u041e\u0441\u0443\u0449\u0435\u0441\u0442\u0432\u043b\u044f\u0435\u043c \u043f\u043e\u0432\u0435\u0440\u0445\u043d\u043e\u0441\u0442\u043d\u0443\u044e \u043e\u0431\u0440\u0430\u0431\u043e\u0442\u043a\u0443 *\u043f\u0435\u0441\u043a\u043e\u0441\u0442\u0440\u0443\u0439\u043d\u044b\u0439 \u0441\u0442\u0430\u043b\u044c\u043d\u043e\u0439 \u0430\u0431\u0440\u0430\u0437\u0438\u0432*. \u041e\u0431\u0435\u0441\u043f\u0435\u0447\u0438\u0432\u0430\u0435\u043c \u0432\u0441\u0435 \u0432\u0438\u0434\u044b \u043f\u043e\u0432\u0435\u0440\u0445\u043d\u043e\u0441\u0442\u043d\u043e\u0439 \u043e\u0431\u0440\u0430\u0431\u043e\u0442\u043a\u0438 \u043c\u0430\u0442\u0435\u0440\u0438\u0430\u043b\u043e\u0432 \u2013 \u043a\u043e\u043c\u0430\u043a\u0441\u0438\u0442 (\u043f\u043e\u0440\u043e\u0448\u043a\u043e\u0432\u043e\u0435\",\"breadcrumb\":{\"@id\":\"https:\/\/www.naturadk.eu\/ru\/%D0%BF%D0%BE%D0%B2%D0%B5%D1%80%D1%85%D0%BD%D0%BE%D1%81%D1%82%D0%BD%D0%B0%D1%8F-%D0%BE%D0%B1%D1%80%D0%B0%D0%B1%D0%BE%D1%82%D0%BA%D0%B0\/#breadcrumb\"},\"inLanguage\":\"ru-RU\",\"potentialAction\":[{\"@type\":\"ReadAction\",\"target\":[\"https:\/\/www.naturadk.eu\/ru\/%D0%BF%D0%BE%D0%B2%D0%B5%D1%80%D1%85%D0%BD%D0%BE%D1%81%D1%82%D0%BD%D0%B0%D1%8F-%D0%BE%D0%B1%D1%80%D0%B0%D0%B1%D0%BE%D1%82%D0%BA%D0%B0\/\"]}]},{\"@type\":\"ImageObject\",\"inLanguage\":\"ru-RU\",\"@id\":\"https:\/\/www.naturadk.eu\/ru\/%D0%BF%D0%BE%D0%B2%D0%B5%D1%80%D1%85%D0%BD%D0%BE%D1%81%D1%82%D0%BD%D0%B0%D1%8F-%D0%BE%D0%B1%D1%80%D0%B0%D0%B1%D0%BE%D1%82%D0%BA%D0%B0\/#primaryimage\",\"url\":\"https:\/\/www.naturadk.eu\/wp-content\/uploads\/2017\/07\/povrchove-upravy-1-300x199.jpg\",\"contentUrl\":\"https:\/\/www.naturadk.eu\/wp-content\/uploads\/2017\/07\/povrchove-upravy-1-300x199.jpg\"},{\"@type\":\"BreadcrumbList\",\"@id\":\"https:\/\/www.naturadk.eu\/ru\/%D0%BF%D0%BE%D0%B2%D0%B5%D1%80%D1%85%D0%BD%D0%BE%D1%81%D1%82%D0%BD%D0%B0%D1%8F-%D0%BE%D0%B1%D1%80%D0%B0%D0%B1%D0%BE%D1%82%D0%BA%D0%B0\/#breadcrumb\",\"itemListElement\":[{\"@type\":\"ListItem\",\"position\":1,\"name\":\"\",\"item\":\"https:\/\/www.naturadk.eu\/ru\/\"},{\"@type\":\"ListItem\",\"position\":2,\"name\":\"\u041c\u0430\u0448\u0438\u043d\u043e\u0441\u0442\u0440\u043e\u0435\u043d\u0438\u0435\",\"item\":\"https:\/\/www.naturadk.eu\/ru\/%d0%bc%d0%b0%d1%88%d0%b8%d0%bd%d0%be%d1%81%d1%82%d1%80%d0%be%d0%b5%d0%bd%d0%b8%d0%b5\/\"},{\"@type\":\"ListItem\",\"position\":3,\"name\":\"\u041f\u043e\u0432\u0435\u0440\u0445\u043d\u043e\u0441\u0442\u043d\u0430\u044f \u043e\u0431\u0440\u0430\u0431\u043e\u0442\u043a\u0430\"}]},{\"@type\":\"WebSite\",\"@id\":\"https:\/\/www.naturadk.eu\/#website\",\"url\":\"https:\/\/www.naturadk.eu\/\",\"name\":\"NATURA DK, a.s.\",\"description\":\"Stroj\u00edrensk\u00e1 v\u00fdroba, slu\u017eby pro zem\u011bd\u011blstv\u00ed a obchod\",\"potentialAction\":[{\"@type\":\"SearchAction\",\"target\":{\"@type\":\"EntryPoint\",\"urlTemplate\":\"https:\/\/www.naturadk.eu\/?s={search_term_string}\"},\"query-input\":{\"@type\":\"PropertyValueSpecification\",\"valueRequired\":true,\"valueName\":\"search_term_string\"}}],\"inLanguage\":\"ru-RU\"}]}<\/script>\n<!-- \/ Yoast SEO plugin. -->","yoast_head_json":{"title":"\u041f\u043e\u0432\u0435\u0440\u0445\u043d\u043e\u0441\u0442\u043d\u0430\u044f \u043e\u0431\u0440\u0430\u0431\u043e\u0442\u043a\u0430 - NATURA DK, a.s.","description":"\u041e\u0441\u0443\u0449\u0435\u0441\u0442\u0432\u043b\u044f\u0435\u043c \u043f\u043e\u0432\u0435\u0440\u0445\u043d\u043e\u0441\u0442\u043d\u0443\u044e \u043e\u0431\u0440\u0430\u0431\u043e\u0442\u043a\u0443 *\u043f\u0435\u0441\u043a\u043e\u0441\u0442\u0440\u0443\u0439\u043d\u044b\u0439 \u0441\u0442\u0430\u043b\u044c\u043d\u043e\u0439 \u0430\u0431\u0440\u0430\u0437\u0438\u0432*. \u041e\u0431\u0435\u0441\u043f\u0435\u0447\u0438\u0432\u0430\u0435\u043c \u0432\u0441\u0435 \u0432\u0438\u0434\u044b \u043f\u043e\u0432\u0435\u0440\u0445\u043d\u043e\u0441\u0442\u043d\u043e\u0439 \u043e\u0431\u0440\u0430\u0431\u043e\u0442\u043a\u0438 \u043c\u0430\u0442\u0435\u0440\u0438\u0430\u043b\u043e\u0432 \u2013 \u043a\u043e\u043c\u0430\u043a\u0441\u0438\u0442 (\u043f\u043e\u0440\u043e\u0448\u043a\u043e\u0432\u043e\u0435","robots":{"index":"index","follow":"follow","max-snippet":"max-snippet:-1","max-image-preview":"max-image-preview:large","max-video-preview":"max-video-preview:-1"},"canonical":"https:\/\/www.naturadk.eu\/ru\/\u043f\u043e\u0432\u0435\u0440\u0445\u043d\u043e\u0441\u0442\u043d\u0430\u044f-\u043e\u0431\u0440\u0430\u0431\u043e\u0442\u043a\u0430\/","og_locale":"ru_RU","og_type":"article","og_title":"\u041f\u043e\u0432\u0435\u0440\u0445\u043d\u043e\u0441\u0442\u043d\u0430\u044f \u043e\u0431\u0440\u0430\u0431\u043e\u0442\u043a\u0430 - NATURA DK, a.s.","og_description":"\u041e\u0441\u0443\u0449\u0435\u0441\u0442\u0432\u043b\u044f\u0435\u043c \u043f\u043e\u0432\u0435\u0440\u0445\u043d\u043e\u0441\u0442\u043d\u0443\u044e \u043e\u0431\u0440\u0430\u0431\u043e\u0442\u043a\u0443 *\u043f\u0435\u0441\u043a\u043e\u0441\u0442\u0440\u0443\u0439\u043d\u044b\u0439 \u0441\u0442\u0430\u043b\u044c\u043d\u043e\u0439 \u0430\u0431\u0440\u0430\u0437\u0438\u0432*. \u041e\u0431\u0435\u0441\u043f\u0435\u0447\u0438\u0432\u0430\u0435\u043c \u0432\u0441\u0435 \u0432\u0438\u0434\u044b \u043f\u043e\u0432\u0435\u0440\u0445\u043d\u043e\u0441\u0442\u043d\u043e\u0439 \u043e\u0431\u0440\u0430\u0431\u043e\u0442\u043a\u0438 \u043c\u0430\u0442\u0435\u0440\u0438\u0430\u043b\u043e\u0432 \u2013 \u043a\u043e\u043c\u0430\u043a\u0441\u0438\u0442 (\u043f\u043e\u0440\u043e\u0448\u043a\u043e\u0432\u043e\u0435","og_url":"https:\/\/www.naturadk.eu\/ru\/\u043f\u043e\u0432\u0435\u0440\u0445\u043d\u043e\u0441\u0442\u043d\u0430\u044f-\u043e\u0431\u0440\u0430\u0431\u043e\u0442\u043a\u0430\/","og_site_name":"NATURA DK, a.s.","article_modified_time":"2017-07-28T14:23:23+00:00","og_image":[{"url":"https:\/\/www.naturadk.eu\/wp-content\/uploads\/2017\/07\/povrchove-upravy-1-300x199.jpg","type":"","width":"","height":""}],"twitter_card":"summary_large_image","schema":{"@context":"https:\/\/schema.org","@graph":[{"@type":"WebPage","@id":"https:\/\/www.naturadk.eu\/ru\/%D0%BF%D0%BE%D0%B2%D0%B5%D1%80%D1%85%D0%BD%D0%BE%D1%81%D1%82%D0%BD%D0%B0%D1%8F-%D0%BE%D0%B1%D1%80%D0%B0%D0%B1%D0%BE%D1%82%D0%BA%D0%B0\/","url":"https:\/\/www.naturadk.eu\/ru\/%D0%BF%D0%BE%D0%B2%D0%B5%D1%80%D1%85%D0%BD%D0%BE%D1%81%D1%82%D0%BD%D0%B0%D1%8F-%D0%BE%D0%B1%D1%80%D0%B0%D0%B1%D0%BE%D1%82%D0%BA%D0%B0\/","name":"\u041f\u043e\u0432\u0435\u0440\u0445\u043d\u043e\u0441\u0442\u043d\u0430\u044f \u043e\u0431\u0440\u0430\u0431\u043e\u0442\u043a\u0430 - NATURA DK, a.s.","isPartOf":{"@id":"https:\/\/www.naturadk.eu\/#website"},"primaryImageOfPage":{"@id":"https:\/\/www.naturadk.eu\/ru\/%D0%BF%D0%BE%D0%B2%D0%B5%D1%80%D1%85%D0%BD%D0%BE%D1%81%D1%82%D0%BD%D0%B0%D1%8F-%D0%BE%D0%B1%D1%80%D0%B0%D0%B1%D0%BE%D1%82%D0%BA%D0%B0\/#primaryimage"},"image":{"@id":"https:\/\/www.naturadk.eu\/ru\/%D0%BF%D0%BE%D0%B2%D0%B5%D1%80%D1%85%D0%BD%D0%BE%D1%81%D1%82%D0%BD%D0%B0%D1%8F-%D0%BE%D0%B1%D1%80%D0%B0%D0%B1%D0%BE%D1%82%D0%BA%D0%B0\/#primaryimage"},"thumbnailUrl":"https:\/\/www.naturadk.eu\/wp-content\/uploads\/2017\/07\/povrchove-upravy-1-300x199.jpg","datePublished":"2017-07-27T13:31:00+00:00","dateModified":"2017-07-28T14:23:23+00:00","description":"\u041e\u0441\u0443\u0449\u0435\u0441\u0442\u0432\u043b\u044f\u0435\u043c \u043f\u043e\u0432\u0435\u0440\u0445\u043d\u043e\u0441\u0442\u043d\u0443\u044e \u043e\u0431\u0440\u0430\u0431\u043e\u0442\u043a\u0443 *\u043f\u0435\u0441\u043a\u043e\u0441\u0442\u0440\u0443\u0439\u043d\u044b\u0439 \u0441\u0442\u0430\u043b\u044c\u043d\u043e\u0439 \u0430\u0431\u0440\u0430\u0437\u0438\u0432*. \u041e\u0431\u0435\u0441\u043f\u0435\u0447\u0438\u0432\u0430\u0435\u043c \u0432\u0441\u0435 \u0432\u0438\u0434\u044b \u043f\u043e\u0432\u0435\u0440\u0445\u043d\u043e\u0441\u0442\u043d\u043e\u0439 \u043e\u0431\u0440\u0430\u0431\u043e\u0442\u043a\u0438 \u043c\u0430\u0442\u0435\u0440\u0438\u0430\u043b\u043e\u0432 \u2013 \u043a\u043e\u043c\u0430\u043a\u0441\u0438\u0442 (\u043f\u043e\u0440\u043e\u0448\u043a\u043e\u0432\u043e\u0435","breadcrumb":{"@id":"https:\/\/www.naturadk.eu\/ru\/%D0%BF%D0%BE%D0%B2%D0%B5%D1%80%D1%85%D0%BD%D0%BE%D1%81%D1%82%D0%BD%D0%B0%D1%8F-%D0%BE%D0%B1%D1%80%D0%B0%D0%B1%D0%BE%D1%82%D0%BA%D0%B0\/#breadcrumb"},"inLanguage":"ru-RU","potentialAction":[{"@type":"ReadAction","target":["https:\/\/www.naturadk.eu\/ru\/%D0%BF%D0%BE%D0%B2%D0%B5%D1%80%D1%85%D0%BD%D0%BE%D1%81%D1%82%D0%BD%D0%B0%D1%8F-%D0%BE%D0%B1%D1%80%D0%B0%D0%B1%D0%BE%D1%82%D0%BA%D0%B0\/"]}]},{"@type":"ImageObject","inLanguage":"ru-RU","@id":"https:\/\/www.naturadk.eu\/ru\/%D0%BF%D0%BE%D0%B2%D0%B5%D1%80%D1%85%D0%BD%D0%BE%D1%81%D1%82%D0%BD%D0%B0%D1%8F-%D0%BE%D0%B1%D1%80%D0%B0%D0%B1%D0%BE%D1%82%D0%BA%D0%B0\/#primaryimage","url":"https:\/\/www.naturadk.eu\/wp-content\/uploads\/2017\/07\/povrchove-upravy-1-300x199.jpg","contentUrl":"https:\/\/www.naturadk.eu\/wp-content\/uploads\/2017\/07\/povrchove-upravy-1-300x199.jpg"},{"@type":"BreadcrumbList","@id":"https:\/\/www.naturadk.eu\/ru\/%D0%BF%D0%BE%D0%B2%D0%B5%D1%80%D1%85%D0%BD%D0%BE%D1%81%D1%82%D0%BD%D0%B0%D1%8F-%D0%BE%D0%B1%D1%80%D0%B0%D0%B1%D0%BE%D1%82%D0%BA%D0%B0\/#breadcrumb","itemListElement":[{"@type":"ListItem","position":1,"name":"","item":"https:\/\/www.naturadk.eu\/ru\/"},{"@type":"ListItem","position":2,"name":"\u041c\u0430\u0448\u0438\u043d\u043e\u0441\u0442\u0440\u043e\u0435\u043d\u0438\u0435","item":"https:\/\/www.naturadk.eu\/ru\/%d0%bc%d0%b0%d1%88%d0%b8%d0%bd%d0%be%d1%81%d1%82%d1%80%d0%be%d0%b5%d0%bd%d0%b8%d0%b5\/"},{"@type":"ListItem","position":3,"name":"\u041f\u043e\u0432\u0435\u0440\u0445\u043d\u043e\u0441\u0442\u043d\u0430\u044f \u043e\u0431\u0440\u0430\u0431\u043e\u0442\u043a\u0430"}]},{"@type":"WebSite","@id":"https:\/\/www.naturadk.eu\/#website","url":"https:\/\/www.naturadk.eu\/","name":"NATURA DK, a.s.","description":"Stroj\u00edrensk\u00e1 v\u00fdroba, slu\u017eby pro zem\u011bd\u011blstv\u00ed a obchod","potentialAction":[{"@type":"SearchAction","target":{"@type":"EntryPoint","urlTemplate":"https:\/\/www.naturadk.eu\/?s={search_term_string}"},"query-input":{"@type":"PropertyValueSpecification","valueRequired":true,"valueName":"search_term_string"}}],"inLanguage":"ru-RU"}]}},"_links":{"self":[{"href":"https:\/\/www.naturadk.eu\/ru\/wp-json\/wp\/v2\/pages\/909","targetHints":{"allow":["GET"]}}],"collection":[{"href":"https:\/\/www.naturadk.eu\/ru\/wp-json\/wp\/v2\/pages"}],"about":[{"href":"https:\/\/www.naturadk.eu\/ru\/wp-json\/wp\/v2\/types\/page"}],"author":[{"embeddable":true,"href":"https:\/\/www.naturadk.eu\/ru\/wp-json\/wp\/v2\/users\/1"}],"replies":[{"embeddable":true,"href":"https:\/\/www.naturadk.eu\/ru\/wp-json\/wp\/v2\/comments?post=909"}],"version-history":[{"count":2,"href":"https:\/\/www.naturadk.eu\/ru\/wp-json\/wp\/v2\/pages\/909\/revisions"}],"predecessor-version":[{"id":1161,"href":"https:\/\/www.naturadk.eu\/ru\/wp-json\/wp\/v2\/pages\/909\/revisions\/1161"}],"up":[{"embeddable":true,"href":"https:\/\/www.naturadk.eu\/ru\/wp-json\/wp\/v2\/pages\/876"}],"wp:attachment":[{"href":"https:\/\/www.naturadk.eu\/ru\/wp-json\/wp\/v2\/media?parent=909"}],"curies":[{"name":"wp","href":"https:\/\/api.w.org\/{rel}","templated":true}]}}